{"id":39889,"date":"2025-01-14T06:28:15","date_gmt":"2025-01-14T05:28:15","guid":{"rendered":"https:\/\/grenadeoliveoil.com\/kontakt-2\/"},"modified":"2025-02-05T11:52:33","modified_gmt":"2025-02-05T10:52:33","slug":"kontakt-2","status":"publish","type":"page","link":"https:\/\/grenadeoliveoil.com\/de\/kontakt-2\/","title":{"rendered":"Kontakt"},"content":{"rendered":"\t\t<div data-elementor-type=\"wp-page\" data-elementor-id=\"39889\" class=\"elementor elementor-39889 elementor-16\" wpc-filter-elementor-widget=\"1\">\n\t\t\t\t\t\t<section class=\"elementor-section elementor-top-section elementor-element elementor-element-ea2f614 elementor-section-stretched elementor-section-boxed elementor-section-height-default elementor-section-height-default wpr-particle-no wpr-jarallax-no wpr-parallax-no wpr-sticky-section-no\" data-id=\"ea2f614\" data-element_type=\"section\" data-e-type=\"section\" data-settings=\"{&quot;stretch_section&quot;:&quot;section-stretched&quot;}\">\n\t\t\t\t\t\t<div class=\"elementor-container elementor-column-gap-default\">\n\t\t\t\t\t<div class=\"elementor-column elementor-col-100 elementor-top-column elementor-element elementor-element-1bc311d\" data-id=\"1bc311d\" data-element_type=\"column\" data-e-type=\"column\">\n\t\t\t<div class=\"elementor-widget-wrap elementor-element-populated\">\n\t\t\t\t\t\t<div class=\"elementor-element elementor-element-4f03c6f elementor-widget elementor-widget-pgscore_section-title\" data-id=\"4f03c6f\" data-element_type=\"widget\" data-e-type=\"widget\" data-widget_type=\"pgscore_section-title.default\">\n\t\t\t\t<div class=\"elementor-widget-container\">\n\t\t\t\t\t<div class=\"pgscore_section-title_wrapper\">\r\n<div class=\"pgscore_divider_wrapper pgscore_divider_style1 pgscore_divider_alignment_center\">\r\n\t<span class=\"divider-sub-title\">\r\n\t\t\t<\/span>\t\t\r\n\r\n\t<h2 class=\"divider-title\">\r\n\t\t<span>\r\n\t\t\tContacto Grenade Olive Oil\t\t<\/span>\r\n\t<\/h2>\r\n\t\t\t<p>Ponte en contacto con nuestro equipo comercial o soporte<\/p>\r\n\t\t<\/div>\r\n<\/div>\r\n\r\n\r\n\t\t\t\t<\/div>\n\t\t\t\t<\/div>\n\t\t\t\t<section class=\"elementor-section elementor-inner-section elementor-element elementor-element-63f1c99 elementor-section-boxed elementor-section-height-default elementor-section-height-default wpr-particle-no wpr-jarallax-no wpr-parallax-no wpr-sticky-section-no\" data-id=\"63f1c99\" data-element_type=\"section\" data-e-type=\"section\">\n\t\t\t\t\t\t<div class=\"elementor-container elementor-column-gap-default\">\n\t\t\t\t\t<div class=\"elementor-column elementor-col-33 elementor-inner-column elementor-element elementor-element-37cb3f2\" data-id=\"37cb3f2\" data-element_type=\"column\" data-e-type=\"column\">\n\t\t\t<div class=\"elementor-widget-wrap elementor-element-populated\">\n\t\t\t\t\t\t<div class=\"elementor-element elementor-element-dedf003 elementor-widget elementor-widget-pgscore_address-block\" data-id=\"dedf003\" data-element_type=\"widget\" data-e-type=\"widget\" data-widget_type=\"pgscore_address-block.default\">\n\t\t\t\t<div class=\"elementor-widget-container\">\n\t\t\t\t\t<div class=\"pgscore_address-block_wrapper\">\r\n\t<div class=\"address-block round border icon-left text- with-icon\">\r\n\t\t\t\t\t<div class=\"address-block-icon\">\r\n\t\t\t\t<i aria-hidden=\"true\" class=\"fas fa-map-marker-alt\"><\/i>\t\t\t<\/div>\r\n\t\t\t\t\t<div class=\"address-block-data\">\r\n\t\t\t\t\t\t\t<h3 class=\"title\">Campo:<\/h3>\r\n\t\t\t\t\t\t\t\t\t<span>\r\n\t\t\t\t\t\tCocentaina\t\t\t\t\t<\/span>\r\n\t\t\t\t\t\t\t<\/div>\r\n\t<\/div>\r\n<\/div>\r\n\t\t\t\t<\/div>\n\t\t\t\t<\/div>\n\t\t\t\t\t<\/div>\n\t\t<\/div>\n\t\t\t\t<div class=\"elementor-column elementor-col-33 elementor-inner-column elementor-element elementor-element-0e93be4\" data-id=\"0e93be4\" data-element_type=\"column\" data-e-type=\"column\">\n\t\t\t<div class=\"elementor-widget-wrap elementor-element-populated\">\n\t\t\t\t\t\t<div class=\"elementor-element elementor-element-96c840d elementor-widget elementor-widget-pgscore_address-block\" data-id=\"96c840d\" data-element_type=\"widget\" data-e-type=\"widget\" data-widget_type=\"pgscore_address-block.default\">\n\t\t\t\t<div class=\"elementor-widget-container\">\n\t\t\t\t\t<div class=\"pgscore_address-block_wrapper\">\r\n\t<div class=\"address-block round border icon-left text- with-icon\">\r\n\t\t\t\t\t<div class=\"address-block-icon\">\r\n\t\t\t\t<i aria-hidden=\"true\" class=\"fas fa-phone\"><\/i>\t\t\t<\/div>\r\n\t\t\t\t\t<div class=\"address-block-data\">\r\n\t\t\t\t\t\t\t<h3 class=\"title\">Tel\u00e9fono:<\/h3>\r\n\t\t\t\t\t\t\t\t\t<span>\r\n\t\t\t\t\t\t(34) 623 217 954\t\t\t\t\t<\/span>\r\n\t\t\t\t\t\t\t<\/div>\r\n\t<\/div>\r\n<\/div>\r\n\t\t\t\t<\/div>\n\t\t\t\t<\/div>\n\t\t\t\t\t<\/div>\n\t\t<\/div>\n\t\t\t\t<div class=\"elementor-column elementor-col-33 elementor-inner-column elementor-element elementor-element-7f94cd2\" data-id=\"7f94cd2\" data-element_type=\"column\" data-e-type=\"column\">\n\t\t\t<div class=\"elementor-widget-wrap elementor-element-populated\">\n\t\t\t\t\t\t<div class=\"elementor-element elementor-element-e43b597 elementor-widget elementor-widget-pgscore_address-block\" data-id=\"e43b597\" data-element_type=\"widget\" data-e-type=\"widget\" data-widget_type=\"pgscore_address-block.default\">\n\t\t\t\t<div class=\"elementor-widget-container\">\n\t\t\t\t\t<div class=\"pgscore_address-block_wrapper\">\r\n\t<div class=\"address-block round border icon-left text- with-icon\">\r\n\t\t\t\t\t<div class=\"address-block-icon\">\r\n\t\t\t\t<i aria-hidden=\"true\" class=\"far fa-envelope\"><\/i>\t\t\t<\/div>\r\n\t\t\t\t\t<div class=\"address-block-data\">\r\n\t\t\t\t\t\t\t<h3 class=\"title\">Email:<\/h3>\r\n\t\t\t\t\t\t\t\t\t<span>\r\n\t\t\t\t\t\tgreen@grenadeoliveoil.com\t\t\t\t\t<\/span>\r\n\t\t\t\t\t\t\t<\/div>\r\n\t<\/div>\r\n<\/div>\r\n\t\t\t\t<\/div>\n\t\t\t\t<\/div>\n\t\t\t\t\t<\/div>\n\t\t<\/div>\n\t\t\t\t\t<\/div>\n\t\t<\/section>\n\t\t\t\t\t<\/div>\n\t\t<\/div>\n\t\t\t\t\t<\/div>\n\t\t<\/section>\n\t\t\t\t<section class=\"elementor-section elementor-top-section elementor-element elementor-element-68c439e elementor-section-full_width elementor-section-stretched elementor-section-height-default elementor-section-height-default wpr-particle-no wpr-jarallax-no wpr-parallax-no wpr-sticky-section-no\" data-id=\"68c439e\" data-element_type=\"section\" data-e-type=\"section\" data-settings=\"{&quot;stretch_section&quot;:&quot;section-stretched&quot;}\">\n\t\t\t\t\t\t<div class=\"elementor-container elementor-column-gap-default\">\n\t\t\t\t\t<div class=\"elementor-column elementor-col-50 elementor-top-column elementor-element elementor-element-6349e69\" data-id=\"6349e69\" data-element_type=\"column\" data-e-type=\"column\" data-settings=\"{&quot;background_background&quot;:&quot;classic&quot;}\">\n\t\t\t<div class=\"elementor-widget-wrap elementor-element-populated\">\n\t\t\t\t\t\t<div class=\"elementor-element elementor-element-97b14c8 elementor-widget elementor-widget-pgscore_section-title\" data-id=\"97b14c8\" data-element_type=\"widget\" data-e-type=\"widget\" data-widget_type=\"pgscore_section-title.default\">\n\t\t\t\t<div class=\"elementor-widget-container\">\n\t\t\t\t\t<div class=\"pgscore_section-title_wrapper\">\r\n<div class=\"pgscore_divider_wrapper pgscore_divider_style1 pgscore_divider_alignment_left\">\r\n\t<span class=\"divider-sub-title\">\r\n\t\t\t<\/span>\t\t\r\n\r\n\t<h2 class=\"divider-title\">\r\n\t\t<span>\r\n\t\t\tEnv\u00edanos tu consulta\t\t<\/span>\r\n\t<\/h2>\r\n\t\t\t<p>Resuelve tus dudas enviando un formulario.<\/p>\r\n\t\t<\/div>\r\n<\/div>\r\n\r\n\r\n\t\t\t\t<\/div>\n\t\t\t\t<\/div>\n\t\t\t\t<div class=\"elementor-element elementor-element-7f92aea elementor-widget elementor-widget-text-editor\" data-id=\"7f92aea\" data-element_type=\"widget\" data-e-type=\"widget\" data-widget_type=\"text-editor.default\">\n\t\t\t\t<div class=\"elementor-widget-container\">\n\t\t\t\t\t\t\t\t\t<p><p class=\"wpcf7-contact-form-not-found\"><strong>Fehler:<\/strong> Kontaktformular wurde nicht gefunden.<\/p><\/p>\n\t\t\t\t\t\t\t\t<\/div>\n\t\t\t\t<\/div>\n\t\t\t\t\t<\/div>\n\t\t<\/div>\n\t\t\t\t<div class=\"elementor-column elementor-col-50 elementor-top-column elementor-element elementor-element-1479c03\" data-id=\"1479c03\" data-element_type=\"column\" data-e-type=\"column\">\n\t\t\t<div class=\"elementor-widget-wrap elementor-element-populated\">\n\t\t\t\t\t\t<div class=\"elementor-element elementor-element-4d23d6e elementor-widget elementor-widget-google_maps\" data-id=\"4d23d6e\" data-element_type=\"widget\" data-e-type=\"widget\" data-widget_type=\"google_maps.default\">\n\t\t\t\t<div class=\"elementor-widget-container\">\n\t\t\t\t\t\t\t<div class=\"elementor-custom-embed\">\n\t\t\t<iframe loading=\"lazy\"\n\t\t\t\t\tsrc=\"https:\/\/maps.google.com\/maps?q=Cocentaina&#038;t=m&#038;z=14&#038;output=embed&#038;iwloc=near\"\n\t\t\t\t\ttitle=\"Cocentaina\"\n\t\t\t\t\taria-label=\"Cocentaina\"\n\t\t\t><\/iframe>\n\t\t<\/div>\n\t\t\t\t\t\t<\/div>\n\t\t\t\t<\/div>\n\t\t\t\t\t<\/div>\n\t\t<\/div>\n\t\t\t\t\t<\/div>\n\t\t<\/section>\n\t\t\t\t<section class=\"elementor-section elementor-top-section elementor-element elementor-element-f6a1bb8 elementor-section-boxed elementor-section-height-default elementor-section-height-default wpr-particle-no wpr-jarallax-no wpr-parallax-no wpr-sticky-section-no\" data-id=\"f6a1bb8\" data-element_type=\"section\" data-e-type=\"section\">\n\t\t\t\t\t\t<div class=\"elementor-container elementor-column-gap-default\">\n\t\t\t\t\t<div class=\"elementor-column elementor-col-100 elementor-top-column elementor-element elementor-element-9b281e5\" data-id=\"9b281e5\" data-element_type=\"column\" data-e-type=\"column\">\n\t\t\t<div class=\"elementor-widget-wrap elementor-element-populated\">\n\t\t\t\t\t\t<div class=\"elementor-element elementor-element-2a5f1e7 elementor-widget elementor-widget-text-editor\" data-id=\"2a5f1e7\" data-element_type=\"widget\" data-e-type=\"widget\" data-widget_type=\"text-editor.default\">\n\t\t\t\t<div class=\"elementor-widget-container\">\n\t\t\t\t\t\t\t\t\t<h2>Gro\u00dfhandelsvertrieb von Gourmet-Oliven\u00f6l<\/h2>\n<p>Der <strong>Gro\u00dfhandel mit Gourmet-Oliven\u00f6l<\/strong> ist zu einem wichtigen Pfeiler geworden, um hochwertige Produkte auf den nationalen und internationalen Markt zu bringen. Dieses Segment konzentriert sich auf das Angebot von \u00d6len, die mit handwerklichen Verfahren und den besten Rohstoffen hergestellt werden, die sorgf\u00e4ltig ausgew\u00e4hlt werden, um einen unvergleichlichen Geschmack und ein unvergleichliches Aroma zu garantieren. Die Gro\u00dfh\u00e4ndler spielen eine strategische Rolle, indem sie die Erzeuger mit Fachgesch\u00e4ften, Restaurantketten und Einzelh\u00e4ndlern zusammenbringen, die Wert auf hervorragende Qualit\u00e4t in jeder Flasche legen.  <\/p>\n<p>Der Schl\u00fcssel zum effektiven Gro\u00dfhandelsvertrieb von Gourmet-Oliven\u00f6l liegt in der F\u00e4higkeit, die organoleptischen Eigenschaften des Produkts w\u00e4hrend des gesamten Logistikprozesses zu erhalten. Dies wird durch Lager- und Transportsysteme erreicht, die die Frische und Qualit\u00e4t des \u00d6ls bewahren und sicherstellen, dass jede Lieferung den h\u00f6chsten Standards entspricht. Dar\u00fcber hinaus bieten diese H\u00e4ndler in der Regel Formate an, die auf die Bed\u00fcrfnisse ihrer Kunden abgestimmt sind, von gro\u00dfen Mengen f\u00fcr das Hotel- und Gastst\u00e4ttengewerbe bis hin zu exklusiven Pr\u00e4sentationen f\u00fcr Gourmet-Boutiquen.  <\/p>\n<p>In einem so wettbewerbsintensiven Markt muss sich der Gro\u00dfhandel f\u00fcr Gourmet-Oliven\u00f6l durch sein Engagement f\u00fcr R\u00fcckverfolgbarkeit und Nachhaltigkeit auszeichnen. Die Kunden suchen nicht nur ein hochwertiges Produkt, sondern auch die Gewissheit, dass es aus verantwortungsvoller und umweltfreundlicher Landwirtschaft stammt. Gro\u00dfhandelsunternehmen, die diese Praktiken anwenden, k\u00f6nnen sich in einem Sektor, der Wert auf Authentizit\u00e4t und Engagement f\u00fcr den Planeten legt, als Benchmark positionieren.  <\/p>\n<p>Schlie\u00dflich liefern Gro\u00dfh\u00e4ndler nicht nur das Produkt, sondern fungieren auch als strategische Berater f\u00fcr ihre Kunden. Mit Informationen \u00fcber Markttrends, exklusiven Werbeaktionen und umfassender logistischer Unterst\u00fctzung helfen sie ihren Partnern, ihren Umsatz zu maximieren und die Kundenbindung zu st\u00e4rken. Dieser umfassende Ansatz macht den Gro\u00dfhandelsvertrieb von Gourmet-Oliven\u00f6l zu einer einzigartigen Gelegenheit, den mediterranen Geschmack und die Tradition mit Verbrauchern auf der ganzen Welt zu verbinden.  <\/p>\n\t\t\t\t\t\t\t\t<\/div>\n\t\t\t\t<\/div>\n\t\t\t\t\t<\/div>\n\t\t<\/div>\n\t\t\t\t\t<\/div>\n\t\t<\/section>\n\t\t\t\t<\/div>\n\t\t","protected":false},"excerpt":{"rendered":"<p>Contacto Grenade Olive Oil Ponte en contacto con nuestro equipo comercial o soporte Campo: Cocentaina Tel\u00e9fono: (34) 623 217 954 Email: green@grenadeoliveoil.com Env\u00edanos tu consulta Resuelve tus dudas enviando un formulario. Gro\u00dfhandelsvertrieb von Gourmet-Oliven\u00f6l Der Gro\u00dfhandel mit Gourmet-Oliven\u00f6l ist zu einem wichtigen Pfeiler geworden, um hochwertige Produkte auf den nationalen und internationalen Markt zu bringen. Dieses Segment konzentriert sich auf das Angebot von \u00d6len, die mit handwerklichen Verfahren und den besten Rohstoffen hergestellt werden, die sorgf\u00e4ltig ausgew\u00e4hlt werden, um einen unvergleichlichen Geschmack und ein unvergleichliches Aroma zu garantieren. Die Gro\u00dfh\u00e4ndler spielen eine strategische Rolle, indem sie die Erzeuger mit Fachgesch\u00e4ften, Restaurantketten und Einzelh\u00e4ndlern zusammenbringen, die Wert auf hervorragende Qualit\u00e4t in jeder Flasche legen. Der Schl\u00fcssel zum effektiven Gro\u00dfhandelsvertrieb von Gourmet-Oliven\u00f6l liegt in der F\u00e4higkeit, die organoleptischen Eigenschaften des Produkts w\u00e4hrend des gesamten Logistikprozesses zu erhalten. Dies wird durch Lager- und Transportsysteme erreicht, die die Frische und Qualit\u00e4t des \u00d6ls bewahren und sicherstellen, dass jede Lieferung den h\u00f6chsten Standards entspricht. Dar\u00fcber hinaus bieten diese H\u00e4ndler in der Regel Formate an, die auf die Bed\u00fcrfnisse ihrer Kunden abgestimmt sind, von gro\u00dfen Mengen f\u00fcr das Hotel- und Gastst\u00e4ttengewerbe bis hin zu exklusiven Pr\u00e4sentationen f\u00fcr Gourmet-Boutiquen. In einem so wettbewerbsintensiven Markt muss sich der Gro\u00dfhandel f\u00fcr Gourmet-Oliven\u00f6l durch sein Engagement f\u00fcr R\u00fcckverfolgbarkeit und Nachhaltigkeit auszeichnen. Die Kunden suchen nicht nur ein hochwertiges Produkt, sondern auch die Gewissheit, dass es aus verantwortungsvoller und umweltfreundlicher Landwirtschaft stammt. Gro\u00dfhandelsunternehmen, die diese Praktiken anwenden, k\u00f6nnen sich in einem Sektor, der Wert auf Authentizit\u00e4t und Engagement f\u00fcr den Planeten legt, als Benchmark positionieren. Schlie\u00dflich liefern Gro\u00dfh\u00e4ndler nicht nur das Produkt, sondern fungieren auch als strategische Berater f\u00fcr ihre Kunden. Mit Informationen \u00fcber Markttrends, exklusiven Werbeaktionen und umfassender logistischer Unterst\u00fctzung helfen sie ihren Partnern, ihren Umsatz zu maximieren und die Kundenbindung zu st\u00e4rken. Dieser umfassende Ansatz macht den Gro\u00dfhandelsvertrieb von Gourmet-Oliven\u00f6l zu einer einzigartigen Gelegenheit, den mediterranen Geschmack und die Tradition mit Verbrauchern auf der ganzen Welt zu verbinden.<\/p>\n","protected":false},"author":1,"featured_media":0,"parent":0,"menu_order":0,"comment_status":"closed","ping_status":"closed","template":"","meta":{"footnotes":""},"class_list":["post-39889","page","type-page","status-publish","hentry"],"yoast_head":"<!-- This site is optimized with the Yoast SEO plugin v27.3 - https:\/\/yoast.com\/product\/yoast-seo-wordpress\/ -->\n<title>- Kontakt: Oliven\u00f6lhersteller Spanien Grenade Olive Oil<\/title>\n<meta name=\"description\" content=\"Kontaktieren Sie uns, um das authentische Erlebnis zu genie\u00dfen, gr\u00fcnes Oliven\u00f6l zu genie\u00dfen. Granaten-Oliven\u00f6l online kaufen.\" \/>\n<meta name=\"robots\" content=\"index, follow, max-snippet:-1, max-image-preview:large, max-video-preview:-1\" \/>\n<link rel=\"canonical\" href=\"https:\/\/grenadeoliveoil.com\/de\/kontakt-2\/\" \/>\n<meta property=\"og:locale\" content=\"de_DE\" \/>\n<meta property=\"og:type\" content=\"article\" \/>\n<meta property=\"og:title\" content=\"- Kontakt: Oliven\u00f6lhersteller Spanien Grenade Olive Oil\" \/>\n<meta property=\"og:description\" content=\"Kontaktieren Sie uns, um das authentische Erlebnis zu genie\u00dfen, gr\u00fcnes Oliven\u00f6l zu genie\u00dfen. Granaten-Oliven\u00f6l online kaufen.\" \/>\n<meta property=\"og:url\" content=\"https:\/\/grenadeoliveoil.com\/de\/kontakt-2\/\" \/>\n<meta property=\"og:site_name\" content=\"Grenade Olive Oil\" \/>\n<meta property=\"article:modified_time\" content=\"2025-02-05T10:52:33+00:00\" \/>\n<meta name=\"twitter:card\" content=\"summary_large_image\" \/>\n<meta name=\"twitter:label1\" content=\"Gesch\u00e4tzte Lesezeit\" \/>\n\t<meta name=\"twitter:data1\" content=\"2\u00a0Minuten\" \/>\n<script type=\"application\/ld+json\" class=\"yoast-schema-graph\">{\"@context\":\"https:\\\/\\\/schema.org\",\"@graph\":[{\"@type\":\"WebPage\",\"@id\":\"https:\\\/\\\/grenadeoliveoil.com\\\/de\\\/kontakt-2\\\/\",\"url\":\"https:\\\/\\\/grenadeoliveoil.com\\\/de\\\/kontakt-2\\\/\",\"name\":\"- Kontakt: Oliven\u00f6lhersteller Spanien Grenade Olive Oil\",\"isPartOf\":{\"@id\":\"https:\\\/\\\/grenadeoliveoil.com\\\/de\\\/#website\"},\"datePublished\":\"2025-01-14T05:28:15+00:00\",\"dateModified\":\"2025-02-05T10:52:33+00:00\",\"description\":\"Kontaktieren Sie uns, um das authentische Erlebnis zu genie\u00dfen, gr\u00fcnes Oliven\u00f6l zu genie\u00dfen. Granaten-Oliven\u00f6l online kaufen.\",\"breadcrumb\":{\"@id\":\"https:\\\/\\\/grenadeoliveoil.com\\\/de\\\/kontakt-2\\\/#breadcrumb\"},\"inLanguage\":\"de\",\"potentialAction\":[{\"@type\":\"ReadAction\",\"target\":[\"https:\\\/\\\/grenadeoliveoil.com\\\/de\\\/kontakt-2\\\/\"]}]},{\"@type\":\"BreadcrumbList\",\"@id\":\"https:\\\/\\\/grenadeoliveoil.com\\\/de\\\/kontakt-2\\\/#breadcrumb\",\"itemListElement\":[{\"@type\":\"ListItem\",\"position\":1,\"name\":\"Portada\",\"item\":\"https:\\\/\\\/grenadeoliveoil.com\\\/de\\\/\"},{\"@type\":\"ListItem\",\"position\":2,\"name\":\"Kontakt\"}]},{\"@type\":\"WebSite\",\"@id\":\"https:\\\/\\\/grenadeoliveoil.com\\\/de\\\/#website\",\"url\":\"https:\\\/\\\/grenadeoliveoil.com\\\/de\\\/\",\"name\":\"Grenade Olive Oil\",\"description\":\"Green Olive Oil\",\"publisher\":{\"@id\":\"https:\\\/\\\/grenadeoliveoil.com\\\/de\\\/#organization\"},\"potentialAction\":[{\"@type\":\"SearchAction\",\"target\":{\"@type\":\"EntryPoint\",\"urlTemplate\":\"https:\\\/\\\/grenadeoliveoil.com\\\/de\\\/?s={search_term_string}\"},\"query-input\":{\"@type\":\"PropertyValueSpecification\",\"valueRequired\":true,\"valueName\":\"search_term_string\"}}],\"inLanguage\":\"de\"},{\"@type\":\"Organization\",\"@id\":\"https:\\\/\\\/grenadeoliveoil.com\\\/de\\\/#organization\",\"name\":\"Grande Olive Oil\",\"url\":\"https:\\\/\\\/grenadeoliveoil.com\\\/de\\\/\",\"logo\":{\"@type\":\"ImageObject\",\"inLanguage\":\"de\",\"@id\":\"https:\\\/\\\/grenadeoliveoil.com\\\/de\\\/#\\\/schema\\\/logo\\\/image\\\/\",\"url\":\"https:\\\/\\\/grenadeoliveoil.com\\\/wp-content\\\/uploads\\\/2021\\\/11\\\/aceite-verde-grenade-olive-oil.jpg\",\"contentUrl\":\"https:\\\/\\\/grenadeoliveoil.com\\\/wp-content\\\/uploads\\\/2021\\\/11\\\/aceite-verde-grenade-olive-oil.jpg\",\"width\":150,\"height\":75,\"caption\":\"Grande Olive Oil\"},\"image\":{\"@id\":\"https:\\\/\\\/grenadeoliveoil.com\\\/de\\\/#\\\/schema\\\/logo\\\/image\\\/\"}}]}<\/script>\n<!-- \/ Yoast SEO plugin. -->","yoast_head_json":{"title":"- Kontakt: Oliven\u00f6lhersteller Spanien Grenade Olive Oil","description":"Kontaktieren Sie uns, um das authentische Erlebnis zu genie\u00dfen, gr\u00fcnes Oliven\u00f6l zu genie\u00dfen. Granaten-Oliven\u00f6l online kaufen.","robots":{"index":"index","follow":"follow","max-snippet":"max-snippet:-1","max-image-preview":"max-image-preview:large","max-video-preview":"max-video-preview:-1"},"canonical":"https:\/\/grenadeoliveoil.com\/de\/kontakt-2\/","og_locale":"de_DE","og_type":"article","og_title":"- Kontakt: Oliven\u00f6lhersteller Spanien Grenade Olive Oil","og_description":"Kontaktieren Sie uns, um das authentische Erlebnis zu genie\u00dfen, gr\u00fcnes Oliven\u00f6l zu genie\u00dfen. Granaten-Oliven\u00f6l online kaufen.","og_url":"https:\/\/grenadeoliveoil.com\/de\/kontakt-2\/","og_site_name":"Grenade Olive Oil","article_modified_time":"2025-02-05T10:52:33+00:00","twitter_card":"summary_large_image","twitter_misc":{"Gesch\u00e4tzte Lesezeit":"2\u00a0Minuten"},"schema":{"@context":"https:\/\/schema.org","@graph":[{"@type":"WebPage","@id":"https:\/\/grenadeoliveoil.com\/de\/kontakt-2\/","url":"https:\/\/grenadeoliveoil.com\/de\/kontakt-2\/","name":"- Kontakt: Oliven\u00f6lhersteller Spanien Grenade Olive Oil","isPartOf":{"@id":"https:\/\/grenadeoliveoil.com\/de\/#website"},"datePublished":"2025-01-14T05:28:15+00:00","dateModified":"2025-02-05T10:52:33+00:00","description":"Kontaktieren Sie uns, um das authentische Erlebnis zu genie\u00dfen, gr\u00fcnes Oliven\u00f6l zu genie\u00dfen. Granaten-Oliven\u00f6l online kaufen.","breadcrumb":{"@id":"https:\/\/grenadeoliveoil.com\/de\/kontakt-2\/#breadcrumb"},"inLanguage":"de","potentialAction":[{"@type":"ReadAction","target":["https:\/\/grenadeoliveoil.com\/de\/kontakt-2\/"]}]},{"@type":"BreadcrumbList","@id":"https:\/\/grenadeoliveoil.com\/de\/kontakt-2\/#breadcrumb","itemListElement":[{"@type":"ListItem","position":1,"name":"Portada","item":"https:\/\/grenadeoliveoil.com\/de\/"},{"@type":"ListItem","position":2,"name":"Kontakt"}]},{"@type":"WebSite","@id":"https:\/\/grenadeoliveoil.com\/de\/#website","url":"https:\/\/grenadeoliveoil.com\/de\/","name":"Grenade Olive Oil","description":"Green Olive Oil","publisher":{"@id":"https:\/\/grenadeoliveoil.com\/de\/#organization"},"potentialAction":[{"@type":"SearchAction","target":{"@type":"EntryPoint","urlTemplate":"https:\/\/grenadeoliveoil.com\/de\/?s={search_term_string}"},"query-input":{"@type":"PropertyValueSpecification","valueRequired":true,"valueName":"search_term_string"}}],"inLanguage":"de"},{"@type":"Organization","@id":"https:\/\/grenadeoliveoil.com\/de\/#organization","name":"Grande Olive Oil","url":"https:\/\/grenadeoliveoil.com\/de\/","logo":{"@type":"ImageObject","inLanguage":"de","@id":"https:\/\/grenadeoliveoil.com\/de\/#\/schema\/logo\/image\/","url":"https:\/\/grenadeoliveoil.com\/wp-content\/uploads\/2021\/11\/aceite-verde-grenade-olive-oil.jpg","contentUrl":"https:\/\/grenadeoliveoil.com\/wp-content\/uploads\/2021\/11\/aceite-verde-grenade-olive-oil.jpg","width":150,"height":75,"caption":"Grande Olive Oil"},"image":{"@id":"https:\/\/grenadeoliveoil.com\/de\/#\/schema\/logo\/image\/"}}]}},"_links":{"self":[{"href":"https:\/\/grenadeoliveoil.com\/de\/wp-json\/wp\/v2\/pages\/39889","targetHints":{"allow":["GET"]}}],"collection":[{"href":"https:\/\/grenadeoliveoil.com\/de\/wp-json\/wp\/v2\/pages"}],"about":[{"href":"https:\/\/grenadeoliveoil.com\/de\/wp-json\/wp\/v2\/types\/page"}],"author":[{"embeddable":true,"href":"https:\/\/grenadeoliveoil.com\/de\/wp-json\/wp\/v2\/users\/1"}],"replies":[{"embeddable":true,"href":"https:\/\/grenadeoliveoil.com\/de\/wp-json\/wp\/v2\/comments?post=39889"}],"version-history":[{"count":0,"href":"https:\/\/grenadeoliveoil.com\/de\/wp-json\/wp\/v2\/pages\/39889\/revisions"}],"wp:attachment":[{"href":"https:\/\/grenadeoliveoil.com\/de\/wp-json\/wp\/v2\/media?parent=39889"}],"curies":[{"name":"wp","href":"https:\/\/api.w.org\/{rel}","templated":true}]}}