{"id":40575,"date":"2025-11-25T17:45:22","date_gmt":"2025-11-25T16:45:22","guid":{"rendered":"https:\/\/grenadeoliveoil.com\/rechtlicher-hinweis\/"},"modified":"2025-11-25T17:45:23","modified_gmt":"2025-11-25T16:45:23","slug":"rechtlicher-hinweis","status":"publish","type":"page","link":"https:\/\/grenadeoliveoil.com\/de\/rechtlicher-hinweis\/","title":{"rendered":"Rechtlicher Hinweis"},"content":{"rendered":"\n<p>Diese Website geh\u00f6rt INPROFIT CONSULTING, S.L. mit der NIF\/CIF B42605055 und der Adresse Primero de Mayo 4 CPOS 03804 in Alcoy, Provinz Alicante in Spanien, mit der E-Mail-Adresse: <a href=\"mailto:info@inprofit.es\">info@inprofit.es.<\/a> Ihr Zweck ist es, der \u00d6ffentlichkeit Informationen \u00fcber die von ihr ausge\u00fcbten T\u00e4tigkeiten, die von ihr erbrachten Dienstleistungen und die Merkmale ihrer Produkte zu geben. <\/p>\n\n<p>INPROFIT CONSULTING, S.L. beh\u00e4lt sich das Recht vor, die auf seiner Website enthaltenen Informationen oder deren Konfiguration und Pr\u00e4sentation jederzeit und ohne vorherige Ank\u00fcndigung zu \u00e4ndern.<\/p>\n\n<p>INPROFIT CONSULTING, S.L. haftet nicht f\u00fcr Folgen oder Sch\u00e4den, die sich aus dem Zugriff auf diese Website, der Nutzung der darin enthaltenen Informationen oder dem Zugriff auf andere Materialien im Internet \u00fcber Verbindungen zu dieser Website ergeben.<\/p>\n\n<p>Die Rechte am geistigen Eigentum aller auf dieser Website enthaltenen Elemente, wie z.B. Fotos, Designs, Melodien, Anwendungen und andere, geh\u00f6ren ausschlie\u00dflich INPROFIT CONSULTING, S.L. . Der Zugriff auf diese Website bedeutet keine Genehmigung f\u00fcr ihre Nutzung, und eine solche unbefugte Nutzung kann die entsprechende zivil- und\/oder strafrechtliche Haftung nach sich ziehen. <\/p>\n\n<p>Jegliche Verweise auf dieser Website auf ein Produkt, eine Dienstleistung, einen Prozess, einen Link, einen Hypertext oder eine Information unter Verwendung einer Marke, eines Markennamens oder eines Herstellers oder Lieferanten usw., die Eigentum Dritter sind, stellen keine Billigung, F\u00f6rderung oder Empfehlung durch INPROFIT CONSULTING, S.L. dar und implizieren diese auch nicht.<\/p>\n\n<p>Im Allgemeinen unterliegen die Beziehungen zu unseren Kunden, die sich aus der Bereitstellung der auf unserer Website enthaltenen Dienstleistungen ergeben, der spanischen Gesetzgebung und Rechtsprechung.<\/p>\n\n<p>INPROFIT CONSULTING, SL, eingetragen im Handelsregister von Alicante, Band 4166, Blatt 135, Seite A-162422, mit C.I.F. B42605055<\/p>\n\n<p>Verwendung von Multimedia-Inhalten durch Dritte: <a href=\"https:\/\/www.freepik.es\/\" target=\"_blank\" rel=\"noreferrer noopener\">Freepik<\/a><\/p>\n","protected":false},"excerpt":{"rendered":"<p>Diese Website geh\u00f6rt INPROFIT CONSULTING, S.L. mit der NIF\/CIF B42605055 und der Adresse Primero de Mayo 4 CPOS 03804 in Alcoy, Provinz Alicante in Spanien, mit der E-Mail-Adresse: info@inprofit.es. Ihr Zweck ist es, der \u00d6ffentlichkeit Informationen \u00fcber die von ihr ausge\u00fcbten T\u00e4tigkeiten, die von ihr erbrachten Dienstleistungen und die Merkmale ihrer Produkte zu geben. INPROFIT CONSULTING, S.L. beh\u00e4lt sich das Recht vor, die auf seiner Website enthaltenen Informationen oder deren Konfiguration und Pr\u00e4sentation jederzeit und ohne vorherige Ank\u00fcndigung zu \u00e4ndern. INPROFIT CONSULTING, S.L. haftet nicht f\u00fcr Folgen oder Sch\u00e4den, die sich aus dem Zugriff auf diese Website, der Nutzung der darin enthaltenen Informationen oder dem Zugriff auf andere Materialien im Internet \u00fcber Verbindungen zu dieser Website ergeben. Die Rechte am geistigen Eigentum aller auf dieser Website enthaltenen Elemente, wie z.B. Fotos, Designs, Melodien, Anwendungen und andere, geh\u00f6ren ausschlie\u00dflich INPROFIT CONSULTING, S.L. . Der Zugriff auf diese Website bedeutet keine Genehmigung f\u00fcr ihre Nutzung, und eine solche unbefugte Nutzung kann die entsprechende zivil- und\/oder strafrechtliche Haftung nach sich ziehen. Jegliche Verweise auf dieser Website auf ein Produkt, eine Dienstleistung, einen Prozess, einen Link, einen Hypertext oder eine Information unter Verwendung einer Marke, eines Markennamens oder eines Herstellers oder Lieferanten usw., die Eigentum Dritter sind, stellen keine Billigung, F\u00f6rderung oder Empfehlung durch INPROFIT CONSULTING, S.L. dar und implizieren diese auch nicht. Im Allgemeinen unterliegen die Beziehungen zu unseren Kunden, die sich aus der Bereitstellung der auf unserer Website enthaltenen Dienstleistungen ergeben, der spanischen Gesetzgebung und Rechtsprechung. INPROFIT CONSULTING, SL, eingetragen im Handelsregister von Alicante, Band 4166, Blatt 135, Seite A-162422, mit C.I.F. B42605055 Verwendung von Multimedia-Inhalten durch Dritte: Freepik<\/p>\n","protected":false},"author":1,"featured_media":0,"parent":0,"menu_order":0,"comment_status":"closed","ping_status":"closed","template":"","meta":{"footnotes":""},"class_list":["post-40575","page","type-page","status-publish","hentry"],"yoast_head":"<!-- This site is optimized with the Yoast SEO plugin v27.3 - https:\/\/yoast.com\/product\/yoast-seo-wordpress\/ -->\n<title>Rechtlicher Hinweis - Grenade Olive Oil<\/title>\n<meta name=\"description\" content=\"Informationen und Impressum der Website Grenade Olive Oil, spezialisiert auf die Herstellung von hochwertigem Gourmet-\u00d6l.\" \/>\n<meta name=\"robots\" content=\"index, follow, max-snippet:-1, max-image-preview:large, max-video-preview:-1\" \/>\n<link rel=\"canonical\" href=\"https:\/\/grenadeoliveoil.com\/de\/rechtlicher-hinweis\/\" \/>\n<meta property=\"og:locale\" content=\"de_DE\" \/>\n<meta property=\"og:type\" content=\"article\" \/>\n<meta property=\"og:title\" content=\"Rechtlicher Hinweis - Grenade Olive Oil\" \/>\n<meta property=\"og:description\" content=\"Informationen und Impressum der Website Grenade Olive Oil, spezialisiert auf die Herstellung von hochwertigem Gourmet-\u00d6l.\" \/>\n<meta property=\"og:url\" content=\"https:\/\/grenadeoliveoil.com\/de\/rechtlicher-hinweis\/\" \/>\n<meta property=\"og:site_name\" content=\"Grenade Olive Oil\" \/>\n<meta property=\"article:modified_time\" content=\"2025-11-25T16:45:23+00:00\" \/>\n<meta name=\"twitter:card\" content=\"summary_large_image\" \/>\n<meta name=\"twitter:label1\" content=\"Gesch\u00e4tzte Lesezeit\" \/>\n\t<meta name=\"twitter:data1\" content=\"1\u00a0Minute\" \/>\n<script type=\"application\/ld+json\" class=\"yoast-schema-graph\">{\"@context\":\"https:\\\/\\\/schema.org\",\"@graph\":[{\"@type\":\"WebPage\",\"@id\":\"https:\\\/\\\/grenadeoliveoil.com\\\/de\\\/rechtlicher-hinweis\\\/\",\"url\":\"https:\\\/\\\/grenadeoliveoil.com\\\/de\\\/rechtlicher-hinweis\\\/\",\"name\":\"Rechtlicher Hinweis - Grenade Olive Oil\",\"isPartOf\":{\"@id\":\"https:\\\/\\\/grenadeoliveoil.com\\\/de\\\/#website\"},\"datePublished\":\"2025-11-25T16:45:22+00:00\",\"dateModified\":\"2025-11-25T16:45:23+00:00\",\"description\":\"Informationen und Impressum der Website Grenade Olive Oil, spezialisiert auf die Herstellung von hochwertigem Gourmet-\u00d6l.\",\"breadcrumb\":{\"@id\":\"https:\\\/\\\/grenadeoliveoil.com\\\/de\\\/rechtlicher-hinweis\\\/#breadcrumb\"},\"inLanguage\":\"de\",\"potentialAction\":[{\"@type\":\"ReadAction\",\"target\":[\"https:\\\/\\\/grenadeoliveoil.com\\\/de\\\/rechtlicher-hinweis\\\/\"]}]},{\"@type\":\"BreadcrumbList\",\"@id\":\"https:\\\/\\\/grenadeoliveoil.com\\\/de\\\/rechtlicher-hinweis\\\/#breadcrumb\",\"itemListElement\":[{\"@type\":\"ListItem\",\"position\":1,\"name\":\"Portada\",\"item\":\"https:\\\/\\\/grenadeoliveoil.com\\\/de\\\/\"},{\"@type\":\"ListItem\",\"position\":2,\"name\":\"Rechtlicher Hinweis\"}]},{\"@type\":\"WebSite\",\"@id\":\"https:\\\/\\\/grenadeoliveoil.com\\\/de\\\/#website\",\"url\":\"https:\\\/\\\/grenadeoliveoil.com\\\/de\\\/\",\"name\":\"Grenade Olive Oil\",\"description\":\"Green Olive Oil\",\"publisher\":{\"@id\":\"https:\\\/\\\/grenadeoliveoil.com\\\/de\\\/#organization\"},\"potentialAction\":[{\"@type\":\"SearchAction\",\"target\":{\"@type\":\"EntryPoint\",\"urlTemplate\":\"https:\\\/\\\/grenadeoliveoil.com\\\/de\\\/?s={search_term_string}\"},\"query-input\":{\"@type\":\"PropertyValueSpecification\",\"valueRequired\":true,\"valueName\":\"search_term_string\"}}],\"inLanguage\":\"de\"},{\"@type\":\"Organization\",\"@id\":\"https:\\\/\\\/grenadeoliveoil.com\\\/de\\\/#organization\",\"name\":\"Grande Olive Oil\",\"url\":\"https:\\\/\\\/grenadeoliveoil.com\\\/de\\\/\",\"logo\":{\"@type\":\"ImageObject\",\"inLanguage\":\"de\",\"@id\":\"https:\\\/\\\/grenadeoliveoil.com\\\/de\\\/#\\\/schema\\\/logo\\\/image\\\/\",\"url\":\"https:\\\/\\\/grenadeoliveoil.com\\\/wp-content\\\/uploads\\\/2021\\\/11\\\/aceite-verde-grenade-olive-oil.jpg\",\"contentUrl\":\"https:\\\/\\\/grenadeoliveoil.com\\\/wp-content\\\/uploads\\\/2021\\\/11\\\/aceite-verde-grenade-olive-oil.jpg\",\"width\":150,\"height\":75,\"caption\":\"Grande Olive Oil\"},\"image\":{\"@id\":\"https:\\\/\\\/grenadeoliveoil.com\\\/de\\\/#\\\/schema\\\/logo\\\/image\\\/\"}}]}<\/script>\n<!-- \/ Yoast SEO plugin. -->","yoast_head_json":{"title":"Rechtlicher Hinweis - Grenade Olive Oil","description":"Informationen und Impressum der Website Grenade Olive Oil, spezialisiert auf die Herstellung von hochwertigem Gourmet-\u00d6l.","robots":{"index":"index","follow":"follow","max-snippet":"max-snippet:-1","max-image-preview":"max-image-preview:large","max-video-preview":"max-video-preview:-1"},"canonical":"https:\/\/grenadeoliveoil.com\/de\/rechtlicher-hinweis\/","og_locale":"de_DE","og_type":"article","og_title":"Rechtlicher Hinweis - Grenade Olive Oil","og_description":"Informationen und Impressum der Website Grenade Olive Oil, spezialisiert auf die Herstellung von hochwertigem Gourmet-\u00d6l.","og_url":"https:\/\/grenadeoliveoil.com\/de\/rechtlicher-hinweis\/","og_site_name":"Grenade Olive Oil","article_modified_time":"2025-11-25T16:45:23+00:00","twitter_card":"summary_large_image","twitter_misc":{"Gesch\u00e4tzte Lesezeit":"1\u00a0Minute"},"schema":{"@context":"https:\/\/schema.org","@graph":[{"@type":"WebPage","@id":"https:\/\/grenadeoliveoil.com\/de\/rechtlicher-hinweis\/","url":"https:\/\/grenadeoliveoil.com\/de\/rechtlicher-hinweis\/","name":"Rechtlicher Hinweis - Grenade Olive Oil","isPartOf":{"@id":"https:\/\/grenadeoliveoil.com\/de\/#website"},"datePublished":"2025-11-25T16:45:22+00:00","dateModified":"2025-11-25T16:45:23+00:00","description":"Informationen und Impressum der Website Grenade Olive Oil, spezialisiert auf die Herstellung von hochwertigem Gourmet-\u00d6l.","breadcrumb":{"@id":"https:\/\/grenadeoliveoil.com\/de\/rechtlicher-hinweis\/#breadcrumb"},"inLanguage":"de","potentialAction":[{"@type":"ReadAction","target":["https:\/\/grenadeoliveoil.com\/de\/rechtlicher-hinweis\/"]}]},{"@type":"BreadcrumbList","@id":"https:\/\/grenadeoliveoil.com\/de\/rechtlicher-hinweis\/#breadcrumb","itemListElement":[{"@type":"ListItem","position":1,"name":"Portada","item":"https:\/\/grenadeoliveoil.com\/de\/"},{"@type":"ListItem","position":2,"name":"Rechtlicher Hinweis"}]},{"@type":"WebSite","@id":"https:\/\/grenadeoliveoil.com\/de\/#website","url":"https:\/\/grenadeoliveoil.com\/de\/","name":"Grenade Olive Oil","description":"Green Olive Oil","publisher":{"@id":"https:\/\/grenadeoliveoil.com\/de\/#organization"},"potentialAction":[{"@type":"SearchAction","target":{"@type":"EntryPoint","urlTemplate":"https:\/\/grenadeoliveoil.com\/de\/?s={search_term_string}"},"query-input":{"@type":"PropertyValueSpecification","valueRequired":true,"valueName":"search_term_string"}}],"inLanguage":"de"},{"@type":"Organization","@id":"https:\/\/grenadeoliveoil.com\/de\/#organization","name":"Grande Olive Oil","url":"https:\/\/grenadeoliveoil.com\/de\/","logo":{"@type":"ImageObject","inLanguage":"de","@id":"https:\/\/grenadeoliveoil.com\/de\/#\/schema\/logo\/image\/","url":"https:\/\/grenadeoliveoil.com\/wp-content\/uploads\/2021\/11\/aceite-verde-grenade-olive-oil.jpg","contentUrl":"https:\/\/grenadeoliveoil.com\/wp-content\/uploads\/2021\/11\/aceite-verde-grenade-olive-oil.jpg","width":150,"height":75,"caption":"Grande Olive Oil"},"image":{"@id":"https:\/\/grenadeoliveoil.com\/de\/#\/schema\/logo\/image\/"}}]}},"_links":{"self":[{"href":"https:\/\/grenadeoliveoil.com\/de\/wp-json\/wp\/v2\/pages\/40575","targetHints":{"allow":["GET"]}}],"collection":[{"href":"https:\/\/grenadeoliveoil.com\/de\/wp-json\/wp\/v2\/pages"}],"about":[{"href":"https:\/\/grenadeoliveoil.com\/de\/wp-json\/wp\/v2\/types\/page"}],"author":[{"embeddable":true,"href":"https:\/\/grenadeoliveoil.com\/de\/wp-json\/wp\/v2\/users\/1"}],"replies":[{"embeddable":true,"href":"https:\/\/grenadeoliveoil.com\/de\/wp-json\/wp\/v2\/comments?post=40575"}],"version-history":[{"count":0,"href":"https:\/\/grenadeoliveoil.com\/de\/wp-json\/wp\/v2\/pages\/40575\/revisions"}],"wp:attachment":[{"href":"https:\/\/grenadeoliveoil.com\/de\/wp-json\/wp\/v2\/media?parent=40575"}],"curies":[{"name":"wp","href":"https:\/\/api.w.org\/{rel}","templated":true}]}}