{"id":40511,"date":"2025-11-14T09:04:24","date_gmt":"2025-11-14T08:04:24","guid":{"rendered":"https:\/\/grenadeoliveoil.com\/producto\/kaviar-olivenoel-evoo-spherification\/"},"modified":"2025-11-25T16:43:59","modified_gmt":"2025-11-25T15:43:59","slug":"kaviar-olivenoel-evoo-spherification","status":"publish","type":"product","link":"https:\/\/grenadeoliveoil.com\/de\/producto\/kaviar-olivenoel-evoo-spherification\/","title":{"rendered":"Kaviar Oliven\u00f6l &#8211; EVOO Spherification"},"content":{"rendered":"<h2 class=\"woocommerce-loop-product__title\">Kugeln aus Picual-Oliven\u00f6l 50 gr<\/h2>\n<p>Entdecken Sie die hochwertigen Perlen des Nativen Oliven\u00f6ls Extra (EVOO), die f\u00fcr die Zubereitung von Gourmetgerichten geeignet sind.<\/p>\n<p>Unser hochwertiges natives Oliven\u00f6l extra wird direkt aus Oliven und nur mit mechanischen Mitteln gewonnen.<\/p>\n<p>Unsere Picual-Oliven\u00f6lperlen 50 gr werden aus 100% Nativem Oliven\u00f6l Extra unserer Olivensorte Picual hergestellt. Es sind goldgl\u00e4nzende \u00d6lperlen, die im Mund zerplatzen und pl\u00f6tzlich ihren intensiven Geschmack entfalten. Sie werden mit der kulinarischen Technik der Verkapselung hergestellt, so dass das \u00d6l in einer geleeartigen Textur eingekapselt ist.  <\/p>\n<p>Das eingekapselte \u00d6l wird in keiner Weise ver\u00e4ndert, so dass der EVOO-Kaviar in den Kapseln alle seine Eigenschaften und Vorteile beh\u00e4lt.<\/p>\n<h3>Gourmet EVOO Kaviar<\/h3>\n<p>EVOO-Perlen sind Teil der Haute Cuisine und stellen einen neuartigen kulinarischen Vorschlag dar. Sie k\u00f6nnen in einer unendlichen Anzahl von Rezepten verwendet werden, vor allem roh. Sie k\u00f6nnen in warmen Gerichten wie Eint\u00f6pfen, Suppen und Cremes oder als Beilage zu Fleisch, Fisch und Gem\u00fcse verwendet werden, aber sie sind wirklich ideal f\u00fcr kalte Gerichte. Probieren Sie sie in Ihren Salaten, Vinaigrettes, kalten Suppen, Gazpachos und allen anderen Rezepten, die Sie sich vorstellen k\u00f6nnen.   <\/p>\n<p>Verbl\u00fcffen Sie Ihre Familie und Freunde mit diesen Perlen, die sich besonders f\u00fcr Vorspeisen, Hauptgerichte und Desserts eignen.<\/p>\n<p>Lagerung: an einem k\u00fchlen, trockenen Ort, vor direktem Licht, Hitze und Ger\u00fcchen gesch\u00fctzt, zwischen 10-26\u00b0C lagern.<\/p>\n<p><strong>Dieses Produkt wird in Ja\u00e9n hergestellt und verpackt, was garantiert, dass es sich um ein 100% spanisches Produkt handelt.<\/strong><\/p>\n","protected":false},"excerpt":{"rendered":"<h2 class=\"woocommerce-loop-product__title\">Kaviar de Aceite AOVE picual 50 gr<\/h2>\n<p>Entdecken Sie die hochwertigen Perlen des Nativen Oliven\u00f6ls Extra (EVOO), die f\u00fcr die Zubereitung von Gourmetgerichten geeignet sind.<\/p>\n","protected":false},"featured_media":40470,"comment_status":"closed","ping_status":"closed","template":"","meta":[],"product_brand":[],"product_cat":[98],"product_tag":[599,601,600],"class_list":{"0":"post-40511","1":"product","2":"type-product","3":"status-publish","4":"has-post-thumbnail","6":"product_cat-spanisches-grunes-ol","7":"product_tag-kaviarol","8":"product_tag-ol-perlen","9":"product_tag-olverkapselung","11":"first","12":"instock","13":"shipping-taxable","14":"purchasable","15":"product-type-simple"},"yoast_head":"<!-- This site is optimized with the Yoast SEO plugin v27.4 - https:\/\/yoast.com\/product\/yoast-seo-wordpress\/ -->\n<title>Spanische Oliven\u00f6lkugeln kaufen | AOVE Caviar<\/title>\n<meta name=\"description\" content=\"Kaufen Sie online sph\u00e4risches spanisches natives Oliven\u00f6l extra der Sorte Picual und genie\u00dfen Sie hochwertigen Gourmet-EVOO-Kaviar.\" \/>\n<meta name=\"robots\" content=\"index, follow, max-snippet:-1, max-image-preview:large, max-video-preview:-1\" \/>\n<link rel=\"canonical\" href=\"https:\/\/grenadeoliveoil.com\/de\/producto\/kaviar-olivenoel-evoo-spherification\/\" \/>\n<meta property=\"og:locale\" content=\"de_DE\" \/>\n<meta property=\"og:type\" content=\"article\" \/>\n<meta property=\"og:title\" content=\"Spanische Oliven\u00f6lkugeln kaufen | AOVE Caviar\" \/>\n<meta property=\"og:description\" content=\"Kaufen Sie online sph\u00e4risches spanisches natives Oliven\u00f6l extra der Sorte Picual und genie\u00dfen Sie hochwertigen Gourmet-EVOO-Kaviar.\" \/>\n<meta property=\"og:url\" content=\"https:\/\/grenadeoliveoil.com\/de\/producto\/kaviar-olivenoel-evoo-spherification\/\" \/>\n<meta property=\"og:site_name\" content=\"Grenade Olive Oil\" \/>\n<meta property=\"article:modified_time\" content=\"2025-11-25T15:43:59+00:00\" \/>\n<meta property=\"og:image\" content=\"https:\/\/grenadeoliveoil.com\/wp-content\/uploads\/2025\/11\/Esferificacion-aove-e1763107441851.webp\" \/>\n\t<meta property=\"og:image:width\" content=\"860\" \/>\n\t<meta property=\"og:image:height\" content=\"860\" \/>\n\t<meta property=\"og:image:type\" content=\"image\/webp\" \/>\n<meta name=\"twitter:card\" content=\"summary_large_image\" \/>\n<meta name=\"twitter:label1\" content=\"Preis\" \/>\n\t<meta name=\"twitter:data1\" content=\"6,99&euro;\" \/>\n\t<meta name=\"twitter:label2\" content=\"Verf\u00fcgbarkeit\" \/>\n\t<meta name=\"twitter:data2\" content=\"Auf Lager\" \/>\n<script type=\"application\/ld+json\" class=\"yoast-schema-graph\">{\"@context\":\"https:\\\/\\\/schema.org\",\"@graph\":[{\"@type\":\"WebPage\",\"@id\":\"https:\\\/\\\/grenadeoliveoil.com\\\/de\\\/producto\\\/kaviar-olivenoel-evoo-spherification\\\/\",\"url\":\"https:\\\/\\\/grenadeoliveoil.com\\\/de\\\/producto\\\/kaviar-olivenoel-evoo-spherification\\\/\",\"name\":\"Spanische Oliven\u00f6lkugeln kaufen | AOVE Caviar\",\"isPartOf\":{\"@id\":\"https:\\\/\\\/grenadeoliveoil.com\\\/de\\\/#website\"},\"primaryImageOfPage\":{\"@id\":\"https:\\\/\\\/grenadeoliveoil.com\\\/de\\\/producto\\\/kaviar-olivenoel-evoo-spherification\\\/#primaryimage\"},\"image\":{\"@id\":\"https:\\\/\\\/grenadeoliveoil.com\\\/de\\\/producto\\\/kaviar-olivenoel-evoo-spherification\\\/#primaryimage\"},\"thumbnailUrl\":\"https:\\\/\\\/grenadeoliveoil.com\\\/wp-content\\\/uploads\\\/2025\\\/11\\\/Esferificacion-aove-e1763107441851.webp\",\"datePublished\":\"2025-11-14T08:04:24+00:00\",\"dateModified\":\"2025-11-25T15:43:59+00:00\",\"description\":\"Kaufen Sie online sph\u00e4risches spanisches natives Oliven\u00f6l extra der Sorte Picual und genie\u00dfen Sie hochwertigen Gourmet-EVOO-Kaviar.\",\"breadcrumb\":{\"@id\":\"https:\\\/\\\/grenadeoliveoil.com\\\/de\\\/producto\\\/kaviar-olivenoel-evoo-spherification\\\/#breadcrumb\"},\"inLanguage\":\"de\",\"potentialAction\":[{\"@type\":\"ReadAction\",\"target\":[\"https:\\\/\\\/grenadeoliveoil.com\\\/de\\\/producto\\\/kaviar-olivenoel-evoo-spherification\\\/\"]}]},{\"@type\":\"ImageObject\",\"inLanguage\":\"de\",\"@id\":\"https:\\\/\\\/grenadeoliveoil.com\\\/de\\\/producto\\\/kaviar-olivenoel-evoo-spherification\\\/#primaryimage\",\"url\":\"https:\\\/\\\/grenadeoliveoil.com\\\/wp-content\\\/uploads\\\/2025\\\/11\\\/Esferificacion-aove-e1763107441851.webp\",\"contentUrl\":\"https:\\\/\\\/grenadeoliveoil.com\\\/wp-content\\\/uploads\\\/2025\\\/11\\\/Esferificacion-aove-e1763107441851.webp\",\"width\":864,\"height\":1184,\"caption\":\"Esferificaci\u00f3n de aceite de oliva\"},{\"@type\":\"BreadcrumbList\",\"@id\":\"https:\\\/\\\/grenadeoliveoil.com\\\/de\\\/producto\\\/kaviar-olivenoel-evoo-spherification\\\/#breadcrumb\",\"itemListElement\":[{\"@type\":\"ListItem\",\"position\":1,\"name\":\"Portada\",\"item\":\"https:\\\/\\\/grenadeoliveoil.com\\\/de\\\/\"},{\"@type\":\"ListItem\",\"position\":2,\"name\":\"Shop\",\"item\":\"https:\\\/\\\/grenadeoliveoil.com\\\/de\\\/shop\\\/\"},{\"@type\":\"ListItem\",\"position\":3,\"name\":\"Kaviar Oliven\u00f6l &#8211; EVOO Spherification\"}]},{\"@type\":\"WebSite\",\"@id\":\"https:\\\/\\\/grenadeoliveoil.com\\\/de\\\/#website\",\"url\":\"https:\\\/\\\/grenadeoliveoil.com\\\/de\\\/\",\"name\":\"Grenade Olive Oil\",\"description\":\"Green Olive Oil\",\"publisher\":{\"@id\":\"https:\\\/\\\/grenadeoliveoil.com\\\/de\\\/#organization\"},\"potentialAction\":[{\"@type\":\"SearchAction\",\"target\":{\"@type\":\"EntryPoint\",\"urlTemplate\":\"https:\\\/\\\/grenadeoliveoil.com\\\/de\\\/?s={search_term_string}\"},\"query-input\":{\"@type\":\"PropertyValueSpecification\",\"valueRequired\":true,\"valueName\":\"search_term_string\"}}],\"inLanguage\":\"de\"},{\"@type\":\"Organization\",\"@id\":\"https:\\\/\\\/grenadeoliveoil.com\\\/de\\\/#organization\",\"name\":\"Grande Olive Oil\",\"url\":\"https:\\\/\\\/grenadeoliveoil.com\\\/de\\\/\",\"logo\":{\"@type\":\"ImageObject\",\"inLanguage\":\"de\",\"@id\":\"https:\\\/\\\/grenadeoliveoil.com\\\/de\\\/#\\\/schema\\\/logo\\\/image\\\/\",\"url\":\"https:\\\/\\\/grenadeoliveoil.com\\\/wp-content\\\/uploads\\\/2021\\\/11\\\/aceite-verde-grenade-olive-oil.jpg\",\"contentUrl\":\"https:\\\/\\\/grenadeoliveoil.com\\\/wp-content\\\/uploads\\\/2021\\\/11\\\/aceite-verde-grenade-olive-oil.jpg\",\"width\":150,\"height\":75,\"caption\":\"Grande Olive Oil\"},\"image\":{\"@id\":\"https:\\\/\\\/grenadeoliveoil.com\\\/de\\\/#\\\/schema\\\/logo\\\/image\\\/\"}}]}<\/script>\n<meta property=\"product:price:amount\" content=\"6.99\" \/>\n<meta property=\"product:price:currency\" content=\"EUR\" \/>\n<meta property=\"og:availability\" content=\"instock\" \/>\n<meta property=\"product:availability\" content=\"instock\" \/>\n<meta property=\"product:condition\" content=\"new\" \/>\n<!-- \/ Yoast SEO plugin. -->","yoast_head_json":{"title":"Spanische Oliven\u00f6lkugeln kaufen | AOVE Caviar","description":"Kaufen Sie online sph\u00e4risches spanisches natives Oliven\u00f6l extra der Sorte Picual und genie\u00dfen Sie hochwertigen Gourmet-EVOO-Kaviar.","robots":{"index":"index","follow":"follow","max-snippet":"max-snippet:-1","max-image-preview":"max-image-preview:large","max-video-preview":"max-video-preview:-1"},"canonical":"https:\/\/grenadeoliveoil.com\/de\/producto\/kaviar-olivenoel-evoo-spherification\/","og_locale":"de_DE","og_type":"article","og_title":"Spanische Oliven\u00f6lkugeln kaufen | AOVE Caviar","og_description":"Kaufen Sie online sph\u00e4risches spanisches natives Oliven\u00f6l extra der Sorte Picual und genie\u00dfen Sie hochwertigen Gourmet-EVOO-Kaviar.","og_url":"https:\/\/grenadeoliveoil.com\/de\/producto\/kaviar-olivenoel-evoo-spherification\/","og_site_name":"Grenade Olive Oil","article_modified_time":"2025-11-25T15:43:59+00:00","og_image":[{"width":860,"height":860,"url":"https:\/\/grenadeoliveoil.com\/wp-content\/uploads\/2025\/11\/Esferificacion-aove-e1763107441851.webp","type":"image\/webp"}],"twitter_card":"summary_large_image","twitter_misc":{"Preis":"6,99&euro;","Verf\u00fcgbarkeit":"Auf Lager"},"schema":{"@context":"https:\/\/schema.org","@graph":[{"@type":"WebPage","@id":"https:\/\/grenadeoliveoil.com\/de\/producto\/kaviar-olivenoel-evoo-spherification\/","url":"https:\/\/grenadeoliveoil.com\/de\/producto\/kaviar-olivenoel-evoo-spherification\/","name":"Spanische Oliven\u00f6lkugeln kaufen | AOVE Caviar","isPartOf":{"@id":"https:\/\/grenadeoliveoil.com\/de\/#website"},"primaryImageOfPage":{"@id":"https:\/\/grenadeoliveoil.com\/de\/producto\/kaviar-olivenoel-evoo-spherification\/#primaryimage"},"image":{"@id":"https:\/\/grenadeoliveoil.com\/de\/producto\/kaviar-olivenoel-evoo-spherification\/#primaryimage"},"thumbnailUrl":"https:\/\/grenadeoliveoil.com\/wp-content\/uploads\/2025\/11\/Esferificacion-aove-e1763107441851.webp","datePublished":"2025-11-14T08:04:24+00:00","dateModified":"2025-11-25T15:43:59+00:00","description":"Kaufen Sie online sph\u00e4risches spanisches natives Oliven\u00f6l extra der Sorte Picual und genie\u00dfen Sie hochwertigen Gourmet-EVOO-Kaviar.","breadcrumb":{"@id":"https:\/\/grenadeoliveoil.com\/de\/producto\/kaviar-olivenoel-evoo-spherification\/#breadcrumb"},"inLanguage":"de","potentialAction":[{"@type":"ReadAction","target":["https:\/\/grenadeoliveoil.com\/de\/producto\/kaviar-olivenoel-evoo-spherification\/"]}]},{"@type":"ImageObject","inLanguage":"de","@id":"https:\/\/grenadeoliveoil.com\/de\/producto\/kaviar-olivenoel-evoo-spherification\/#primaryimage","url":"https:\/\/grenadeoliveoil.com\/wp-content\/uploads\/2025\/11\/Esferificacion-aove-e1763107441851.webp","contentUrl":"https:\/\/grenadeoliveoil.com\/wp-content\/uploads\/2025\/11\/Esferificacion-aove-e1763107441851.webp","width":864,"height":1184,"caption":"Esferificaci\u00f3n de aceite de oliva"},{"@type":"BreadcrumbList","@id":"https:\/\/grenadeoliveoil.com\/de\/producto\/kaviar-olivenoel-evoo-spherification\/#breadcrumb","itemListElement":[{"@type":"ListItem","position":1,"name":"Portada","item":"https:\/\/grenadeoliveoil.com\/de\/"},{"@type":"ListItem","position":2,"name":"Shop","item":"https:\/\/grenadeoliveoil.com\/de\/shop\/"},{"@type":"ListItem","position":3,"name":"Kaviar Oliven\u00f6l &#8211; EVOO Spherification"}]},{"@type":"WebSite","@id":"https:\/\/grenadeoliveoil.com\/de\/#website","url":"https:\/\/grenadeoliveoil.com\/de\/","name":"Grenade Olive Oil","description":"Green Olive Oil","publisher":{"@id":"https:\/\/grenadeoliveoil.com\/de\/#organization"},"potentialAction":[{"@type":"SearchAction","target":{"@type":"EntryPoint","urlTemplate":"https:\/\/grenadeoliveoil.com\/de\/?s={search_term_string}"},"query-input":{"@type":"PropertyValueSpecification","valueRequired":true,"valueName":"search_term_string"}}],"inLanguage":"de"},{"@type":"Organization","@id":"https:\/\/grenadeoliveoil.com\/de\/#organization","name":"Grande Olive Oil","url":"https:\/\/grenadeoliveoil.com\/de\/","logo":{"@type":"ImageObject","inLanguage":"de","@id":"https:\/\/grenadeoliveoil.com\/de\/#\/schema\/logo\/image\/","url":"https:\/\/grenadeoliveoil.com\/wp-content\/uploads\/2021\/11\/aceite-verde-grenade-olive-oil.jpg","contentUrl":"https:\/\/grenadeoliveoil.com\/wp-content\/uploads\/2021\/11\/aceite-verde-grenade-olive-oil.jpg","width":150,"height":75,"caption":"Grande Olive Oil"},"image":{"@id":"https:\/\/grenadeoliveoil.com\/de\/#\/schema\/logo\/image\/"}}]},"product_price_amount":"6.99","product_price_currency":"EUR","og_availability":"instock","product_availability":"instock","product_condition":"new"},"_links":{"self":[{"href":"https:\/\/grenadeoliveoil.com\/de\/wp-json\/wp\/v2\/product\/40511","targetHints":{"allow":["GET"]}}],"collection":[{"href":"https:\/\/grenadeoliveoil.com\/de\/wp-json\/wp\/v2\/product"}],"about":[{"href":"https:\/\/grenadeoliveoil.com\/de\/wp-json\/wp\/v2\/types\/product"}],"replies":[{"embeddable":true,"href":"https:\/\/grenadeoliveoil.com\/de\/wp-json\/wp\/v2\/comments?post=40511"}],"wp:featuredmedia":[{"embeddable":true,"href":"https:\/\/grenadeoliveoil.com\/de\/wp-json\/wp\/v2\/media\/40470"}],"wp:attachment":[{"href":"https:\/\/grenadeoliveoil.com\/de\/wp-json\/wp\/v2\/media?parent=40511"}],"wp:term":[{"taxonomy":"product_brand","embeddable":true,"href":"https:\/\/grenadeoliveoil.com\/de\/wp-json\/wp\/v2\/product_brand?post=40511"},{"taxonomy":"product_cat","embeddable":true,"href":"https:\/\/grenadeoliveoil.com\/de\/wp-json\/wp\/v2\/product_cat?post=40511"},{"taxonomy":"product_tag","embeddable":true,"href":"https:\/\/grenadeoliveoil.com\/de\/wp-json\/wp\/v2\/product_tag?post=40511"}],"curies":[{"name":"wp","href":"https:\/\/api.w.org\/{rel}","templated":true}]}}