{"id":5282,"date":"2024-09-18T16:01:22","date_gmt":"2024-09-18T15:01:22","guid":{"rendered":"https:\/\/grenadeoliveoil.com\/producto\/spanisches-gruenes-oel\/"},"modified":"2026-03-17T13:54:26","modified_gmt":"2026-03-17T12:54:26","slug":"olgrun","status":"publish","type":"product","link":"https:\/\/grenadeoliveoil.com\/de\/producto\/olgrun\/","title":{"rendered":"Bio-\u00d6l &#8211; Premium EVOO 750 ml"},"content":{"rendered":"<p>Authentisches gr\u00fcnes spanisches Oliven\u00f6l extra vergine. Mit einem Kalt\u00f6lextraktionsprozess, um alle Eigenschaften, den Geschmack, die Aromen und die Essenz zu erhalten.<\/p>\n<p>100 % EVOO.<\/p>\n<p>Reines gr\u00fcnes Oliven\u00f6l.<\/p>\n<p>G<strong>OLD Award f\u00fcr \u00d6lqualit\u00e4t auf der Berliner GOOA 2022.<\/strong> 750 ml<\/p>\n","protected":false},"excerpt":{"rendered":"<p>Gourmet-Oliven\u00f6l. Reines spanisches gr\u00fcnes \u00d6l, das f\u00fcr seine Qualit\u00e4t ausgezeichnet wurde.<\/p>\n","protected":false},"featured_media":40533,"comment_status":"open","ping_status":"closed","template":"","meta":[],"product_brand":[],"product_cat":[98],"product_tag":[102,101,100,99],"class_list":{"0":"post-5282","1":"product","2":"type-product","3":"status-publish","4":"has-post-thumbnail","6":"product_cat-spanisches-grunes-ol","7":"product_tag-evoo-de","8":"product_tag-natives-olivenol-extra","9":"product_tag-olivenol","10":"product_tag-spanisches-grunes-ol","12":"first","13":"instock","14":"featured","15":"shipping-taxable","16":"purchasable","17":"product-type-simple"},"yoast_head":"<!-- This site is optimized with the Yoast SEO plugin v27.3 - https:\/\/yoast.com\/product\/yoast-seo-wordpress\/ -->\n<title>Gr\u00fcnes \u00d6l - Kaufen Sie spanisches Oliven\u00f6l - Grenade Olive Oil<\/title>\n<meta name=\"description\" content=\"Kaufen Sie spanisches gr\u00fcnes natives Oliven\u00f6l extra. gr\u00fcnes Oliven\u00f6l aus Spanien. Kaufen Sie online das beste spanische \u00d6l. Kaltextraktion.\" \/>\n<meta name=\"robots\" content=\"index, follow, max-snippet:-1, max-image-preview:large, max-video-preview:-1\" \/>\n<link rel=\"canonical\" href=\"https:\/\/grenadeoliveoil.com\/de\/producto\/olgrun\/\" \/>\n<meta property=\"og:locale\" content=\"de_DE\" \/>\n<meta property=\"og:type\" content=\"article\" \/>\n<meta property=\"og:title\" content=\"Gr\u00fcnes \u00d6l - Kaufen Sie spanisches Oliven\u00f6l - Grenade Olive Oil\" \/>\n<meta property=\"og:description\" content=\"Kaufen Sie spanisches gr\u00fcnes natives Oliven\u00f6l extra. gr\u00fcnes Oliven\u00f6l aus Spanien. Kaufen Sie online das beste spanische \u00d6l. Kaltextraktion.\" \/>\n<meta property=\"og:url\" content=\"https:\/\/grenadeoliveoil.com\/de\/producto\/olgrun\/\" \/>\n<meta property=\"og:site_name\" content=\"Grenade Olive Oil\" \/>\n<meta property=\"article:modified_time\" content=\"2026-03-17T12:54:26+00:00\" \/>\n<meta property=\"og:image\" content=\"https:\/\/grenadeoliveoil.com\/wp-content\/uploads\/2024\/09\/Aceite-oliva-ecologico-verde.webp\" \/>\n\t<meta property=\"og:image:width\" content=\"1080\" \/>\n\t<meta property=\"og:image:height\" content=\"1080\" \/>\n\t<meta property=\"og:image:type\" content=\"image\/webp\" \/>\n<meta name=\"twitter:card\" content=\"summary_large_image\" \/>\n<script type=\"application\/ld+json\" class=\"yoast-schema-graph\">{\"@context\":\"https:\\\/\\\/schema.org\",\"@graph\":[{\"@type\":\"WebPage\",\"@id\":\"https:\\\/\\\/grenadeoliveoil.com\\\/de\\\/producto\\\/olgrun\\\/\",\"url\":\"https:\\\/\\\/grenadeoliveoil.com\\\/de\\\/producto\\\/olgrun\\\/\",\"name\":\"Gr\u00fcnes \u00d6l - Kaufen Sie spanisches Oliven\u00f6l - Grenade Olive Oil\",\"isPartOf\":{\"@id\":\"https:\\\/\\\/grenadeoliveoil.com\\\/de\\\/#website\"},\"primaryImageOfPage\":{\"@id\":\"https:\\\/\\\/grenadeoliveoil.com\\\/de\\\/producto\\\/olgrun\\\/#primaryimage\"},\"image\":{\"@id\":\"https:\\\/\\\/grenadeoliveoil.com\\\/de\\\/producto\\\/olgrun\\\/#primaryimage\"},\"thumbnailUrl\":\"https:\\\/\\\/grenadeoliveoil.com\\\/wp-content\\\/uploads\\\/2024\\\/09\\\/Aceite-oliva-ecologico-verde.webp\",\"datePublished\":\"2024-09-18T15:01:22+00:00\",\"dateModified\":\"2026-03-17T12:54:26+00:00\",\"description\":\"Kaufen Sie spanisches gr\u00fcnes natives Oliven\u00f6l extra. gr\u00fcnes Oliven\u00f6l aus Spanien. Kaufen Sie online das beste spanische \u00d6l. Kaltextraktion.\",\"breadcrumb\":{\"@id\":\"https:\\\/\\\/grenadeoliveoil.com\\\/de\\\/producto\\\/olgrun\\\/#breadcrumb\"},\"inLanguage\":\"de\",\"potentialAction\":[{\"@type\":\"ReadAction\",\"target\":[\"https:\\\/\\\/grenadeoliveoil.com\\\/de\\\/producto\\\/olgrun\\\/\"]}]},{\"@type\":\"ImageObject\",\"inLanguage\":\"de\",\"@id\":\"https:\\\/\\\/grenadeoliveoil.com\\\/de\\\/producto\\\/olgrun\\\/#primaryimage\",\"url\":\"https:\\\/\\\/grenadeoliveoil.com\\\/wp-content\\\/uploads\\\/2024\\\/09\\\/Aceite-oliva-ecologico-verde.webp\",\"contentUrl\":\"https:\\\/\\\/grenadeoliveoil.com\\\/wp-content\\\/uploads\\\/2024\\\/09\\\/Aceite-oliva-ecologico-verde.webp\",\"width\":1080,\"height\":1080,\"caption\":\"Gr\u00fcnes Premium-Oliven\u00f6l\"},{\"@type\":\"BreadcrumbList\",\"@id\":\"https:\\\/\\\/grenadeoliveoil.com\\\/de\\\/producto\\\/olgrun\\\/#breadcrumb\",\"itemListElement\":[{\"@type\":\"ListItem\",\"position\":1,\"name\":\"Portada\",\"item\":\"https:\\\/\\\/grenadeoliveoil.com\\\/de\\\/\"},{\"@type\":\"ListItem\",\"position\":2,\"name\":\"Shop\",\"item\":\"https:\\\/\\\/grenadeoliveoil.com\\\/de\\\/shop\\\/\"},{\"@type\":\"ListItem\",\"position\":3,\"name\":\"Bio-\u00d6l &#8211; Premium EVOO 750 ml\"}]},{\"@type\":\"WebSite\",\"@id\":\"https:\\\/\\\/grenadeoliveoil.com\\\/de\\\/#website\",\"url\":\"https:\\\/\\\/grenadeoliveoil.com\\\/de\\\/\",\"name\":\"Grenade Olive Oil\",\"description\":\"Green Olive Oil\",\"publisher\":{\"@id\":\"https:\\\/\\\/grenadeoliveoil.com\\\/de\\\/#organization\"},\"potentialAction\":[{\"@type\":\"SearchAction\",\"target\":{\"@type\":\"EntryPoint\",\"urlTemplate\":\"https:\\\/\\\/grenadeoliveoil.com\\\/de\\\/?s={search_term_string}\"},\"query-input\":{\"@type\":\"PropertyValueSpecification\",\"valueRequired\":true,\"valueName\":\"search_term_string\"}}],\"inLanguage\":\"de\"},{\"@type\":\"Organization\",\"@id\":\"https:\\\/\\\/grenadeoliveoil.com\\\/de\\\/#organization\",\"name\":\"Grande Olive Oil\",\"url\":\"https:\\\/\\\/grenadeoliveoil.com\\\/de\\\/\",\"logo\":{\"@type\":\"ImageObject\",\"inLanguage\":\"de\",\"@id\":\"https:\\\/\\\/grenadeoliveoil.com\\\/de\\\/#\\\/schema\\\/logo\\\/image\\\/\",\"url\":\"https:\\\/\\\/grenadeoliveoil.com\\\/wp-content\\\/uploads\\\/2021\\\/11\\\/aceite-verde-grenade-olive-oil.jpg\",\"contentUrl\":\"https:\\\/\\\/grenadeoliveoil.com\\\/wp-content\\\/uploads\\\/2021\\\/11\\\/aceite-verde-grenade-olive-oil.jpg\",\"width\":150,\"height\":75,\"caption\":\"Grande Olive Oil\"},\"image\":{\"@id\":\"https:\\\/\\\/grenadeoliveoil.com\\\/de\\\/#\\\/schema\\\/logo\\\/image\\\/\"}}]}<\/script>\n<!-- \/ Yoast SEO plugin. -->","yoast_head_json":{"title":"Gr\u00fcnes \u00d6l - Kaufen Sie spanisches Oliven\u00f6l - Grenade Olive Oil","description":"Kaufen Sie spanisches gr\u00fcnes natives Oliven\u00f6l extra. gr\u00fcnes Oliven\u00f6l aus Spanien. Kaufen Sie online das beste spanische \u00d6l. Kaltextraktion.","robots":{"index":"index","follow":"follow","max-snippet":"max-snippet:-1","max-image-preview":"max-image-preview:large","max-video-preview":"max-video-preview:-1"},"canonical":"https:\/\/grenadeoliveoil.com\/de\/producto\/olgrun\/","og_locale":"de_DE","og_type":"article","og_title":"Gr\u00fcnes \u00d6l - Kaufen Sie spanisches Oliven\u00f6l - Grenade Olive Oil","og_description":"Kaufen Sie spanisches gr\u00fcnes natives Oliven\u00f6l extra. gr\u00fcnes Oliven\u00f6l aus Spanien. Kaufen Sie online das beste spanische \u00d6l. Kaltextraktion.","og_url":"https:\/\/grenadeoliveoil.com\/de\/producto\/olgrun\/","og_site_name":"Grenade Olive Oil","article_modified_time":"2026-03-17T12:54:26+00:00","og_image":[{"width":1080,"height":1080,"url":"https:\/\/grenadeoliveoil.com\/wp-content\/uploads\/2024\/09\/Aceite-oliva-ecologico-verde.webp","type":"image\/webp"}],"twitter_card":"summary_large_image","schema":{"@context":"https:\/\/schema.org","@graph":[{"@type":"WebPage","@id":"https:\/\/grenadeoliveoil.com\/de\/producto\/olgrun\/","url":"https:\/\/grenadeoliveoil.com\/de\/producto\/olgrun\/","name":"Gr\u00fcnes \u00d6l - Kaufen Sie spanisches Oliven\u00f6l - Grenade Olive Oil","isPartOf":{"@id":"https:\/\/grenadeoliveoil.com\/de\/#website"},"primaryImageOfPage":{"@id":"https:\/\/grenadeoliveoil.com\/de\/producto\/olgrun\/#primaryimage"},"image":{"@id":"https:\/\/grenadeoliveoil.com\/de\/producto\/olgrun\/#primaryimage"},"thumbnailUrl":"https:\/\/grenadeoliveoil.com\/wp-content\/uploads\/2024\/09\/Aceite-oliva-ecologico-verde.webp","datePublished":"2024-09-18T15:01:22+00:00","dateModified":"2026-03-17T12:54:26+00:00","description":"Kaufen Sie spanisches gr\u00fcnes natives Oliven\u00f6l extra. gr\u00fcnes Oliven\u00f6l aus Spanien. Kaufen Sie online das beste spanische \u00d6l. Kaltextraktion.","breadcrumb":{"@id":"https:\/\/grenadeoliveoil.com\/de\/producto\/olgrun\/#breadcrumb"},"inLanguage":"de","potentialAction":[{"@type":"ReadAction","target":["https:\/\/grenadeoliveoil.com\/de\/producto\/olgrun\/"]}]},{"@type":"ImageObject","inLanguage":"de","@id":"https:\/\/grenadeoliveoil.com\/de\/producto\/olgrun\/#primaryimage","url":"https:\/\/grenadeoliveoil.com\/wp-content\/uploads\/2024\/09\/Aceite-oliva-ecologico-verde.webp","contentUrl":"https:\/\/grenadeoliveoil.com\/wp-content\/uploads\/2024\/09\/Aceite-oliva-ecologico-verde.webp","width":1080,"height":1080,"caption":"Gr\u00fcnes Premium-Oliven\u00f6l"},{"@type":"BreadcrumbList","@id":"https:\/\/grenadeoliveoil.com\/de\/producto\/olgrun\/#breadcrumb","itemListElement":[{"@type":"ListItem","position":1,"name":"Portada","item":"https:\/\/grenadeoliveoil.com\/de\/"},{"@type":"ListItem","position":2,"name":"Shop","item":"https:\/\/grenadeoliveoil.com\/de\/shop\/"},{"@type":"ListItem","position":3,"name":"Bio-\u00d6l &#8211; Premium EVOO 750 ml"}]},{"@type":"WebSite","@id":"https:\/\/grenadeoliveoil.com\/de\/#website","url":"https:\/\/grenadeoliveoil.com\/de\/","name":"Grenade Olive Oil","description":"Green Olive Oil","publisher":{"@id":"https:\/\/grenadeoliveoil.com\/de\/#organization"},"potentialAction":[{"@type":"SearchAction","target":{"@type":"EntryPoint","urlTemplate":"https:\/\/grenadeoliveoil.com\/de\/?s={search_term_string}"},"query-input":{"@type":"PropertyValueSpecification","valueRequired":true,"valueName":"search_term_string"}}],"inLanguage":"de"},{"@type":"Organization","@id":"https:\/\/grenadeoliveoil.com\/de\/#organization","name":"Grande Olive Oil","url":"https:\/\/grenadeoliveoil.com\/de\/","logo":{"@type":"ImageObject","inLanguage":"de","@id":"https:\/\/grenadeoliveoil.com\/de\/#\/schema\/logo\/image\/","url":"https:\/\/grenadeoliveoil.com\/wp-content\/uploads\/2021\/11\/aceite-verde-grenade-olive-oil.jpg","contentUrl":"https:\/\/grenadeoliveoil.com\/wp-content\/uploads\/2021\/11\/aceite-verde-grenade-olive-oil.jpg","width":150,"height":75,"caption":"Grande Olive Oil"},"image":{"@id":"https:\/\/grenadeoliveoil.com\/de\/#\/schema\/logo\/image\/"}}]}},"_links":{"self":[{"href":"https:\/\/grenadeoliveoil.com\/de\/wp-json\/wp\/v2\/product\/5282","targetHints":{"allow":["GET"]}}],"collection":[{"href":"https:\/\/grenadeoliveoil.com\/de\/wp-json\/wp\/v2\/product"}],"about":[{"href":"https:\/\/grenadeoliveoil.com\/de\/wp-json\/wp\/v2\/types\/product"}],"replies":[{"embeddable":true,"href":"https:\/\/grenadeoliveoil.com\/de\/wp-json\/wp\/v2\/comments?post=5282"}],"wp:featuredmedia":[{"embeddable":true,"href":"https:\/\/grenadeoliveoil.com\/de\/wp-json\/wp\/v2\/media\/40533"}],"wp:attachment":[{"href":"https:\/\/grenadeoliveoil.com\/de\/wp-json\/wp\/v2\/media?parent=5282"}],"wp:term":[{"taxonomy":"product_brand","embeddable":true,"href":"https:\/\/grenadeoliveoil.com\/de\/wp-json\/wp\/v2\/product_brand?post=5282"},{"taxonomy":"product_cat","embeddable":true,"href":"https:\/\/grenadeoliveoil.com\/de\/wp-json\/wp\/v2\/product_cat?post=5282"},{"taxonomy":"product_tag","embeddable":true,"href":"https:\/\/grenadeoliveoil.com\/de\/wp-json\/wp\/v2\/product_tag?post=5282"}],"curies":[{"name":"wp","href":"https:\/\/api.w.org\/{rel}","templated":true}]}}