{"id":5400,"date":"2024-09-18T11:34:00","date_gmt":"2024-09-18T10:34:00","guid":{"rendered":"https:\/\/grenadeoliveoil.com\/?post_type=product&#038;p=5400"},"modified":"2025-11-25T17:42:32","modified_gmt":"2025-11-25T16:42:32","slug":"ol-gourmet","status":"publish","type":"product","link":"https:\/\/grenadeoliveoil.com\/de\/producto\/ol-gourmet\/","title":{"rendered":"Gourmet-\u00d6l 500 ml"},"content":{"rendered":"<p>Ein natives Oliven\u00f6l extra von h\u00f6chster Qualit\u00e4t f\u00fcr Gourmets.<\/p>\n<p>AOVE Selection sorgf\u00e4ltig hergestellt, um Aroma und Geschmack in der Essenz zu erhalten.<br \/>\n500 ml.<\/p>\n","protected":false},"excerpt":{"rendered":"<p>Gourmet-Oliven\u00f6l. Reines spanisches gr\u00fcnes \u00d6l.<\/p>\n","protected":false},"featured_media":5387,"comment_status":"open","ping_status":"closed","template":"","meta":[],"product_brand":[],"product_cat":[98],"product_tag":[102,101,100,99],"class_list":{"0":"post-5400","1":"product","2":"type-product","3":"status-publish","4":"has-post-thumbnail","6":"product_cat-spanisches-grunes-ol","7":"product_tag-evoo-de","8":"product_tag-natives-olivenol-extra","9":"product_tag-olivenol","10":"product_tag-spanisches-grunes-ol","12":"first","13":"instock","14":"featured","15":"shipping-taxable","16":"purchasable","17":"product-type-simple"},"yoast_head":"<!-- This site is optimized with the Yoast SEO plugin v27.4 - https:\/\/yoast.com\/product\/yoast-seo-wordpress\/ -->\n<title>Gourmet-Oliven\u00f6l: Spanisches Oliven\u00f6l kaufen : Grenade<\/title>\n<meta name=\"description\" content=\"Kaufen Sie spanisches Gourmet-Oliven\u00f6l. Reines \u00d6l von hundertj\u00e4hrigen Olivenb\u00e4umen. Kaufen Sie online das beste Oliven\u00f6l Spaniens. 100 % EVOO.\" \/>\n<meta name=\"robots\" content=\"index, follow, max-snippet:-1, max-image-preview:large, max-video-preview:-1\" \/>\n<link rel=\"canonical\" href=\"https:\/\/grenadeoliveoil.com\/de\/producto\/ol-gourmet\/\" \/>\n<meta property=\"og:locale\" content=\"de_DE\" \/>\n<meta property=\"og:type\" content=\"article\" \/>\n<meta property=\"og:title\" content=\"Gourmet-Oliven\u00f6l: Spanisches Oliven\u00f6l kaufen : Grenade\" \/>\n<meta property=\"og:description\" content=\"Kaufen Sie spanisches Gourmet-Oliven\u00f6l. Reines \u00d6l von hundertj\u00e4hrigen Olivenb\u00e4umen. Kaufen Sie online das beste Oliven\u00f6l Spaniens. 100 % EVOO.\" \/>\n<meta property=\"og:url\" content=\"https:\/\/grenadeoliveoil.com\/de\/producto\/ol-gourmet\/\" \/>\n<meta property=\"og:site_name\" content=\"Grenade Olive Oil\" \/>\n<meta property=\"article:modified_time\" content=\"2025-11-25T16:42:32+00:00\" \/>\n<meta property=\"og:image\" content=\"https:\/\/grenadeoliveoil.com\/wp-content\/uploads\/2018\/06\/Aceite-gourmet-eco.webp\" \/>\n\t<meta property=\"og:image:width\" content=\"500\" \/>\n\t<meta property=\"og:image:height\" content=\"500\" \/>\n\t<meta property=\"og:image:type\" content=\"image\/webp\" \/>\n<meta name=\"twitter:card\" content=\"summary_large_image\" \/>\n<meta name=\"twitter:label1\" content=\"Preis\" \/>\n\t<meta name=\"twitter:data1\" content=\"16,80&euro;\" \/>\n\t<meta name=\"twitter:label2\" content=\"Verf\u00fcgbarkeit\" \/>\n\t<meta name=\"twitter:data2\" content=\"Auf Lager\" \/>\n<script type=\"application\/ld+json\" class=\"yoast-schema-graph\">{\"@context\":\"https:\\\/\\\/schema.org\",\"@graph\":[{\"@type\":\"WebPage\",\"@id\":\"https:\\\/\\\/grenadeoliveoil.com\\\/de\\\/producto\\\/ol-gourmet\\\/\",\"url\":\"https:\\\/\\\/grenadeoliveoil.com\\\/de\\\/producto\\\/ol-gourmet\\\/\",\"name\":\"Gourmet-Oliven\u00f6l: Spanisches Oliven\u00f6l kaufen : Grenade\",\"isPartOf\":{\"@id\":\"https:\\\/\\\/grenadeoliveoil.com\\\/de\\\/#website\"},\"primaryImageOfPage\":{\"@id\":\"https:\\\/\\\/grenadeoliveoil.com\\\/de\\\/producto\\\/ol-gourmet\\\/#primaryimage\"},\"image\":{\"@id\":\"https:\\\/\\\/grenadeoliveoil.com\\\/de\\\/producto\\\/ol-gourmet\\\/#primaryimage\"},\"thumbnailUrl\":\"https:\\\/\\\/grenadeoliveoil.com\\\/wp-content\\\/uploads\\\/2018\\\/06\\\/Aceite-gourmet-eco.webp\",\"datePublished\":\"2024-09-18T10:34:00+00:00\",\"dateModified\":\"2025-11-25T16:42:32+00:00\",\"description\":\"Kaufen Sie spanisches Gourmet-Oliven\u00f6l. Reines \u00d6l von hundertj\u00e4hrigen Olivenb\u00e4umen. Kaufen Sie online das beste Oliven\u00f6l Spaniens. 100 % EVOO.\",\"breadcrumb\":{\"@id\":\"https:\\\/\\\/grenadeoliveoil.com\\\/de\\\/producto\\\/ol-gourmet\\\/#breadcrumb\"},\"inLanguage\":\"de\",\"potentialAction\":[{\"@type\":\"ReadAction\",\"target\":[\"https:\\\/\\\/grenadeoliveoil.com\\\/de\\\/producto\\\/ol-gourmet\\\/\"]}]},{\"@type\":\"ImageObject\",\"inLanguage\":\"de\",\"@id\":\"https:\\\/\\\/grenadeoliveoil.com\\\/de\\\/producto\\\/ol-gourmet\\\/#primaryimage\",\"url\":\"https:\\\/\\\/grenadeoliveoil.com\\\/wp-content\\\/uploads\\\/2018\\\/06\\\/Aceite-gourmet-eco.webp\",\"contentUrl\":\"https:\\\/\\\/grenadeoliveoil.com\\\/wp-content\\\/uploads\\\/2018\\\/06\\\/Aceite-gourmet-eco.webp\",\"width\":500,\"height\":500,\"caption\":\"Gourmet-\u00d6l\"},{\"@type\":\"BreadcrumbList\",\"@id\":\"https:\\\/\\\/grenadeoliveoil.com\\\/de\\\/producto\\\/ol-gourmet\\\/#breadcrumb\",\"itemListElement\":[{\"@type\":\"ListItem\",\"position\":1,\"name\":\"Portada\",\"item\":\"https:\\\/\\\/grenadeoliveoil.com\\\/de\\\/\"},{\"@type\":\"ListItem\",\"position\":2,\"name\":\"Shop\",\"item\":\"https:\\\/\\\/grenadeoliveoil.com\\\/de\\\/shop\\\/\"},{\"@type\":\"ListItem\",\"position\":3,\"name\":\"Gourmet-\u00d6l 500 ml\"}]},{\"@type\":\"WebSite\",\"@id\":\"https:\\\/\\\/grenadeoliveoil.com\\\/de\\\/#website\",\"url\":\"https:\\\/\\\/grenadeoliveoil.com\\\/de\\\/\",\"name\":\"Grenade Olive Oil\",\"description\":\"Green Olive Oil\",\"publisher\":{\"@id\":\"https:\\\/\\\/grenadeoliveoil.com\\\/de\\\/#organization\"},\"potentialAction\":[{\"@type\":\"SearchAction\",\"target\":{\"@type\":\"EntryPoint\",\"urlTemplate\":\"https:\\\/\\\/grenadeoliveoil.com\\\/de\\\/?s={search_term_string}\"},\"query-input\":{\"@type\":\"PropertyValueSpecification\",\"valueRequired\":true,\"valueName\":\"search_term_string\"}}],\"inLanguage\":\"de\"},{\"@type\":\"Organization\",\"@id\":\"https:\\\/\\\/grenadeoliveoil.com\\\/de\\\/#organization\",\"name\":\"Grande Olive Oil\",\"url\":\"https:\\\/\\\/grenadeoliveoil.com\\\/de\\\/\",\"logo\":{\"@type\":\"ImageObject\",\"inLanguage\":\"de\",\"@id\":\"https:\\\/\\\/grenadeoliveoil.com\\\/de\\\/#\\\/schema\\\/logo\\\/image\\\/\",\"url\":\"https:\\\/\\\/grenadeoliveoil.com\\\/wp-content\\\/uploads\\\/2021\\\/11\\\/aceite-verde-grenade-olive-oil.jpg\",\"contentUrl\":\"https:\\\/\\\/grenadeoliveoil.com\\\/wp-content\\\/uploads\\\/2021\\\/11\\\/aceite-verde-grenade-olive-oil.jpg\",\"width\":150,\"height\":75,\"caption\":\"Grande Olive Oil\"},\"image\":{\"@id\":\"https:\\\/\\\/grenadeoliveoil.com\\\/de\\\/#\\\/schema\\\/logo\\\/image\\\/\"}}]}<\/script>\n<meta property=\"product:price:amount\" content=\"16.80\" \/>\n<meta property=\"product:price:currency\" content=\"EUR\" \/>\n<meta property=\"og:availability\" content=\"instock\" \/>\n<meta property=\"product:availability\" content=\"instock\" \/>\n<meta property=\"product:condition\" content=\"new\" \/>\n<!-- \/ Yoast SEO plugin. -->","yoast_head_json":{"title":"Gourmet-Oliven\u00f6l: Spanisches Oliven\u00f6l kaufen : Grenade","description":"Kaufen Sie spanisches Gourmet-Oliven\u00f6l. Reines \u00d6l von hundertj\u00e4hrigen Olivenb\u00e4umen. Kaufen Sie online das beste Oliven\u00f6l Spaniens. 100 % EVOO.","robots":{"index":"index","follow":"follow","max-snippet":"max-snippet:-1","max-image-preview":"max-image-preview:large","max-video-preview":"max-video-preview:-1"},"canonical":"https:\/\/grenadeoliveoil.com\/de\/producto\/ol-gourmet\/","og_locale":"de_DE","og_type":"article","og_title":"Gourmet-Oliven\u00f6l: Spanisches Oliven\u00f6l kaufen : Grenade","og_description":"Kaufen Sie spanisches Gourmet-Oliven\u00f6l. Reines \u00d6l von hundertj\u00e4hrigen Olivenb\u00e4umen. Kaufen Sie online das beste Oliven\u00f6l Spaniens. 100 % EVOO.","og_url":"https:\/\/grenadeoliveoil.com\/de\/producto\/ol-gourmet\/","og_site_name":"Grenade Olive Oil","article_modified_time":"2025-11-25T16:42:32+00:00","og_image":[{"width":500,"height":500,"url":"https:\/\/grenadeoliveoil.com\/wp-content\/uploads\/2018\/06\/Aceite-gourmet-eco.webp","type":"image\/webp"}],"twitter_card":"summary_large_image","twitter_misc":{"Preis":"16,80&euro;","Verf\u00fcgbarkeit":"Auf Lager"},"schema":{"@context":"https:\/\/schema.org","@graph":[{"@type":"WebPage","@id":"https:\/\/grenadeoliveoil.com\/de\/producto\/ol-gourmet\/","url":"https:\/\/grenadeoliveoil.com\/de\/producto\/ol-gourmet\/","name":"Gourmet-Oliven\u00f6l: Spanisches Oliven\u00f6l kaufen : Grenade","isPartOf":{"@id":"https:\/\/grenadeoliveoil.com\/de\/#website"},"primaryImageOfPage":{"@id":"https:\/\/grenadeoliveoil.com\/de\/producto\/ol-gourmet\/#primaryimage"},"image":{"@id":"https:\/\/grenadeoliveoil.com\/de\/producto\/ol-gourmet\/#primaryimage"},"thumbnailUrl":"https:\/\/grenadeoliveoil.com\/wp-content\/uploads\/2018\/06\/Aceite-gourmet-eco.webp","datePublished":"2024-09-18T10:34:00+00:00","dateModified":"2025-11-25T16:42:32+00:00","description":"Kaufen Sie spanisches Gourmet-Oliven\u00f6l. Reines \u00d6l von hundertj\u00e4hrigen Olivenb\u00e4umen. Kaufen Sie online das beste Oliven\u00f6l Spaniens. 100 % EVOO.","breadcrumb":{"@id":"https:\/\/grenadeoliveoil.com\/de\/producto\/ol-gourmet\/#breadcrumb"},"inLanguage":"de","potentialAction":[{"@type":"ReadAction","target":["https:\/\/grenadeoliveoil.com\/de\/producto\/ol-gourmet\/"]}]},{"@type":"ImageObject","inLanguage":"de","@id":"https:\/\/grenadeoliveoil.com\/de\/producto\/ol-gourmet\/#primaryimage","url":"https:\/\/grenadeoliveoil.com\/wp-content\/uploads\/2018\/06\/Aceite-gourmet-eco.webp","contentUrl":"https:\/\/grenadeoliveoil.com\/wp-content\/uploads\/2018\/06\/Aceite-gourmet-eco.webp","width":500,"height":500,"caption":"Gourmet-\u00d6l"},{"@type":"BreadcrumbList","@id":"https:\/\/grenadeoliveoil.com\/de\/producto\/ol-gourmet\/#breadcrumb","itemListElement":[{"@type":"ListItem","position":1,"name":"Portada","item":"https:\/\/grenadeoliveoil.com\/de\/"},{"@type":"ListItem","position":2,"name":"Shop","item":"https:\/\/grenadeoliveoil.com\/de\/shop\/"},{"@type":"ListItem","position":3,"name":"Gourmet-\u00d6l 500 ml"}]},{"@type":"WebSite","@id":"https:\/\/grenadeoliveoil.com\/de\/#website","url":"https:\/\/grenadeoliveoil.com\/de\/","name":"Grenade Olive Oil","description":"Green Olive Oil","publisher":{"@id":"https:\/\/grenadeoliveoil.com\/de\/#organization"},"potentialAction":[{"@type":"SearchAction","target":{"@type":"EntryPoint","urlTemplate":"https:\/\/grenadeoliveoil.com\/de\/?s={search_term_string}"},"query-input":{"@type":"PropertyValueSpecification","valueRequired":true,"valueName":"search_term_string"}}],"inLanguage":"de"},{"@type":"Organization","@id":"https:\/\/grenadeoliveoil.com\/de\/#organization","name":"Grande Olive Oil","url":"https:\/\/grenadeoliveoil.com\/de\/","logo":{"@type":"ImageObject","inLanguage":"de","@id":"https:\/\/grenadeoliveoil.com\/de\/#\/schema\/logo\/image\/","url":"https:\/\/grenadeoliveoil.com\/wp-content\/uploads\/2021\/11\/aceite-verde-grenade-olive-oil.jpg","contentUrl":"https:\/\/grenadeoliveoil.com\/wp-content\/uploads\/2021\/11\/aceite-verde-grenade-olive-oil.jpg","width":150,"height":75,"caption":"Grande Olive Oil"},"image":{"@id":"https:\/\/grenadeoliveoil.com\/de\/#\/schema\/logo\/image\/"}}]},"product_price_amount":"16.80","product_price_currency":"EUR","og_availability":"instock","product_availability":"instock","product_condition":"new"},"_links":{"self":[{"href":"https:\/\/grenadeoliveoil.com\/de\/wp-json\/wp\/v2\/product\/5400","targetHints":{"allow":["GET"]}}],"collection":[{"href":"https:\/\/grenadeoliveoil.com\/de\/wp-json\/wp\/v2\/product"}],"about":[{"href":"https:\/\/grenadeoliveoil.com\/de\/wp-json\/wp\/v2\/types\/product"}],"replies":[{"embeddable":true,"href":"https:\/\/grenadeoliveoil.com\/de\/wp-json\/wp\/v2\/comments?post=5400"}],"wp:featuredmedia":[{"embeddable":true,"href":"https:\/\/grenadeoliveoil.com\/de\/wp-json\/wp\/v2\/media\/5387"}],"wp:attachment":[{"href":"https:\/\/grenadeoliveoil.com\/de\/wp-json\/wp\/v2\/media?parent=5400"}],"wp:term":[{"taxonomy":"product_brand","embeddable":true,"href":"https:\/\/grenadeoliveoil.com\/de\/wp-json\/wp\/v2\/product_brand?post=5400"},{"taxonomy":"product_cat","embeddable":true,"href":"https:\/\/grenadeoliveoil.com\/de\/wp-json\/wp\/v2\/product_cat?post=5400"},{"taxonomy":"product_tag","embeddable":true,"href":"https:\/\/grenadeoliveoil.com\/de\/wp-json\/wp\/v2\/product_tag?post=5400"}],"curies":[{"name":"wp","href":"https:\/\/api.w.org\/{rel}","templated":true}]}}