{"id":5407,"date":"2021-12-18T18:23:43","date_gmt":"2022-05-30T10:22:47","guid":{"rendered":"https:\/\/grenadeoliveoil.com\/producto\/handwerkliche-pericana-oliven\/"},"modified":"2024-06-05T11:11:15","modified_gmt":"2024-06-05T10:11:15","slug":"handwerker-oliven-pericana","status":"publish","type":"product","link":"https:\/\/grenadeoliveoil.com\/de\/producto\/handwerker-oliven-pericana\/","title":{"rendered":"Handwerkliche Pericana-Oliven"},"content":{"rendered":"<p>Artisan-Oliven mit Pericana-Geschmack von l&#8217;olivateria 225g<\/p>\n<p><strong>Zertifiziertes Bio-Lebensmittel<br \/>\n<\/strong><\/p>\n<p><strong>Zutaten:<\/strong> Oliven*, Spuren von Pfeffer, Spuren von Kabeljau, Zitronens\u00e4ure.<\/p>\n<p>*\u00d6kologische Landwirtschaft.<\/p>\n<p><strong>N\u00e4hrwert (100g)<\/strong><\/p>\n<ul>\n<li>Energie: 70 kJ (172 kcal)<\/li>\n<li>Fett: 18 g, davon ges\u00e4ttigt: 3 g.<\/li>\n<li>Kohlenhydrate 0 g, davon Zucker 0 g<\/li>\n<li>Ballaststoffe 1 gr<\/li>\n<li>Eiwei\u00df 1g<\/li>\n<li>Salz 4g<\/li>\n<\/ul>\n<p><strong>Gewicht 225gr<\/strong><\/p>\n<div class=\"mt-4\">\n<div>\n<h4>Warnungen<\/h4>\n<ul>\n<li>Alle Angaben in den Produktbl\u00e4ttern sowie N\u00e4hrwertangaben k\u00f6nnen von den Herstellern ge\u00e4ndert werden. Daher kann es irgendwann zu Abweichungen kommen. Sobald sie diese Informationen jedoch an uns \u00fcbermitteln, aktualisieren wir sie in den Produktinformationen.<\/li>\n<\/ul>\n<\/div>\n<\/div>\n","protected":false},"excerpt":{"rendered":"<p>Artisan-Oliven mit Pericana-Geschmack von l&#8217;olivateria 225g Zertifiziertes Bio-Lebensmittel Zutaten: Oliven*, Spuren von Pfeffer, Spuren von Kabeljau, Zitronens\u00e4ure. *\u00d6kologische Landwirtschaft. N\u00e4hrwert (100g) Energie: 70 kJ (172 kcal) Fett: 18 g, davon ges\u00e4ttigt: 3 g. Kohlenhydrate 0 g, davon Zucker 0 g Ballaststoffe 1 gr Eiwei\u00df 1g Salz 4g Gewicht 225gr Warnungen Alle Angaben in den Produktbl\u00e4ttern sowie N\u00e4hrwertangaben k\u00f6nnen von den Herstellern ge\u00e4ndert werden. Daher kann es irgendwann zu Abweichungen kommen. Sobald sie diese Informationen jedoch an uns \u00fcbermitteln, aktualisieren wir sie in den Produktinformationen.<\/p>\n","protected":false},"featured_media":4671,"comment_status":"open","ping_status":"closed","template":"","meta":[],"product_brand":[],"product_cat":[120],"product_tag":[],"class_list":{"0":"post-5407","1":"product","2":"type-product","3":"status-publish","4":"has-post-thumbnail","6":"product_cat-oliven","8":"first","9":"instock","10":"shipping-taxable","11":"purchasable","12":"product-type-simple"},"yoast_head":"<!-- This site is optimized with the Yoast SEO plugin v27.3 - https:\/\/yoast.com\/product\/yoast-seo-wordpress\/ -->\n<title>Handwerkliche Pericana-Oliven - Grenade Olive Oil<\/title>\n<meta name=\"description\" content=\"Kaufen Sie handwerklich hergestellte Bio-Oliven mit Pericana-Geschmack online. Handwerkliche Oliven aus Olivateria. Granate Oliven\u00f6l.\" \/>\n<meta name=\"robots\" content=\"index, follow, max-snippet:-1, max-image-preview:large, max-video-preview:-1\" \/>\n<link rel=\"canonical\" href=\"https:\/\/grenadeoliveoil.com\/de\/producto\/handwerker-oliven-pericana\/\" \/>\n<meta property=\"og:locale\" content=\"de_DE\" \/>\n<meta property=\"og:type\" content=\"article\" \/>\n<meta property=\"og:title\" content=\"Handwerkliche Pericana-Oliven - Grenade Olive Oil\" \/>\n<meta property=\"og:description\" content=\"Kaufen Sie handwerklich hergestellte Bio-Oliven mit Pericana-Geschmack online. Handwerkliche Oliven aus Olivateria. Granate Oliven\u00f6l.\" \/>\n<meta property=\"og:url\" content=\"https:\/\/grenadeoliveoil.com\/de\/producto\/handwerker-oliven-pericana\/\" \/>\n<meta property=\"og:site_name\" content=\"Grenade Olive Oil\" \/>\n<meta property=\"article:modified_time\" content=\"2024-06-05T10:11:15+00:00\" \/>\n<meta property=\"og:image\" content=\"https:\/\/grenadeoliveoil.com\/wp-content\/uploads\/2021\/12\/Aceitunas-sabor-pericana.webp\" \/>\n\t<meta property=\"og:image:width\" content=\"583\" \/>\n\t<meta property=\"og:image:height\" content=\"710\" \/>\n\t<meta property=\"og:image:type\" content=\"image\/webp\" \/>\n<meta name=\"twitter:card\" content=\"summary_large_image\" \/>\n<script type=\"application\/ld+json\" class=\"yoast-schema-graph\">{\"@context\":\"https:\\\/\\\/schema.org\",\"@graph\":[{\"@type\":\"WebPage\",\"@id\":\"https:\\\/\\\/grenadeoliveoil.com\\\/de\\\/producto\\\/handwerker-oliven-pericana\\\/\",\"url\":\"https:\\\/\\\/grenadeoliveoil.com\\\/de\\\/producto\\\/handwerker-oliven-pericana\\\/\",\"name\":\"Handwerkliche Pericana-Oliven - Grenade Olive Oil\",\"isPartOf\":{\"@id\":\"https:\\\/\\\/grenadeoliveoil.com\\\/de\\\/#website\"},\"primaryImageOfPage\":{\"@id\":\"https:\\\/\\\/grenadeoliveoil.com\\\/de\\\/producto\\\/handwerker-oliven-pericana\\\/#primaryimage\"},\"image\":{\"@id\":\"https:\\\/\\\/grenadeoliveoil.com\\\/de\\\/producto\\\/handwerker-oliven-pericana\\\/#primaryimage\"},\"thumbnailUrl\":\"https:\\\/\\\/grenadeoliveoil.com\\\/wp-content\\\/uploads\\\/2021\\\/12\\\/Aceitunas-sabor-pericana.webp\",\"datePublished\":\"2022-05-30T10:22:47+00:00\",\"dateModified\":\"2024-06-05T10:11:15+00:00\",\"description\":\"Kaufen Sie handwerklich hergestellte Bio-Oliven mit Pericana-Geschmack online. Handwerkliche Oliven aus Olivateria. Granate Oliven\u00f6l.\",\"breadcrumb\":{\"@id\":\"https:\\\/\\\/grenadeoliveoil.com\\\/de\\\/producto\\\/handwerker-oliven-pericana\\\/#breadcrumb\"},\"inLanguage\":\"de\",\"potentialAction\":[{\"@type\":\"ReadAction\",\"target\":[\"https:\\\/\\\/grenadeoliveoil.com\\\/de\\\/producto\\\/handwerker-oliven-pericana\\\/\"]}]},{\"@type\":\"ImageObject\",\"inLanguage\":\"de\",\"@id\":\"https:\\\/\\\/grenadeoliveoil.com\\\/de\\\/producto\\\/handwerker-oliven-pericana\\\/#primaryimage\",\"url\":\"https:\\\/\\\/grenadeoliveoil.com\\\/wp-content\\\/uploads\\\/2021\\\/12\\\/Aceitunas-sabor-pericana.webp\",\"contentUrl\":\"https:\\\/\\\/grenadeoliveoil.com\\\/wp-content\\\/uploads\\\/2021\\\/12\\\/Aceitunas-sabor-pericana.webp\",\"width\":583,\"height\":710,\"caption\":\"Pericana-Oliven\"},{\"@type\":\"BreadcrumbList\",\"@id\":\"https:\\\/\\\/grenadeoliveoil.com\\\/de\\\/producto\\\/handwerker-oliven-pericana\\\/#breadcrumb\",\"itemListElement\":[{\"@type\":\"ListItem\",\"position\":1,\"name\":\"Portada\",\"item\":\"https:\\\/\\\/grenadeoliveoil.com\\\/de\\\/\"},{\"@type\":\"ListItem\",\"position\":2,\"name\":\"Shop\",\"item\":\"https:\\\/\\\/grenadeoliveoil.com\\\/de\\\/shop\\\/\"},{\"@type\":\"ListItem\",\"position\":3,\"name\":\"Handwerkliche Pericana-Oliven\"}]},{\"@type\":\"WebSite\",\"@id\":\"https:\\\/\\\/grenadeoliveoil.com\\\/de\\\/#website\",\"url\":\"https:\\\/\\\/grenadeoliveoil.com\\\/de\\\/\",\"name\":\"Grenade Olive Oil\",\"description\":\"Green Olive Oil\",\"publisher\":{\"@id\":\"https:\\\/\\\/grenadeoliveoil.com\\\/de\\\/#organization\"},\"potentialAction\":[{\"@type\":\"SearchAction\",\"target\":{\"@type\":\"EntryPoint\",\"urlTemplate\":\"https:\\\/\\\/grenadeoliveoil.com\\\/de\\\/?s={search_term_string}\"},\"query-input\":{\"@type\":\"PropertyValueSpecification\",\"valueRequired\":true,\"valueName\":\"search_term_string\"}}],\"inLanguage\":\"de\"},{\"@type\":\"Organization\",\"@id\":\"https:\\\/\\\/grenadeoliveoil.com\\\/de\\\/#organization\",\"name\":\"Grande Olive Oil\",\"url\":\"https:\\\/\\\/grenadeoliveoil.com\\\/de\\\/\",\"logo\":{\"@type\":\"ImageObject\",\"inLanguage\":\"de\",\"@id\":\"https:\\\/\\\/grenadeoliveoil.com\\\/de\\\/#\\\/schema\\\/logo\\\/image\\\/\",\"url\":\"https:\\\/\\\/grenadeoliveoil.com\\\/wp-content\\\/uploads\\\/2021\\\/11\\\/aceite-verde-grenade-olive-oil.jpg\",\"contentUrl\":\"https:\\\/\\\/grenadeoliveoil.com\\\/wp-content\\\/uploads\\\/2021\\\/11\\\/aceite-verde-grenade-olive-oil.jpg\",\"width\":150,\"height\":75,\"caption\":\"Grande Olive Oil\"},\"image\":{\"@id\":\"https:\\\/\\\/grenadeoliveoil.com\\\/de\\\/#\\\/schema\\\/logo\\\/image\\\/\"}}]}<\/script>\n<!-- \/ Yoast SEO plugin. -->","yoast_head_json":{"title":"Handwerkliche Pericana-Oliven - Grenade Olive Oil","description":"Kaufen Sie handwerklich hergestellte Bio-Oliven mit Pericana-Geschmack online. Handwerkliche Oliven aus Olivateria. Granate Oliven\u00f6l.","robots":{"index":"index","follow":"follow","max-snippet":"max-snippet:-1","max-image-preview":"max-image-preview:large","max-video-preview":"max-video-preview:-1"},"canonical":"https:\/\/grenadeoliveoil.com\/de\/producto\/handwerker-oliven-pericana\/","og_locale":"de_DE","og_type":"article","og_title":"Handwerkliche Pericana-Oliven - Grenade Olive Oil","og_description":"Kaufen Sie handwerklich hergestellte Bio-Oliven mit Pericana-Geschmack online. Handwerkliche Oliven aus Olivateria. Granate Oliven\u00f6l.","og_url":"https:\/\/grenadeoliveoil.com\/de\/producto\/handwerker-oliven-pericana\/","og_site_name":"Grenade Olive Oil","article_modified_time":"2024-06-05T10:11:15+00:00","og_image":[{"width":583,"height":710,"url":"https:\/\/grenadeoliveoil.com\/wp-content\/uploads\/2021\/12\/Aceitunas-sabor-pericana.webp","type":"image\/webp"}],"twitter_card":"summary_large_image","schema":{"@context":"https:\/\/schema.org","@graph":[{"@type":"WebPage","@id":"https:\/\/grenadeoliveoil.com\/de\/producto\/handwerker-oliven-pericana\/","url":"https:\/\/grenadeoliveoil.com\/de\/producto\/handwerker-oliven-pericana\/","name":"Handwerkliche Pericana-Oliven - Grenade Olive Oil","isPartOf":{"@id":"https:\/\/grenadeoliveoil.com\/de\/#website"},"primaryImageOfPage":{"@id":"https:\/\/grenadeoliveoil.com\/de\/producto\/handwerker-oliven-pericana\/#primaryimage"},"image":{"@id":"https:\/\/grenadeoliveoil.com\/de\/producto\/handwerker-oliven-pericana\/#primaryimage"},"thumbnailUrl":"https:\/\/grenadeoliveoil.com\/wp-content\/uploads\/2021\/12\/Aceitunas-sabor-pericana.webp","datePublished":"2022-05-30T10:22:47+00:00","dateModified":"2024-06-05T10:11:15+00:00","description":"Kaufen Sie handwerklich hergestellte Bio-Oliven mit Pericana-Geschmack online. Handwerkliche Oliven aus Olivateria. Granate Oliven\u00f6l.","breadcrumb":{"@id":"https:\/\/grenadeoliveoil.com\/de\/producto\/handwerker-oliven-pericana\/#breadcrumb"},"inLanguage":"de","potentialAction":[{"@type":"ReadAction","target":["https:\/\/grenadeoliveoil.com\/de\/producto\/handwerker-oliven-pericana\/"]}]},{"@type":"ImageObject","inLanguage":"de","@id":"https:\/\/grenadeoliveoil.com\/de\/producto\/handwerker-oliven-pericana\/#primaryimage","url":"https:\/\/grenadeoliveoil.com\/wp-content\/uploads\/2021\/12\/Aceitunas-sabor-pericana.webp","contentUrl":"https:\/\/grenadeoliveoil.com\/wp-content\/uploads\/2021\/12\/Aceitunas-sabor-pericana.webp","width":583,"height":710,"caption":"Pericana-Oliven"},{"@type":"BreadcrumbList","@id":"https:\/\/grenadeoliveoil.com\/de\/producto\/handwerker-oliven-pericana\/#breadcrumb","itemListElement":[{"@type":"ListItem","position":1,"name":"Portada","item":"https:\/\/grenadeoliveoil.com\/de\/"},{"@type":"ListItem","position":2,"name":"Shop","item":"https:\/\/grenadeoliveoil.com\/de\/shop\/"},{"@type":"ListItem","position":3,"name":"Handwerkliche Pericana-Oliven"}]},{"@type":"WebSite","@id":"https:\/\/grenadeoliveoil.com\/de\/#website","url":"https:\/\/grenadeoliveoil.com\/de\/","name":"Grenade Olive Oil","description":"Green Olive Oil","publisher":{"@id":"https:\/\/grenadeoliveoil.com\/de\/#organization"},"potentialAction":[{"@type":"SearchAction","target":{"@type":"EntryPoint","urlTemplate":"https:\/\/grenadeoliveoil.com\/de\/?s={search_term_string}"},"query-input":{"@type":"PropertyValueSpecification","valueRequired":true,"valueName":"search_term_string"}}],"inLanguage":"de"},{"@type":"Organization","@id":"https:\/\/grenadeoliveoil.com\/de\/#organization","name":"Grande Olive Oil","url":"https:\/\/grenadeoliveoil.com\/de\/","logo":{"@type":"ImageObject","inLanguage":"de","@id":"https:\/\/grenadeoliveoil.com\/de\/#\/schema\/logo\/image\/","url":"https:\/\/grenadeoliveoil.com\/wp-content\/uploads\/2021\/11\/aceite-verde-grenade-olive-oil.jpg","contentUrl":"https:\/\/grenadeoliveoil.com\/wp-content\/uploads\/2021\/11\/aceite-verde-grenade-olive-oil.jpg","width":150,"height":75,"caption":"Grande Olive Oil"},"image":{"@id":"https:\/\/grenadeoliveoil.com\/de\/#\/schema\/logo\/image\/"}}]}},"_links":{"self":[{"href":"https:\/\/grenadeoliveoil.com\/de\/wp-json\/wp\/v2\/product\/5407","targetHints":{"allow":["GET"]}}],"collection":[{"href":"https:\/\/grenadeoliveoil.com\/de\/wp-json\/wp\/v2\/product"}],"about":[{"href":"https:\/\/grenadeoliveoil.com\/de\/wp-json\/wp\/v2\/types\/product"}],"replies":[{"embeddable":true,"href":"https:\/\/grenadeoliveoil.com\/de\/wp-json\/wp\/v2\/comments?post=5407"}],"wp:featuredmedia":[{"embeddable":true,"href":"https:\/\/grenadeoliveoil.com\/de\/wp-json\/wp\/v2\/media\/4671"}],"wp:attachment":[{"href":"https:\/\/grenadeoliveoil.com\/de\/wp-json\/wp\/v2\/media?parent=5407"}],"wp:term":[{"taxonomy":"product_brand","embeddable":true,"href":"https:\/\/grenadeoliveoil.com\/de\/wp-json\/wp\/v2\/product_brand?post=5407"},{"taxonomy":"product_cat","embeddable":true,"href":"https:\/\/grenadeoliveoil.com\/de\/wp-json\/wp\/v2\/product_cat?post=5407"},{"taxonomy":"product_tag","embeddable":true,"href":"https:\/\/grenadeoliveoil.com\/de\/wp-json\/wp\/v2\/product_tag?post=5407"}],"curies":[{"name":"wp","href":"https:\/\/api.w.org\/{rel}","templated":true}]}}