{"id":5411,"date":"2021-12-18T17:54:18","date_gmt":"2021-12-18T16:54:18","guid":{"rendered":"https:\/\/grenadeoliveoil.com\/producto\/oliven-mit-meerwasser\/"},"modified":"2022-12-13T09:05:40","modified_gmt":"2022-12-13T08:05:40","slug":"oliven-mit-meerwasser","status":"publish","type":"product","link":"https:\/\/grenadeoliveoil.com\/de\/producto\/oliven-mit-meerwasser\/","title":{"rendered":"Oliven mit Meerwasser"},"content":{"rendered":"<p>Nat\u00fcrliche Oliven mit Algen und Meerwasser l&#8217;olivateria 225g<\/p>\n<p><strong>Zertifiziertes Bio-Lebensmittel<br \/>\n<\/strong><\/p>\n<p><strong>Zutaten:<\/strong> Oliven*, Algen*, Meerwasser, Zitronens\u00e4ure.<\/p>\n<p>*\u00d6kologische Landwirtschaft.<\/p>\n<p><strong>N\u00e4hrwert (100g)<\/strong><\/p>\n<ul>\n<li>Energie: 70 kJ (172 kcal)<\/li>\n<li>Fett: 18 g, davon ges\u00e4ttigt: 3 g.<\/li>\n<li>Kohlenhydrate 0 g, davon Zucker 0 g<\/li>\n<li>Ballaststoffe 1 gr<\/li>\n<li>Eiwei\u00df 1g<\/li>\n<li>Salz 4g<\/li>\n<\/ul>\n<p><strong>Gewicht 225gr<\/strong><\/p>\n<div class=\"mt-4\">\n<div>\n<h4>Warnungen<\/h4>\n<ul>\n<li>Alle Angaben in den Produktbl\u00e4ttern sowie N\u00e4hrwertangaben k\u00f6nnen von den Herstellern ge\u00e4ndert werden. Daher kann es irgendwann zu Abweichungen kommen. Sobald sie diese Informationen jedoch an uns \u00fcbermitteln, aktualisieren wir sie in den Produktinformationen.<\/li>\n<\/ul>\n<\/div>\n<\/div>\n","protected":false},"excerpt":{"rendered":"<p>Nat\u00fcrliche Oliven mit Algen und Meerwasser l&#8217;olivateria 225g Zertifiziertes Bio-Lebensmittel Zutaten: Oliven*, Algen*, Meerwasser, Zitronens\u00e4ure. *\u00d6kologische Landwirtschaft. N\u00e4hrwert (100g) Energie: 70 kJ (172 kcal) Fett: 18 g, davon ges\u00e4ttigt: 3 g. Kohlenhydrate 0 g, davon Zucker 0 g Ballaststoffe 1 gr Eiwei\u00df 1g Salz 4g Gewicht 225gr Warnungen Alle Angaben in den Produktbl\u00e4ttern sowie N\u00e4hrwertangaben k\u00f6nnen von den Herstellern ge\u00e4ndert werden. Daher kann es irgendwann zu Abweichungen kommen. Sobald sie diese Informationen jedoch an uns \u00fcbermitteln, aktualisieren wir sie in den Produktinformationen.<\/p>\n","protected":false},"featured_media":4663,"comment_status":"open","ping_status":"closed","template":"","meta":[],"product_brand":[],"product_cat":[120],"product_tag":[],"class_list":{"0":"post-5411","1":"product","2":"type-product","3":"status-publish","4":"has-post-thumbnail","6":"product_cat-oliven","8":"first","9":"instock","10":"shipping-taxable","11":"purchasable","12":"product-type-simple"},"yoast_head":"<!-- This site is optimized with the Yoast SEO plugin v27.4 - https:\/\/yoast.com\/product\/yoast-seo-wordpress\/ -->\n<title>Oliven in Meerwasser und Meeresalgen - Gourmet-Oliven kaufen<\/title>\n<meta name=\"description\" content=\"Bio-Oliven mit Algen und Meerwasser online kaufen. Kaufen Sie handwerkliche Oliven von Olivateria. Gourmet-Oliven aus Spanien kaufen.\" \/>\n<meta name=\"robots\" content=\"index, follow, max-snippet:-1, max-image-preview:large, max-video-preview:-1\" \/>\n<link rel=\"canonical\" href=\"https:\/\/grenadeoliveoil.com\/de\/producto\/oliven-mit-meerwasser\/\" \/>\n<meta property=\"og:locale\" content=\"de_DE\" \/>\n<meta property=\"og:type\" content=\"article\" \/>\n<meta property=\"og:title\" content=\"Oliven in Meerwasser und Meeresalgen - Gourmet-Oliven kaufen\" \/>\n<meta property=\"og:description\" content=\"Bio-Oliven mit Algen und Meerwasser online kaufen. Kaufen Sie handwerkliche Oliven von Olivateria. Gourmet-Oliven aus Spanien kaufen.\" \/>\n<meta property=\"og:url\" content=\"https:\/\/grenadeoliveoil.com\/de\/producto\/oliven-mit-meerwasser\/\" \/>\n<meta property=\"og:site_name\" content=\"Grenade Olive Oil\" \/>\n<meta property=\"article:modified_time\" content=\"2022-12-13T08:05:40+00:00\" \/>\n<meta property=\"og:image\" content=\"https:\/\/grenadeoliveoil.com\/wp-content\/uploads\/2021\/12\/Aceitunas-con-agua-de-mar.webp\" \/>\n\t<meta property=\"og:image:width\" content=\"581\" \/>\n\t<meta property=\"og:image:height\" content=\"690\" \/>\n\t<meta property=\"og:image:type\" content=\"image\/webp\" \/>\n<meta name=\"twitter:card\" content=\"summary_large_image\" \/>\n<meta name=\"twitter:label1\" content=\"Preis\" \/>\n\t<meta name=\"twitter:data1\" content=\"4,00&euro;\" \/>\n\t<meta name=\"twitter:label2\" content=\"Verf\u00fcgbarkeit\" \/>\n\t<meta name=\"twitter:data2\" content=\"Auf Lager\" \/>\n<script type=\"application\/ld+json\" class=\"yoast-schema-graph\">{\"@context\":\"https:\\\/\\\/schema.org\",\"@graph\":[{\"@type\":\"WebPage\",\"@id\":\"https:\\\/\\\/grenadeoliveoil.com\\\/de\\\/producto\\\/oliven-mit-meerwasser\\\/\",\"url\":\"https:\\\/\\\/grenadeoliveoil.com\\\/de\\\/producto\\\/oliven-mit-meerwasser\\\/\",\"name\":\"Oliven in Meerwasser und Meeresalgen - Gourmet-Oliven kaufen\",\"isPartOf\":{\"@id\":\"https:\\\/\\\/grenadeoliveoil.com\\\/de\\\/#website\"},\"primaryImageOfPage\":{\"@id\":\"https:\\\/\\\/grenadeoliveoil.com\\\/de\\\/producto\\\/oliven-mit-meerwasser\\\/#primaryimage\"},\"image\":{\"@id\":\"https:\\\/\\\/grenadeoliveoil.com\\\/de\\\/producto\\\/oliven-mit-meerwasser\\\/#primaryimage\"},\"thumbnailUrl\":\"https:\\\/\\\/grenadeoliveoil.com\\\/wp-content\\\/uploads\\\/2021\\\/12\\\/Aceitunas-con-agua-de-mar.webp\",\"datePublished\":\"2021-12-18T16:54:18+00:00\",\"dateModified\":\"2022-12-13T08:05:40+00:00\",\"description\":\"Bio-Oliven mit Algen und Meerwasser online kaufen. Kaufen Sie handwerkliche Oliven von Olivateria. Gourmet-Oliven aus Spanien kaufen.\",\"breadcrumb\":{\"@id\":\"https:\\\/\\\/grenadeoliveoil.com\\\/de\\\/producto\\\/oliven-mit-meerwasser\\\/#breadcrumb\"},\"inLanguage\":\"de\",\"potentialAction\":[{\"@type\":\"ReadAction\",\"target\":[\"https:\\\/\\\/grenadeoliveoil.com\\\/de\\\/producto\\\/oliven-mit-meerwasser\\\/\"]}]},{\"@type\":\"ImageObject\",\"inLanguage\":\"de\",\"@id\":\"https:\\\/\\\/grenadeoliveoil.com\\\/de\\\/producto\\\/oliven-mit-meerwasser\\\/#primaryimage\",\"url\":\"https:\\\/\\\/grenadeoliveoil.com\\\/wp-content\\\/uploads\\\/2021\\\/12\\\/Aceitunas-con-agua-de-mar.webp\",\"contentUrl\":\"https:\\\/\\\/grenadeoliveoil.com\\\/wp-content\\\/uploads\\\/2021\\\/12\\\/Aceitunas-con-agua-de-mar.webp\",\"width\":581,\"height\":690,\"caption\":\"Oliven mit Meerwasser\"},{\"@type\":\"BreadcrumbList\",\"@id\":\"https:\\\/\\\/grenadeoliveoil.com\\\/de\\\/producto\\\/oliven-mit-meerwasser\\\/#breadcrumb\",\"itemListElement\":[{\"@type\":\"ListItem\",\"position\":1,\"name\":\"Portada\",\"item\":\"https:\\\/\\\/grenadeoliveoil.com\\\/de\\\/\"},{\"@type\":\"ListItem\",\"position\":2,\"name\":\"Shop\",\"item\":\"https:\\\/\\\/grenadeoliveoil.com\\\/de\\\/shop\\\/\"},{\"@type\":\"ListItem\",\"position\":3,\"name\":\"Oliven mit Meerwasser\"}]},{\"@type\":\"WebSite\",\"@id\":\"https:\\\/\\\/grenadeoliveoil.com\\\/de\\\/#website\",\"url\":\"https:\\\/\\\/grenadeoliveoil.com\\\/de\\\/\",\"name\":\"Grenade Olive Oil\",\"description\":\"Green Olive Oil\",\"publisher\":{\"@id\":\"https:\\\/\\\/grenadeoliveoil.com\\\/de\\\/#organization\"},\"potentialAction\":[{\"@type\":\"SearchAction\",\"target\":{\"@type\":\"EntryPoint\",\"urlTemplate\":\"https:\\\/\\\/grenadeoliveoil.com\\\/de\\\/?s={search_term_string}\"},\"query-input\":{\"@type\":\"PropertyValueSpecification\",\"valueRequired\":true,\"valueName\":\"search_term_string\"}}],\"inLanguage\":\"de\"},{\"@type\":\"Organization\",\"@id\":\"https:\\\/\\\/grenadeoliveoil.com\\\/de\\\/#organization\",\"name\":\"Grande Olive Oil\",\"url\":\"https:\\\/\\\/grenadeoliveoil.com\\\/de\\\/\",\"logo\":{\"@type\":\"ImageObject\",\"inLanguage\":\"de\",\"@id\":\"https:\\\/\\\/grenadeoliveoil.com\\\/de\\\/#\\\/schema\\\/logo\\\/image\\\/\",\"url\":\"https:\\\/\\\/grenadeoliveoil.com\\\/wp-content\\\/uploads\\\/2021\\\/11\\\/aceite-verde-grenade-olive-oil.jpg\",\"contentUrl\":\"https:\\\/\\\/grenadeoliveoil.com\\\/wp-content\\\/uploads\\\/2021\\\/11\\\/aceite-verde-grenade-olive-oil.jpg\",\"width\":150,\"height\":75,\"caption\":\"Grande Olive Oil\"},\"image\":{\"@id\":\"https:\\\/\\\/grenadeoliveoil.com\\\/de\\\/#\\\/schema\\\/logo\\\/image\\\/\"}}]}<\/script>\n<meta property=\"product:price:amount\" content=\"4.00\" \/>\n<meta property=\"product:price:currency\" content=\"EUR\" \/>\n<meta property=\"og:availability\" content=\"instock\" \/>\n<meta property=\"product:availability\" content=\"instock\" \/>\n<meta property=\"product:condition\" content=\"new\" \/>\n<!-- \/ Yoast SEO plugin. -->","yoast_head_json":{"title":"Oliven in Meerwasser und Meeresalgen - Gourmet-Oliven kaufen","description":"Bio-Oliven mit Algen und Meerwasser online kaufen. Kaufen Sie handwerkliche Oliven von Olivateria. Gourmet-Oliven aus Spanien kaufen.","robots":{"index":"index","follow":"follow","max-snippet":"max-snippet:-1","max-image-preview":"max-image-preview:large","max-video-preview":"max-video-preview:-1"},"canonical":"https:\/\/grenadeoliveoil.com\/de\/producto\/oliven-mit-meerwasser\/","og_locale":"de_DE","og_type":"article","og_title":"Oliven in Meerwasser und Meeresalgen - Gourmet-Oliven kaufen","og_description":"Bio-Oliven mit Algen und Meerwasser online kaufen. Kaufen Sie handwerkliche Oliven von Olivateria. Gourmet-Oliven aus Spanien kaufen.","og_url":"https:\/\/grenadeoliveoil.com\/de\/producto\/oliven-mit-meerwasser\/","og_site_name":"Grenade Olive Oil","article_modified_time":"2022-12-13T08:05:40+00:00","og_image":[{"width":581,"height":690,"url":"https:\/\/grenadeoliveoil.com\/wp-content\/uploads\/2021\/12\/Aceitunas-con-agua-de-mar.webp","type":"image\/webp"}],"twitter_card":"summary_large_image","twitter_misc":{"Preis":"4,00&euro;","Verf\u00fcgbarkeit":"Auf Lager"},"schema":{"@context":"https:\/\/schema.org","@graph":[{"@type":"WebPage","@id":"https:\/\/grenadeoliveoil.com\/de\/producto\/oliven-mit-meerwasser\/","url":"https:\/\/grenadeoliveoil.com\/de\/producto\/oliven-mit-meerwasser\/","name":"Oliven in Meerwasser und Meeresalgen - Gourmet-Oliven kaufen","isPartOf":{"@id":"https:\/\/grenadeoliveoil.com\/de\/#website"},"primaryImageOfPage":{"@id":"https:\/\/grenadeoliveoil.com\/de\/producto\/oliven-mit-meerwasser\/#primaryimage"},"image":{"@id":"https:\/\/grenadeoliveoil.com\/de\/producto\/oliven-mit-meerwasser\/#primaryimage"},"thumbnailUrl":"https:\/\/grenadeoliveoil.com\/wp-content\/uploads\/2021\/12\/Aceitunas-con-agua-de-mar.webp","datePublished":"2021-12-18T16:54:18+00:00","dateModified":"2022-12-13T08:05:40+00:00","description":"Bio-Oliven mit Algen und Meerwasser online kaufen. Kaufen Sie handwerkliche Oliven von Olivateria. Gourmet-Oliven aus Spanien kaufen.","breadcrumb":{"@id":"https:\/\/grenadeoliveoil.com\/de\/producto\/oliven-mit-meerwasser\/#breadcrumb"},"inLanguage":"de","potentialAction":[{"@type":"ReadAction","target":["https:\/\/grenadeoliveoil.com\/de\/producto\/oliven-mit-meerwasser\/"]}]},{"@type":"ImageObject","inLanguage":"de","@id":"https:\/\/grenadeoliveoil.com\/de\/producto\/oliven-mit-meerwasser\/#primaryimage","url":"https:\/\/grenadeoliveoil.com\/wp-content\/uploads\/2021\/12\/Aceitunas-con-agua-de-mar.webp","contentUrl":"https:\/\/grenadeoliveoil.com\/wp-content\/uploads\/2021\/12\/Aceitunas-con-agua-de-mar.webp","width":581,"height":690,"caption":"Oliven mit Meerwasser"},{"@type":"BreadcrumbList","@id":"https:\/\/grenadeoliveoil.com\/de\/producto\/oliven-mit-meerwasser\/#breadcrumb","itemListElement":[{"@type":"ListItem","position":1,"name":"Portada","item":"https:\/\/grenadeoliveoil.com\/de\/"},{"@type":"ListItem","position":2,"name":"Shop","item":"https:\/\/grenadeoliveoil.com\/de\/shop\/"},{"@type":"ListItem","position":3,"name":"Oliven mit Meerwasser"}]},{"@type":"WebSite","@id":"https:\/\/grenadeoliveoil.com\/de\/#website","url":"https:\/\/grenadeoliveoil.com\/de\/","name":"Grenade Olive Oil","description":"Green Olive Oil","publisher":{"@id":"https:\/\/grenadeoliveoil.com\/de\/#organization"},"potentialAction":[{"@type":"SearchAction","target":{"@type":"EntryPoint","urlTemplate":"https:\/\/grenadeoliveoil.com\/de\/?s={search_term_string}"},"query-input":{"@type":"PropertyValueSpecification","valueRequired":true,"valueName":"search_term_string"}}],"inLanguage":"de"},{"@type":"Organization","@id":"https:\/\/grenadeoliveoil.com\/de\/#organization","name":"Grande Olive Oil","url":"https:\/\/grenadeoliveoil.com\/de\/","logo":{"@type":"ImageObject","inLanguage":"de","@id":"https:\/\/grenadeoliveoil.com\/de\/#\/schema\/logo\/image\/","url":"https:\/\/grenadeoliveoil.com\/wp-content\/uploads\/2021\/11\/aceite-verde-grenade-olive-oil.jpg","contentUrl":"https:\/\/grenadeoliveoil.com\/wp-content\/uploads\/2021\/11\/aceite-verde-grenade-olive-oil.jpg","width":150,"height":75,"caption":"Grande Olive Oil"},"image":{"@id":"https:\/\/grenadeoliveoil.com\/de\/#\/schema\/logo\/image\/"}}]},"product_price_amount":"4.00","product_price_currency":"EUR","og_availability":"instock","product_availability":"instock","product_condition":"new"},"_links":{"self":[{"href":"https:\/\/grenadeoliveoil.com\/de\/wp-json\/wp\/v2\/product\/5411","targetHints":{"allow":["GET"]}}],"collection":[{"href":"https:\/\/grenadeoliveoil.com\/de\/wp-json\/wp\/v2\/product"}],"about":[{"href":"https:\/\/grenadeoliveoil.com\/de\/wp-json\/wp\/v2\/types\/product"}],"replies":[{"embeddable":true,"href":"https:\/\/grenadeoliveoil.com\/de\/wp-json\/wp\/v2\/comments?post=5411"}],"wp:featuredmedia":[{"embeddable":true,"href":"https:\/\/grenadeoliveoil.com\/de\/wp-json\/wp\/v2\/media\/4663"}],"wp:attachment":[{"href":"https:\/\/grenadeoliveoil.com\/de\/wp-json\/wp\/v2\/media?parent=5411"}],"wp:term":[{"taxonomy":"product_brand","embeddable":true,"href":"https:\/\/grenadeoliveoil.com\/de\/wp-json\/wp\/v2\/product_brand?post=5411"},{"taxonomy":"product_cat","embeddable":true,"href":"https:\/\/grenadeoliveoil.com\/de\/wp-json\/wp\/v2\/product_cat?post=5411"},{"taxonomy":"product_tag","embeddable":true,"href":"https:\/\/grenadeoliveoil.com\/de\/wp-json\/wp\/v2\/product_tag?post=5411"}],"curies":[{"name":"wp","href":"https:\/\/api.w.org\/{rel}","templated":true}]}}