{"id":5671,"date":"2022-11-07T11:35:31","date_gmt":"2022-11-02T09:28:45","guid":{"rendered":"https:\/\/grenadeoliveoil.com\/producto\/olivenoel-seleccion-premium-limitierte-auflage\/"},"modified":"2025-06-13T09:36:21","modified_gmt":"2025-06-13T08:36:21","slug":"ol-premium-limitierte-edition-limitiert","status":"publish","type":"product","link":"https:\/\/grenadeoliveoil.com\/de\/producto\/ol-premium-limitierte-edition-limitiert\/","title":{"rendered":"Oliven\u00f6l Selecci\u00f3n Premium &#8211; Limitierte Auflage"},"content":{"rendered":"<p>Limitierte Auflage unserer Linie nativer Oliven\u00f6le extra, mit einem manuellen Auswahl- und Herstellungsverfahren.<\/p>\n<p>Es ist die erlesenste und exklusivste EVOO-Reihe.<\/p>\n","protected":false},"excerpt":{"rendered":"<p>Natives Oliven\u00f6l extra der Spitzenklasse. Limitierte Auflage.<\/p>\n","protected":false},"featured_media":5667,"comment_status":"open","ping_status":"closed","template":"","meta":[],"product_brand":[],"product_cat":[98],"product_tag":[102,183,99],"class_list":{"0":"post-5671","1":"product","2":"type-product","3":"status-publish","4":"has-post-thumbnail","6":"product_cat-spanisches-grunes-ol","7":"product_tag-evoo-de","8":"product_tag-premium-ol","9":"product_tag-spanisches-grunes-ol","11":"first","12":"outofstock","13":"shipping-taxable","14":"purchasable","15":"product-type-simple"},"yoast_head":"<!-- This site is optimized with the Yoast SEO plugin v27.4 - https:\/\/yoast.com\/product\/yoast-seo-wordpress\/ -->\n<title>Oliven\u00f6l Selecci\u00f3n Premium - Limitierte Auflage<\/title>\n<meta name=\"description\" content=\"Natives Oliven\u00f6l extra von h\u00f6chster Qualit\u00e4t, limitierte Auflage. Premium-EVOO, hergestellt in Spanien. Premium-\u00d6l-Auswahl.\" \/>\n<meta name=\"robots\" content=\"index, follow, max-snippet:-1, max-image-preview:large, max-video-preview:-1\" \/>\n<link rel=\"canonical\" href=\"https:\/\/grenadeoliveoil.com\/de\/producto\/ol-premium-limitierte-edition-limitiert\/\" \/>\n<meta property=\"og:locale\" content=\"de_DE\" \/>\n<meta property=\"og:type\" content=\"article\" \/>\n<meta property=\"og:title\" content=\"Oliven\u00f6l Selecci\u00f3n Premium - Limitierte Auflage\" \/>\n<meta property=\"og:description\" content=\"Natives Oliven\u00f6l extra von h\u00f6chster Qualit\u00e4t, limitierte Auflage. Premium-EVOO, hergestellt in Spanien. Premium-\u00d6l-Auswahl.\" \/>\n<meta property=\"og:url\" content=\"https:\/\/grenadeoliveoil.com\/de\/producto\/ol-premium-limitierte-edition-limitiert\/\" \/>\n<meta property=\"og:site_name\" content=\"Grenade Olive Oil\" \/>\n<meta property=\"article:modified_time\" content=\"2025-06-13T08:36:21+00:00\" \/>\n<meta property=\"og:image\" content=\"https:\/\/grenadeoliveoil.com\/wp-content\/uploads\/2022\/11\/Premium-olive-oil.webp\" \/>\n\t<meta property=\"og:image:width\" content=\"1200\" \/>\n\t<meta property=\"og:image:height\" content=\"1200\" \/>\n\t<meta property=\"og:image:type\" content=\"image\/webp\" \/>\n<meta name=\"twitter:card\" content=\"summary_large_image\" \/>\n<meta name=\"twitter:label1\" content=\"Preis\" \/>\n\t<meta name=\"twitter:data1\" content=\"20,90&euro;\" \/>\n\t<meta name=\"twitter:label2\" content=\"Verf\u00fcgbarkeit\" \/>\n\t<meta name=\"twitter:data2\" content=\"ausverkauft\" \/>\n<script type=\"application\/ld+json\" class=\"yoast-schema-graph\">{\"@context\":\"https:\\\/\\\/schema.org\",\"@graph\":[{\"@type\":\"WebPage\",\"@id\":\"https:\\\/\\\/grenadeoliveoil.com\\\/de\\\/producto\\\/ol-premium-limitierte-edition-limitiert\\\/\",\"url\":\"https:\\\/\\\/grenadeoliveoil.com\\\/de\\\/producto\\\/ol-premium-limitierte-edition-limitiert\\\/\",\"name\":\"Oliven\u00f6l Selecci\u00f3n Premium - Limitierte Auflage\",\"isPartOf\":{\"@id\":\"https:\\\/\\\/grenadeoliveoil.com\\\/de\\\/#website\"},\"primaryImageOfPage\":{\"@id\":\"https:\\\/\\\/grenadeoliveoil.com\\\/de\\\/producto\\\/ol-premium-limitierte-edition-limitiert\\\/#primaryimage\"},\"image\":{\"@id\":\"https:\\\/\\\/grenadeoliveoil.com\\\/de\\\/producto\\\/ol-premium-limitierte-edition-limitiert\\\/#primaryimage\"},\"thumbnailUrl\":\"https:\\\/\\\/grenadeoliveoil.com\\\/wp-content\\\/uploads\\\/2022\\\/11\\\/Premium-olive-oil.webp\",\"datePublished\":\"2022-11-02T09:28:45+00:00\",\"dateModified\":\"2025-06-13T08:36:21+00:00\",\"description\":\"Natives Oliven\u00f6l extra von h\u00f6chster Qualit\u00e4t, limitierte Auflage. Premium-EVOO, hergestellt in Spanien. Premium-\u00d6l-Auswahl.\",\"breadcrumb\":{\"@id\":\"https:\\\/\\\/grenadeoliveoil.com\\\/de\\\/producto\\\/ol-premium-limitierte-edition-limitiert\\\/#breadcrumb\"},\"inLanguage\":\"de\",\"potentialAction\":[{\"@type\":\"ReadAction\",\"target\":[\"https:\\\/\\\/grenadeoliveoil.com\\\/de\\\/producto\\\/ol-premium-limitierte-edition-limitiert\\\/\"]}]},{\"@type\":\"ImageObject\",\"inLanguage\":\"de\",\"@id\":\"https:\\\/\\\/grenadeoliveoil.com\\\/de\\\/producto\\\/ol-premium-limitierte-edition-limitiert\\\/#primaryimage\",\"url\":\"https:\\\/\\\/grenadeoliveoil.com\\\/wp-content\\\/uploads\\\/2022\\\/11\\\/Premium-olive-oil.webp\",\"contentUrl\":\"https:\\\/\\\/grenadeoliveoil.com\\\/wp-content\\\/uploads\\\/2022\\\/11\\\/Premium-olive-oil.webp\",\"width\":1200,\"height\":1200,\"caption\":\"Premium-\u00d6l\"},{\"@type\":\"BreadcrumbList\",\"@id\":\"https:\\\/\\\/grenadeoliveoil.com\\\/de\\\/producto\\\/ol-premium-limitierte-edition-limitiert\\\/#breadcrumb\",\"itemListElement\":[{\"@type\":\"ListItem\",\"position\":1,\"name\":\"Portada\",\"item\":\"https:\\\/\\\/grenadeoliveoil.com\\\/de\\\/\"},{\"@type\":\"ListItem\",\"position\":2,\"name\":\"Shop\",\"item\":\"https:\\\/\\\/grenadeoliveoil.com\\\/de\\\/shop\\\/\"},{\"@type\":\"ListItem\",\"position\":3,\"name\":\"Oliven\u00f6l Selecci\u00f3n Premium &#8211; Limitierte Auflage\"}]},{\"@type\":\"WebSite\",\"@id\":\"https:\\\/\\\/grenadeoliveoil.com\\\/de\\\/#website\",\"url\":\"https:\\\/\\\/grenadeoliveoil.com\\\/de\\\/\",\"name\":\"Grenade Olive Oil\",\"description\":\"Green Olive Oil\",\"publisher\":{\"@id\":\"https:\\\/\\\/grenadeoliveoil.com\\\/de\\\/#organization\"},\"potentialAction\":[{\"@type\":\"SearchAction\",\"target\":{\"@type\":\"EntryPoint\",\"urlTemplate\":\"https:\\\/\\\/grenadeoliveoil.com\\\/de\\\/?s={search_term_string}\"},\"query-input\":{\"@type\":\"PropertyValueSpecification\",\"valueRequired\":true,\"valueName\":\"search_term_string\"}}],\"inLanguage\":\"de\"},{\"@type\":\"Organization\",\"@id\":\"https:\\\/\\\/grenadeoliveoil.com\\\/de\\\/#organization\",\"name\":\"Grande Olive Oil\",\"url\":\"https:\\\/\\\/grenadeoliveoil.com\\\/de\\\/\",\"logo\":{\"@type\":\"ImageObject\",\"inLanguage\":\"de\",\"@id\":\"https:\\\/\\\/grenadeoliveoil.com\\\/de\\\/#\\\/schema\\\/logo\\\/image\\\/\",\"url\":\"https:\\\/\\\/grenadeoliveoil.com\\\/wp-content\\\/uploads\\\/2021\\\/11\\\/aceite-verde-grenade-olive-oil.jpg\",\"contentUrl\":\"https:\\\/\\\/grenadeoliveoil.com\\\/wp-content\\\/uploads\\\/2021\\\/11\\\/aceite-verde-grenade-olive-oil.jpg\",\"width\":150,\"height\":75,\"caption\":\"Grande Olive Oil\"},\"image\":{\"@id\":\"https:\\\/\\\/grenadeoliveoil.com\\\/de\\\/#\\\/schema\\\/logo\\\/image\\\/\"}}]}<\/script>\n<meta property=\"product:price:amount\" content=\"20.90\" \/>\n<meta property=\"product:price:currency\" content=\"EUR\" \/>\n<meta property=\"og:availability\" content=\"out of stock\" \/>\n<meta property=\"product:availability\" content=\"out of stock\" \/>\n<meta property=\"product:condition\" content=\"new\" \/>\n<!-- \/ Yoast SEO plugin. -->","yoast_head_json":{"title":"Oliven\u00f6l Selecci\u00f3n Premium - Limitierte Auflage","description":"Natives Oliven\u00f6l extra von h\u00f6chster Qualit\u00e4t, limitierte Auflage. Premium-EVOO, hergestellt in Spanien. Premium-\u00d6l-Auswahl.","robots":{"index":"index","follow":"follow","max-snippet":"max-snippet:-1","max-image-preview":"max-image-preview:large","max-video-preview":"max-video-preview:-1"},"canonical":"https:\/\/grenadeoliveoil.com\/de\/producto\/ol-premium-limitierte-edition-limitiert\/","og_locale":"de_DE","og_type":"article","og_title":"Oliven\u00f6l Selecci\u00f3n Premium - Limitierte Auflage","og_description":"Natives Oliven\u00f6l extra von h\u00f6chster Qualit\u00e4t, limitierte Auflage. Premium-EVOO, hergestellt in Spanien. Premium-\u00d6l-Auswahl.","og_url":"https:\/\/grenadeoliveoil.com\/de\/producto\/ol-premium-limitierte-edition-limitiert\/","og_site_name":"Grenade Olive Oil","article_modified_time":"2025-06-13T08:36:21+00:00","og_image":[{"width":1200,"height":1200,"url":"https:\/\/grenadeoliveoil.com\/wp-content\/uploads\/2022\/11\/Premium-olive-oil.webp","type":"image\/webp"}],"twitter_card":"summary_large_image","twitter_misc":{"Preis":"20,90&euro;","Verf\u00fcgbarkeit":"ausverkauft"},"schema":{"@context":"https:\/\/schema.org","@graph":[{"@type":"WebPage","@id":"https:\/\/grenadeoliveoil.com\/de\/producto\/ol-premium-limitierte-edition-limitiert\/","url":"https:\/\/grenadeoliveoil.com\/de\/producto\/ol-premium-limitierte-edition-limitiert\/","name":"Oliven\u00f6l Selecci\u00f3n Premium - Limitierte Auflage","isPartOf":{"@id":"https:\/\/grenadeoliveoil.com\/de\/#website"},"primaryImageOfPage":{"@id":"https:\/\/grenadeoliveoil.com\/de\/producto\/ol-premium-limitierte-edition-limitiert\/#primaryimage"},"image":{"@id":"https:\/\/grenadeoliveoil.com\/de\/producto\/ol-premium-limitierte-edition-limitiert\/#primaryimage"},"thumbnailUrl":"https:\/\/grenadeoliveoil.com\/wp-content\/uploads\/2022\/11\/Premium-olive-oil.webp","datePublished":"2022-11-02T09:28:45+00:00","dateModified":"2025-06-13T08:36:21+00:00","description":"Natives Oliven\u00f6l extra von h\u00f6chster Qualit\u00e4t, limitierte Auflage. Premium-EVOO, hergestellt in Spanien. Premium-\u00d6l-Auswahl.","breadcrumb":{"@id":"https:\/\/grenadeoliveoil.com\/de\/producto\/ol-premium-limitierte-edition-limitiert\/#breadcrumb"},"inLanguage":"de","potentialAction":[{"@type":"ReadAction","target":["https:\/\/grenadeoliveoil.com\/de\/producto\/ol-premium-limitierte-edition-limitiert\/"]}]},{"@type":"ImageObject","inLanguage":"de","@id":"https:\/\/grenadeoliveoil.com\/de\/producto\/ol-premium-limitierte-edition-limitiert\/#primaryimage","url":"https:\/\/grenadeoliveoil.com\/wp-content\/uploads\/2022\/11\/Premium-olive-oil.webp","contentUrl":"https:\/\/grenadeoliveoil.com\/wp-content\/uploads\/2022\/11\/Premium-olive-oil.webp","width":1200,"height":1200,"caption":"Premium-\u00d6l"},{"@type":"BreadcrumbList","@id":"https:\/\/grenadeoliveoil.com\/de\/producto\/ol-premium-limitierte-edition-limitiert\/#breadcrumb","itemListElement":[{"@type":"ListItem","position":1,"name":"Portada","item":"https:\/\/grenadeoliveoil.com\/de\/"},{"@type":"ListItem","position":2,"name":"Shop","item":"https:\/\/grenadeoliveoil.com\/de\/shop\/"},{"@type":"ListItem","position":3,"name":"Oliven\u00f6l Selecci\u00f3n Premium &#8211; Limitierte Auflage"}]},{"@type":"WebSite","@id":"https:\/\/grenadeoliveoil.com\/de\/#website","url":"https:\/\/grenadeoliveoil.com\/de\/","name":"Grenade Olive Oil","description":"Green Olive Oil","publisher":{"@id":"https:\/\/grenadeoliveoil.com\/de\/#organization"},"potentialAction":[{"@type":"SearchAction","target":{"@type":"EntryPoint","urlTemplate":"https:\/\/grenadeoliveoil.com\/de\/?s={search_term_string}"},"query-input":{"@type":"PropertyValueSpecification","valueRequired":true,"valueName":"search_term_string"}}],"inLanguage":"de"},{"@type":"Organization","@id":"https:\/\/grenadeoliveoil.com\/de\/#organization","name":"Grande Olive Oil","url":"https:\/\/grenadeoliveoil.com\/de\/","logo":{"@type":"ImageObject","inLanguage":"de","@id":"https:\/\/grenadeoliveoil.com\/de\/#\/schema\/logo\/image\/","url":"https:\/\/grenadeoliveoil.com\/wp-content\/uploads\/2021\/11\/aceite-verde-grenade-olive-oil.jpg","contentUrl":"https:\/\/grenadeoliveoil.com\/wp-content\/uploads\/2021\/11\/aceite-verde-grenade-olive-oil.jpg","width":150,"height":75,"caption":"Grande Olive Oil"},"image":{"@id":"https:\/\/grenadeoliveoil.com\/de\/#\/schema\/logo\/image\/"}}]},"product_price_amount":"20.90","product_price_currency":"EUR","og_availability":"out of stock","product_availability":"out of stock","product_condition":"new"},"_links":{"self":[{"href":"https:\/\/grenadeoliveoil.com\/de\/wp-json\/wp\/v2\/product\/5671","targetHints":{"allow":["GET"]}}],"collection":[{"href":"https:\/\/grenadeoliveoil.com\/de\/wp-json\/wp\/v2\/product"}],"about":[{"href":"https:\/\/grenadeoliveoil.com\/de\/wp-json\/wp\/v2\/types\/product"}],"replies":[{"embeddable":true,"href":"https:\/\/grenadeoliveoil.com\/de\/wp-json\/wp\/v2\/comments?post=5671"}],"wp:featuredmedia":[{"embeddable":true,"href":"https:\/\/grenadeoliveoil.com\/de\/wp-json\/wp\/v2\/media\/5667"}],"wp:attachment":[{"href":"https:\/\/grenadeoliveoil.com\/de\/wp-json\/wp\/v2\/media?parent=5671"}],"wp:term":[{"taxonomy":"product_brand","embeddable":true,"href":"https:\/\/grenadeoliveoil.com\/de\/wp-json\/wp\/v2\/product_brand?post=5671"},{"taxonomy":"product_cat","embeddable":true,"href":"https:\/\/grenadeoliveoil.com\/de\/wp-json\/wp\/v2\/product_cat?post=5671"},{"taxonomy":"product_tag","embeddable":true,"href":"https:\/\/grenadeoliveoil.com\/de\/wp-json\/wp\/v2\/product_tag?post=5671"}],"curies":[{"name":"wp","href":"https:\/\/api.w.org\/{rel}","templated":true}]}}