{"id":5748,"date":"2022-11-07T11:32:28","date_gmt":"2022-11-08T13:29:26","guid":{"rendered":"https:\/\/grenadeoliveoil.com\/producto\/gereifter-ziegenkaese\/"},"modified":"2024-09-22T14:41:29","modified_gmt":"2024-09-22T13:41:29","slug":"handwerklich-hergestellter-ziegenkase","status":"publish","type":"product","link":"https:\/\/grenadeoliveoil.com\/de\/producto\/handwerklich-hergestellter-ziegenkase\/","title":{"rendered":"Gereifter Ziegenk\u00e4se"},"content":{"rendered":"<h2>Handwerklich hergestellter Ziegenk\u00e4se<\/h2>\n<p>Hergestellt aus frisch gemolkener Ziegenmilch.<\/p>\n<p>Ohne Erhitzung der Milch. Bei der gleichen Temperatur, bei der die frisch gemolkene Milch ankommt (31-32 Grad), beginnt der Prozess der K\u00e4seherstellung.<\/p>\n<p>Aush\u00e4rtungszeit von mindestens 3 Monaten.<\/p>\n<p>Es handelt sich um einen K\u00e4se von mittlerer Intensit\u00e4t, der am besten mit seiner Rinde gegessen wird, die v\u00f6llig nat\u00fcrlich ist.<\/p>\n<p>Gewicht: 200 gr.<\/p>\n","protected":false},"excerpt":{"rendered":"<p>Handwerklich gereifter Ziegenk\u00e4se. 200 gr.<\/p>\n","protected":false},"featured_media":5725,"comment_status":"open","ping_status":"closed","template":"","meta":[],"product_brand":[],"product_cat":[204],"product_tag":[208,206,205,207],"class_list":{"0":"post-5748","1":"product","2":"type-product","3":"status-publish","4":"has-post-thumbnail","6":"product_cat-kase","7":"product_tag-gereifter-kase","8":"product_tag-handwerklich-hergestellter-kase","9":"product_tag-kase","10":"product_tag-ziegenkase","12":"first","13":"outofstock","14":"shipping-taxable","15":"purchasable","16":"product-type-simple"},"yoast_head":"<!-- This site is optimized with the Yoast SEO plugin v27.4 - https:\/\/yoast.com\/product\/yoast-seo-wordpress\/ -->\n<title>Handwerklich hergestellter Ziegenk\u00e4se - Gourmet-K\u00e4se Online<\/title>\n<meta name=\"description\" content=\"Genie\u00dfen Sie gereiften Ziegenk\u00e4se, der auf traditionelle Weise aus frischer Ziegenmilch hergestellt wird. Kaufen Sie Gourmet-K\u00e4se.\" \/>\n<meta name=\"robots\" content=\"index, follow, max-snippet:-1, max-image-preview:large, max-video-preview:-1\" \/>\n<link rel=\"canonical\" href=\"https:\/\/grenadeoliveoil.com\/de\/producto\/handwerklich-hergestellter-ziegenkase\/\" \/>\n<meta property=\"og:locale\" content=\"de_DE\" \/>\n<meta property=\"og:type\" content=\"article\" \/>\n<meta property=\"og:title\" content=\"Handwerklich hergestellter Ziegenk\u00e4se - Gourmet-K\u00e4se Online\" \/>\n<meta property=\"og:description\" content=\"Genie\u00dfen Sie gereiften Ziegenk\u00e4se, der auf traditionelle Weise aus frischer Ziegenmilch hergestellt wird. Kaufen Sie Gourmet-K\u00e4se.\" \/>\n<meta property=\"og:url\" content=\"https:\/\/grenadeoliveoil.com\/de\/producto\/handwerklich-hergestellter-ziegenkase\/\" \/>\n<meta property=\"og:site_name\" content=\"Grenade Olive Oil\" \/>\n<meta property=\"article:modified_time\" content=\"2024-09-22T13:41:29+00:00\" \/>\n<meta property=\"og:image\" content=\"https:\/\/grenadeoliveoil.com\/wp-content\/uploads\/2022\/11\/Queso-de-cabra-madurado.webp\" \/>\n\t<meta property=\"og:image:width\" content=\"1200\" \/>\n\t<meta property=\"og:image:height\" content=\"1200\" \/>\n\t<meta property=\"og:image:type\" content=\"image\/webp\" \/>\n<meta name=\"twitter:card\" content=\"summary_large_image\" \/>\n<meta name=\"twitter:label1\" content=\"Preis\" \/>\n\t<meta name=\"twitter:data1\" content=\"6,90&euro;\" \/>\n\t<meta name=\"twitter:label2\" content=\"Verf\u00fcgbarkeit\" \/>\n\t<meta name=\"twitter:data2\" content=\"ausverkauft\" \/>\n<script type=\"application\/ld+json\" class=\"yoast-schema-graph\">{\"@context\":\"https:\\\/\\\/schema.org\",\"@graph\":[{\"@type\":\"WebPage\",\"@id\":\"https:\\\/\\\/grenadeoliveoil.com\\\/de\\\/producto\\\/handwerklich-hergestellter-ziegenkase\\\/\",\"url\":\"https:\\\/\\\/grenadeoliveoil.com\\\/de\\\/producto\\\/handwerklich-hergestellter-ziegenkase\\\/\",\"name\":\"Handwerklich hergestellter Ziegenk\u00e4se - Gourmet-K\u00e4se Online\",\"isPartOf\":{\"@id\":\"https:\\\/\\\/grenadeoliveoil.com\\\/de\\\/#website\"},\"primaryImageOfPage\":{\"@id\":\"https:\\\/\\\/grenadeoliveoil.com\\\/de\\\/producto\\\/handwerklich-hergestellter-ziegenkase\\\/#primaryimage\"},\"image\":{\"@id\":\"https:\\\/\\\/grenadeoliveoil.com\\\/de\\\/producto\\\/handwerklich-hergestellter-ziegenkase\\\/#primaryimage\"},\"thumbnailUrl\":\"https:\\\/\\\/grenadeoliveoil.com\\\/wp-content\\\/uploads\\\/2022\\\/11\\\/Queso-de-cabra-madurado.webp\",\"datePublished\":\"2022-11-08T13:29:26+00:00\",\"dateModified\":\"2024-09-22T13:41:29+00:00\",\"description\":\"Genie\u00dfen Sie gereiften Ziegenk\u00e4se, der auf traditionelle Weise aus frischer Ziegenmilch hergestellt wird. Kaufen Sie Gourmet-K\u00e4se.\",\"breadcrumb\":{\"@id\":\"https:\\\/\\\/grenadeoliveoil.com\\\/de\\\/producto\\\/handwerklich-hergestellter-ziegenkase\\\/#breadcrumb\"},\"inLanguage\":\"de\",\"potentialAction\":[{\"@type\":\"ReadAction\",\"target\":[\"https:\\\/\\\/grenadeoliveoil.com\\\/de\\\/producto\\\/handwerklich-hergestellter-ziegenkase\\\/\"]}]},{\"@type\":\"ImageObject\",\"inLanguage\":\"de\",\"@id\":\"https:\\\/\\\/grenadeoliveoil.com\\\/de\\\/producto\\\/handwerklich-hergestellter-ziegenkase\\\/#primaryimage\",\"url\":\"https:\\\/\\\/grenadeoliveoil.com\\\/wp-content\\\/uploads\\\/2022\\\/11\\\/Queso-de-cabra-madurado.webp\",\"contentUrl\":\"https:\\\/\\\/grenadeoliveoil.com\\\/wp-content\\\/uploads\\\/2022\\\/11\\\/Queso-de-cabra-madurado.webp\",\"width\":1200,\"height\":1200,\"caption\":\"Handwerklich hergestellter Ziegenk\u00e4se\"},{\"@type\":\"BreadcrumbList\",\"@id\":\"https:\\\/\\\/grenadeoliveoil.com\\\/de\\\/producto\\\/handwerklich-hergestellter-ziegenkase\\\/#breadcrumb\",\"itemListElement\":[{\"@type\":\"ListItem\",\"position\":1,\"name\":\"Portada\",\"item\":\"https:\\\/\\\/grenadeoliveoil.com\\\/de\\\/\"},{\"@type\":\"ListItem\",\"position\":2,\"name\":\"Shop\",\"item\":\"https:\\\/\\\/grenadeoliveoil.com\\\/de\\\/shop\\\/\"},{\"@type\":\"ListItem\",\"position\":3,\"name\":\"Gereifter Ziegenk\u00e4se\"}]},{\"@type\":\"WebSite\",\"@id\":\"https:\\\/\\\/grenadeoliveoil.com\\\/de\\\/#website\",\"url\":\"https:\\\/\\\/grenadeoliveoil.com\\\/de\\\/\",\"name\":\"Grenade Olive Oil\",\"description\":\"Green Olive Oil\",\"publisher\":{\"@id\":\"https:\\\/\\\/grenadeoliveoil.com\\\/de\\\/#organization\"},\"potentialAction\":[{\"@type\":\"SearchAction\",\"target\":{\"@type\":\"EntryPoint\",\"urlTemplate\":\"https:\\\/\\\/grenadeoliveoil.com\\\/de\\\/?s={search_term_string}\"},\"query-input\":{\"@type\":\"PropertyValueSpecification\",\"valueRequired\":true,\"valueName\":\"search_term_string\"}}],\"inLanguage\":\"de\"},{\"@type\":\"Organization\",\"@id\":\"https:\\\/\\\/grenadeoliveoil.com\\\/de\\\/#organization\",\"name\":\"Grande Olive Oil\",\"url\":\"https:\\\/\\\/grenadeoliveoil.com\\\/de\\\/\",\"logo\":{\"@type\":\"ImageObject\",\"inLanguage\":\"de\",\"@id\":\"https:\\\/\\\/grenadeoliveoil.com\\\/de\\\/#\\\/schema\\\/logo\\\/image\\\/\",\"url\":\"https:\\\/\\\/grenadeoliveoil.com\\\/wp-content\\\/uploads\\\/2021\\\/11\\\/aceite-verde-grenade-olive-oil.jpg\",\"contentUrl\":\"https:\\\/\\\/grenadeoliveoil.com\\\/wp-content\\\/uploads\\\/2021\\\/11\\\/aceite-verde-grenade-olive-oil.jpg\",\"width\":150,\"height\":75,\"caption\":\"Grande Olive Oil\"},\"image\":{\"@id\":\"https:\\\/\\\/grenadeoliveoil.com\\\/de\\\/#\\\/schema\\\/logo\\\/image\\\/\"}}]}<\/script>\n<meta property=\"product:price:amount\" content=\"6.90\" \/>\n<meta property=\"product:price:currency\" content=\"EUR\" \/>\n<meta property=\"og:availability\" content=\"out of stock\" \/>\n<meta property=\"product:availability\" content=\"out of stock\" \/>\n<meta property=\"product:condition\" content=\"new\" \/>\n<!-- \/ Yoast SEO plugin. -->","yoast_head_json":{"title":"Handwerklich hergestellter Ziegenk\u00e4se - Gourmet-K\u00e4se Online","description":"Genie\u00dfen Sie gereiften Ziegenk\u00e4se, der auf traditionelle Weise aus frischer Ziegenmilch hergestellt wird. Kaufen Sie Gourmet-K\u00e4se.","robots":{"index":"index","follow":"follow","max-snippet":"max-snippet:-1","max-image-preview":"max-image-preview:large","max-video-preview":"max-video-preview:-1"},"canonical":"https:\/\/grenadeoliveoil.com\/de\/producto\/handwerklich-hergestellter-ziegenkase\/","og_locale":"de_DE","og_type":"article","og_title":"Handwerklich hergestellter Ziegenk\u00e4se - Gourmet-K\u00e4se Online","og_description":"Genie\u00dfen Sie gereiften Ziegenk\u00e4se, der auf traditionelle Weise aus frischer Ziegenmilch hergestellt wird. Kaufen Sie Gourmet-K\u00e4se.","og_url":"https:\/\/grenadeoliveoil.com\/de\/producto\/handwerklich-hergestellter-ziegenkase\/","og_site_name":"Grenade Olive Oil","article_modified_time":"2024-09-22T13:41:29+00:00","og_image":[{"width":1200,"height":1200,"url":"https:\/\/grenadeoliveoil.com\/wp-content\/uploads\/2022\/11\/Queso-de-cabra-madurado.webp","type":"image\/webp"}],"twitter_card":"summary_large_image","twitter_misc":{"Preis":"6,90&euro;","Verf\u00fcgbarkeit":"ausverkauft"},"schema":{"@context":"https:\/\/schema.org","@graph":[{"@type":"WebPage","@id":"https:\/\/grenadeoliveoil.com\/de\/producto\/handwerklich-hergestellter-ziegenkase\/","url":"https:\/\/grenadeoliveoil.com\/de\/producto\/handwerklich-hergestellter-ziegenkase\/","name":"Handwerklich hergestellter Ziegenk\u00e4se - Gourmet-K\u00e4se Online","isPartOf":{"@id":"https:\/\/grenadeoliveoil.com\/de\/#website"},"primaryImageOfPage":{"@id":"https:\/\/grenadeoliveoil.com\/de\/producto\/handwerklich-hergestellter-ziegenkase\/#primaryimage"},"image":{"@id":"https:\/\/grenadeoliveoil.com\/de\/producto\/handwerklich-hergestellter-ziegenkase\/#primaryimage"},"thumbnailUrl":"https:\/\/grenadeoliveoil.com\/wp-content\/uploads\/2022\/11\/Queso-de-cabra-madurado.webp","datePublished":"2022-11-08T13:29:26+00:00","dateModified":"2024-09-22T13:41:29+00:00","description":"Genie\u00dfen Sie gereiften Ziegenk\u00e4se, der auf traditionelle Weise aus frischer Ziegenmilch hergestellt wird. Kaufen Sie Gourmet-K\u00e4se.","breadcrumb":{"@id":"https:\/\/grenadeoliveoil.com\/de\/producto\/handwerklich-hergestellter-ziegenkase\/#breadcrumb"},"inLanguage":"de","potentialAction":[{"@type":"ReadAction","target":["https:\/\/grenadeoliveoil.com\/de\/producto\/handwerklich-hergestellter-ziegenkase\/"]}]},{"@type":"ImageObject","inLanguage":"de","@id":"https:\/\/grenadeoliveoil.com\/de\/producto\/handwerklich-hergestellter-ziegenkase\/#primaryimage","url":"https:\/\/grenadeoliveoil.com\/wp-content\/uploads\/2022\/11\/Queso-de-cabra-madurado.webp","contentUrl":"https:\/\/grenadeoliveoil.com\/wp-content\/uploads\/2022\/11\/Queso-de-cabra-madurado.webp","width":1200,"height":1200,"caption":"Handwerklich hergestellter Ziegenk\u00e4se"},{"@type":"BreadcrumbList","@id":"https:\/\/grenadeoliveoil.com\/de\/producto\/handwerklich-hergestellter-ziegenkase\/#breadcrumb","itemListElement":[{"@type":"ListItem","position":1,"name":"Portada","item":"https:\/\/grenadeoliveoil.com\/de\/"},{"@type":"ListItem","position":2,"name":"Shop","item":"https:\/\/grenadeoliveoil.com\/de\/shop\/"},{"@type":"ListItem","position":3,"name":"Gereifter Ziegenk\u00e4se"}]},{"@type":"WebSite","@id":"https:\/\/grenadeoliveoil.com\/de\/#website","url":"https:\/\/grenadeoliveoil.com\/de\/","name":"Grenade Olive Oil","description":"Green Olive Oil","publisher":{"@id":"https:\/\/grenadeoliveoil.com\/de\/#organization"},"potentialAction":[{"@type":"SearchAction","target":{"@type":"EntryPoint","urlTemplate":"https:\/\/grenadeoliveoil.com\/de\/?s={search_term_string}"},"query-input":{"@type":"PropertyValueSpecification","valueRequired":true,"valueName":"search_term_string"}}],"inLanguage":"de"},{"@type":"Organization","@id":"https:\/\/grenadeoliveoil.com\/de\/#organization","name":"Grande Olive Oil","url":"https:\/\/grenadeoliveoil.com\/de\/","logo":{"@type":"ImageObject","inLanguage":"de","@id":"https:\/\/grenadeoliveoil.com\/de\/#\/schema\/logo\/image\/","url":"https:\/\/grenadeoliveoil.com\/wp-content\/uploads\/2021\/11\/aceite-verde-grenade-olive-oil.jpg","contentUrl":"https:\/\/grenadeoliveoil.com\/wp-content\/uploads\/2021\/11\/aceite-verde-grenade-olive-oil.jpg","width":150,"height":75,"caption":"Grande Olive Oil"},"image":{"@id":"https:\/\/grenadeoliveoil.com\/de\/#\/schema\/logo\/image\/"}}]},"product_price_amount":"6.90","product_price_currency":"EUR","og_availability":"out of stock","product_availability":"out of stock","product_condition":"new"},"_links":{"self":[{"href":"https:\/\/grenadeoliveoil.com\/de\/wp-json\/wp\/v2\/product\/5748","targetHints":{"allow":["GET"]}}],"collection":[{"href":"https:\/\/grenadeoliveoil.com\/de\/wp-json\/wp\/v2\/product"}],"about":[{"href":"https:\/\/grenadeoliveoil.com\/de\/wp-json\/wp\/v2\/types\/product"}],"replies":[{"embeddable":true,"href":"https:\/\/grenadeoliveoil.com\/de\/wp-json\/wp\/v2\/comments?post=5748"}],"wp:featuredmedia":[{"embeddable":true,"href":"https:\/\/grenadeoliveoil.com\/de\/wp-json\/wp\/v2\/media\/5725"}],"wp:attachment":[{"href":"https:\/\/grenadeoliveoil.com\/de\/wp-json\/wp\/v2\/media?parent=5748"}],"wp:term":[{"taxonomy":"product_brand","embeddable":true,"href":"https:\/\/grenadeoliveoil.com\/de\/wp-json\/wp\/v2\/product_brand?post=5748"},{"taxonomy":"product_cat","embeddable":true,"href":"https:\/\/grenadeoliveoil.com\/de\/wp-json\/wp\/v2\/product_cat?post=5748"},{"taxonomy":"product_tag","embeddable":true,"href":"https:\/\/grenadeoliveoil.com\/de\/wp-json\/wp\/v2\/product_tag?post=5748"}],"curies":[{"name":"wp","href":"https:\/\/api.w.org\/{rel}","templated":true}]}}