{"id":6495,"date":"2023-12-18T13:38:30","date_gmt":"2023-12-18T12:38:30","guid":{"rendered":"https:\/\/grenadeoliveoil.com\/producto\/basilikum-und-tomatendressing\/"},"modified":"2025-11-14T10:50:36","modified_gmt":"2025-11-14T09:50:36","slug":"basilikum-und-tomaten-alino","status":"publish","type":"product","link":"https:\/\/grenadeoliveoil.com\/de\/producto\/basilikum-und-tomaten-alino\/","title":{"rendered":"Basilikum und Tomatendressing"},"content":{"rendered":"<h2>Gourmet-Dressing<\/h2>\n<p>Geeignet zum Anrichten von Salaten, Fleisch, Fisch und Gem\u00fcse. Sowie f\u00fcr die Herstellung von So\u00dfen.<\/p>\n<p>Glasbeh\u00e4lter.<\/p>\n<p>250 ml \/ 8,45 Unzen<\/p>\n<p>Zutaten:<\/p>\n<p>Essig (enth\u00e4lt Sulfite), Zucker, Tomaten und Basilikum.<\/p>\n","protected":false},"excerpt":{"rendered":"<p>Gourmet-Dressing aus Tomaten, Basilikum und Essig.<\/p>\n<p>Ideal f\u00fcr eine frische und nat\u00fcrliche Note.<\/p>\n<p>250 ml \/ 8.45 oz<\/p>\n","protected":false},"featured_media":6469,"comment_status":"open","ping_status":"closed","template":"","meta":[],"product_brand":[],"product_cat":[358],"product_tag":[359,384,385,373],"class_list":{"0":"post-6495","1":"product","2":"type-product","3":"status-publish","4":"has-post-thumbnail","6":"product_cat-dressings-und-saucen","7":"product_tag-abrichten","8":"product_tag-basilikum","9":"product_tag-tomate-de","10":"product_tag-vinaigrette","12":"first","13":"instock","14":"shipping-taxable","15":"purchasable","16":"product-type-simple"},"yoast_head":"<!-- This site is optimized with the Yoast SEO plugin v27.4 - https:\/\/yoast.com\/product\/yoast-seo-wordpress\/ -->\n<title>Basilikum-Tomaten-Relish - Gourmet-Relishs online kaufen<\/title>\n<meta name=\"description\" content=\"Die besten Dressings mit Tomaten, Basilikum und Gourmet-Vinaigrettes, ideal f\u00fcr Salatdressings, Fleisch, Fisch, Pasta und mehr.\" \/>\n<meta name=\"robots\" content=\"index, follow, max-snippet:-1, max-image-preview:large, max-video-preview:-1\" \/>\n<link rel=\"canonical\" href=\"https:\/\/grenadeoliveoil.com\/de\/producto\/basilikum-und-tomaten-alino\/\" \/>\n<meta property=\"og:locale\" content=\"de_DE\" \/>\n<meta property=\"og:type\" content=\"article\" \/>\n<meta property=\"og:title\" content=\"Basilikum-Tomaten-Relish - Gourmet-Relishs online kaufen\" \/>\n<meta property=\"og:description\" content=\"Die besten Dressings mit Tomaten, Basilikum und Gourmet-Vinaigrettes, ideal f\u00fcr Salatdressings, Fleisch, Fisch, Pasta und mehr.\" \/>\n<meta property=\"og:url\" content=\"https:\/\/grenadeoliveoil.com\/de\/producto\/basilikum-und-tomaten-alino\/\" \/>\n<meta property=\"og:site_name\" content=\"Grenade Olive Oil\" \/>\n<meta property=\"article:modified_time\" content=\"2025-11-14T09:50:36+00:00\" \/>\n<meta property=\"og:image\" content=\"https:\/\/grenadeoliveoil.com\/wp-content\/uploads\/2023\/12\/Vinagreta-tomate-y-albahaca.webp\" \/>\n\t<meta property=\"og:image:width\" content=\"1000\" \/>\n\t<meta property=\"og:image:height\" content=\"1000\" \/>\n\t<meta property=\"og:image:type\" content=\"image\/webp\" \/>\n<meta name=\"twitter:card\" content=\"summary_large_image\" \/>\n<meta name=\"twitter:label1\" content=\"Preis\" \/>\n\t<meta name=\"twitter:data1\" content=\"7,00&euro;\" \/>\n\t<meta name=\"twitter:label2\" content=\"Verf\u00fcgbarkeit\" \/>\n\t<meta name=\"twitter:data2\" content=\"Auf Lager\" \/>\n<script type=\"application\/ld+json\" class=\"yoast-schema-graph\">{\"@context\":\"https:\\\/\\\/schema.org\",\"@graph\":[{\"@type\":\"WebPage\",\"@id\":\"https:\\\/\\\/grenadeoliveoil.com\\\/de\\\/producto\\\/basilikum-und-tomaten-alino\\\/\",\"url\":\"https:\\\/\\\/grenadeoliveoil.com\\\/de\\\/producto\\\/basilikum-und-tomaten-alino\\\/\",\"name\":\"Basilikum-Tomaten-Relish - Gourmet-Relishs online kaufen\",\"isPartOf\":{\"@id\":\"https:\\\/\\\/grenadeoliveoil.com\\\/de\\\/#website\"},\"primaryImageOfPage\":{\"@id\":\"https:\\\/\\\/grenadeoliveoil.com\\\/de\\\/producto\\\/basilikum-und-tomaten-alino\\\/#primaryimage\"},\"image\":{\"@id\":\"https:\\\/\\\/grenadeoliveoil.com\\\/de\\\/producto\\\/basilikum-und-tomaten-alino\\\/#primaryimage\"},\"thumbnailUrl\":\"https:\\\/\\\/grenadeoliveoil.com\\\/wp-content\\\/uploads\\\/2023\\\/12\\\/Vinagreta-tomate-y-albahaca.webp\",\"datePublished\":\"2023-12-18T12:38:30+00:00\",\"dateModified\":\"2025-11-14T09:50:36+00:00\",\"description\":\"Die besten Dressings mit Tomaten, Basilikum und Gourmet-Vinaigrettes, ideal f\u00fcr Salatdressings, Fleisch, Fisch, Pasta und mehr.\",\"breadcrumb\":{\"@id\":\"https:\\\/\\\/grenadeoliveoil.com\\\/de\\\/producto\\\/basilikum-und-tomaten-alino\\\/#breadcrumb\"},\"inLanguage\":\"de\",\"potentialAction\":[{\"@type\":\"ReadAction\",\"target\":[\"https:\\\/\\\/grenadeoliveoil.com\\\/de\\\/producto\\\/basilikum-und-tomaten-alino\\\/\"]}]},{\"@type\":\"ImageObject\",\"inLanguage\":\"de\",\"@id\":\"https:\\\/\\\/grenadeoliveoil.com\\\/de\\\/producto\\\/basilikum-und-tomaten-alino\\\/#primaryimage\",\"url\":\"https:\\\/\\\/grenadeoliveoil.com\\\/wp-content\\\/uploads\\\/2023\\\/12\\\/Vinagreta-tomate-y-albahaca.webp\",\"contentUrl\":\"https:\\\/\\\/grenadeoliveoil.com\\\/wp-content\\\/uploads\\\/2023\\\/12\\\/Vinagreta-tomate-y-albahaca.webp\",\"width\":1000,\"height\":1000,\"caption\":\"Tomaten-Basilikum-Dressing\"},{\"@type\":\"BreadcrumbList\",\"@id\":\"https:\\\/\\\/grenadeoliveoil.com\\\/de\\\/producto\\\/basilikum-und-tomaten-alino\\\/#breadcrumb\",\"itemListElement\":[{\"@type\":\"ListItem\",\"position\":1,\"name\":\"Portada\",\"item\":\"https:\\\/\\\/grenadeoliveoil.com\\\/de\\\/\"},{\"@type\":\"ListItem\",\"position\":2,\"name\":\"Shop\",\"item\":\"https:\\\/\\\/grenadeoliveoil.com\\\/de\\\/shop\\\/\"},{\"@type\":\"ListItem\",\"position\":3,\"name\":\"Basilikum und Tomatendressing\"}]},{\"@type\":\"WebSite\",\"@id\":\"https:\\\/\\\/grenadeoliveoil.com\\\/de\\\/#website\",\"url\":\"https:\\\/\\\/grenadeoliveoil.com\\\/de\\\/\",\"name\":\"Grenade Olive Oil\",\"description\":\"Green Olive Oil\",\"publisher\":{\"@id\":\"https:\\\/\\\/grenadeoliveoil.com\\\/de\\\/#organization\"},\"potentialAction\":[{\"@type\":\"SearchAction\",\"target\":{\"@type\":\"EntryPoint\",\"urlTemplate\":\"https:\\\/\\\/grenadeoliveoil.com\\\/de\\\/?s={search_term_string}\"},\"query-input\":{\"@type\":\"PropertyValueSpecification\",\"valueRequired\":true,\"valueName\":\"search_term_string\"}}],\"inLanguage\":\"de\"},{\"@type\":\"Organization\",\"@id\":\"https:\\\/\\\/grenadeoliveoil.com\\\/de\\\/#organization\",\"name\":\"Grande Olive Oil\",\"url\":\"https:\\\/\\\/grenadeoliveoil.com\\\/de\\\/\",\"logo\":{\"@type\":\"ImageObject\",\"inLanguage\":\"de\",\"@id\":\"https:\\\/\\\/grenadeoliveoil.com\\\/de\\\/#\\\/schema\\\/logo\\\/image\\\/\",\"url\":\"https:\\\/\\\/grenadeoliveoil.com\\\/wp-content\\\/uploads\\\/2021\\\/11\\\/aceite-verde-grenade-olive-oil.jpg\",\"contentUrl\":\"https:\\\/\\\/grenadeoliveoil.com\\\/wp-content\\\/uploads\\\/2021\\\/11\\\/aceite-verde-grenade-olive-oil.jpg\",\"width\":150,\"height\":75,\"caption\":\"Grande Olive Oil\"},\"image\":{\"@id\":\"https:\\\/\\\/grenadeoliveoil.com\\\/de\\\/#\\\/schema\\\/logo\\\/image\\\/\"}}]}<\/script>\n<meta property=\"product:price:amount\" content=\"7.00\" \/>\n<meta property=\"product:price:currency\" content=\"EUR\" \/>\n<meta property=\"og:availability\" content=\"instock\" \/>\n<meta property=\"product:availability\" content=\"instock\" \/>\n<meta property=\"product:condition\" content=\"new\" \/>\n<!-- \/ Yoast SEO plugin. -->","yoast_head_json":{"title":"Basilikum-Tomaten-Relish - Gourmet-Relishs online kaufen","description":"Die besten Dressings mit Tomaten, Basilikum und Gourmet-Vinaigrettes, ideal f\u00fcr Salatdressings, Fleisch, Fisch, Pasta und mehr.","robots":{"index":"index","follow":"follow","max-snippet":"max-snippet:-1","max-image-preview":"max-image-preview:large","max-video-preview":"max-video-preview:-1"},"canonical":"https:\/\/grenadeoliveoil.com\/de\/producto\/basilikum-und-tomaten-alino\/","og_locale":"de_DE","og_type":"article","og_title":"Basilikum-Tomaten-Relish - Gourmet-Relishs online kaufen","og_description":"Die besten Dressings mit Tomaten, Basilikum und Gourmet-Vinaigrettes, ideal f\u00fcr Salatdressings, Fleisch, Fisch, Pasta und mehr.","og_url":"https:\/\/grenadeoliveoil.com\/de\/producto\/basilikum-und-tomaten-alino\/","og_site_name":"Grenade Olive Oil","article_modified_time":"2025-11-14T09:50:36+00:00","og_image":[{"width":1000,"height":1000,"url":"https:\/\/grenadeoliveoil.com\/wp-content\/uploads\/2023\/12\/Vinagreta-tomate-y-albahaca.webp","type":"image\/webp"}],"twitter_card":"summary_large_image","twitter_misc":{"Preis":"7,00&euro;","Verf\u00fcgbarkeit":"Auf Lager"},"schema":{"@context":"https:\/\/schema.org","@graph":[{"@type":"WebPage","@id":"https:\/\/grenadeoliveoil.com\/de\/producto\/basilikum-und-tomaten-alino\/","url":"https:\/\/grenadeoliveoil.com\/de\/producto\/basilikum-und-tomaten-alino\/","name":"Basilikum-Tomaten-Relish - Gourmet-Relishs online kaufen","isPartOf":{"@id":"https:\/\/grenadeoliveoil.com\/de\/#website"},"primaryImageOfPage":{"@id":"https:\/\/grenadeoliveoil.com\/de\/producto\/basilikum-und-tomaten-alino\/#primaryimage"},"image":{"@id":"https:\/\/grenadeoliveoil.com\/de\/producto\/basilikum-und-tomaten-alino\/#primaryimage"},"thumbnailUrl":"https:\/\/grenadeoliveoil.com\/wp-content\/uploads\/2023\/12\/Vinagreta-tomate-y-albahaca.webp","datePublished":"2023-12-18T12:38:30+00:00","dateModified":"2025-11-14T09:50:36+00:00","description":"Die besten Dressings mit Tomaten, Basilikum und Gourmet-Vinaigrettes, ideal f\u00fcr Salatdressings, Fleisch, Fisch, Pasta und mehr.","breadcrumb":{"@id":"https:\/\/grenadeoliveoil.com\/de\/producto\/basilikum-und-tomaten-alino\/#breadcrumb"},"inLanguage":"de","potentialAction":[{"@type":"ReadAction","target":["https:\/\/grenadeoliveoil.com\/de\/producto\/basilikum-und-tomaten-alino\/"]}]},{"@type":"ImageObject","inLanguage":"de","@id":"https:\/\/grenadeoliveoil.com\/de\/producto\/basilikum-und-tomaten-alino\/#primaryimage","url":"https:\/\/grenadeoliveoil.com\/wp-content\/uploads\/2023\/12\/Vinagreta-tomate-y-albahaca.webp","contentUrl":"https:\/\/grenadeoliveoil.com\/wp-content\/uploads\/2023\/12\/Vinagreta-tomate-y-albahaca.webp","width":1000,"height":1000,"caption":"Tomaten-Basilikum-Dressing"},{"@type":"BreadcrumbList","@id":"https:\/\/grenadeoliveoil.com\/de\/producto\/basilikum-und-tomaten-alino\/#breadcrumb","itemListElement":[{"@type":"ListItem","position":1,"name":"Portada","item":"https:\/\/grenadeoliveoil.com\/de\/"},{"@type":"ListItem","position":2,"name":"Shop","item":"https:\/\/grenadeoliveoil.com\/de\/shop\/"},{"@type":"ListItem","position":3,"name":"Basilikum und Tomatendressing"}]},{"@type":"WebSite","@id":"https:\/\/grenadeoliveoil.com\/de\/#website","url":"https:\/\/grenadeoliveoil.com\/de\/","name":"Grenade Olive Oil","description":"Green Olive Oil","publisher":{"@id":"https:\/\/grenadeoliveoil.com\/de\/#organization"},"potentialAction":[{"@type":"SearchAction","target":{"@type":"EntryPoint","urlTemplate":"https:\/\/grenadeoliveoil.com\/de\/?s={search_term_string}"},"query-input":{"@type":"PropertyValueSpecification","valueRequired":true,"valueName":"search_term_string"}}],"inLanguage":"de"},{"@type":"Organization","@id":"https:\/\/grenadeoliveoil.com\/de\/#organization","name":"Grande Olive Oil","url":"https:\/\/grenadeoliveoil.com\/de\/","logo":{"@type":"ImageObject","inLanguage":"de","@id":"https:\/\/grenadeoliveoil.com\/de\/#\/schema\/logo\/image\/","url":"https:\/\/grenadeoliveoil.com\/wp-content\/uploads\/2021\/11\/aceite-verde-grenade-olive-oil.jpg","contentUrl":"https:\/\/grenadeoliveoil.com\/wp-content\/uploads\/2021\/11\/aceite-verde-grenade-olive-oil.jpg","width":150,"height":75,"caption":"Grande Olive Oil"},"image":{"@id":"https:\/\/grenadeoliveoil.com\/de\/#\/schema\/logo\/image\/"}}]},"product_price_amount":"7.00","product_price_currency":"EUR","og_availability":"instock","product_availability":"instock","product_condition":"new"},"_links":{"self":[{"href":"https:\/\/grenadeoliveoil.com\/de\/wp-json\/wp\/v2\/product\/6495","targetHints":{"allow":["GET"]}}],"collection":[{"href":"https:\/\/grenadeoliveoil.com\/de\/wp-json\/wp\/v2\/product"}],"about":[{"href":"https:\/\/grenadeoliveoil.com\/de\/wp-json\/wp\/v2\/types\/product"}],"replies":[{"embeddable":true,"href":"https:\/\/grenadeoliveoil.com\/de\/wp-json\/wp\/v2\/comments?post=6495"}],"wp:featuredmedia":[{"embeddable":true,"href":"https:\/\/grenadeoliveoil.com\/de\/wp-json\/wp\/v2\/media\/6469"}],"wp:attachment":[{"href":"https:\/\/grenadeoliveoil.com\/de\/wp-json\/wp\/v2\/media?parent=6495"}],"wp:term":[{"taxonomy":"product_brand","embeddable":true,"href":"https:\/\/grenadeoliveoil.com\/de\/wp-json\/wp\/v2\/product_brand?post=6495"},{"taxonomy":"product_cat","embeddable":true,"href":"https:\/\/grenadeoliveoil.com\/de\/wp-json\/wp\/v2\/product_cat?post=6495"},{"taxonomy":"product_tag","embeddable":true,"href":"https:\/\/grenadeoliveoil.com\/de\/wp-json\/wp\/v2\/product_tag?post=6495"}],"curies":[{"name":"wp","href":"https:\/\/api.w.org\/{rel}","templated":true}]}}