{"id":6500,"date":"2023-12-18T13:38:30","date_gmt":"2023-12-18T12:38:30","guid":{"rendered":"https:\/\/grenadeoliveoil.com\/producto\/mandarinen-vinaigrette\/"},"modified":"2023-12-18T22:43:41","modified_gmt":"2023-12-18T21:43:41","slug":"mandarinen-vinaigrette","status":"publish","type":"product","link":"https:\/\/grenadeoliveoil.com\/de\/producto\/mandarinen-vinaigrette\/","title":{"rendered":"Mandarinen-Vinaigrette"},"content":{"rendered":"<h2>Gourmet-Dressing<\/h2>\n<p>Geeignet zum Anrichten von Salaten, Fleisch, Fisch und Gem\u00fcse. Sowie f\u00fcr die Herstellung von So\u00dfen.<\/p>\n<p>Glasbeh\u00e4lter.<\/p>\n<p>250 ml \/ 8,45 Unzen<\/p>\n<p>Zutaten:<\/p>\n<p>Essig (enth\u00e4lt Sulfite), Zucker und Mandarinen.<\/p>\n","protected":false},"excerpt":{"rendered":"<p>Gourmet-Dressing auf der Basis von Mandarinen und Essig.<\/p>\n<p>Ideal f\u00fcr einen Hauch von Zitrusfr\u00fcchten.<\/p>\n<p>250 ml \/ 8,45 Unzen<\/p>\n","protected":false},"featured_media":6464,"comment_status":"open","ping_status":"closed","template":"","meta":[],"product_brand":[],"product_cat":[358],"product_tag":[359,392,373],"class_list":{"0":"post-6500","1":"product","2":"type-product","3":"status-publish","4":"has-post-thumbnail","6":"product_cat-dressings-und-saucen","7":"product_tag-abrichten","8":"product_tag-mandarinen","9":"product_tag-vinaigrette","11":"first","12":"instock","13":"shipping-taxable","14":"purchasable","15":"product-type-simple"},"yoast_head":"<!-- This site is optimized with the Yoast SEO plugin v27.4 - https:\/\/yoast.com\/product\/yoast-seo-wordpress\/ -->\n<title>Mandarinen-Vinaigrette - Hausgemachte und Gourmet-Dressings kaufen<\/title>\n<meta name=\"description\" content=\"Entdecken Sie die besten Mandarinendressings und Gourmet-Vinaigrettes, die sich ideal f\u00fcr Salatdressings, Fleisch, Fisch, Pasta und mehr eignen.\" \/>\n<meta name=\"robots\" content=\"index, follow, max-snippet:-1, max-image-preview:large, max-video-preview:-1\" \/>\n<link rel=\"canonical\" href=\"https:\/\/grenadeoliveoil.com\/de\/producto\/mandarinen-vinaigrette\/\" \/>\n<meta property=\"og:locale\" content=\"de_DE\" \/>\n<meta property=\"og:type\" content=\"article\" \/>\n<meta property=\"og:title\" content=\"Mandarinen-Vinaigrette - Hausgemachte und Gourmet-Dressings kaufen\" \/>\n<meta property=\"og:description\" content=\"Entdecken Sie die besten Mandarinendressings und Gourmet-Vinaigrettes, die sich ideal f\u00fcr Salatdressings, Fleisch, Fisch, Pasta und mehr eignen.\" \/>\n<meta property=\"og:url\" content=\"https:\/\/grenadeoliveoil.com\/de\/producto\/mandarinen-vinaigrette\/\" \/>\n<meta property=\"og:site_name\" content=\"Grenade Olive Oil\" \/>\n<meta property=\"article:modified_time\" content=\"2023-12-18T21:43:41+00:00\" \/>\n<meta property=\"og:image\" content=\"https:\/\/grenadeoliveoil.com\/wp-content\/uploads\/2023\/12\/Alino-mandarina.webp\" \/>\n\t<meta property=\"og:image:width\" content=\"1000\" \/>\n\t<meta property=\"og:image:height\" content=\"1000\" \/>\n\t<meta property=\"og:image:type\" content=\"image\/webp\" \/>\n<meta name=\"twitter:card\" content=\"summary_large_image\" \/>\n<meta name=\"twitter:label1\" content=\"Preis\" \/>\n\t<meta name=\"twitter:data1\" content=\"7,00&euro;\" \/>\n\t<meta name=\"twitter:label2\" content=\"Verf\u00fcgbarkeit\" \/>\n\t<meta name=\"twitter:data2\" content=\"Auf Lager\" \/>\n<script type=\"application\/ld+json\" class=\"yoast-schema-graph\">{\"@context\":\"https:\\\/\\\/schema.org\",\"@graph\":[{\"@type\":\"WebPage\",\"@id\":\"https:\\\/\\\/grenadeoliveoil.com\\\/de\\\/producto\\\/mandarinen-vinaigrette\\\/\",\"url\":\"https:\\\/\\\/grenadeoliveoil.com\\\/de\\\/producto\\\/mandarinen-vinaigrette\\\/\",\"name\":\"Mandarinen-Vinaigrette - Hausgemachte und Gourmet-Dressings kaufen\",\"isPartOf\":{\"@id\":\"https:\\\/\\\/grenadeoliveoil.com\\\/de\\\/#website\"},\"primaryImageOfPage\":{\"@id\":\"https:\\\/\\\/grenadeoliveoil.com\\\/de\\\/producto\\\/mandarinen-vinaigrette\\\/#primaryimage\"},\"image\":{\"@id\":\"https:\\\/\\\/grenadeoliveoil.com\\\/de\\\/producto\\\/mandarinen-vinaigrette\\\/#primaryimage\"},\"thumbnailUrl\":\"https:\\\/\\\/grenadeoliveoil.com\\\/wp-content\\\/uploads\\\/2023\\\/12\\\/Alino-mandarina.webp\",\"datePublished\":\"2023-12-18T12:38:30+00:00\",\"dateModified\":\"2023-12-18T21:43:41+00:00\",\"description\":\"Entdecken Sie die besten Mandarinendressings und Gourmet-Vinaigrettes, die sich ideal f\u00fcr Salatdressings, Fleisch, Fisch, Pasta und mehr eignen.\",\"breadcrumb\":{\"@id\":\"https:\\\/\\\/grenadeoliveoil.com\\\/de\\\/producto\\\/mandarinen-vinaigrette\\\/#breadcrumb\"},\"inLanguage\":\"de\",\"potentialAction\":[{\"@type\":\"ReadAction\",\"target\":[\"https:\\\/\\\/grenadeoliveoil.com\\\/de\\\/producto\\\/mandarinen-vinaigrette\\\/\"]}]},{\"@type\":\"ImageObject\",\"inLanguage\":\"de\",\"@id\":\"https:\\\/\\\/grenadeoliveoil.com\\\/de\\\/producto\\\/mandarinen-vinaigrette\\\/#primaryimage\",\"url\":\"https:\\\/\\\/grenadeoliveoil.com\\\/wp-content\\\/uploads\\\/2023\\\/12\\\/Alino-mandarina.webp\",\"contentUrl\":\"https:\\\/\\\/grenadeoliveoil.com\\\/wp-content\\\/uploads\\\/2023\\\/12\\\/Alino-mandarina.webp\",\"width\":1000,\"height\":1000,\"caption\":\"Mandarinendressing\"},{\"@type\":\"BreadcrumbList\",\"@id\":\"https:\\\/\\\/grenadeoliveoil.com\\\/de\\\/producto\\\/mandarinen-vinaigrette\\\/#breadcrumb\",\"itemListElement\":[{\"@type\":\"ListItem\",\"position\":1,\"name\":\"Portada\",\"item\":\"https:\\\/\\\/grenadeoliveoil.com\\\/de\\\/\"},{\"@type\":\"ListItem\",\"position\":2,\"name\":\"Shop\",\"item\":\"https:\\\/\\\/grenadeoliveoil.com\\\/de\\\/shop\\\/\"},{\"@type\":\"ListItem\",\"position\":3,\"name\":\"Mandarinen-Vinaigrette\"}]},{\"@type\":\"WebSite\",\"@id\":\"https:\\\/\\\/grenadeoliveoil.com\\\/de\\\/#website\",\"url\":\"https:\\\/\\\/grenadeoliveoil.com\\\/de\\\/\",\"name\":\"Grenade Olive Oil\",\"description\":\"Green Olive Oil\",\"publisher\":{\"@id\":\"https:\\\/\\\/grenadeoliveoil.com\\\/de\\\/#organization\"},\"potentialAction\":[{\"@type\":\"SearchAction\",\"target\":{\"@type\":\"EntryPoint\",\"urlTemplate\":\"https:\\\/\\\/grenadeoliveoil.com\\\/de\\\/?s={search_term_string}\"},\"query-input\":{\"@type\":\"PropertyValueSpecification\",\"valueRequired\":true,\"valueName\":\"search_term_string\"}}],\"inLanguage\":\"de\"},{\"@type\":\"Organization\",\"@id\":\"https:\\\/\\\/grenadeoliveoil.com\\\/de\\\/#organization\",\"name\":\"Grande Olive Oil\",\"url\":\"https:\\\/\\\/grenadeoliveoil.com\\\/de\\\/\",\"logo\":{\"@type\":\"ImageObject\",\"inLanguage\":\"de\",\"@id\":\"https:\\\/\\\/grenadeoliveoil.com\\\/de\\\/#\\\/schema\\\/logo\\\/image\\\/\",\"url\":\"https:\\\/\\\/grenadeoliveoil.com\\\/wp-content\\\/uploads\\\/2021\\\/11\\\/aceite-verde-grenade-olive-oil.jpg\",\"contentUrl\":\"https:\\\/\\\/grenadeoliveoil.com\\\/wp-content\\\/uploads\\\/2021\\\/11\\\/aceite-verde-grenade-olive-oil.jpg\",\"width\":150,\"height\":75,\"caption\":\"Grande Olive Oil\"},\"image\":{\"@id\":\"https:\\\/\\\/grenadeoliveoil.com\\\/de\\\/#\\\/schema\\\/logo\\\/image\\\/\"}}]}<\/script>\n<meta property=\"product:price:amount\" content=\"7.00\" \/>\n<meta property=\"product:price:currency\" content=\"EUR\" \/>\n<meta property=\"og:availability\" content=\"instock\" \/>\n<meta property=\"product:availability\" content=\"instock\" \/>\n<meta property=\"product:condition\" content=\"new\" \/>\n<!-- \/ Yoast SEO plugin. -->","yoast_head_json":{"title":"Mandarinen-Vinaigrette - Hausgemachte und Gourmet-Dressings kaufen","description":"Entdecken Sie die besten Mandarinendressings und Gourmet-Vinaigrettes, die sich ideal f\u00fcr Salatdressings, Fleisch, Fisch, Pasta und mehr eignen.","robots":{"index":"index","follow":"follow","max-snippet":"max-snippet:-1","max-image-preview":"max-image-preview:large","max-video-preview":"max-video-preview:-1"},"canonical":"https:\/\/grenadeoliveoil.com\/de\/producto\/mandarinen-vinaigrette\/","og_locale":"de_DE","og_type":"article","og_title":"Mandarinen-Vinaigrette - Hausgemachte und Gourmet-Dressings kaufen","og_description":"Entdecken Sie die besten Mandarinendressings und Gourmet-Vinaigrettes, die sich ideal f\u00fcr Salatdressings, Fleisch, Fisch, Pasta und mehr eignen.","og_url":"https:\/\/grenadeoliveoil.com\/de\/producto\/mandarinen-vinaigrette\/","og_site_name":"Grenade Olive Oil","article_modified_time":"2023-12-18T21:43:41+00:00","og_image":[{"width":1000,"height":1000,"url":"https:\/\/grenadeoliveoil.com\/wp-content\/uploads\/2023\/12\/Alino-mandarina.webp","type":"image\/webp"}],"twitter_card":"summary_large_image","twitter_misc":{"Preis":"7,00&euro;","Verf\u00fcgbarkeit":"Auf Lager"},"schema":{"@context":"https:\/\/schema.org","@graph":[{"@type":"WebPage","@id":"https:\/\/grenadeoliveoil.com\/de\/producto\/mandarinen-vinaigrette\/","url":"https:\/\/grenadeoliveoil.com\/de\/producto\/mandarinen-vinaigrette\/","name":"Mandarinen-Vinaigrette - Hausgemachte und Gourmet-Dressings kaufen","isPartOf":{"@id":"https:\/\/grenadeoliveoil.com\/de\/#website"},"primaryImageOfPage":{"@id":"https:\/\/grenadeoliveoil.com\/de\/producto\/mandarinen-vinaigrette\/#primaryimage"},"image":{"@id":"https:\/\/grenadeoliveoil.com\/de\/producto\/mandarinen-vinaigrette\/#primaryimage"},"thumbnailUrl":"https:\/\/grenadeoliveoil.com\/wp-content\/uploads\/2023\/12\/Alino-mandarina.webp","datePublished":"2023-12-18T12:38:30+00:00","dateModified":"2023-12-18T21:43:41+00:00","description":"Entdecken Sie die besten Mandarinendressings und Gourmet-Vinaigrettes, die sich ideal f\u00fcr Salatdressings, Fleisch, Fisch, Pasta und mehr eignen.","breadcrumb":{"@id":"https:\/\/grenadeoliveoil.com\/de\/producto\/mandarinen-vinaigrette\/#breadcrumb"},"inLanguage":"de","potentialAction":[{"@type":"ReadAction","target":["https:\/\/grenadeoliveoil.com\/de\/producto\/mandarinen-vinaigrette\/"]}]},{"@type":"ImageObject","inLanguage":"de","@id":"https:\/\/grenadeoliveoil.com\/de\/producto\/mandarinen-vinaigrette\/#primaryimage","url":"https:\/\/grenadeoliveoil.com\/wp-content\/uploads\/2023\/12\/Alino-mandarina.webp","contentUrl":"https:\/\/grenadeoliveoil.com\/wp-content\/uploads\/2023\/12\/Alino-mandarina.webp","width":1000,"height":1000,"caption":"Mandarinendressing"},{"@type":"BreadcrumbList","@id":"https:\/\/grenadeoliveoil.com\/de\/producto\/mandarinen-vinaigrette\/#breadcrumb","itemListElement":[{"@type":"ListItem","position":1,"name":"Portada","item":"https:\/\/grenadeoliveoil.com\/de\/"},{"@type":"ListItem","position":2,"name":"Shop","item":"https:\/\/grenadeoliveoil.com\/de\/shop\/"},{"@type":"ListItem","position":3,"name":"Mandarinen-Vinaigrette"}]},{"@type":"WebSite","@id":"https:\/\/grenadeoliveoil.com\/de\/#website","url":"https:\/\/grenadeoliveoil.com\/de\/","name":"Grenade Olive Oil","description":"Green Olive Oil","publisher":{"@id":"https:\/\/grenadeoliveoil.com\/de\/#organization"},"potentialAction":[{"@type":"SearchAction","target":{"@type":"EntryPoint","urlTemplate":"https:\/\/grenadeoliveoil.com\/de\/?s={search_term_string}"},"query-input":{"@type":"PropertyValueSpecification","valueRequired":true,"valueName":"search_term_string"}}],"inLanguage":"de"},{"@type":"Organization","@id":"https:\/\/grenadeoliveoil.com\/de\/#organization","name":"Grande Olive Oil","url":"https:\/\/grenadeoliveoil.com\/de\/","logo":{"@type":"ImageObject","inLanguage":"de","@id":"https:\/\/grenadeoliveoil.com\/de\/#\/schema\/logo\/image\/","url":"https:\/\/grenadeoliveoil.com\/wp-content\/uploads\/2021\/11\/aceite-verde-grenade-olive-oil.jpg","contentUrl":"https:\/\/grenadeoliveoil.com\/wp-content\/uploads\/2021\/11\/aceite-verde-grenade-olive-oil.jpg","width":150,"height":75,"caption":"Grande Olive Oil"},"image":{"@id":"https:\/\/grenadeoliveoil.com\/de\/#\/schema\/logo\/image\/"}}]},"product_price_amount":"7.00","product_price_currency":"EUR","og_availability":"instock","product_availability":"instock","product_condition":"new"},"_links":{"self":[{"href":"https:\/\/grenadeoliveoil.com\/de\/wp-json\/wp\/v2\/product\/6500","targetHints":{"allow":["GET"]}}],"collection":[{"href":"https:\/\/grenadeoliveoil.com\/de\/wp-json\/wp\/v2\/product"}],"about":[{"href":"https:\/\/grenadeoliveoil.com\/de\/wp-json\/wp\/v2\/types\/product"}],"replies":[{"embeddable":true,"href":"https:\/\/grenadeoliveoil.com\/de\/wp-json\/wp\/v2\/comments?post=6500"}],"wp:featuredmedia":[{"embeddable":true,"href":"https:\/\/grenadeoliveoil.com\/de\/wp-json\/wp\/v2\/media\/6464"}],"wp:attachment":[{"href":"https:\/\/grenadeoliveoil.com\/de\/wp-json\/wp\/v2\/media?parent=6500"}],"wp:term":[{"taxonomy":"product_brand","embeddable":true,"href":"https:\/\/grenadeoliveoil.com\/de\/wp-json\/wp\/v2\/product_brand?post=6500"},{"taxonomy":"product_cat","embeddable":true,"href":"https:\/\/grenadeoliveoil.com\/de\/wp-json\/wp\/v2\/product_cat?post=6500"},{"taxonomy":"product_tag","embeddable":true,"href":"https:\/\/grenadeoliveoil.com\/de\/wp-json\/wp\/v2\/product_tag?post=6500"}],"curies":[{"name":"wp","href":"https:\/\/api.w.org\/{rel}","templated":true}]}}