{"id":39891,"date":"2025-01-14T06:29:15","date_gmt":"2025-01-14T05:29:15","guid":{"rendered":"https:\/\/grenadeoliveoil.com\/contact-2\/"},"modified":"2025-02-05T11:52:32","modified_gmt":"2025-02-05T10:52:32","slug":"contact-2","status":"publish","type":"page","link":"https:\/\/grenadeoliveoil.com\/fr\/contact-2\/","title":{"rendered":"Contact"},"content":{"rendered":"\t\t<div data-elementor-type=\"wp-page\" data-elementor-id=\"39891\" class=\"elementor elementor-39891 elementor-16\" wpc-filter-elementor-widget=\"1\">\n\t\t\t\t\t\t<section class=\"elementor-section elementor-top-section elementor-element elementor-element-ea2f614 elementor-section-stretched elementor-section-boxed elementor-section-height-default elementor-section-height-default wpr-particle-no wpr-jarallax-no wpr-parallax-no wpr-sticky-section-no\" data-id=\"ea2f614\" data-element_type=\"section\" data-e-type=\"section\" data-settings=\"{&quot;stretch_section&quot;:&quot;section-stretched&quot;}\">\n\t\t\t\t\t\t<div class=\"elementor-container elementor-column-gap-default\">\n\t\t\t\t\t<div class=\"elementor-column elementor-col-100 elementor-top-column elementor-element elementor-element-1bc311d\" data-id=\"1bc311d\" data-element_type=\"column\" data-e-type=\"column\">\n\t\t\t<div class=\"elementor-widget-wrap elementor-element-populated\">\n\t\t\t\t\t\t<div class=\"elementor-element elementor-element-4f03c6f elementor-widget elementor-widget-pgscore_section-title\" data-id=\"4f03c6f\" data-element_type=\"widget\" data-e-type=\"widget\" data-widget_type=\"pgscore_section-title.default\">\n\t\t\t\t<div class=\"elementor-widget-container\">\n\t\t\t\t\t<div class=\"pgscore_section-title_wrapper\">\r\n<div class=\"pgscore_divider_wrapper pgscore_divider_style1 pgscore_divider_alignment_center\">\r\n\t<span class=\"divider-sub-title\">\r\n\t\t\t<\/span>\t\t\r\n\r\n\t<h2 class=\"divider-title\">\r\n\t\t<span>\r\n\t\t\tContacto Grenade Olive Oil\t\t<\/span>\r\n\t<\/h2>\r\n\t\t\t<p>Ponte en contacto con nuestro equipo comercial o soporte<\/p>\r\n\t\t<\/div>\r\n<\/div>\r\n\r\n\r\n\t\t\t\t<\/div>\n\t\t\t\t<\/div>\n\t\t\t\t<section class=\"elementor-section elementor-inner-section elementor-element elementor-element-63f1c99 elementor-section-boxed elementor-section-height-default elementor-section-height-default wpr-particle-no wpr-jarallax-no wpr-parallax-no wpr-sticky-section-no\" data-id=\"63f1c99\" data-element_type=\"section\" data-e-type=\"section\">\n\t\t\t\t\t\t<div class=\"elementor-container elementor-column-gap-default\">\n\t\t\t\t\t<div class=\"elementor-column elementor-col-33 elementor-inner-column elementor-element elementor-element-37cb3f2\" data-id=\"37cb3f2\" data-element_type=\"column\" data-e-type=\"column\">\n\t\t\t<div class=\"elementor-widget-wrap elementor-element-populated\">\n\t\t\t\t\t\t<div class=\"elementor-element elementor-element-dedf003 elementor-widget elementor-widget-pgscore_address-block\" data-id=\"dedf003\" data-element_type=\"widget\" data-e-type=\"widget\" data-widget_type=\"pgscore_address-block.default\">\n\t\t\t\t<div class=\"elementor-widget-container\">\n\t\t\t\t\t<div class=\"pgscore_address-block_wrapper\">\r\n\t<div class=\"address-block round border icon-left text- with-icon\">\r\n\t\t\t\t\t<div class=\"address-block-icon\">\r\n\t\t\t\t<i aria-hidden=\"true\" class=\"fas fa-map-marker-alt\"><\/i>\t\t\t<\/div>\r\n\t\t\t\t\t<div class=\"address-block-data\">\r\n\t\t\t\t\t\t\t<h3 class=\"title\">Campo:<\/h3>\r\n\t\t\t\t\t\t\t\t\t<span>\r\n\t\t\t\t\t\tCocentaina\t\t\t\t\t<\/span>\r\n\t\t\t\t\t\t\t<\/div>\r\n\t<\/div>\r\n<\/div>\r\n\t\t\t\t<\/div>\n\t\t\t\t<\/div>\n\t\t\t\t\t<\/div>\n\t\t<\/div>\n\t\t\t\t<div class=\"elementor-column elementor-col-33 elementor-inner-column elementor-element elementor-element-0e93be4\" data-id=\"0e93be4\" data-element_type=\"column\" data-e-type=\"column\">\n\t\t\t<div class=\"elementor-widget-wrap elementor-element-populated\">\n\t\t\t\t\t\t<div class=\"elementor-element elementor-element-96c840d elementor-widget elementor-widget-pgscore_address-block\" data-id=\"96c840d\" data-element_type=\"widget\" data-e-type=\"widget\" data-widget_type=\"pgscore_address-block.default\">\n\t\t\t\t<div class=\"elementor-widget-container\">\n\t\t\t\t\t<div class=\"pgscore_address-block_wrapper\">\r\n\t<div class=\"address-block round border icon-left text- with-icon\">\r\n\t\t\t\t\t<div class=\"address-block-icon\">\r\n\t\t\t\t<i aria-hidden=\"true\" class=\"fas fa-phone\"><\/i>\t\t\t<\/div>\r\n\t\t\t\t\t<div class=\"address-block-data\">\r\n\t\t\t\t\t\t\t<h3 class=\"title\">Tel\u00e9fono:<\/h3>\r\n\t\t\t\t\t\t\t\t\t<span>\r\n\t\t\t\t\t\t(34) 623 217 954\t\t\t\t\t<\/span>\r\n\t\t\t\t\t\t\t<\/div>\r\n\t<\/div>\r\n<\/div>\r\n\t\t\t\t<\/div>\n\t\t\t\t<\/div>\n\t\t\t\t\t<\/div>\n\t\t<\/div>\n\t\t\t\t<div class=\"elementor-column elementor-col-33 elementor-inner-column elementor-element elementor-element-7f94cd2\" data-id=\"7f94cd2\" data-element_type=\"column\" data-e-type=\"column\">\n\t\t\t<div class=\"elementor-widget-wrap elementor-element-populated\">\n\t\t\t\t\t\t<div class=\"elementor-element elementor-element-e43b597 elementor-widget elementor-widget-pgscore_address-block\" data-id=\"e43b597\" data-element_type=\"widget\" data-e-type=\"widget\" data-widget_type=\"pgscore_address-block.default\">\n\t\t\t\t<div class=\"elementor-widget-container\">\n\t\t\t\t\t<div class=\"pgscore_address-block_wrapper\">\r\n\t<div class=\"address-block round border icon-left text- with-icon\">\r\n\t\t\t\t\t<div class=\"address-block-icon\">\r\n\t\t\t\t<i aria-hidden=\"true\" class=\"far fa-envelope\"><\/i>\t\t\t<\/div>\r\n\t\t\t\t\t<div class=\"address-block-data\">\r\n\t\t\t\t\t\t\t<h3 class=\"title\">Email:<\/h3>\r\n\t\t\t\t\t\t\t\t\t<span>\r\n\t\t\t\t\t\tgreen@grenadeoliveoil.com\t\t\t\t\t<\/span>\r\n\t\t\t\t\t\t\t<\/div>\r\n\t<\/div>\r\n<\/div>\r\n\t\t\t\t<\/div>\n\t\t\t\t<\/div>\n\t\t\t\t\t<\/div>\n\t\t<\/div>\n\t\t\t\t\t<\/div>\n\t\t<\/section>\n\t\t\t\t\t<\/div>\n\t\t<\/div>\n\t\t\t\t\t<\/div>\n\t\t<\/section>\n\t\t\t\t<section class=\"elementor-section elementor-top-section elementor-element elementor-element-68c439e elementor-section-full_width elementor-section-stretched elementor-section-height-default elementor-section-height-default wpr-particle-no wpr-jarallax-no wpr-parallax-no wpr-sticky-section-no\" data-id=\"68c439e\" data-element_type=\"section\" data-e-type=\"section\" data-settings=\"{&quot;stretch_section&quot;:&quot;section-stretched&quot;}\">\n\t\t\t\t\t\t<div class=\"elementor-container elementor-column-gap-default\">\n\t\t\t\t\t<div class=\"elementor-column elementor-col-50 elementor-top-column elementor-element elementor-element-6349e69\" data-id=\"6349e69\" data-element_type=\"column\" data-e-type=\"column\" data-settings=\"{&quot;background_background&quot;:&quot;classic&quot;}\">\n\t\t\t<div class=\"elementor-widget-wrap elementor-element-populated\">\n\t\t\t\t\t\t<div class=\"elementor-element elementor-element-97b14c8 elementor-widget elementor-widget-pgscore_section-title\" data-id=\"97b14c8\" data-element_type=\"widget\" data-e-type=\"widget\" data-widget_type=\"pgscore_section-title.default\">\n\t\t\t\t<div class=\"elementor-widget-container\">\n\t\t\t\t\t<div class=\"pgscore_section-title_wrapper\">\r\n<div class=\"pgscore_divider_wrapper pgscore_divider_style1 pgscore_divider_alignment_left\">\r\n\t<span class=\"divider-sub-title\">\r\n\t\t\t<\/span>\t\t\r\n\r\n\t<h2 class=\"divider-title\">\r\n\t\t<span>\r\n\t\t\tEnv\u00edanos tu consulta\t\t<\/span>\r\n\t<\/h2>\r\n\t\t\t<p>Resuelve tus dudas enviando un formulario.<\/p>\r\n\t\t<\/div>\r\n<\/div>\r\n\r\n\r\n\t\t\t\t<\/div>\n\t\t\t\t<\/div>\n\t\t\t\t<div class=\"elementor-element elementor-element-7f92aea elementor-widget elementor-widget-text-editor\" data-id=\"7f92aea\" data-element_type=\"widget\" data-e-type=\"widget\" data-widget_type=\"text-editor.default\">\n\t\t\t\t<div class=\"elementor-widget-container\">\n\t\t\t\t\t\t\t\t\t<p><p class=\"wpcf7-contact-form-not-found\"><strong>Erreur\u00a0:<\/strong> Formulaire de contact non trouv\u00e9\u00a0!<\/p><\/p>\n\t\t\t\t\t\t\t\t<\/div>\n\t\t\t\t<\/div>\n\t\t\t\t\t<\/div>\n\t\t<\/div>\n\t\t\t\t<div class=\"elementor-column elementor-col-50 elementor-top-column elementor-element elementor-element-1479c03\" data-id=\"1479c03\" data-element_type=\"column\" data-e-type=\"column\">\n\t\t\t<div class=\"elementor-widget-wrap elementor-element-populated\">\n\t\t\t\t\t\t<div class=\"elementor-element elementor-element-4d23d6e elementor-widget elementor-widget-google_maps\" data-id=\"4d23d6e\" data-element_type=\"widget\" data-e-type=\"widget\" data-widget_type=\"google_maps.default\">\n\t\t\t\t<div class=\"elementor-widget-container\">\n\t\t\t\t\t\t\t<div class=\"elementor-custom-embed\">\n\t\t\t<iframe loading=\"lazy\"\n\t\t\t\t\tsrc=\"https:\/\/maps.google.com\/maps?q=Cocentaina&#038;t=m&#038;z=14&#038;output=embed&#038;iwloc=near\"\n\t\t\t\t\ttitle=\"Cocentaina\"\n\t\t\t\t\taria-label=\"Cocentaina\"\n\t\t\t><\/iframe>\n\t\t<\/div>\n\t\t\t\t\t\t<\/div>\n\t\t\t\t<\/div>\n\t\t\t\t\t<\/div>\n\t\t<\/div>\n\t\t\t\t\t<\/div>\n\t\t<\/section>\n\t\t\t\t<section class=\"elementor-section elementor-top-section elementor-element elementor-element-f6a1bb8 elementor-section-boxed elementor-section-height-default elementor-section-height-default wpr-particle-no wpr-jarallax-no wpr-parallax-no wpr-sticky-section-no\" data-id=\"f6a1bb8\" data-element_type=\"section\" data-e-type=\"section\">\n\t\t\t\t\t\t<div class=\"elementor-container elementor-column-gap-default\">\n\t\t\t\t\t<div class=\"elementor-column elementor-col-100 elementor-top-column elementor-element elementor-element-9b281e5\" data-id=\"9b281e5\" data-element_type=\"column\" data-e-type=\"column\">\n\t\t\t<div class=\"elementor-widget-wrap elementor-element-populated\">\n\t\t\t\t\t\t<div class=\"elementor-element elementor-element-2a5f1e7 elementor-widget elementor-widget-text-editor\" data-id=\"2a5f1e7\" data-element_type=\"widget\" data-e-type=\"widget\" data-widget_type=\"text-editor.default\">\n\t\t\t\t<div class=\"elementor-widget-container\">\n\t\t\t\t\t\t\t\t\t<h2>Distribution en gros d&#8217;huile d&#8217;olive gourmet<\/h2>\n<p>La <strong>distribution en gros d&#8217;huile d&#8217;olive gourmet<\/strong> est devenue un pilier essentiel pour proposer des produits de haute qualit\u00e9 sur les march\u00e9s nationaux et internationaux. Ce segment se concentre sur l&#8217;offre d&#8217;huiles fabriqu\u00e9es selon des proc\u00e9d\u00e9s artisanaux et \u00e0 partir des meilleures mati\u00e8res premi\u00e8res, soigneusement s\u00e9lectionn\u00e9es pour garantir une saveur et un ar\u00f4me incomparables. Les grossistes jouent un r\u00f4le strat\u00e9gique en mettant en relation les producteurs avec les magasins sp\u00e9cialis\u00e9s, les cha\u00eenes de restaurants et les d\u00e9taillants qui appr\u00e9cient l&#8217;excellence dans chaque bouteille.  <\/p>\n<p>La cl\u00e9 de l&#8217;efficacit\u00e9 de la distribution en gros de l&#8217;huile d&#8217;olive gourmet r\u00e9side dans la capacit\u00e9 \u00e0 maintenir intactes les propri\u00e9t\u00e9s organoleptiques du produit tout au long du processus logistique. Cela est possible gr\u00e2ce \u00e0 des syst\u00e8mes de stockage et de transport qui pr\u00e9servent la fra\u00eecheur et la qualit\u00e9 de l&#8217;huile, garantissant que chaque livraison r\u00e9pond aux normes les plus strictes. En outre, ces distributeurs proposent g\u00e9n\u00e9ralement des formats adapt\u00e9s aux besoins de leurs clients, qu&#8217;il s&#8217;agisse de gros volumes pour l&#8217;h\u00f4tellerie ou de pr\u00e9sentations exclusives pour les boutiques gastronomiques.  <\/p>\n<p>Dans un march\u00e9 aussi concurrentiel, la distribution en gros d&#8217;huile d&#8217;olive gastronomique doit se distinguer par son engagement en mati\u00e8re de tra\u00e7abilit\u00e9 et de durabilit\u00e9. Les clients recherchent non seulement un produit de haute qualit\u00e9, mais aussi la certitude qu&#8217;il est issu de pratiques agricoles responsables et respectueuses de l&#8217;environnement. Les grossistes qui int\u00e8grent ces pratiques sont en mesure de se positionner comme des r\u00e9f\u00e9rences dans un secteur qui valorise l&#8217;authenticit\u00e9 et l&#8217;engagement pour la plan\u00e8te.  <\/p>\n<p>Enfin, les distributeurs en gros ne se contentent pas de livrer le produit ; ils jouent \u00e9galement le r\u00f4le de conseillers strat\u00e9giques aupr\u00e8s de leurs clients. En offrant des informations sur les tendances du march\u00e9, des promotions exclusives et un soutien logistique complet, ils aident leurs partenaires \u00e0 maximiser leurs ventes et \u00e0 fid\u00e9liser leur client\u00e8le. Cette approche globale fait de la distribution en gros d&#8217;huile d&#8217;olive gourmet une occasion unique de relier la saveur et la tradition m\u00e9diterran\u00e9ennes aux consommateurs du monde entier.  <\/p>\n\t\t\t\t\t\t\t\t<\/div>\n\t\t\t\t<\/div>\n\t\t\t\t\t<\/div>\n\t\t<\/div>\n\t\t\t\t\t<\/div>\n\t\t<\/section>\n\t\t\t\t<\/div>\n\t\t","protected":false},"excerpt":{"rendered":"<p>Contacto Grenade Olive Oil Ponte en contacto con nuestro equipo comercial o soporte Campo: Cocentaina Tel\u00e9fono: (34) 623 217 954 Email: green@grenadeoliveoil.com Env\u00edanos tu consulta Resuelve tus dudas enviando un formulario. Distribution en gros d&#8217;huile d&#8217;olive gourmet La distribution en gros d&#8217;huile d&#8217;olive gourmet est devenue un pilier essentiel pour proposer des produits de haute qualit\u00e9 sur les march\u00e9s nationaux et internationaux. Ce segment se concentre sur l&#8217;offre d&#8217;huiles fabriqu\u00e9es selon des proc\u00e9d\u00e9s artisanaux et \u00e0 partir des meilleures mati\u00e8res premi\u00e8res, soigneusement s\u00e9lectionn\u00e9es pour garantir une saveur et un ar\u00f4me incomparables. Les grossistes jouent un r\u00f4le strat\u00e9gique en mettant en relation les producteurs avec les magasins sp\u00e9cialis\u00e9s, les cha\u00eenes de restaurants et les d\u00e9taillants qui appr\u00e9cient l&#8217;excellence dans chaque bouteille. La cl\u00e9 de l&#8217;efficacit\u00e9 de la distribution en gros de l&#8217;huile d&#8217;olive gourmet r\u00e9side dans la capacit\u00e9 \u00e0 maintenir intactes les propri\u00e9t\u00e9s organoleptiques du produit tout au long du processus logistique. Cela est possible gr\u00e2ce \u00e0 des syst\u00e8mes de stockage et de transport qui pr\u00e9servent la fra\u00eecheur et la qualit\u00e9 de l&#8217;huile, garantissant que chaque livraison r\u00e9pond aux normes les plus strictes. En outre, ces distributeurs proposent g\u00e9n\u00e9ralement des formats adapt\u00e9s aux besoins de leurs clients, qu&#8217;il s&#8217;agisse de gros volumes pour l&#8217;h\u00f4tellerie ou de pr\u00e9sentations exclusives pour les boutiques gastronomiques. Dans un march\u00e9 aussi concurrentiel, la distribution en gros d&#8217;huile d&#8217;olive gastronomique doit se distinguer par son engagement en mati\u00e8re de tra\u00e7abilit\u00e9 et de durabilit\u00e9. Les clients recherchent non seulement un produit de haute qualit\u00e9, mais aussi la certitude qu&#8217;il est issu de pratiques agricoles responsables et respectueuses de l&#8217;environnement. Les grossistes qui int\u00e8grent ces pratiques sont en mesure de se positionner comme des r\u00e9f\u00e9rences dans un secteur qui valorise l&#8217;authenticit\u00e9 et l&#8217;engagement pour la plan\u00e8te. Enfin, les distributeurs en gros ne se contentent pas de livrer le produit ; ils jouent \u00e9galement le r\u00f4le de conseillers strat\u00e9giques aupr\u00e8s de leurs clients. En offrant des informations sur les tendances du march\u00e9, des promotions exclusives et un soutien logistique complet, ils aident leurs partenaires \u00e0 maximiser leurs ventes et \u00e0 fid\u00e9liser leur client\u00e8le. Cette approche globale fait de la distribution en gros d&#8217;huile d&#8217;olive gourmet une occasion unique de relier la saveur et la tradition m\u00e9diterran\u00e9ennes aux consommateurs du monde entier.<\/p>\n","protected":false},"author":1,"featured_media":0,"parent":0,"menu_order":0,"comment_status":"closed","ping_status":"closed","template":"","meta":{"footnotes":""},"class_list":["post-39891","page","type-page","status-publish","hentry"],"yoast_head":"<!-- This site is optimized with the Yoast SEO plugin v27.3 - https:\/\/yoast.com\/product\/yoast-seo-wordpress\/ -->\n<title>- Contact : Fabricants d&#039;huile d&#039;olive en Espagne Grenade Olive Oil<\/title>\n<meta name=\"description\" content=\"Contactez-nous pour vivre l&#039;exp\u00e9rience authentique de savourer l&#039;huile d&#039;olive verte. Acheter en ligne de l&#039;huile d&#039;olive de grenade.\" \/>\n<meta name=\"robots\" content=\"index, follow, max-snippet:-1, max-image-preview:large, max-video-preview:-1\" \/>\n<link rel=\"canonical\" href=\"https:\/\/grenadeoliveoil.com\/fr\/contact-2\/\" \/>\n<meta property=\"og:locale\" content=\"fr_FR\" \/>\n<meta property=\"og:type\" content=\"article\" \/>\n<meta property=\"og:title\" content=\"- Contact : Fabricants d&#039;huile d&#039;olive en Espagne Grenade Olive Oil\" \/>\n<meta property=\"og:description\" content=\"Contactez-nous pour vivre l&#039;exp\u00e9rience authentique de savourer l&#039;huile d&#039;olive verte. Acheter en ligne de l&#039;huile d&#039;olive de grenade.\" \/>\n<meta property=\"og:url\" content=\"https:\/\/grenadeoliveoil.com\/fr\/contact-2\/\" \/>\n<meta property=\"og:site_name\" content=\"Grenade Olive Oil\" \/>\n<meta property=\"article:modified_time\" content=\"2025-02-05T10:52:32+00:00\" \/>\n<meta name=\"twitter:card\" content=\"summary_large_image\" \/>\n<meta name=\"twitter:label1\" content=\"Dur\u00e9e de lecture estim\u00e9e\" \/>\n\t<meta name=\"twitter:data1\" content=\"2 minutes\" \/>\n<script type=\"application\/ld+json\" class=\"yoast-schema-graph\">{\"@context\":\"https:\\\/\\\/schema.org\",\"@graph\":[{\"@type\":\"WebPage\",\"@id\":\"https:\\\/\\\/grenadeoliveoil.com\\\/fr\\\/contact-2\\\/\",\"url\":\"https:\\\/\\\/grenadeoliveoil.com\\\/fr\\\/contact-2\\\/\",\"name\":\"- Contact : Fabricants d'huile d'olive en Espagne Grenade Olive Oil\",\"isPartOf\":{\"@id\":\"https:\\\/\\\/grenadeoliveoil.com\\\/fr\\\/#website\"},\"datePublished\":\"2025-01-14T05:29:15+00:00\",\"dateModified\":\"2025-02-05T10:52:32+00:00\",\"description\":\"Contactez-nous pour vivre l'exp\u00e9rience authentique de savourer l'huile d'olive verte. Acheter en ligne de l'huile d'olive de grenade.\",\"breadcrumb\":{\"@id\":\"https:\\\/\\\/grenadeoliveoil.com\\\/fr\\\/contact-2\\\/#breadcrumb\"},\"inLanguage\":\"fr-FR\",\"potentialAction\":[{\"@type\":\"ReadAction\",\"target\":[\"https:\\\/\\\/grenadeoliveoil.com\\\/fr\\\/contact-2\\\/\"]}]},{\"@type\":\"BreadcrumbList\",\"@id\":\"https:\\\/\\\/grenadeoliveoil.com\\\/fr\\\/contact-2\\\/#breadcrumb\",\"itemListElement\":[{\"@type\":\"ListItem\",\"position\":1,\"name\":\"Portada\",\"item\":\"https:\\\/\\\/grenadeoliveoil.com\\\/fr\\\/\"},{\"@type\":\"ListItem\",\"position\":2,\"name\":\"Contact\"}]},{\"@type\":\"WebSite\",\"@id\":\"https:\\\/\\\/grenadeoliveoil.com\\\/fr\\\/#website\",\"url\":\"https:\\\/\\\/grenadeoliveoil.com\\\/fr\\\/\",\"name\":\"Grenade Olive Oil\",\"description\":\"Green Olive Oil\",\"publisher\":{\"@id\":\"https:\\\/\\\/grenadeoliveoil.com\\\/fr\\\/#organization\"},\"potentialAction\":[{\"@type\":\"SearchAction\",\"target\":{\"@type\":\"EntryPoint\",\"urlTemplate\":\"https:\\\/\\\/grenadeoliveoil.com\\\/fr\\\/?s={search_term_string}\"},\"query-input\":{\"@type\":\"PropertyValueSpecification\",\"valueRequired\":true,\"valueName\":\"search_term_string\"}}],\"inLanguage\":\"fr-FR\"},{\"@type\":\"Organization\",\"@id\":\"https:\\\/\\\/grenadeoliveoil.com\\\/fr\\\/#organization\",\"name\":\"Grande Olive Oil\",\"url\":\"https:\\\/\\\/grenadeoliveoil.com\\\/fr\\\/\",\"logo\":{\"@type\":\"ImageObject\",\"inLanguage\":\"fr-FR\",\"@id\":\"https:\\\/\\\/grenadeoliveoil.com\\\/fr\\\/#\\\/schema\\\/logo\\\/image\\\/\",\"url\":\"https:\\\/\\\/grenadeoliveoil.com\\\/wp-content\\\/uploads\\\/2021\\\/11\\\/aceite-verde-grenade-olive-oil.jpg\",\"contentUrl\":\"https:\\\/\\\/grenadeoliveoil.com\\\/wp-content\\\/uploads\\\/2021\\\/11\\\/aceite-verde-grenade-olive-oil.jpg\",\"width\":150,\"height\":75,\"caption\":\"Grande Olive Oil\"},\"image\":{\"@id\":\"https:\\\/\\\/grenadeoliveoil.com\\\/fr\\\/#\\\/schema\\\/logo\\\/image\\\/\"}}]}<\/script>\n<!-- \/ Yoast SEO plugin. -->","yoast_head_json":{"title":"- Contact : Fabricants d'huile d'olive en Espagne Grenade Olive Oil","description":"Contactez-nous pour vivre l'exp\u00e9rience authentique de savourer l'huile d'olive verte. Acheter en ligne de l'huile d'olive de grenade.","robots":{"index":"index","follow":"follow","max-snippet":"max-snippet:-1","max-image-preview":"max-image-preview:large","max-video-preview":"max-video-preview:-1"},"canonical":"https:\/\/grenadeoliveoil.com\/fr\/contact-2\/","og_locale":"fr_FR","og_type":"article","og_title":"- Contact : Fabricants d'huile d'olive en Espagne Grenade Olive Oil","og_description":"Contactez-nous pour vivre l'exp\u00e9rience authentique de savourer l'huile d'olive verte. Acheter en ligne de l'huile d'olive de grenade.","og_url":"https:\/\/grenadeoliveoil.com\/fr\/contact-2\/","og_site_name":"Grenade Olive Oil","article_modified_time":"2025-02-05T10:52:32+00:00","twitter_card":"summary_large_image","twitter_misc":{"Dur\u00e9e de lecture estim\u00e9e":"2 minutes"},"schema":{"@context":"https:\/\/schema.org","@graph":[{"@type":"WebPage","@id":"https:\/\/grenadeoliveoil.com\/fr\/contact-2\/","url":"https:\/\/grenadeoliveoil.com\/fr\/contact-2\/","name":"- Contact : Fabricants d'huile d'olive en Espagne Grenade Olive Oil","isPartOf":{"@id":"https:\/\/grenadeoliveoil.com\/fr\/#website"},"datePublished":"2025-01-14T05:29:15+00:00","dateModified":"2025-02-05T10:52:32+00:00","description":"Contactez-nous pour vivre l'exp\u00e9rience authentique de savourer l'huile d'olive verte. Acheter en ligne de l'huile d'olive de grenade.","breadcrumb":{"@id":"https:\/\/grenadeoliveoil.com\/fr\/contact-2\/#breadcrumb"},"inLanguage":"fr-FR","potentialAction":[{"@type":"ReadAction","target":["https:\/\/grenadeoliveoil.com\/fr\/contact-2\/"]}]},{"@type":"BreadcrumbList","@id":"https:\/\/grenadeoliveoil.com\/fr\/contact-2\/#breadcrumb","itemListElement":[{"@type":"ListItem","position":1,"name":"Portada","item":"https:\/\/grenadeoliveoil.com\/fr\/"},{"@type":"ListItem","position":2,"name":"Contact"}]},{"@type":"WebSite","@id":"https:\/\/grenadeoliveoil.com\/fr\/#website","url":"https:\/\/grenadeoliveoil.com\/fr\/","name":"Grenade Olive Oil","description":"Green Olive Oil","publisher":{"@id":"https:\/\/grenadeoliveoil.com\/fr\/#organization"},"potentialAction":[{"@type":"SearchAction","target":{"@type":"EntryPoint","urlTemplate":"https:\/\/grenadeoliveoil.com\/fr\/?s={search_term_string}"},"query-input":{"@type":"PropertyValueSpecification","valueRequired":true,"valueName":"search_term_string"}}],"inLanguage":"fr-FR"},{"@type":"Organization","@id":"https:\/\/grenadeoliveoil.com\/fr\/#organization","name":"Grande Olive Oil","url":"https:\/\/grenadeoliveoil.com\/fr\/","logo":{"@type":"ImageObject","inLanguage":"fr-FR","@id":"https:\/\/grenadeoliveoil.com\/fr\/#\/schema\/logo\/image\/","url":"https:\/\/grenadeoliveoil.com\/wp-content\/uploads\/2021\/11\/aceite-verde-grenade-olive-oil.jpg","contentUrl":"https:\/\/grenadeoliveoil.com\/wp-content\/uploads\/2021\/11\/aceite-verde-grenade-olive-oil.jpg","width":150,"height":75,"caption":"Grande Olive Oil"},"image":{"@id":"https:\/\/grenadeoliveoil.com\/fr\/#\/schema\/logo\/image\/"}}]}},"_links":{"self":[{"href":"https:\/\/grenadeoliveoil.com\/fr\/wp-json\/wp\/v2\/pages\/39891","targetHints":{"allow":["GET"]}}],"collection":[{"href":"https:\/\/grenadeoliveoil.com\/fr\/wp-json\/wp\/v2\/pages"}],"about":[{"href":"https:\/\/grenadeoliveoil.com\/fr\/wp-json\/wp\/v2\/types\/page"}],"author":[{"embeddable":true,"href":"https:\/\/grenadeoliveoil.com\/fr\/wp-json\/wp\/v2\/users\/1"}],"replies":[{"embeddable":true,"href":"https:\/\/grenadeoliveoil.com\/fr\/wp-json\/wp\/v2\/comments?post=39891"}],"version-history":[{"count":0,"href":"https:\/\/grenadeoliveoil.com\/fr\/wp-json\/wp\/v2\/pages\/39891\/revisions"}],"wp:attachment":[{"href":"https:\/\/grenadeoliveoil.com\/fr\/wp-json\/wp\/v2\/media?parent=39891"}],"curies":[{"name":"wp","href":"https:\/\/api.w.org\/{rel}","templated":true}]}}