{"id":40569,"date":"2025-11-25T17:42:28","date_gmt":"2025-11-25T16:42:28","guid":{"rendered":"https:\/\/grenadeoliveoil.com\/conditions-generales-dutilisation\/"},"modified":"2025-11-25T17:42:29","modified_gmt":"2025-11-25T16:42:29","slug":"conditions-generales-dutilisation","status":"publish","type":"page","link":"https:\/\/grenadeoliveoil.com\/fr\/conditions-generales-dutilisation\/","title":{"rendered":"Conditions g\u00e9n\u00e9rales d&#8217;utilisation"},"content":{"rendered":"\t\t<div data-elementor-type=\"wp-page\" data-elementor-id=\"40569\" class=\"elementor elementor-40569 elementor-37406\" wpc-filter-elementor-widget=\"1\">\n\t\t\t\t\t\t<section class=\"elementor-section elementor-top-section elementor-element elementor-element-5528 elementor-section-stretched elementor-section-boxed elementor-section-height-default elementor-section-height-default wpr-particle-no wpr-jarallax-no wpr-parallax-no wpr-sticky-section-no\" data-id=\"5528\" data-element_type=\"section\" data-e-type=\"section\" data-settings=\"{&quot;stretch_section&quot;:&quot;section-stretched&quot;}\">\n\t\t\t\t\t\t<div class=\"elementor-container elementor-column-gap-default\">\n\t\t\t\t\t<div class=\"elementor-column elementor-col-100 elementor-top-column elementor-element elementor-element-774b\" data-id=\"774b\" data-element_type=\"column\" data-e-type=\"column\">\n\t\t\t<div class=\"elementor-widget-wrap elementor-element-populated\">\n\t\t\t\t\t\t<div class=\"elementor-element elementor-element-101a elementor-widget elementor-widget-text-editor\" data-id=\"101a\" data-element_type=\"widget\" data-e-type=\"widget\" data-widget_type=\"text-editor.default\">\n\t\t\t\t<div class=\"elementor-widget-container\">\n\t\t\t\t\t\t\t\t\t<p>Bienvenue sur le site de <strong>Grenade Olive Oil<\/strong>, une boutique en ligne d\u00e9di\u00e9e \u00e0 la vente d&#8217;huile d&#8217;olive de la plus haute qualit\u00e9. En utilisant notre site web, vous acceptez les conditions g\u00e9n\u00e9rales d\u00e9crites ci-dessous. Veuillez les lire attentivement avant d&#8217;effectuer tout achat.  <\/p>\n<hr>\n<h3>2) <strong>Informations g\u00e9n\u00e9rales<\/strong><\/h3>\n<ul>\n<li><strong>Nom commercial :<\/strong> Grenade Olive Oil<\/li>\n<li><strong>Activit\u00e9 :<\/strong> Vente d&#8217;huile d&#8217;olive en ligne<\/li>\n<li><strong>Courriel de contact :<\/strong><a rel=\"noopener\"> gourmet@grenadeoliveoil.com<\/a><\/li>\n<\/ul>\n<hr>\n<h3>3. <strong>Utilisation du site web<\/strong><\/h3>\n<ul>\n<li>L&#8217;acc\u00e8s au site web et son utilisation sont r\u00e9serv\u00e9s \u00e0 des fins l\u00e9gales et conform\u00e9ment aux pr\u00e9sentes conditions.<\/li>\n<li>Vous garantissez que vous avez au moins 18 ans ou que vous utilisez ce site sous la supervision d&#8217;un adulte.<\/li>\n<li>L&#8217;utilisation abusive du site, telle que la tentative d&#8217;activit\u00e9s frauduleuses ou la violation de la s\u00e9curit\u00e9 du site, est interdite.<\/li>\n<\/ul>\n<hr>\n<h3>4. <strong>Produits<\/strong><\/h3>\n<ul>\n<li><strong>Disponibilit\u00e9 :<\/strong> Les produits sont disponibles dans la limite des stocks disponibles. En cas d&#8217;indisponibilit\u00e9 d&#8217;un produit apr\u00e8s passation de votre commande, nous vous en informerons dans les meilleurs d\u00e9lais afin de vous proposer une solution. <\/li>\n<li><strong>Images et descriptions :<\/strong> Nous faisons tout notre possible pour que les images et les descriptions des produits soient exactes. Toutefois, il peut y avoir de l\u00e9g\u00e8res variations de couleur ou de pr\u00e9sentation. <\/li>\n<\/ul>\n<hr>\n<h3>5. <strong>Prix et paiements<\/strong><\/h3>\n<ul>\n<li><strong>Devise :<\/strong> Tous les prix sont exprim\u00e9s en [monnaie locale\/euros] et incluent les taxes applicables, sauf indication contraire.<\/li>\n<li><strong>M\u00e9thodes de paiement :<\/strong> Nous acceptons les m\u00e9thodes de paiement suivantes :\n<ul>\n<li>Cartes de cr\u00e9dit et de d\u00e9bit (Visa, MasterCard, etc.)<\/li>\n<li>Virements bancaires (le cas \u00e9ch\u00e9ant)<\/li>\n<\/ul>\n<\/li>\n<li>Nous nous r\u00e9servons le droit de modifier les prix \u00e0 tout moment. Toutefois, les commandes d\u00e9j\u00e0 confirm\u00e9es resteront au prix indiqu\u00e9 au moment de l&#8217;achat. <\/li>\n<\/ul>\n<hr>\n<h3>6. <strong>Exp\u00e9dition<\/strong><\/h3>\n<ul>\n<li><strong>Zones d&#8217;exp\u00e9dition :<\/strong> Nous livrons dans [pr\u00e9cisez le pays ou la r\u00e9gion].<\/li>\n<li><strong>D\u00e9lai de livraison : Le<\/strong> d\u00e9lai de livraison estim\u00e9 varie entre [2 et 10 jours ouvrables], en fonction de la localisation du client.<\/li>\n<li><strong>Frais d&#8217;exp\u00e9dition :<\/strong> Les frais d&#8217;exp\u00e9dition sont calcul\u00e9s au moment de la commande.<\/li>\n<li><strong>Suivi :<\/strong> Un num\u00e9ro de suivi vous sera communiqu\u00e9 afin que vous puissiez v\u00e9rifier l&#8217;\u00e9tat de votre envoi.<\/li>\n<\/ul>\n<hr>\n<h3>7. <strong>Retours et remboursements<\/strong><\/h3>\n<ul>\n<li><strong>Politique de retour :<\/strong> si vous n&#8217;\u00eates pas satisfait de votre achat, vous pouvez retourner le produit dans les 15 jours suivant la r\u00e9ception de la commande, \u00e0 condition qu&#8217;il n&#8217;ait pas \u00e9t\u00e9 ouvert ou utilis\u00e9.<\/li>\n<li><strong>Conditions de remboursement :<\/strong>\n<ul>\n<li>Le produit doit \u00eatre retourn\u00e9 dans son emballage d&#8217;origine.<\/li>\n<li>Vous devez fournir une preuve d&#8217;achat.<\/li>\n<\/ul>\n<\/li>\n<li><strong>Proc\u00e9dure :<\/strong> Veuillez contacter notre service client\u00e8le (<a rel=\"noopener\">[contacto@grenadeoliveoil.com]<\/a>) pour entamer la proc\u00e9dure. Les frais de retour sont \u00e0 la charge du client, sauf en cas de d\u00e9faut ou d&#8217;erreur d&#8217;exp\u00e9dition. <\/li>\n<\/ul>\n<hr>\n<h3>8. <strong>Vie priv\u00e9e et protection des donn\u00e9es<\/strong><\/h3>\n<ul>\n<li><strong>Utilisation des donn\u00e9es :<\/strong> Les donn\u00e9es personnelles fournies sont utilis\u00e9es uniquement pour traiter les commandes et am\u00e9liorer l&#8217;exp\u00e9rience des clients.<\/li>\n<li><strong>Partage des donn\u00e9es :<\/strong> nous ne partageons ni ne vendons les informations personnelles \u00e0 des tiers, sauf si la loi l&#8217;exige.<\/li>\n<li><strong>S\u00e9curit\u00e9 :<\/strong> nous utilisons des technologies de cryptage pour prot\u00e9ger vos informations personnelles.<\/li>\n<\/ul>\n<hr>\n<h3>9. <strong>Propri\u00e9t\u00e9 intellectuelle<\/strong><\/h3>\n<p>Tout le contenu du site web, y compris les images, les textes, les graphiques et les logos, est la propri\u00e9t\u00e9 de l&#8217;<strong>huile d&#8217;olive Grenade<\/strong> et est prot\u00e9g\u00e9 par les lois sur la propri\u00e9t\u00e9 intellectuelle. Son utilisation non autoris\u00e9e est strictement limit\u00e9e. <\/p>\t\t\t\t\t\t\t\t<\/div>\n\t\t\t\t<\/div>\n\t\t\t\t\t<\/div>\n\t\t<\/div>\n\t\t\t\t\t<\/div>\n\t\t<\/section>\n\t\t\t\t<\/div>\n\t\t","protected":false},"excerpt":{"rendered":"<p>Bienvenue sur le site de Grenade Olive Oil, une boutique en ligne d\u00e9di\u00e9e \u00e0 la vente d&#8217;huile d&#8217;olive de la plus haute qualit\u00e9. En utilisant notre site web, vous acceptez les conditions g\u00e9n\u00e9rales d\u00e9crites ci-dessous. Veuillez les lire attentivement avant d&#8217;effectuer tout achat. 2) Informations g\u00e9n\u00e9rales Nom commercial : Grenade Olive Oil Activit\u00e9 : Vente d&#8217;huile d&#8217;olive en ligne Courriel de contact : gourmet@grenadeoliveoil.com 3. Utilisation du site web L&#8217;acc\u00e8s au site web et son utilisation sont r\u00e9serv\u00e9s \u00e0 des fins l\u00e9gales et conform\u00e9ment aux pr\u00e9sentes conditions. Vous garantissez que vous avez au moins 18 ans ou que vous utilisez ce site sous la supervision d&#8217;un adulte. L&#8217;utilisation abusive du site, telle que la tentative d&#8217;activit\u00e9s frauduleuses ou la violation de la s\u00e9curit\u00e9 du site, est interdite. 4. Produits Disponibilit\u00e9 : Les produits sont disponibles dans la limite des stocks disponibles. En cas d&#8217;indisponibilit\u00e9 d&#8217;un produit apr\u00e8s passation de votre commande, nous vous en informerons dans les meilleurs d\u00e9lais afin de vous proposer une solution. Images et descriptions : Nous faisons tout notre possible pour que les images et les descriptions des produits soient exactes. Toutefois, il peut y avoir de l\u00e9g\u00e8res variations de couleur ou de pr\u00e9sentation. 5. Prix et paiements Devise : Tous les prix sont exprim\u00e9s en [monnaie locale\/euros] et incluent les taxes applicables, sauf indication contraire. M\u00e9thodes de paiement : Nous acceptons les m\u00e9thodes de paiement suivantes : Cartes de cr\u00e9dit et de d\u00e9bit (Visa, MasterCard, etc.) Virements bancaires (le cas \u00e9ch\u00e9ant) Nous nous r\u00e9servons le droit de modifier les prix \u00e0 tout moment. Toutefois, les commandes d\u00e9j\u00e0 confirm\u00e9es resteront au prix indiqu\u00e9 au moment de l&#8217;achat. 6. Exp\u00e9dition Zones d&#8217;exp\u00e9dition : Nous livrons dans [pr\u00e9cisez le pays ou la r\u00e9gion]. D\u00e9lai de livraison : Le d\u00e9lai de livraison estim\u00e9 varie entre [2 et 10 jours ouvrables], en fonction de la localisation du client. Frais d&#8217;exp\u00e9dition : Les frais d&#8217;exp\u00e9dition sont calcul\u00e9s au moment de la commande. Suivi : Un num\u00e9ro de suivi vous sera communiqu\u00e9 afin que vous puissiez v\u00e9rifier l&#8217;\u00e9tat de votre envoi. 7. Retours et remboursements Politique de retour : si vous n&#8217;\u00eates pas satisfait de votre achat, vous pouvez retourner le produit dans les 15 jours suivant la r\u00e9ception de la commande, \u00e0 condition qu&#8217;il n&#8217;ait pas \u00e9t\u00e9 ouvert ou utilis\u00e9. Conditions de remboursement : Le produit doit \u00eatre retourn\u00e9 dans son emballage d&#8217;origine. Vous devez fournir une preuve d&#8217;achat. Proc\u00e9dure : Veuillez contacter notre service client\u00e8le ([contacto@grenadeoliveoil.com]) pour entamer la proc\u00e9dure. Les frais de retour sont \u00e0 la charge du client, sauf en cas de d\u00e9faut ou d&#8217;erreur d&#8217;exp\u00e9dition. 8. Vie priv\u00e9e et protection des donn\u00e9es Utilisation des donn\u00e9es : Les donn\u00e9es personnelles fournies sont utilis\u00e9es uniquement pour traiter les commandes et am\u00e9liorer l&#8217;exp\u00e9rience des clients. Partage des donn\u00e9es : nous ne partageons ni ne vendons les informations personnelles \u00e0 des tiers, sauf si la loi l&#8217;exige. S\u00e9curit\u00e9 : nous utilisons des technologies de cryptage pour prot\u00e9ger vos informations personnelles. 9. Propri\u00e9t\u00e9 intellectuelle Tout le contenu du site web, y compris les images, les textes, les graphiques et les logos, est la propri\u00e9t\u00e9 de l&#8217;huile d&#8217;olive Grenade et est prot\u00e9g\u00e9 par les lois sur la propri\u00e9t\u00e9 intellectuelle. Son utilisation non autoris\u00e9e est strictement limit\u00e9e.<\/p>\n","protected":false},"author":1,"featured_media":0,"parent":0,"menu_order":0,"comment_status":"closed","ping_status":"closed","template":"elementor_header_footer","meta":{"footnotes":""},"class_list":["post-40569","page","type-page","status-publish","hentry"],"yoast_head":"<!-- This site is optimized with the Yoast SEO plugin v27.3 - https:\/\/yoast.com\/product\/yoast-seo-wordpress\/ -->\n<title>Conditions g\u00e9n\u00e9rales d&#039;utilisation - Grenade Olive Oil<\/title>\n<meta name=\"robots\" content=\"index, follow, max-snippet:-1, max-image-preview:large, max-video-preview:-1\" \/>\n<link rel=\"canonical\" href=\"https:\/\/grenadeoliveoil.com\/fr\/conditions-generales-dutilisation\/\" \/>\n<meta property=\"og:locale\" content=\"fr_FR\" \/>\n<meta property=\"og:type\" content=\"article\" \/>\n<meta property=\"og:title\" content=\"Conditions g\u00e9n\u00e9rales d&#039;utilisation - Grenade Olive Oil\" \/>\n<meta property=\"og:description\" content=\"Bienvenue sur le site de Grenade Olive Oil, une boutique en ligne d\u00e9di\u00e9e \u00e0 la vente d&#8217;huile d&#8217;olive de la plus haute qualit\u00e9. En utilisant notre site web, vous acceptez les conditions g\u00e9n\u00e9rales d\u00e9crites ci-dessous. Veuillez les lire attentivement avant d&#8217;effectuer tout achat. 2) Informations g\u00e9n\u00e9rales Nom commercial : Grenade Olive Oil Activit\u00e9 : Vente d&#8217;huile d&#8217;olive en ligne Courriel de contact : gourmet@grenadeoliveoil.com 3. Utilisation du site web L&#8217;acc\u00e8s au site web et son utilisation sont r\u00e9serv\u00e9s \u00e0 des fins l\u00e9gales et conform\u00e9ment aux pr\u00e9sentes conditions. Vous garantissez que vous avez au moins 18 ans ou que vous utilisez ce site sous la supervision d&#8217;un adulte. L&#8217;utilisation abusive du site, telle que la tentative d&#8217;activit\u00e9s frauduleuses ou la violation de la s\u00e9curit\u00e9 du site, est interdite. 4. Produits Disponibilit\u00e9 : Les produits sont disponibles dans la limite des stocks disponibles. En cas d&#8217;indisponibilit\u00e9 d&#8217;un produit apr\u00e8s passation de votre commande, nous vous en informerons dans les meilleurs d\u00e9lais afin de vous proposer une solution. Images et descriptions : Nous faisons tout notre possible pour que les images et les descriptions des produits soient exactes. Toutefois, il peut y avoir de l\u00e9g\u00e8res variations de couleur ou de pr\u00e9sentation. 5. Prix et paiements Devise : Tous les prix sont exprim\u00e9s en [monnaie locale\/euros] et incluent les taxes applicables, sauf indication contraire. M\u00e9thodes de paiement : Nous acceptons les m\u00e9thodes de paiement suivantes : Cartes de cr\u00e9dit et de d\u00e9bit (Visa, MasterCard, etc.) Virements bancaires (le cas \u00e9ch\u00e9ant) Nous nous r\u00e9servons le droit de modifier les prix \u00e0 tout moment. Toutefois, les commandes d\u00e9j\u00e0 confirm\u00e9es resteront au prix indiqu\u00e9 au moment de l&#8217;achat. 6. Exp\u00e9dition Zones d&#8217;exp\u00e9dition : Nous livrons dans [pr\u00e9cisez le pays ou la r\u00e9gion]. D\u00e9lai de livraison : Le d\u00e9lai de livraison estim\u00e9 varie entre [2 et 10 jours ouvrables], en fonction de la localisation du client. Frais d&#8217;exp\u00e9dition : Les frais d&#8217;exp\u00e9dition sont calcul\u00e9s au moment de la commande. Suivi : Un num\u00e9ro de suivi vous sera communiqu\u00e9 afin que vous puissiez v\u00e9rifier l&#8217;\u00e9tat de votre envoi. 7. Retours et remboursements Politique de retour : si vous n&#8217;\u00eates pas satisfait de votre achat, vous pouvez retourner le produit dans les 15 jours suivant la r\u00e9ception de la commande, \u00e0 condition qu&#8217;il n&#8217;ait pas \u00e9t\u00e9 ouvert ou utilis\u00e9. Conditions de remboursement : Le produit doit \u00eatre retourn\u00e9 dans son emballage d&#8217;origine. Vous devez fournir une preuve d&#8217;achat. Proc\u00e9dure : Veuillez contacter notre service client\u00e8le ([contacto@grenadeoliveoil.com]) pour entamer la proc\u00e9dure. Les frais de retour sont \u00e0 la charge du client, sauf en cas de d\u00e9faut ou d&#8217;erreur d&#8217;exp\u00e9dition. 8. Vie priv\u00e9e et protection des donn\u00e9es Utilisation des donn\u00e9es : Les donn\u00e9es personnelles fournies sont utilis\u00e9es uniquement pour traiter les commandes et am\u00e9liorer l&#8217;exp\u00e9rience des clients. Partage des donn\u00e9es : nous ne partageons ni ne vendons les informations personnelles \u00e0 des tiers, sauf si la loi l&#8217;exige. S\u00e9curit\u00e9 : nous utilisons des technologies de cryptage pour prot\u00e9ger vos informations personnelles. 9. Propri\u00e9t\u00e9 intellectuelle Tout le contenu du site web, y compris les images, les textes, les graphiques et les logos, est la propri\u00e9t\u00e9 de l&#8217;huile d&#8217;olive Grenade et est prot\u00e9g\u00e9 par les lois sur la propri\u00e9t\u00e9 intellectuelle. Son utilisation non autoris\u00e9e est strictement limit\u00e9e.\" \/>\n<meta property=\"og:url\" content=\"https:\/\/grenadeoliveoil.com\/fr\/conditions-generales-dutilisation\/\" \/>\n<meta property=\"og:site_name\" content=\"Grenade Olive Oil\" \/>\n<meta property=\"article:modified_time\" content=\"2025-11-25T16:42:29+00:00\" \/>\n<meta name=\"twitter:card\" content=\"summary_large_image\" \/>\n<meta name=\"twitter:label1\" content=\"Dur\u00e9e de lecture estim\u00e9e\" \/>\n\t<meta name=\"twitter:data1\" content=\"3 minutes\" \/>\n<script type=\"application\/ld+json\" class=\"yoast-schema-graph\">{\"@context\":\"https:\\\/\\\/schema.org\",\"@graph\":[{\"@type\":\"WebPage\",\"@id\":\"https:\\\/\\\/grenadeoliveoil.com\\\/fr\\\/conditions-generales-dutilisation\\\/\",\"url\":\"https:\\\/\\\/grenadeoliveoil.com\\\/fr\\\/conditions-generales-dutilisation\\\/\",\"name\":\"Conditions g\u00e9n\u00e9rales d'utilisation - Grenade Olive Oil\",\"isPartOf\":{\"@id\":\"https:\\\/\\\/grenadeoliveoil.com\\\/fr\\\/#website\"},\"datePublished\":\"2025-11-25T16:42:28+00:00\",\"dateModified\":\"2025-11-25T16:42:29+00:00\",\"breadcrumb\":{\"@id\":\"https:\\\/\\\/grenadeoliveoil.com\\\/fr\\\/conditions-generales-dutilisation\\\/#breadcrumb\"},\"inLanguage\":\"fr-FR\",\"potentialAction\":[{\"@type\":\"ReadAction\",\"target\":[\"https:\\\/\\\/grenadeoliveoil.com\\\/fr\\\/conditions-generales-dutilisation\\\/\"]}]},{\"@type\":\"BreadcrumbList\",\"@id\":\"https:\\\/\\\/grenadeoliveoil.com\\\/fr\\\/conditions-generales-dutilisation\\\/#breadcrumb\",\"itemListElement\":[{\"@type\":\"ListItem\",\"position\":1,\"name\":\"Portada\",\"item\":\"https:\\\/\\\/grenadeoliveoil.com\\\/fr\\\/\"},{\"@type\":\"ListItem\",\"position\":2,\"name\":\"Conditions g\u00e9n\u00e9rales d&#8217;utilisation\"}]},{\"@type\":\"WebSite\",\"@id\":\"https:\\\/\\\/grenadeoliveoil.com\\\/fr\\\/#website\",\"url\":\"https:\\\/\\\/grenadeoliveoil.com\\\/fr\\\/\",\"name\":\"Grenade Olive Oil\",\"description\":\"Green Olive Oil\",\"publisher\":{\"@id\":\"https:\\\/\\\/grenadeoliveoil.com\\\/fr\\\/#organization\"},\"potentialAction\":[{\"@type\":\"SearchAction\",\"target\":{\"@type\":\"EntryPoint\",\"urlTemplate\":\"https:\\\/\\\/grenadeoliveoil.com\\\/fr\\\/?s={search_term_string}\"},\"query-input\":{\"@type\":\"PropertyValueSpecification\",\"valueRequired\":true,\"valueName\":\"search_term_string\"}}],\"inLanguage\":\"fr-FR\"},{\"@type\":\"Organization\",\"@id\":\"https:\\\/\\\/grenadeoliveoil.com\\\/fr\\\/#organization\",\"name\":\"Grande Olive Oil\",\"url\":\"https:\\\/\\\/grenadeoliveoil.com\\\/fr\\\/\",\"logo\":{\"@type\":\"ImageObject\",\"inLanguage\":\"fr-FR\",\"@id\":\"https:\\\/\\\/grenadeoliveoil.com\\\/fr\\\/#\\\/schema\\\/logo\\\/image\\\/\",\"url\":\"https:\\\/\\\/grenadeoliveoil.com\\\/wp-content\\\/uploads\\\/2021\\\/11\\\/aceite-verde-grenade-olive-oil.jpg\",\"contentUrl\":\"https:\\\/\\\/grenadeoliveoil.com\\\/wp-content\\\/uploads\\\/2021\\\/11\\\/aceite-verde-grenade-olive-oil.jpg\",\"width\":150,\"height\":75,\"caption\":\"Grande Olive Oil\"},\"image\":{\"@id\":\"https:\\\/\\\/grenadeoliveoil.com\\\/fr\\\/#\\\/schema\\\/logo\\\/image\\\/\"}}]}<\/script>\n<!-- \/ Yoast SEO plugin. -->","yoast_head_json":{"title":"Conditions g\u00e9n\u00e9rales d'utilisation - Grenade Olive Oil","robots":{"index":"index","follow":"follow","max-snippet":"max-snippet:-1","max-image-preview":"max-image-preview:large","max-video-preview":"max-video-preview:-1"},"canonical":"https:\/\/grenadeoliveoil.com\/fr\/conditions-generales-dutilisation\/","og_locale":"fr_FR","og_type":"article","og_title":"Conditions g\u00e9n\u00e9rales d'utilisation - Grenade Olive Oil","og_description":"Bienvenue sur le site de Grenade Olive Oil, une boutique en ligne d\u00e9di\u00e9e \u00e0 la vente d&#8217;huile d&#8217;olive de la plus haute qualit\u00e9. En utilisant notre site web, vous acceptez les conditions g\u00e9n\u00e9rales d\u00e9crites ci-dessous. Veuillez les lire attentivement avant d&#8217;effectuer tout achat. 2) Informations g\u00e9n\u00e9rales Nom commercial : Grenade Olive Oil Activit\u00e9 : Vente d&#8217;huile d&#8217;olive en ligne Courriel de contact : gourmet@grenadeoliveoil.com 3. Utilisation du site web L&#8217;acc\u00e8s au site web et son utilisation sont r\u00e9serv\u00e9s \u00e0 des fins l\u00e9gales et conform\u00e9ment aux pr\u00e9sentes conditions. Vous garantissez que vous avez au moins 18 ans ou que vous utilisez ce site sous la supervision d&#8217;un adulte. L&#8217;utilisation abusive du site, telle que la tentative d&#8217;activit\u00e9s frauduleuses ou la violation de la s\u00e9curit\u00e9 du site, est interdite. 4. Produits Disponibilit\u00e9 : Les produits sont disponibles dans la limite des stocks disponibles. En cas d&#8217;indisponibilit\u00e9 d&#8217;un produit apr\u00e8s passation de votre commande, nous vous en informerons dans les meilleurs d\u00e9lais afin de vous proposer une solution. Images et descriptions : Nous faisons tout notre possible pour que les images et les descriptions des produits soient exactes. Toutefois, il peut y avoir de l\u00e9g\u00e8res variations de couleur ou de pr\u00e9sentation. 5. Prix et paiements Devise : Tous les prix sont exprim\u00e9s en [monnaie locale\/euros] et incluent les taxes applicables, sauf indication contraire. M\u00e9thodes de paiement : Nous acceptons les m\u00e9thodes de paiement suivantes : Cartes de cr\u00e9dit et de d\u00e9bit (Visa, MasterCard, etc.) Virements bancaires (le cas \u00e9ch\u00e9ant) Nous nous r\u00e9servons le droit de modifier les prix \u00e0 tout moment. Toutefois, les commandes d\u00e9j\u00e0 confirm\u00e9es resteront au prix indiqu\u00e9 au moment de l&#8217;achat. 6. Exp\u00e9dition Zones d&#8217;exp\u00e9dition : Nous livrons dans [pr\u00e9cisez le pays ou la r\u00e9gion]. D\u00e9lai de livraison : Le d\u00e9lai de livraison estim\u00e9 varie entre [2 et 10 jours ouvrables], en fonction de la localisation du client. Frais d&#8217;exp\u00e9dition : Les frais d&#8217;exp\u00e9dition sont calcul\u00e9s au moment de la commande. Suivi : Un num\u00e9ro de suivi vous sera communiqu\u00e9 afin que vous puissiez v\u00e9rifier l&#8217;\u00e9tat de votre envoi. 7. Retours et remboursements Politique de retour : si vous n&#8217;\u00eates pas satisfait de votre achat, vous pouvez retourner le produit dans les 15 jours suivant la r\u00e9ception de la commande, \u00e0 condition qu&#8217;il n&#8217;ait pas \u00e9t\u00e9 ouvert ou utilis\u00e9. Conditions de remboursement : Le produit doit \u00eatre retourn\u00e9 dans son emballage d&#8217;origine. Vous devez fournir une preuve d&#8217;achat. Proc\u00e9dure : Veuillez contacter notre service client\u00e8le ([contacto@grenadeoliveoil.com]) pour entamer la proc\u00e9dure. Les frais de retour sont \u00e0 la charge du client, sauf en cas de d\u00e9faut ou d&#8217;erreur d&#8217;exp\u00e9dition. 8. Vie priv\u00e9e et protection des donn\u00e9es Utilisation des donn\u00e9es : Les donn\u00e9es personnelles fournies sont utilis\u00e9es uniquement pour traiter les commandes et am\u00e9liorer l&#8217;exp\u00e9rience des clients. Partage des donn\u00e9es : nous ne partageons ni ne vendons les informations personnelles \u00e0 des tiers, sauf si la loi l&#8217;exige. S\u00e9curit\u00e9 : nous utilisons des technologies de cryptage pour prot\u00e9ger vos informations personnelles. 9. Propri\u00e9t\u00e9 intellectuelle Tout le contenu du site web, y compris les images, les textes, les graphiques et les logos, est la propri\u00e9t\u00e9 de l&#8217;huile d&#8217;olive Grenade et est prot\u00e9g\u00e9 par les lois sur la propri\u00e9t\u00e9 intellectuelle. Son utilisation non autoris\u00e9e est strictement limit\u00e9e.","og_url":"https:\/\/grenadeoliveoil.com\/fr\/conditions-generales-dutilisation\/","og_site_name":"Grenade Olive Oil","article_modified_time":"2025-11-25T16:42:29+00:00","twitter_card":"summary_large_image","twitter_misc":{"Dur\u00e9e de lecture estim\u00e9e":"3 minutes"},"schema":{"@context":"https:\/\/schema.org","@graph":[{"@type":"WebPage","@id":"https:\/\/grenadeoliveoil.com\/fr\/conditions-generales-dutilisation\/","url":"https:\/\/grenadeoliveoil.com\/fr\/conditions-generales-dutilisation\/","name":"Conditions g\u00e9n\u00e9rales d'utilisation - Grenade Olive Oil","isPartOf":{"@id":"https:\/\/grenadeoliveoil.com\/fr\/#website"},"datePublished":"2025-11-25T16:42:28+00:00","dateModified":"2025-11-25T16:42:29+00:00","breadcrumb":{"@id":"https:\/\/grenadeoliveoil.com\/fr\/conditions-generales-dutilisation\/#breadcrumb"},"inLanguage":"fr-FR","potentialAction":[{"@type":"ReadAction","target":["https:\/\/grenadeoliveoil.com\/fr\/conditions-generales-dutilisation\/"]}]},{"@type":"BreadcrumbList","@id":"https:\/\/grenadeoliveoil.com\/fr\/conditions-generales-dutilisation\/#breadcrumb","itemListElement":[{"@type":"ListItem","position":1,"name":"Portada","item":"https:\/\/grenadeoliveoil.com\/fr\/"},{"@type":"ListItem","position":2,"name":"Conditions g\u00e9n\u00e9rales d&#8217;utilisation"}]},{"@type":"WebSite","@id":"https:\/\/grenadeoliveoil.com\/fr\/#website","url":"https:\/\/grenadeoliveoil.com\/fr\/","name":"Grenade Olive Oil","description":"Green Olive Oil","publisher":{"@id":"https:\/\/grenadeoliveoil.com\/fr\/#organization"},"potentialAction":[{"@type":"SearchAction","target":{"@type":"EntryPoint","urlTemplate":"https:\/\/grenadeoliveoil.com\/fr\/?s={search_term_string}"},"query-input":{"@type":"PropertyValueSpecification","valueRequired":true,"valueName":"search_term_string"}}],"inLanguage":"fr-FR"},{"@type":"Organization","@id":"https:\/\/grenadeoliveoil.com\/fr\/#organization","name":"Grande Olive Oil","url":"https:\/\/grenadeoliveoil.com\/fr\/","logo":{"@type":"ImageObject","inLanguage":"fr-FR","@id":"https:\/\/grenadeoliveoil.com\/fr\/#\/schema\/logo\/image\/","url":"https:\/\/grenadeoliveoil.com\/wp-content\/uploads\/2021\/11\/aceite-verde-grenade-olive-oil.jpg","contentUrl":"https:\/\/grenadeoliveoil.com\/wp-content\/uploads\/2021\/11\/aceite-verde-grenade-olive-oil.jpg","width":150,"height":75,"caption":"Grande Olive Oil"},"image":{"@id":"https:\/\/grenadeoliveoil.com\/fr\/#\/schema\/logo\/image\/"}}]}},"_links":{"self":[{"href":"https:\/\/grenadeoliveoil.com\/fr\/wp-json\/wp\/v2\/pages\/40569","targetHints":{"allow":["GET"]}}],"collection":[{"href":"https:\/\/grenadeoliveoil.com\/fr\/wp-json\/wp\/v2\/pages"}],"about":[{"href":"https:\/\/grenadeoliveoil.com\/fr\/wp-json\/wp\/v2\/types\/page"}],"author":[{"embeddable":true,"href":"https:\/\/grenadeoliveoil.com\/fr\/wp-json\/wp\/v2\/users\/1"}],"replies":[{"embeddable":true,"href":"https:\/\/grenadeoliveoil.com\/fr\/wp-json\/wp\/v2\/comments?post=40569"}],"version-history":[{"count":0,"href":"https:\/\/grenadeoliveoil.com\/fr\/wp-json\/wp\/v2\/pages\/40569\/revisions"}],"wp:attachment":[{"href":"https:\/\/grenadeoliveoil.com\/fr\/wp-json\/wp\/v2\/media?parent=40569"}],"curies":[{"name":"wp","href":"https:\/\/api.w.org\/{rel}","templated":true}]}}