{"id":40581,"date":"2025-11-25T17:45:31","date_gmt":"2025-11-25T16:45:31","guid":{"rendered":"https:\/\/grenadeoliveoil.com\/avis-juridique\/"},"modified":"2025-11-25T17:45:31","modified_gmt":"2025-11-25T16:45:31","slug":"avis-juridique","status":"publish","type":"page","link":"https:\/\/grenadeoliveoil.com\/fr\/avis-juridique\/","title":{"rendered":"Avis juridique"},"content":{"rendered":"\n<p>Ce site web appartient \u00e0 INPROFIT CONSULTING, S.L. avec NIF\/CIF B42605055 et adresse \u00e0 Primero de Mayo 4 CPOS 03804 \u00e0 Alcoy, province d&#8217;Alicante en Espagne, avec adresse e-mail : <a href=\"mailto:info@inprofit.es\">info@inprofit.es.<\/a> Son objectif est de fournir au grand public des informations sur les activit\u00e9s qu&#8217;il r\u00e9alise, les services qu&#8217;il fournit et les caract\u00e9ristiques de ses produits. <\/p>\n\n<p>INPROFIT CONSULTING, S.L. se r\u00e9serve le droit de modifier l&#8217;information contenue sur son site Web ou sa configuration et sa pr\u00e9sentation \u00e0 tout moment et sans pr\u00e9avis.<\/p>\n\n<p>INPROFIT CONSULTING, S.L. n&#8217;est pas responsable des cons\u00e9quences ou des dommages d\u00e9coulant de l&#8217;acc\u00e8s \u00e0 ce site Web, de l&#8217;utilisation de l&#8217;information qu&#8217;il contient ou de l&#8217;acc\u00e8s \u00e0 d&#8217;autres mat\u00e9riels sur Internet par le biais de connexions \u00e0 ce site Web.<\/p>\n\n<p>Les droits de propri\u00e9t\u00e9 intellectuelle sur tous les \u00e9l\u00e9ments inclus dans ce site Web, tels que, mais sans s&#8217;y limiter, les photographies, les dessins, les m\u00e9lodies, les applications et autres, appartiennent exclusivement \u00e0 INPROFIT CONSULTING, S.L. . L&#8217;acc\u00e8s \u00e0 ce site n&#8217;implique pas l&#8217;autorisation de l&#8217;utiliser, et toute utilisation non autoris\u00e9e peut donner lieu aux responsabilit\u00e9s civiles et\/ou p\u00e9nales correspondantes. <\/p>\n\n<p>Toute r\u00e9f\u00e9rence faite sur ce site \u00e0 un produit, un service, un processus, un lien, un hypertexte ou toute information utilisant la marque, le nom commercial, le fabricant ou le fournisseur, etc. appartenant \u00e0 des tiers ne constitue ni n&#8217;implique une approbation, un parrainage ou une recommandation de la part d&#8217;INPROFIT CONSULTING, S.L..<\/p>\n\n<p>En g\u00e9n\u00e9ral, les relations avec nos clients, d\u00e9coulant de la prestation des services contenus dans notre site web, sont soumises \u00e0 la l\u00e9gislation et \u00e0 la juridiction espagnoles.<\/p>\n\n<p>INPROFIT CONSULTING, SL, soci\u00e9t\u00e9 inscrite au registre du commerce d&#8217;Alicante volume 4166 folio 135 page A-162422, avec C.I.F. B42605055.<\/p>\n\n<p>Utilisation de contenu multim\u00e9dia par des tiers : <a href=\"https:\/\/www.freepik.es\/\" target=\"_blank\" rel=\"noreferrer noopener\">Freepik<\/a><\/p>\n","protected":false},"excerpt":{"rendered":"<p>Ce site web appartient \u00e0 INPROFIT CONSULTING, S.L. avec NIF\/CIF B42605055 et adresse \u00e0 Primero de Mayo 4 CPOS 03804 \u00e0 Alcoy, province d&#8217;Alicante en Espagne, avec adresse e-mail : info@inprofit.es. Son objectif est de fournir au grand public des informations sur les activit\u00e9s qu&#8217;il r\u00e9alise, les services qu&#8217;il fournit et les caract\u00e9ristiques de ses produits. INPROFIT CONSULTING, S.L. se r\u00e9serve le droit de modifier l&#8217;information contenue sur son site Web ou sa configuration et sa pr\u00e9sentation \u00e0 tout moment et sans pr\u00e9avis. INPROFIT CONSULTING, S.L. n&#8217;est pas responsable des cons\u00e9quences ou des dommages d\u00e9coulant de l&#8217;acc\u00e8s \u00e0 ce site Web, de l&#8217;utilisation de l&#8217;information qu&#8217;il contient ou de l&#8217;acc\u00e8s \u00e0 d&#8217;autres mat\u00e9riels sur Internet par le biais de connexions \u00e0 ce site Web. Les droits de propri\u00e9t\u00e9 intellectuelle sur tous les \u00e9l\u00e9ments inclus dans ce site Web, tels que, mais sans s&#8217;y limiter, les photographies, les dessins, les m\u00e9lodies, les applications et autres, appartiennent exclusivement \u00e0 INPROFIT CONSULTING, S.L. . L&#8217;acc\u00e8s \u00e0 ce site n&#8217;implique pas l&#8217;autorisation de l&#8217;utiliser, et toute utilisation non autoris\u00e9e peut donner lieu aux responsabilit\u00e9s civiles et\/ou p\u00e9nales correspondantes. Toute r\u00e9f\u00e9rence faite sur ce site \u00e0 un produit, un service, un processus, un lien, un hypertexte ou toute information utilisant la marque, le nom commercial, le fabricant ou le fournisseur, etc. appartenant \u00e0 des tiers ne constitue ni n&#8217;implique une approbation, un parrainage ou une recommandation de la part d&#8217;INPROFIT CONSULTING, S.L.. En g\u00e9n\u00e9ral, les relations avec nos clients, d\u00e9coulant de la prestation des services contenus dans notre site web, sont soumises \u00e0 la l\u00e9gislation et \u00e0 la juridiction espagnoles. INPROFIT CONSULTING, SL, soci\u00e9t\u00e9 inscrite au registre du commerce d&#8217;Alicante volume 4166 folio 135 page A-162422, avec C.I.F. B42605055. Utilisation de contenu multim\u00e9dia par des tiers : Freepik<\/p>\n","protected":false},"author":1,"featured_media":0,"parent":0,"menu_order":0,"comment_status":"closed","ping_status":"closed","template":"","meta":{"footnotes":""},"class_list":["post-40581","page","type-page","status-publish","hentry"],"yoast_head":"<!-- This site is optimized with the Yoast SEO plugin v27.3 - https:\/\/yoast.com\/product\/yoast-seo-wordpress\/ -->\n<title>Avis juridique - Grenade Olive Oil<\/title>\n<meta name=\"description\" content=\"Informations et mentions l\u00e9gales du site web Grenade Olive Oil, sp\u00e9cialis\u00e9 dans la production d&#039;huile gourmet de premi\u00e8re qualit\u00e9.\" \/>\n<meta name=\"robots\" content=\"index, follow, max-snippet:-1, max-image-preview:large, max-video-preview:-1\" \/>\n<link rel=\"canonical\" href=\"https:\/\/grenadeoliveoil.com\/fr\/avis-juridique\/\" \/>\n<meta property=\"og:locale\" content=\"fr_FR\" \/>\n<meta property=\"og:type\" content=\"article\" \/>\n<meta property=\"og:title\" content=\"Avis juridique - Grenade Olive Oil\" \/>\n<meta property=\"og:description\" content=\"Informations et mentions l\u00e9gales du site web Grenade Olive Oil, sp\u00e9cialis\u00e9 dans la production d&#039;huile gourmet de premi\u00e8re qualit\u00e9.\" \/>\n<meta property=\"og:url\" content=\"https:\/\/grenadeoliveoil.com\/fr\/avis-juridique\/\" \/>\n<meta property=\"og:site_name\" content=\"Grenade Olive Oil\" \/>\n<meta name=\"twitter:card\" content=\"summary_large_image\" \/>\n<meta name=\"twitter:label1\" content=\"Dur\u00e9e de lecture estim\u00e9e\" \/>\n\t<meta name=\"twitter:data1\" content=\"2 minutes\" \/>\n<script type=\"application\/ld+json\" class=\"yoast-schema-graph\">{\"@context\":\"https:\\\/\\\/schema.org\",\"@graph\":[{\"@type\":\"WebPage\",\"@id\":\"https:\\\/\\\/grenadeoliveoil.com\\\/fr\\\/avis-juridique\\\/\",\"url\":\"https:\\\/\\\/grenadeoliveoil.com\\\/fr\\\/avis-juridique\\\/\",\"name\":\"Avis juridique - Grenade Olive Oil\",\"isPartOf\":{\"@id\":\"https:\\\/\\\/grenadeoliveoil.com\\\/fr\\\/#website\"},\"datePublished\":\"2025-11-25T16:45:31+00:00\",\"description\":\"Informations et mentions l\u00e9gales du site web Grenade Olive Oil, sp\u00e9cialis\u00e9 dans la production d'huile gourmet de premi\u00e8re qualit\u00e9.\",\"breadcrumb\":{\"@id\":\"https:\\\/\\\/grenadeoliveoil.com\\\/fr\\\/avis-juridique\\\/#breadcrumb\"},\"inLanguage\":\"fr-FR\",\"potentialAction\":[{\"@type\":\"ReadAction\",\"target\":[\"https:\\\/\\\/grenadeoliveoil.com\\\/fr\\\/avis-juridique\\\/\"]}]},{\"@type\":\"BreadcrumbList\",\"@id\":\"https:\\\/\\\/grenadeoliveoil.com\\\/fr\\\/avis-juridique\\\/#breadcrumb\",\"itemListElement\":[{\"@type\":\"ListItem\",\"position\":1,\"name\":\"Portada\",\"item\":\"https:\\\/\\\/grenadeoliveoil.com\\\/fr\\\/\"},{\"@type\":\"ListItem\",\"position\":2,\"name\":\"Avis juridique\"}]},{\"@type\":\"WebSite\",\"@id\":\"https:\\\/\\\/grenadeoliveoil.com\\\/fr\\\/#website\",\"url\":\"https:\\\/\\\/grenadeoliveoil.com\\\/fr\\\/\",\"name\":\"Grenade Olive Oil\",\"description\":\"Green Olive Oil\",\"publisher\":{\"@id\":\"https:\\\/\\\/grenadeoliveoil.com\\\/fr\\\/#organization\"},\"potentialAction\":[{\"@type\":\"SearchAction\",\"target\":{\"@type\":\"EntryPoint\",\"urlTemplate\":\"https:\\\/\\\/grenadeoliveoil.com\\\/fr\\\/?s={search_term_string}\"},\"query-input\":{\"@type\":\"PropertyValueSpecification\",\"valueRequired\":true,\"valueName\":\"search_term_string\"}}],\"inLanguage\":\"fr-FR\"},{\"@type\":\"Organization\",\"@id\":\"https:\\\/\\\/grenadeoliveoil.com\\\/fr\\\/#organization\",\"name\":\"Grande Olive Oil\",\"url\":\"https:\\\/\\\/grenadeoliveoil.com\\\/fr\\\/\",\"logo\":{\"@type\":\"ImageObject\",\"inLanguage\":\"fr-FR\",\"@id\":\"https:\\\/\\\/grenadeoliveoil.com\\\/fr\\\/#\\\/schema\\\/logo\\\/image\\\/\",\"url\":\"https:\\\/\\\/grenadeoliveoil.com\\\/wp-content\\\/uploads\\\/2021\\\/11\\\/aceite-verde-grenade-olive-oil.jpg\",\"contentUrl\":\"https:\\\/\\\/grenadeoliveoil.com\\\/wp-content\\\/uploads\\\/2021\\\/11\\\/aceite-verde-grenade-olive-oil.jpg\",\"width\":150,\"height\":75,\"caption\":\"Grande Olive Oil\"},\"image\":{\"@id\":\"https:\\\/\\\/grenadeoliveoil.com\\\/fr\\\/#\\\/schema\\\/logo\\\/image\\\/\"}}]}<\/script>\n<!-- \/ Yoast SEO plugin. -->","yoast_head_json":{"title":"Avis juridique - Grenade Olive Oil","description":"Informations et mentions l\u00e9gales du site web Grenade Olive Oil, sp\u00e9cialis\u00e9 dans la production d'huile gourmet de premi\u00e8re qualit\u00e9.","robots":{"index":"index","follow":"follow","max-snippet":"max-snippet:-1","max-image-preview":"max-image-preview:large","max-video-preview":"max-video-preview:-1"},"canonical":"https:\/\/grenadeoliveoil.com\/fr\/avis-juridique\/","og_locale":"fr_FR","og_type":"article","og_title":"Avis juridique - Grenade Olive Oil","og_description":"Informations et mentions l\u00e9gales du site web Grenade Olive Oil, sp\u00e9cialis\u00e9 dans la production d'huile gourmet de premi\u00e8re qualit\u00e9.","og_url":"https:\/\/grenadeoliveoil.com\/fr\/avis-juridique\/","og_site_name":"Grenade Olive Oil","twitter_card":"summary_large_image","twitter_misc":{"Dur\u00e9e de lecture estim\u00e9e":"2 minutes"},"schema":{"@context":"https:\/\/schema.org","@graph":[{"@type":"WebPage","@id":"https:\/\/grenadeoliveoil.com\/fr\/avis-juridique\/","url":"https:\/\/grenadeoliveoil.com\/fr\/avis-juridique\/","name":"Avis juridique - Grenade Olive Oil","isPartOf":{"@id":"https:\/\/grenadeoliveoil.com\/fr\/#website"},"datePublished":"2025-11-25T16:45:31+00:00","description":"Informations et mentions l\u00e9gales du site web Grenade Olive Oil, sp\u00e9cialis\u00e9 dans la production d'huile gourmet de premi\u00e8re qualit\u00e9.","breadcrumb":{"@id":"https:\/\/grenadeoliveoil.com\/fr\/avis-juridique\/#breadcrumb"},"inLanguage":"fr-FR","potentialAction":[{"@type":"ReadAction","target":["https:\/\/grenadeoliveoil.com\/fr\/avis-juridique\/"]}]},{"@type":"BreadcrumbList","@id":"https:\/\/grenadeoliveoil.com\/fr\/avis-juridique\/#breadcrumb","itemListElement":[{"@type":"ListItem","position":1,"name":"Portada","item":"https:\/\/grenadeoliveoil.com\/fr\/"},{"@type":"ListItem","position":2,"name":"Avis juridique"}]},{"@type":"WebSite","@id":"https:\/\/grenadeoliveoil.com\/fr\/#website","url":"https:\/\/grenadeoliveoil.com\/fr\/","name":"Grenade Olive Oil","description":"Green Olive Oil","publisher":{"@id":"https:\/\/grenadeoliveoil.com\/fr\/#organization"},"potentialAction":[{"@type":"SearchAction","target":{"@type":"EntryPoint","urlTemplate":"https:\/\/grenadeoliveoil.com\/fr\/?s={search_term_string}"},"query-input":{"@type":"PropertyValueSpecification","valueRequired":true,"valueName":"search_term_string"}}],"inLanguage":"fr-FR"},{"@type":"Organization","@id":"https:\/\/grenadeoliveoil.com\/fr\/#organization","name":"Grande Olive Oil","url":"https:\/\/grenadeoliveoil.com\/fr\/","logo":{"@type":"ImageObject","inLanguage":"fr-FR","@id":"https:\/\/grenadeoliveoil.com\/fr\/#\/schema\/logo\/image\/","url":"https:\/\/grenadeoliveoil.com\/wp-content\/uploads\/2021\/11\/aceite-verde-grenade-olive-oil.jpg","contentUrl":"https:\/\/grenadeoliveoil.com\/wp-content\/uploads\/2021\/11\/aceite-verde-grenade-olive-oil.jpg","width":150,"height":75,"caption":"Grande Olive Oil"},"image":{"@id":"https:\/\/grenadeoliveoil.com\/fr\/#\/schema\/logo\/image\/"}}]}},"_links":{"self":[{"href":"https:\/\/grenadeoliveoil.com\/fr\/wp-json\/wp\/v2\/pages\/40581","targetHints":{"allow":["GET"]}}],"collection":[{"href":"https:\/\/grenadeoliveoil.com\/fr\/wp-json\/wp\/v2\/pages"}],"about":[{"href":"https:\/\/grenadeoliveoil.com\/fr\/wp-json\/wp\/v2\/types\/page"}],"author":[{"embeddable":true,"href":"https:\/\/grenadeoliveoil.com\/fr\/wp-json\/wp\/v2\/users\/1"}],"replies":[{"embeddable":true,"href":"https:\/\/grenadeoliveoil.com\/fr\/wp-json\/wp\/v2\/comments?post=40581"}],"version-history":[{"count":0,"href":"https:\/\/grenadeoliveoil.com\/fr\/wp-json\/wp\/v2\/pages\/40581\/revisions"}],"wp:attachment":[{"href":"https:\/\/grenadeoliveoil.com\/fr\/wp-json\/wp\/v2\/media?parent=40581"}],"curies":[{"name":"wp","href":"https:\/\/api.w.org\/{rel}","templated":true}]}}