{"id":40510,"date":"2025-11-14T09:04:24","date_gmt":"2025-11-14T08:04:24","guid":{"rendered":"https:\/\/grenadeoliveoil.com\/producto\/huile-dolive-caviar-evoo-spherification\/"},"modified":"2025-11-25T16:43:26","modified_gmt":"2025-11-25T15:43:26","slug":"huile-dolive-caviar-evoo-spherification","status":"publish","type":"product","link":"https:\/\/grenadeoliveoil.com\/fr\/producto\/huile-dolive-caviar-evoo-spherification\/","title":{"rendered":"Huile d&#8217;olive caviar &#8211; EVOO Sph\u00e9rification"},"content":{"rendered":"<h2 class=\"woocommerce-loop-product__title\">Sph\u00e8res d&#8217;huile d&#8217;olive Picual 50 gr<\/h2>\n<p>D\u00e9couvrez les perles d&#8217;huile d&#8217;olive vierge extra (EVOO) de haute qualit\u00e9, pr\u00eates pour les \u00e9laborations gastronomiques.<\/p>\n<p>Notre huile d&#8217;olive extra vierge de premi\u00e8re qualit\u00e9 est obtenue directement \u00e0 partir des olives et uniquement par des moyens m\u00e9caniques.<\/p>\n<p>Nos perles d&#8217;huile d&#8217;olive Picual 50 gr sont fabriqu\u00e9es \u00e0 partir d&#8217;huile d&#8217;olive 100% vierge extra, issue de notre vari\u00e9t\u00e9 d&#8217;olive Picual. Ce sont des perles d&#8217;huile brillantes et dor\u00e9es, qui \u00e9clatent dans la bouche et offrent soudainement leur saveur intense. Elles sont fabriqu\u00e9es selon la technique culinaire de l&#8217;encapsulation, de sorte que l&#8217;huile est encapsul\u00e9e dans une texture g\u00e9latineuse.  <\/p>\n<p>L&#8217;huile encapsul\u00e9e ne subit aucun type d&#8217;alt\u00e9ration, c&#8217;est pourquoi le caviar EVOO conserve toutes ses qualit\u00e9s et ses bienfaits \u00e0 l&#8217;int\u00e9rieur des capsules.<\/p>\n<h3>Caviar Gourmet EVOO<\/h3>\n<p>Les perles d&#8217;EVOO font partie de la haute cuisine et repr\u00e9sentent une proposition culinaire in\u00e9dite. Elles peuvent \u00eatre utilis\u00e9es dans un nombre infini de recettes, surtout crues. Elles peuvent \u00eatre utilis\u00e9es dans des plats chauds tels que les rago\u00fbts, les soupes et les cr\u00e8mes, ou en accompagnement de viandes, de poissons et de l\u00e9gumes, mais elles sont vraiment id\u00e9ales pour les plats froids. Essayez-les dans vos salades, vinaigrettes, soupes froides, gaspachos et toutes les autres recettes auxquelles vous pouvez penser.   <\/p>\n<p>\u00c9blouissez votre famille et vos amis avec ces perles, qui conviennent particuli\u00e8rement aux entr\u00e9es, aux plats principaux et aux desserts.<\/p>\n<p>Stockage : conserver dans un endroit frais et sec, \u00e0 l&#8217;abri de la lumi\u00e8re directe, de la chaleur et des odeurs, entre 10 et 26\u00b0C.<\/p>\n<p><strong>Ce produit est fabriqu\u00e9 et conditionn\u00e9 \u00e0 Ja\u00e9n, ce qui garantit un produit 100 % espagnol.<\/strong><\/p>\n","protected":false},"excerpt":{"rendered":"<h2 class=\"woocommerce-loop-product__title\">Caviar de Aceite AOVE picual 50 gr<\/h2>\n<p>D\u00e9couvrez les perles d&#8217;huile d&#8217;olive vierge extra (EVOO) de haute qualit\u00e9, pr\u00eates pour les \u00e9laborations gastronomiques.<\/p>\n","protected":false},"featured_media":40469,"comment_status":"closed","ping_status":"closed","template":"","meta":[],"product_brand":[],"product_cat":[93],"product_tag":[596,598,597],"class_list":{"0":"post-40510","1":"product","2":"type-product","3":"status-publish","4":"has-post-thumbnail","6":"product_cat-huile-verte","7":"product_tag-huile-de-caviar","8":"product_tag-perles-dhuile","9":"product_tag-spherification-de-lhuile","11":"first","12":"instock","13":"shipping-taxable","14":"purchasable","15":"product-type-simple"},"yoast_head":"<!-- This site is optimized with the Yoast SEO plugin v27.4 - https:\/\/yoast.com\/product\/yoast-seo-wordpress\/ -->\n<title>Acheter de l&#039;huile d&#039;olive espagnole sph\u00e9rifi\u00e9e | AOVE Caviar<\/title>\n<meta name=\"description\" content=\"Achetez en ligne la sph\u00e9rification de l&#039;huile d&#039;olive extra vierge espagnole de la vari\u00e9t\u00e9 Picual et d\u00e9gustez le caviar EVOO gourmet de premi\u00e8re qualit\u00e9.\" \/>\n<meta name=\"robots\" content=\"index, follow, max-snippet:-1, max-image-preview:large, max-video-preview:-1\" \/>\n<link rel=\"canonical\" href=\"https:\/\/grenadeoliveoil.com\/fr\/producto\/huile-dolive-caviar-evoo-spherification\/\" \/>\n<meta property=\"og:locale\" content=\"fr_FR\" \/>\n<meta property=\"og:type\" content=\"article\" \/>\n<meta property=\"og:title\" content=\"Acheter de l&#039;huile d&#039;olive espagnole sph\u00e9rifi\u00e9e | AOVE Caviar\" \/>\n<meta property=\"og:description\" content=\"Achetez en ligne la sph\u00e9rification de l&#039;huile d&#039;olive extra vierge espagnole de la vari\u00e9t\u00e9 Picual et d\u00e9gustez le caviar EVOO gourmet de premi\u00e8re qualit\u00e9.\" \/>\n<meta property=\"og:url\" content=\"https:\/\/grenadeoliveoil.com\/fr\/producto\/huile-dolive-caviar-evoo-spherification\/\" \/>\n<meta property=\"og:site_name\" content=\"Grenade Olive Oil\" \/>\n<meta property=\"article:modified_time\" content=\"2025-11-25T15:43:26+00:00\" \/>\n<meta property=\"og:image\" content=\"https:\/\/grenadeoliveoil.com\/wp-content\/uploads\/2025\/11\/Esferificacion-aove-e1763107441851.webp\" \/>\n\t<meta property=\"og:image:width\" content=\"860\" \/>\n\t<meta property=\"og:image:height\" content=\"860\" \/>\n\t<meta property=\"og:image:type\" content=\"image\/webp\" \/>\n<meta name=\"twitter:card\" content=\"summary_large_image\" \/>\n<meta name=\"twitter:label1\" content=\"Prix\" \/>\n\t<meta name=\"twitter:data1\" content=\"6,99&euro;\" \/>\n\t<meta name=\"twitter:label2\" content=\"Disponibilit\u00e9\" \/>\n\t<meta name=\"twitter:data2\" content=\"En stock\" \/>\n<script type=\"application\/ld+json\" class=\"yoast-schema-graph\">{\"@context\":\"https:\\\/\\\/schema.org\",\"@graph\":[{\"@type\":\"WebPage\",\"@id\":\"https:\\\/\\\/grenadeoliveoil.com\\\/fr\\\/producto\\\/huile-dolive-caviar-evoo-spherification\\\/\",\"url\":\"https:\\\/\\\/grenadeoliveoil.com\\\/fr\\\/producto\\\/huile-dolive-caviar-evoo-spherification\\\/\",\"name\":\"Acheter de l'huile d'olive espagnole sph\u00e9rifi\u00e9e | AOVE Caviar\",\"isPartOf\":{\"@id\":\"https:\\\/\\\/grenadeoliveoil.com\\\/fr\\\/#website\"},\"primaryImageOfPage\":{\"@id\":\"https:\\\/\\\/grenadeoliveoil.com\\\/fr\\\/producto\\\/huile-dolive-caviar-evoo-spherification\\\/#primaryimage\"},\"image\":{\"@id\":\"https:\\\/\\\/grenadeoliveoil.com\\\/fr\\\/producto\\\/huile-dolive-caviar-evoo-spherification\\\/#primaryimage\"},\"thumbnailUrl\":\"https:\\\/\\\/grenadeoliveoil.com\\\/wp-content\\\/uploads\\\/2025\\\/11\\\/Esferificacion-aove-e1763107441851.webp\",\"datePublished\":\"2025-11-14T08:04:24+00:00\",\"dateModified\":\"2025-11-25T15:43:26+00:00\",\"description\":\"Achetez en ligne la sph\u00e9rification de l'huile d'olive extra vierge espagnole de la vari\u00e9t\u00e9 Picual et d\u00e9gustez le caviar EVOO gourmet de premi\u00e8re qualit\u00e9.\",\"breadcrumb\":{\"@id\":\"https:\\\/\\\/grenadeoliveoil.com\\\/fr\\\/producto\\\/huile-dolive-caviar-evoo-spherification\\\/#breadcrumb\"},\"inLanguage\":\"fr-FR\",\"potentialAction\":[{\"@type\":\"ReadAction\",\"target\":[\"https:\\\/\\\/grenadeoliveoil.com\\\/fr\\\/producto\\\/huile-dolive-caviar-evoo-spherification\\\/\"]}]},{\"@type\":\"ImageObject\",\"inLanguage\":\"fr-FR\",\"@id\":\"https:\\\/\\\/grenadeoliveoil.com\\\/fr\\\/producto\\\/huile-dolive-caviar-evoo-spherification\\\/#primaryimage\",\"url\":\"https:\\\/\\\/grenadeoliveoil.com\\\/wp-content\\\/uploads\\\/2025\\\/11\\\/Esferificacion-aove-e1763107441851.webp\",\"contentUrl\":\"https:\\\/\\\/grenadeoliveoil.com\\\/wp-content\\\/uploads\\\/2025\\\/11\\\/Esferificacion-aove-e1763107441851.webp\",\"width\":864,\"height\":1184,\"caption\":\"Esferificaci\u00f3n de aceite de oliva\"},{\"@type\":\"BreadcrumbList\",\"@id\":\"https:\\\/\\\/grenadeoliveoil.com\\\/fr\\\/producto\\\/huile-dolive-caviar-evoo-spherification\\\/#breadcrumb\",\"itemListElement\":[{\"@type\":\"ListItem\",\"position\":1,\"name\":\"Portada\",\"item\":\"https:\\\/\\\/grenadeoliveoil.com\\\/fr\\\/\"},{\"@type\":\"ListItem\",\"position\":2,\"name\":\"Boutique\",\"item\":\"https:\\\/\\\/grenadeoliveoil.com\\\/fr\\\/boutique\\\/\"},{\"@type\":\"ListItem\",\"position\":3,\"name\":\"Huile d&#8217;olive caviar &#8211; EVOO Sph\u00e9rification\"}]},{\"@type\":\"WebSite\",\"@id\":\"https:\\\/\\\/grenadeoliveoil.com\\\/fr\\\/#website\",\"url\":\"https:\\\/\\\/grenadeoliveoil.com\\\/fr\\\/\",\"name\":\"Grenade Olive Oil\",\"description\":\"Green Olive Oil\",\"publisher\":{\"@id\":\"https:\\\/\\\/grenadeoliveoil.com\\\/fr\\\/#organization\"},\"potentialAction\":[{\"@type\":\"SearchAction\",\"target\":{\"@type\":\"EntryPoint\",\"urlTemplate\":\"https:\\\/\\\/grenadeoliveoil.com\\\/fr\\\/?s={search_term_string}\"},\"query-input\":{\"@type\":\"PropertyValueSpecification\",\"valueRequired\":true,\"valueName\":\"search_term_string\"}}],\"inLanguage\":\"fr-FR\"},{\"@type\":\"Organization\",\"@id\":\"https:\\\/\\\/grenadeoliveoil.com\\\/fr\\\/#organization\",\"name\":\"Grande Olive Oil\",\"url\":\"https:\\\/\\\/grenadeoliveoil.com\\\/fr\\\/\",\"logo\":{\"@type\":\"ImageObject\",\"inLanguage\":\"fr-FR\",\"@id\":\"https:\\\/\\\/grenadeoliveoil.com\\\/fr\\\/#\\\/schema\\\/logo\\\/image\\\/\",\"url\":\"https:\\\/\\\/grenadeoliveoil.com\\\/wp-content\\\/uploads\\\/2021\\\/11\\\/aceite-verde-grenade-olive-oil.jpg\",\"contentUrl\":\"https:\\\/\\\/grenadeoliveoil.com\\\/wp-content\\\/uploads\\\/2021\\\/11\\\/aceite-verde-grenade-olive-oil.jpg\",\"width\":150,\"height\":75,\"caption\":\"Grande Olive Oil\"},\"image\":{\"@id\":\"https:\\\/\\\/grenadeoliveoil.com\\\/fr\\\/#\\\/schema\\\/logo\\\/image\\\/\"}}]}<\/script>\n<meta property=\"product:price:amount\" content=\"6.99\" \/>\n<meta property=\"product:price:currency\" content=\"EUR\" \/>\n<meta property=\"og:availability\" content=\"instock\" \/>\n<meta property=\"product:availability\" content=\"instock\" \/>\n<meta property=\"product:condition\" content=\"new\" \/>\n<!-- \/ Yoast SEO plugin. -->","yoast_head_json":{"title":"Acheter de l'huile d'olive espagnole sph\u00e9rifi\u00e9e | AOVE Caviar","description":"Achetez en ligne la sph\u00e9rification de l'huile d'olive extra vierge espagnole de la vari\u00e9t\u00e9 Picual et d\u00e9gustez le caviar EVOO gourmet de premi\u00e8re qualit\u00e9.","robots":{"index":"index","follow":"follow","max-snippet":"max-snippet:-1","max-image-preview":"max-image-preview:large","max-video-preview":"max-video-preview:-1"},"canonical":"https:\/\/grenadeoliveoil.com\/fr\/producto\/huile-dolive-caviar-evoo-spherification\/","og_locale":"fr_FR","og_type":"article","og_title":"Acheter de l'huile d'olive espagnole sph\u00e9rifi\u00e9e | AOVE Caviar","og_description":"Achetez en ligne la sph\u00e9rification de l'huile d'olive extra vierge espagnole de la vari\u00e9t\u00e9 Picual et d\u00e9gustez le caviar EVOO gourmet de premi\u00e8re qualit\u00e9.","og_url":"https:\/\/grenadeoliveoil.com\/fr\/producto\/huile-dolive-caviar-evoo-spherification\/","og_site_name":"Grenade Olive Oil","article_modified_time":"2025-11-25T15:43:26+00:00","og_image":[{"width":860,"height":860,"url":"https:\/\/grenadeoliveoil.com\/wp-content\/uploads\/2025\/11\/Esferificacion-aove-e1763107441851.webp","type":"image\/webp"}],"twitter_card":"summary_large_image","twitter_misc":{"Prix":"6,99&euro;","Disponibilit\u00e9":"En stock"},"schema":{"@context":"https:\/\/schema.org","@graph":[{"@type":"WebPage","@id":"https:\/\/grenadeoliveoil.com\/fr\/producto\/huile-dolive-caviar-evoo-spherification\/","url":"https:\/\/grenadeoliveoil.com\/fr\/producto\/huile-dolive-caviar-evoo-spherification\/","name":"Acheter de l'huile d'olive espagnole sph\u00e9rifi\u00e9e | AOVE Caviar","isPartOf":{"@id":"https:\/\/grenadeoliveoil.com\/fr\/#website"},"primaryImageOfPage":{"@id":"https:\/\/grenadeoliveoil.com\/fr\/producto\/huile-dolive-caviar-evoo-spherification\/#primaryimage"},"image":{"@id":"https:\/\/grenadeoliveoil.com\/fr\/producto\/huile-dolive-caviar-evoo-spherification\/#primaryimage"},"thumbnailUrl":"https:\/\/grenadeoliveoil.com\/wp-content\/uploads\/2025\/11\/Esferificacion-aove-e1763107441851.webp","datePublished":"2025-11-14T08:04:24+00:00","dateModified":"2025-11-25T15:43:26+00:00","description":"Achetez en ligne la sph\u00e9rification de l'huile d'olive extra vierge espagnole de la vari\u00e9t\u00e9 Picual et d\u00e9gustez le caviar EVOO gourmet de premi\u00e8re qualit\u00e9.","breadcrumb":{"@id":"https:\/\/grenadeoliveoil.com\/fr\/producto\/huile-dolive-caviar-evoo-spherification\/#breadcrumb"},"inLanguage":"fr-FR","potentialAction":[{"@type":"ReadAction","target":["https:\/\/grenadeoliveoil.com\/fr\/producto\/huile-dolive-caviar-evoo-spherification\/"]}]},{"@type":"ImageObject","inLanguage":"fr-FR","@id":"https:\/\/grenadeoliveoil.com\/fr\/producto\/huile-dolive-caviar-evoo-spherification\/#primaryimage","url":"https:\/\/grenadeoliveoil.com\/wp-content\/uploads\/2025\/11\/Esferificacion-aove-e1763107441851.webp","contentUrl":"https:\/\/grenadeoliveoil.com\/wp-content\/uploads\/2025\/11\/Esferificacion-aove-e1763107441851.webp","width":864,"height":1184,"caption":"Esferificaci\u00f3n de aceite de oliva"},{"@type":"BreadcrumbList","@id":"https:\/\/grenadeoliveoil.com\/fr\/producto\/huile-dolive-caviar-evoo-spherification\/#breadcrumb","itemListElement":[{"@type":"ListItem","position":1,"name":"Portada","item":"https:\/\/grenadeoliveoil.com\/fr\/"},{"@type":"ListItem","position":2,"name":"Boutique","item":"https:\/\/grenadeoliveoil.com\/fr\/boutique\/"},{"@type":"ListItem","position":3,"name":"Huile d&#8217;olive caviar &#8211; EVOO Sph\u00e9rification"}]},{"@type":"WebSite","@id":"https:\/\/grenadeoliveoil.com\/fr\/#website","url":"https:\/\/grenadeoliveoil.com\/fr\/","name":"Grenade Olive Oil","description":"Green Olive Oil","publisher":{"@id":"https:\/\/grenadeoliveoil.com\/fr\/#organization"},"potentialAction":[{"@type":"SearchAction","target":{"@type":"EntryPoint","urlTemplate":"https:\/\/grenadeoliveoil.com\/fr\/?s={search_term_string}"},"query-input":{"@type":"PropertyValueSpecification","valueRequired":true,"valueName":"search_term_string"}}],"inLanguage":"fr-FR"},{"@type":"Organization","@id":"https:\/\/grenadeoliveoil.com\/fr\/#organization","name":"Grande Olive Oil","url":"https:\/\/grenadeoliveoil.com\/fr\/","logo":{"@type":"ImageObject","inLanguage":"fr-FR","@id":"https:\/\/grenadeoliveoil.com\/fr\/#\/schema\/logo\/image\/","url":"https:\/\/grenadeoliveoil.com\/wp-content\/uploads\/2021\/11\/aceite-verde-grenade-olive-oil.jpg","contentUrl":"https:\/\/grenadeoliveoil.com\/wp-content\/uploads\/2021\/11\/aceite-verde-grenade-olive-oil.jpg","width":150,"height":75,"caption":"Grande Olive Oil"},"image":{"@id":"https:\/\/grenadeoliveoil.com\/fr\/#\/schema\/logo\/image\/"}}]},"product_price_amount":"6.99","product_price_currency":"EUR","og_availability":"instock","product_availability":"instock","product_condition":"new"},"_links":{"self":[{"href":"https:\/\/grenadeoliveoil.com\/fr\/wp-json\/wp\/v2\/product\/40510","targetHints":{"allow":["GET"]}}],"collection":[{"href":"https:\/\/grenadeoliveoil.com\/fr\/wp-json\/wp\/v2\/product"}],"about":[{"href":"https:\/\/grenadeoliveoil.com\/fr\/wp-json\/wp\/v2\/types\/product"}],"replies":[{"embeddable":true,"href":"https:\/\/grenadeoliveoil.com\/fr\/wp-json\/wp\/v2\/comments?post=40510"}],"wp:featuredmedia":[{"embeddable":true,"href":"https:\/\/grenadeoliveoil.com\/fr\/wp-json\/wp\/v2\/media\/40469"}],"wp:attachment":[{"href":"https:\/\/grenadeoliveoil.com\/fr\/wp-json\/wp\/v2\/media?parent=40510"}],"wp:term":[{"taxonomy":"product_brand","embeddable":true,"href":"https:\/\/grenadeoliveoil.com\/fr\/wp-json\/wp\/v2\/product_brand?post=40510"},{"taxonomy":"product_cat","embeddable":true,"href":"https:\/\/grenadeoliveoil.com\/fr\/wp-json\/wp\/v2\/product_cat?post=40510"},{"taxonomy":"product_tag","embeddable":true,"href":"https:\/\/grenadeoliveoil.com\/fr\/wp-json\/wp\/v2\/product_tag?post=40510"}],"curies":[{"name":"wp","href":"https:\/\/api.w.org\/{rel}","templated":true}]}}