{"id":5281,"date":"2024-09-18T16:01:22","date_gmt":"2024-09-18T15:01:22","guid":{"rendered":"https:\/\/grenadeoliveoil.com\/producto\/huile-verte\/"},"modified":"2026-03-17T13:54:25","modified_gmt":"2026-03-17T12:54:25","slug":"vert-huile","status":"publish","type":"product","link":"https:\/\/grenadeoliveoil.com\/fr\/producto\/vert-huile\/","title":{"rendered":"Huile biologique &#8211; EVOO Premium 750 ml"},"content":{"rendered":"<p>Authentique huile d&#8217;olive extra vierge espagnole verte. Avec un processus d&#8217;extraction d&#8217;huile \u00e0 froid pour conserver toutes les propri\u00e9t\u00e9s, la saveur, les ar\u00f4mes et l&#8217;essence.<\/p>\n<p>100% HOVE.<\/p>\n<p>Huile d&#8217;olive verte pure.<br \/>\n<strong>GOLD Award for Oil Quality at the Berlin GOOA 2022.<\/strong><br \/>\n750 ml<\/p>\n","protected":false},"excerpt":{"rendered":"<p>Huile d&#8217;olive gourmande. Huile verte pure espagnole r\u00e9compens\u00e9e pour sa qualit\u00e9.<\/p>\n","protected":false},"featured_media":40532,"comment_status":"open","ping_status":"closed","template":"","meta":[],"product_brand":[],"product_cat":[93],"product_tag":[97,95,96,94],"class_list":{"0":"post-5281","1":"product","2":"type-product","3":"status-publish","4":"has-post-thumbnail","6":"product_cat-huile-verte","7":"product_tag-hove","8":"product_tag-huile-dolive","9":"product_tag-huile-dolive-vierge-extra","10":"product_tag-huile-verte","12":"first","13":"instock","14":"featured","15":"shipping-taxable","16":"purchasable","17":"product-type-simple"},"yoast_head":"<!-- This site is optimized with the Yoast SEO plugin v27.4 - https:\/\/yoast.com\/product\/yoast-seo-wordpress\/ -->\n<title>Huile verte - Acheter huile d&#039;olive espagnole - Grenade Olive Oil<\/title>\n<meta name=\"description\" content=\"Achetez de l&#039;huile d&#039;olive extra vierge verte espagnole. Huile verte de Valence. Achetez en ligne la meilleure huile espagnole. Extraction \u00e0 froid.\" \/>\n<meta name=\"robots\" content=\"index, follow, max-snippet:-1, max-image-preview:large, max-video-preview:-1\" \/>\n<link rel=\"canonical\" href=\"https:\/\/grenadeoliveoil.com\/fr\/producto\/vert-huile\/\" \/>\n<meta property=\"og:locale\" content=\"fr_FR\" \/>\n<meta property=\"og:type\" content=\"article\" \/>\n<meta property=\"og:title\" content=\"Huile verte - Acheter huile d&#039;olive espagnole - Grenade Olive Oil\" \/>\n<meta property=\"og:description\" content=\"Achetez de l&#039;huile d&#039;olive extra vierge verte espagnole. Huile verte de Valence. Achetez en ligne la meilleure huile espagnole. Extraction \u00e0 froid.\" \/>\n<meta property=\"og:url\" content=\"https:\/\/grenadeoliveoil.com\/fr\/producto\/vert-huile\/\" \/>\n<meta property=\"og:site_name\" content=\"Grenade Olive Oil\" \/>\n<meta property=\"article:modified_time\" content=\"2026-03-17T12:54:25+00:00\" \/>\n<meta property=\"og:image\" content=\"https:\/\/grenadeoliveoil.com\/wp-content\/uploads\/2024\/09\/Aceite-oliva-ecologico-verde.webp\" \/>\n\t<meta property=\"og:image:width\" content=\"1080\" \/>\n\t<meta property=\"og:image:height\" content=\"1080\" \/>\n\t<meta property=\"og:image:type\" content=\"image\/webp\" \/>\n<meta name=\"twitter:card\" content=\"summary_large_image\" \/>\n<meta name=\"twitter:label1\" content=\"Prix\" \/>\n\t<meta name=\"twitter:data1\" content=\"19,90&euro;\" \/>\n\t<meta name=\"twitter:label2\" content=\"Disponibilit\u00e9\" \/>\n\t<meta name=\"twitter:data2\" content=\"En stock\" \/>\n<script type=\"application\/ld+json\" class=\"yoast-schema-graph\">{\"@context\":\"https:\\\/\\\/schema.org\",\"@graph\":[{\"@type\":\"WebPage\",\"@id\":\"https:\\\/\\\/grenadeoliveoil.com\\\/fr\\\/producto\\\/vert-huile\\\/\",\"url\":\"https:\\\/\\\/grenadeoliveoil.com\\\/fr\\\/producto\\\/vert-huile\\\/\",\"name\":\"Huile verte - Acheter huile d'olive espagnole - Grenade Olive Oil\",\"isPartOf\":{\"@id\":\"https:\\\/\\\/grenadeoliveoil.com\\\/fr\\\/#website\"},\"primaryImageOfPage\":{\"@id\":\"https:\\\/\\\/grenadeoliveoil.com\\\/fr\\\/producto\\\/vert-huile\\\/#primaryimage\"},\"image\":{\"@id\":\"https:\\\/\\\/grenadeoliveoil.com\\\/fr\\\/producto\\\/vert-huile\\\/#primaryimage\"},\"thumbnailUrl\":\"https:\\\/\\\/grenadeoliveoil.com\\\/wp-content\\\/uploads\\\/2024\\\/09\\\/Aceite-oliva-ecologico-verde.webp\",\"datePublished\":\"2024-09-18T15:01:22+00:00\",\"dateModified\":\"2026-03-17T12:54:25+00:00\",\"description\":\"Achetez de l'huile d'olive extra vierge verte espagnole. Huile verte de Valence. Achetez en ligne la meilleure huile espagnole. Extraction \u00e0 froid.\",\"breadcrumb\":{\"@id\":\"https:\\\/\\\/grenadeoliveoil.com\\\/fr\\\/producto\\\/vert-huile\\\/#breadcrumb\"},\"inLanguage\":\"fr-FR\",\"potentialAction\":[{\"@type\":\"ReadAction\",\"target\":[\"https:\\\/\\\/grenadeoliveoil.com\\\/fr\\\/producto\\\/vert-huile\\\/\"]}]},{\"@type\":\"ImageObject\",\"inLanguage\":\"fr-FR\",\"@id\":\"https:\\\/\\\/grenadeoliveoil.com\\\/fr\\\/producto\\\/vert-huile\\\/#primaryimage\",\"url\":\"https:\\\/\\\/grenadeoliveoil.com\\\/wp-content\\\/uploads\\\/2024\\\/09\\\/Aceite-oliva-ecologico-verde.webp\",\"contentUrl\":\"https:\\\/\\\/grenadeoliveoil.com\\\/wp-content\\\/uploads\\\/2024\\\/09\\\/Aceite-oliva-ecologico-verde.webp\",\"width\":1080,\"height\":1080,\"caption\":\"Huile d'olive verte de premi\u00e8re qualit\u00e9\"},{\"@type\":\"BreadcrumbList\",\"@id\":\"https:\\\/\\\/grenadeoliveoil.com\\\/fr\\\/producto\\\/vert-huile\\\/#breadcrumb\",\"itemListElement\":[{\"@type\":\"ListItem\",\"position\":1,\"name\":\"Portada\",\"item\":\"https:\\\/\\\/grenadeoliveoil.com\\\/fr\\\/\"},{\"@type\":\"ListItem\",\"position\":2,\"name\":\"Boutique\",\"item\":\"https:\\\/\\\/grenadeoliveoil.com\\\/fr\\\/boutique\\\/\"},{\"@type\":\"ListItem\",\"position\":3,\"name\":\"Huile biologique &#8211; EVOO Premium 750 ml\"}]},{\"@type\":\"WebSite\",\"@id\":\"https:\\\/\\\/grenadeoliveoil.com\\\/fr\\\/#website\",\"url\":\"https:\\\/\\\/grenadeoliveoil.com\\\/fr\\\/\",\"name\":\"Grenade Olive Oil\",\"description\":\"Green Olive Oil\",\"publisher\":{\"@id\":\"https:\\\/\\\/grenadeoliveoil.com\\\/fr\\\/#organization\"},\"potentialAction\":[{\"@type\":\"SearchAction\",\"target\":{\"@type\":\"EntryPoint\",\"urlTemplate\":\"https:\\\/\\\/grenadeoliveoil.com\\\/fr\\\/?s={search_term_string}\"},\"query-input\":{\"@type\":\"PropertyValueSpecification\",\"valueRequired\":true,\"valueName\":\"search_term_string\"}}],\"inLanguage\":\"fr-FR\"},{\"@type\":\"Organization\",\"@id\":\"https:\\\/\\\/grenadeoliveoil.com\\\/fr\\\/#organization\",\"name\":\"Grande Olive Oil\",\"url\":\"https:\\\/\\\/grenadeoliveoil.com\\\/fr\\\/\",\"logo\":{\"@type\":\"ImageObject\",\"inLanguage\":\"fr-FR\",\"@id\":\"https:\\\/\\\/grenadeoliveoil.com\\\/fr\\\/#\\\/schema\\\/logo\\\/image\\\/\",\"url\":\"https:\\\/\\\/grenadeoliveoil.com\\\/wp-content\\\/uploads\\\/2021\\\/11\\\/aceite-verde-grenade-olive-oil.jpg\",\"contentUrl\":\"https:\\\/\\\/grenadeoliveoil.com\\\/wp-content\\\/uploads\\\/2021\\\/11\\\/aceite-verde-grenade-olive-oil.jpg\",\"width\":150,\"height\":75,\"caption\":\"Grande Olive Oil\"},\"image\":{\"@id\":\"https:\\\/\\\/grenadeoliveoil.com\\\/fr\\\/#\\\/schema\\\/logo\\\/image\\\/\"}}]}<\/script>\n<meta property=\"product:price:amount\" content=\"19.90\" \/>\n<meta property=\"product:price:currency\" content=\"EUR\" \/>\n<meta property=\"og:availability\" content=\"instock\" \/>\n<meta property=\"product:availability\" content=\"instock\" \/>\n<meta property=\"product:condition\" content=\"new\" \/>\n<!-- \/ Yoast SEO plugin. -->","yoast_head_json":{"title":"Huile verte - Acheter huile d'olive espagnole - Grenade Olive Oil","description":"Achetez de l'huile d'olive extra vierge verte espagnole. Huile verte de Valence. Achetez en ligne la meilleure huile espagnole. Extraction \u00e0 froid.","robots":{"index":"index","follow":"follow","max-snippet":"max-snippet:-1","max-image-preview":"max-image-preview:large","max-video-preview":"max-video-preview:-1"},"canonical":"https:\/\/grenadeoliveoil.com\/fr\/producto\/vert-huile\/","og_locale":"fr_FR","og_type":"article","og_title":"Huile verte - Acheter huile d'olive espagnole - Grenade Olive Oil","og_description":"Achetez de l'huile d'olive extra vierge verte espagnole. Huile verte de Valence. Achetez en ligne la meilleure huile espagnole. Extraction \u00e0 froid.","og_url":"https:\/\/grenadeoliveoil.com\/fr\/producto\/vert-huile\/","og_site_name":"Grenade Olive Oil","article_modified_time":"2026-03-17T12:54:25+00:00","og_image":[{"width":1080,"height":1080,"url":"https:\/\/grenadeoliveoil.com\/wp-content\/uploads\/2024\/09\/Aceite-oliva-ecologico-verde.webp","type":"image\/webp"}],"twitter_card":"summary_large_image","twitter_misc":{"Prix":"19,90&euro;","Disponibilit\u00e9":"En stock"},"schema":{"@context":"https:\/\/schema.org","@graph":[{"@type":"WebPage","@id":"https:\/\/grenadeoliveoil.com\/fr\/producto\/vert-huile\/","url":"https:\/\/grenadeoliveoil.com\/fr\/producto\/vert-huile\/","name":"Huile verte - Acheter huile d'olive espagnole - Grenade Olive Oil","isPartOf":{"@id":"https:\/\/grenadeoliveoil.com\/fr\/#website"},"primaryImageOfPage":{"@id":"https:\/\/grenadeoliveoil.com\/fr\/producto\/vert-huile\/#primaryimage"},"image":{"@id":"https:\/\/grenadeoliveoil.com\/fr\/producto\/vert-huile\/#primaryimage"},"thumbnailUrl":"https:\/\/grenadeoliveoil.com\/wp-content\/uploads\/2024\/09\/Aceite-oliva-ecologico-verde.webp","datePublished":"2024-09-18T15:01:22+00:00","dateModified":"2026-03-17T12:54:25+00:00","description":"Achetez de l'huile d'olive extra vierge verte espagnole. Huile verte de Valence. Achetez en ligne la meilleure huile espagnole. Extraction \u00e0 froid.","breadcrumb":{"@id":"https:\/\/grenadeoliveoil.com\/fr\/producto\/vert-huile\/#breadcrumb"},"inLanguage":"fr-FR","potentialAction":[{"@type":"ReadAction","target":["https:\/\/grenadeoliveoil.com\/fr\/producto\/vert-huile\/"]}]},{"@type":"ImageObject","inLanguage":"fr-FR","@id":"https:\/\/grenadeoliveoil.com\/fr\/producto\/vert-huile\/#primaryimage","url":"https:\/\/grenadeoliveoil.com\/wp-content\/uploads\/2024\/09\/Aceite-oliva-ecologico-verde.webp","contentUrl":"https:\/\/grenadeoliveoil.com\/wp-content\/uploads\/2024\/09\/Aceite-oliva-ecologico-verde.webp","width":1080,"height":1080,"caption":"Huile d'olive verte de premi\u00e8re qualit\u00e9"},{"@type":"BreadcrumbList","@id":"https:\/\/grenadeoliveoil.com\/fr\/producto\/vert-huile\/#breadcrumb","itemListElement":[{"@type":"ListItem","position":1,"name":"Portada","item":"https:\/\/grenadeoliveoil.com\/fr\/"},{"@type":"ListItem","position":2,"name":"Boutique","item":"https:\/\/grenadeoliveoil.com\/fr\/boutique\/"},{"@type":"ListItem","position":3,"name":"Huile biologique &#8211; EVOO Premium 750 ml"}]},{"@type":"WebSite","@id":"https:\/\/grenadeoliveoil.com\/fr\/#website","url":"https:\/\/grenadeoliveoil.com\/fr\/","name":"Grenade Olive Oil","description":"Green Olive Oil","publisher":{"@id":"https:\/\/grenadeoliveoil.com\/fr\/#organization"},"potentialAction":[{"@type":"SearchAction","target":{"@type":"EntryPoint","urlTemplate":"https:\/\/grenadeoliveoil.com\/fr\/?s={search_term_string}"},"query-input":{"@type":"PropertyValueSpecification","valueRequired":true,"valueName":"search_term_string"}}],"inLanguage":"fr-FR"},{"@type":"Organization","@id":"https:\/\/grenadeoliveoil.com\/fr\/#organization","name":"Grande Olive Oil","url":"https:\/\/grenadeoliveoil.com\/fr\/","logo":{"@type":"ImageObject","inLanguage":"fr-FR","@id":"https:\/\/grenadeoliveoil.com\/fr\/#\/schema\/logo\/image\/","url":"https:\/\/grenadeoliveoil.com\/wp-content\/uploads\/2021\/11\/aceite-verde-grenade-olive-oil.jpg","contentUrl":"https:\/\/grenadeoliveoil.com\/wp-content\/uploads\/2021\/11\/aceite-verde-grenade-olive-oil.jpg","width":150,"height":75,"caption":"Grande Olive Oil"},"image":{"@id":"https:\/\/grenadeoliveoil.com\/fr\/#\/schema\/logo\/image\/"}}]},"product_price_amount":"19.90","product_price_currency":"EUR","og_availability":"instock","product_availability":"instock","product_condition":"new"},"_links":{"self":[{"href":"https:\/\/grenadeoliveoil.com\/fr\/wp-json\/wp\/v2\/product\/5281","targetHints":{"allow":["GET"]}}],"collection":[{"href":"https:\/\/grenadeoliveoil.com\/fr\/wp-json\/wp\/v2\/product"}],"about":[{"href":"https:\/\/grenadeoliveoil.com\/fr\/wp-json\/wp\/v2\/types\/product"}],"replies":[{"embeddable":true,"href":"https:\/\/grenadeoliveoil.com\/fr\/wp-json\/wp\/v2\/comments?post=5281"}],"wp:featuredmedia":[{"embeddable":true,"href":"https:\/\/grenadeoliveoil.com\/fr\/wp-json\/wp\/v2\/media\/40532"}],"wp:attachment":[{"href":"https:\/\/grenadeoliveoil.com\/fr\/wp-json\/wp\/v2\/media?parent=5281"}],"wp:term":[{"taxonomy":"product_brand","embeddable":true,"href":"https:\/\/grenadeoliveoil.com\/fr\/wp-json\/wp\/v2\/product_brand?post=5281"},{"taxonomy":"product_cat","embeddable":true,"href":"https:\/\/grenadeoliveoil.com\/fr\/wp-json\/wp\/v2\/product_cat?post=5281"},{"taxonomy":"product_tag","embeddable":true,"href":"https:\/\/grenadeoliveoil.com\/fr\/wp-json\/wp\/v2\/product_tag?post=5281"}],"curies":[{"name":"wp","href":"https:\/\/api.w.org\/{rel}","templated":true}]}}