{"id":5417,"date":"2021-12-18T17:54:18","date_gmt":"2022-05-30T10:45:31","guid":{"rendered":"https:\/\/grenadeoliveoil.com\/producto\/olives-a-leau-de-mer\/"},"modified":"2022-12-13T09:02:09","modified_gmt":"2022-12-13T08:02:09","slug":"olives-a-l-eau-de-mer","status":"publish","type":"product","link":"https:\/\/grenadeoliveoil.com\/fr\/producto\/olives-a-l-eau-de-mer\/","title":{"rendered":"Olives \u00e0 l&#8217;eau de mer"},"content":{"rendered":"<p>Olives naturelles aux algues et eau de mer l&#8217;olivateria 225g<\/p>\n<p><strong>Produit alimentaire certifi\u00e9 biologique<br \/>\n<\/strong><\/p>\n<p><strong>Ingr\u00e9dients :<\/strong> olives*, algues*, eau de mer, acide citrique.<\/p>\n<p>*Agriculture \u00e9cologique.<\/p>\n<p><strong>Valeur nutritionnelle (100g)<\/strong><\/p>\n<ul>\n<li>\u00c9nergie : 70kJ (172kcal)<\/li>\n<li>Lipides : 18 g, dont satur\u00e9s : 3 g.<\/li>\n<li>Glucides 0 g, dont sucres 0 g<\/li>\n<li>fibres alimentaires 1 g<\/li>\n<li>Prot\u00e9ine 1g<\/li>\n<li>Sel 4g<\/li>\n<\/ul>\n<p><strong>poids 225g<\/strong><\/p>\n<div class=\"mt-4\">\n<div>\n<h4>avertissements<\/h4>\n<ul>\n<li>Toutes les informations d\u00e9taill\u00e9es dans les fiches produits ainsi que les informations nutritionnelles peuvent \u00eatre modifi\u00e9es par les fabricants. Par cons\u00e9quent, il peut y avoir un \u00e9cart \u00e0 un moment donn\u00e9. Cependant, d\u00e8s qu&#8217;ils nous transf\u00e8rent ces informations, nous les mettons \u00e0 jour dans les informations sur le produit.<\/li>\n<\/ul>\n<\/div>\n<\/div>\n","protected":false},"excerpt":{"rendered":"<p>Olives naturelles aux algues et eau de mer l&#8217;olivateria 225g Produit alimentaire certifi\u00e9 biologique Ingr\u00e9dients : olives*, algues*, eau de mer, acide citrique. *Agriculture \u00e9cologique. Valeur nutritionnelle (100g) \u00c9nergie : 70kJ (172kcal) Lipides : 18 g, dont satur\u00e9s : 3 g. Glucides 0 g, dont sucres 0 g fibres alimentaires 1 g Prot\u00e9ine 1g Sel 4g poids 225g avertissements Toutes les informations d\u00e9taill\u00e9es dans les fiches produits ainsi que les informations nutritionnelles peuvent \u00eatre modifi\u00e9es par les fabricants. Par cons\u00e9quent, il peut y avoir un \u00e9cart \u00e0 un moment donn\u00e9. Cependant, d\u00e8s qu&#8217;ils nous transf\u00e8rent ces informations, nous les mettons \u00e0 jour dans les informations sur le produit.<\/p>\n","protected":false},"featured_media":4570,"comment_status":"open","ping_status":"closed","template":"","meta":[],"product_brand":[],"product_cat":[119],"product_tag":[],"class_list":{"0":"post-5417","1":"product","2":"type-product","3":"status-publish","4":"has-post-thumbnail","6":"product_cat-olives-fr","8":"first","9":"instock","10":"shipping-taxable","11":"purchasable","12":"product-type-simple"},"yoast_head":"<!-- This site is optimized with the Yoast SEO plugin v27.3 - https:\/\/yoast.com\/product\/yoast-seo-wordpress\/ -->\n<title>Olives \u00e0 l&#039;eau de mer et aux algues - Olives Gourmet Online<\/title>\n<meta name=\"description\" content=\"Achetez en ligne des olives bio aux algues et \u00e0 l&#039;eau de mer. Achetez des olives artisanales d&#039;Olivateria. Olives Gourmet Online.\" \/>\n<meta name=\"robots\" content=\"index, follow, max-snippet:-1, max-image-preview:large, max-video-preview:-1\" \/>\n<link rel=\"canonical\" href=\"https:\/\/grenadeoliveoil.com\/fr\/producto\/olives-a-l-eau-de-mer\/\" \/>\n<meta property=\"og:locale\" content=\"fr_FR\" \/>\n<meta property=\"og:type\" content=\"article\" \/>\n<meta property=\"og:title\" content=\"Olives \u00e0 l&#039;eau de mer et aux algues - Olives Gourmet Online\" \/>\n<meta property=\"og:description\" content=\"Achetez en ligne des olives bio aux algues et \u00e0 l&#039;eau de mer. Achetez des olives artisanales d&#039;Olivateria. Olives Gourmet Online.\" \/>\n<meta property=\"og:url\" content=\"https:\/\/grenadeoliveoil.com\/fr\/producto\/olives-a-l-eau-de-mer\/\" \/>\n<meta property=\"og:site_name\" content=\"Grenade Olive Oil\" \/>\n<meta property=\"article:modified_time\" content=\"2022-12-13T08:02:09+00:00\" \/>\n<meta property=\"og:image\" content=\"https:\/\/grenadeoliveoil.com\/wp-content\/uploads\/2021\/12\/Aceitunas-con-agua-de-mar.webp\" \/>\n\t<meta property=\"og:image:width\" content=\"581\" \/>\n\t<meta property=\"og:image:height\" content=\"690\" \/>\n\t<meta property=\"og:image:type\" content=\"image\/webp\" \/>\n<meta name=\"twitter:card\" content=\"summary_large_image\" \/>\n<meta name=\"twitter:label1\" content=\"Dur\u00e9e de lecture estim\u00e9e\" \/>\n\t<meta name=\"twitter:data1\" content=\"1 minute\" \/>\n<script type=\"application\/ld+json\" class=\"yoast-schema-graph\">{\"@context\":\"https:\\\/\\\/schema.org\",\"@graph\":[{\"@type\":\"WebPage\",\"@id\":\"https:\\\/\\\/grenadeoliveoil.com\\\/fr\\\/producto\\\/olives-a-l-eau-de-mer\\\/\",\"url\":\"https:\\\/\\\/grenadeoliveoil.com\\\/fr\\\/producto\\\/olives-a-l-eau-de-mer\\\/\",\"name\":\"Olives \u00e0 l'eau de mer et aux algues - Olives Gourmet Online\",\"isPartOf\":{\"@id\":\"https:\\\/\\\/grenadeoliveoil.com\\\/fr\\\/#website\"},\"primaryImageOfPage\":{\"@id\":\"https:\\\/\\\/grenadeoliveoil.com\\\/fr\\\/producto\\\/olives-a-l-eau-de-mer\\\/#primaryimage\"},\"image\":{\"@id\":\"https:\\\/\\\/grenadeoliveoil.com\\\/fr\\\/producto\\\/olives-a-l-eau-de-mer\\\/#primaryimage\"},\"thumbnailUrl\":\"https:\\\/\\\/grenadeoliveoil.com\\\/wp-content\\\/uploads\\\/2021\\\/12\\\/Aceitunas-con-agua-de-mar.webp\",\"datePublished\":\"2022-05-30T10:45:31+00:00\",\"dateModified\":\"2022-12-13T08:02:09+00:00\",\"description\":\"Achetez en ligne des olives bio aux algues et \u00e0 l'eau de mer. Achetez des olives artisanales d'Olivateria. Olives Gourmet Online.\",\"breadcrumb\":{\"@id\":\"https:\\\/\\\/grenadeoliveoil.com\\\/fr\\\/producto\\\/olives-a-l-eau-de-mer\\\/#breadcrumb\"},\"inLanguage\":\"fr-FR\",\"potentialAction\":[{\"@type\":\"ReadAction\",\"target\":[\"https:\\\/\\\/grenadeoliveoil.com\\\/fr\\\/producto\\\/olives-a-l-eau-de-mer\\\/\"]}]},{\"@type\":\"ImageObject\",\"inLanguage\":\"fr-FR\",\"@id\":\"https:\\\/\\\/grenadeoliveoil.com\\\/fr\\\/producto\\\/olives-a-l-eau-de-mer\\\/#primaryimage\",\"url\":\"https:\\\/\\\/grenadeoliveoil.com\\\/wp-content\\\/uploads\\\/2021\\\/12\\\/Aceitunas-con-agua-de-mar.webp\",\"contentUrl\":\"https:\\\/\\\/grenadeoliveoil.com\\\/wp-content\\\/uploads\\\/2021\\\/12\\\/Aceitunas-con-agua-de-mar.webp\",\"width\":581,\"height\":690,\"caption\":\"Olives \u00e0 l'eau de mer\"},{\"@type\":\"BreadcrumbList\",\"@id\":\"https:\\\/\\\/grenadeoliveoil.com\\\/fr\\\/producto\\\/olives-a-l-eau-de-mer\\\/#breadcrumb\",\"itemListElement\":[{\"@type\":\"ListItem\",\"position\":1,\"name\":\"Portada\",\"item\":\"https:\\\/\\\/grenadeoliveoil.com\\\/fr\\\/\"},{\"@type\":\"ListItem\",\"position\":2,\"name\":\"Boutique\",\"item\":\"https:\\\/\\\/grenadeoliveoil.com\\\/fr\\\/boutique\\\/\"},{\"@type\":\"ListItem\",\"position\":3,\"name\":\"Olives \u00e0 l&rsquo;eau de mer\"}]},{\"@type\":\"WebSite\",\"@id\":\"https:\\\/\\\/grenadeoliveoil.com\\\/fr\\\/#website\",\"url\":\"https:\\\/\\\/grenadeoliveoil.com\\\/fr\\\/\",\"name\":\"Grenade Olive Oil\",\"description\":\"Green Olive Oil\",\"publisher\":{\"@id\":\"https:\\\/\\\/grenadeoliveoil.com\\\/fr\\\/#organization\"},\"potentialAction\":[{\"@type\":\"SearchAction\",\"target\":{\"@type\":\"EntryPoint\",\"urlTemplate\":\"https:\\\/\\\/grenadeoliveoil.com\\\/fr\\\/?s={search_term_string}\"},\"query-input\":{\"@type\":\"PropertyValueSpecification\",\"valueRequired\":true,\"valueName\":\"search_term_string\"}}],\"inLanguage\":\"fr-FR\"},{\"@type\":\"Organization\",\"@id\":\"https:\\\/\\\/grenadeoliveoil.com\\\/fr\\\/#organization\",\"name\":\"Grande Olive Oil\",\"url\":\"https:\\\/\\\/grenadeoliveoil.com\\\/fr\\\/\",\"logo\":{\"@type\":\"ImageObject\",\"inLanguage\":\"fr-FR\",\"@id\":\"https:\\\/\\\/grenadeoliveoil.com\\\/fr\\\/#\\\/schema\\\/logo\\\/image\\\/\",\"url\":\"https:\\\/\\\/grenadeoliveoil.com\\\/wp-content\\\/uploads\\\/2021\\\/11\\\/aceite-verde-grenade-olive-oil.jpg\",\"contentUrl\":\"https:\\\/\\\/grenadeoliveoil.com\\\/wp-content\\\/uploads\\\/2021\\\/11\\\/aceite-verde-grenade-olive-oil.jpg\",\"width\":150,\"height\":75,\"caption\":\"Grande Olive Oil\"},\"image\":{\"@id\":\"https:\\\/\\\/grenadeoliveoil.com\\\/fr\\\/#\\\/schema\\\/logo\\\/image\\\/\"}}]}<\/script>\n<!-- \/ Yoast SEO plugin. -->","yoast_head_json":{"title":"Olives \u00e0 l'eau de mer et aux algues - Olives Gourmet Online","description":"Achetez en ligne des olives bio aux algues et \u00e0 l'eau de mer. Achetez des olives artisanales d'Olivateria. Olives Gourmet Online.","robots":{"index":"index","follow":"follow","max-snippet":"max-snippet:-1","max-image-preview":"max-image-preview:large","max-video-preview":"max-video-preview:-1"},"canonical":"https:\/\/grenadeoliveoil.com\/fr\/producto\/olives-a-l-eau-de-mer\/","og_locale":"fr_FR","og_type":"article","og_title":"Olives \u00e0 l'eau de mer et aux algues - Olives Gourmet Online","og_description":"Achetez en ligne des olives bio aux algues et \u00e0 l'eau de mer. Achetez des olives artisanales d'Olivateria. Olives Gourmet Online.","og_url":"https:\/\/grenadeoliveoil.com\/fr\/producto\/olives-a-l-eau-de-mer\/","og_site_name":"Grenade Olive Oil","article_modified_time":"2022-12-13T08:02:09+00:00","og_image":[{"width":581,"height":690,"url":"https:\/\/grenadeoliveoil.com\/wp-content\/uploads\/2021\/12\/Aceitunas-con-agua-de-mar.webp","type":"image\/webp"}],"twitter_card":"summary_large_image","twitter_misc":{"Dur\u00e9e de lecture estim\u00e9e":"1 minute"},"schema":{"@context":"https:\/\/schema.org","@graph":[{"@type":"WebPage","@id":"https:\/\/grenadeoliveoil.com\/fr\/producto\/olives-a-l-eau-de-mer\/","url":"https:\/\/grenadeoliveoil.com\/fr\/producto\/olives-a-l-eau-de-mer\/","name":"Olives \u00e0 l'eau de mer et aux algues - Olives Gourmet Online","isPartOf":{"@id":"https:\/\/grenadeoliveoil.com\/fr\/#website"},"primaryImageOfPage":{"@id":"https:\/\/grenadeoliveoil.com\/fr\/producto\/olives-a-l-eau-de-mer\/#primaryimage"},"image":{"@id":"https:\/\/grenadeoliveoil.com\/fr\/producto\/olives-a-l-eau-de-mer\/#primaryimage"},"thumbnailUrl":"https:\/\/grenadeoliveoil.com\/wp-content\/uploads\/2021\/12\/Aceitunas-con-agua-de-mar.webp","datePublished":"2022-05-30T10:45:31+00:00","dateModified":"2022-12-13T08:02:09+00:00","description":"Achetez en ligne des olives bio aux algues et \u00e0 l'eau de mer. Achetez des olives artisanales d'Olivateria. Olives Gourmet Online.","breadcrumb":{"@id":"https:\/\/grenadeoliveoil.com\/fr\/producto\/olives-a-l-eau-de-mer\/#breadcrumb"},"inLanguage":"fr-FR","potentialAction":[{"@type":"ReadAction","target":["https:\/\/grenadeoliveoil.com\/fr\/producto\/olives-a-l-eau-de-mer\/"]}]},{"@type":"ImageObject","inLanguage":"fr-FR","@id":"https:\/\/grenadeoliveoil.com\/fr\/producto\/olives-a-l-eau-de-mer\/#primaryimage","url":"https:\/\/grenadeoliveoil.com\/wp-content\/uploads\/2021\/12\/Aceitunas-con-agua-de-mar.webp","contentUrl":"https:\/\/grenadeoliveoil.com\/wp-content\/uploads\/2021\/12\/Aceitunas-con-agua-de-mar.webp","width":581,"height":690,"caption":"Olives \u00e0 l'eau de mer"},{"@type":"BreadcrumbList","@id":"https:\/\/grenadeoliveoil.com\/fr\/producto\/olives-a-l-eau-de-mer\/#breadcrumb","itemListElement":[{"@type":"ListItem","position":1,"name":"Portada","item":"https:\/\/grenadeoliveoil.com\/fr\/"},{"@type":"ListItem","position":2,"name":"Boutique","item":"https:\/\/grenadeoliveoil.com\/fr\/boutique\/"},{"@type":"ListItem","position":3,"name":"Olives \u00e0 l&rsquo;eau de mer"}]},{"@type":"WebSite","@id":"https:\/\/grenadeoliveoil.com\/fr\/#website","url":"https:\/\/grenadeoliveoil.com\/fr\/","name":"Grenade Olive Oil","description":"Green Olive Oil","publisher":{"@id":"https:\/\/grenadeoliveoil.com\/fr\/#organization"},"potentialAction":[{"@type":"SearchAction","target":{"@type":"EntryPoint","urlTemplate":"https:\/\/grenadeoliveoil.com\/fr\/?s={search_term_string}"},"query-input":{"@type":"PropertyValueSpecification","valueRequired":true,"valueName":"search_term_string"}}],"inLanguage":"fr-FR"},{"@type":"Organization","@id":"https:\/\/grenadeoliveoil.com\/fr\/#organization","name":"Grande Olive Oil","url":"https:\/\/grenadeoliveoil.com\/fr\/","logo":{"@type":"ImageObject","inLanguage":"fr-FR","@id":"https:\/\/grenadeoliveoil.com\/fr\/#\/schema\/logo\/image\/","url":"https:\/\/grenadeoliveoil.com\/wp-content\/uploads\/2021\/11\/aceite-verde-grenade-olive-oil.jpg","contentUrl":"https:\/\/grenadeoliveoil.com\/wp-content\/uploads\/2021\/11\/aceite-verde-grenade-olive-oil.jpg","width":150,"height":75,"caption":"Grande Olive Oil"},"image":{"@id":"https:\/\/grenadeoliveoil.com\/fr\/#\/schema\/logo\/image\/"}}]}},"_links":{"self":[{"href":"https:\/\/grenadeoliveoil.com\/fr\/wp-json\/wp\/v2\/product\/5417","targetHints":{"allow":["GET"]}}],"collection":[{"href":"https:\/\/grenadeoliveoil.com\/fr\/wp-json\/wp\/v2\/product"}],"about":[{"href":"https:\/\/grenadeoliveoil.com\/fr\/wp-json\/wp\/v2\/types\/product"}],"replies":[{"embeddable":true,"href":"https:\/\/grenadeoliveoil.com\/fr\/wp-json\/wp\/v2\/comments?post=5417"}],"wp:featuredmedia":[{"embeddable":true,"href":"https:\/\/grenadeoliveoil.com\/fr\/wp-json\/wp\/v2\/media\/4570"}],"wp:attachment":[{"href":"https:\/\/grenadeoliveoil.com\/fr\/wp-json\/wp\/v2\/media?parent=5417"}],"wp:term":[{"taxonomy":"product_brand","embeddable":true,"href":"https:\/\/grenadeoliveoil.com\/fr\/wp-json\/wp\/v2\/product_brand?post=5417"},{"taxonomy":"product_cat","embeddable":true,"href":"https:\/\/grenadeoliveoil.com\/fr\/wp-json\/wp\/v2\/product_cat?post=5417"},{"taxonomy":"product_tag","embeddable":true,"href":"https:\/\/grenadeoliveoil.com\/fr\/wp-json\/wp\/v2\/product_tag?post=5417"}],"curies":[{"name":"wp","href":"https:\/\/api.w.org\/{rel}","templated":true}]}}