{"id":5418,"date":"2021-12-18T18:05:53","date_gmt":"2021-12-18T17:05:53","guid":{"rendered":"https:\/\/grenadeoliveoil.com\/producto\/pate-dolives-noires-epicees-bio\/"},"modified":"2022-05-30T11:45:59","modified_gmt":"2022-05-30T10:45:59","slug":"pate-d-olives-noires-bio","status":"publish","type":"product","link":"https:\/\/grenadeoliveoil.com\/fr\/producto\/pate-d-olives-noires-bio\/","title":{"rendered":"P\u00e2t\u00e9 d&#8217;olives noires \u00e9pic\u00e9es bio"},"content":{"rendered":"<p>P\u00e2t\u00e9 d&#8217;olives noires bio \u00e9pic\u00e9 de l&#8217;olivateria 225g<\/p>\n<p><strong>Produit alimentaire certifi\u00e9 biologique<br \/>\n<\/strong><\/p>\n<p><strong>Ingr\u00e9dients :<\/strong> olives*, acide citrique.<\/p>\n<p>*Agriculture \u00e9cologique.<\/p>\n<p><strong>Valeur nutritionnelle (100g)<\/strong><\/p>\n<ul>\n<li>\u00c9nergie : 70kJ (172kcal)<\/li>\n<li>Lipides : 18 g, dont satur\u00e9s : 3 g.<\/li>\n<li>Glucides 0 g, dont sucres 0 g<\/li>\n<li>fibres alimentaires 1 g<\/li>\n<li>Prot\u00e9ine 1g<\/li>\n<li>Sel 4g<\/li>\n<\/ul>\n<p><strong>poids 225g<\/strong><\/p>\n<div class=\"mt-4\">\n<div>\n<h4>avertissements<\/h4>\n<ul>\n<li>Toutes les informations d\u00e9taill\u00e9es dans les fiches produits ainsi que les informations nutritionnelles peuvent \u00eatre modifi\u00e9es par les fabricants. Par cons\u00e9quent, il peut y avoir un \u00e9cart \u00e0 un moment donn\u00e9. Cependant, d\u00e8s qu&#8217;ils nous transf\u00e8rent ces informations, nous les mettons \u00e0 jour dans les informations sur le produit.<\/li>\n<\/ul>\n<\/div>\n<\/div>\n","protected":false},"excerpt":{"rendered":"<p>P\u00e2t\u00e9 d&#8217;olives noires bio \u00e9pic\u00e9 de l&#8217;olivateria 225g Produit alimentaire certifi\u00e9 biologique Ingr\u00e9dients : olives*, acide citrique. *Agriculture \u00e9cologique. Valeur nutritionnelle (100g) \u00c9nergie : 70kJ (172kcal) Lipides : 18 g, dont satur\u00e9s : 3 g. Glucides 0 g, dont sucres 0 g fibres alimentaires 1 g Prot\u00e9ine 1g Sel 4g poids 225g avertissements Toutes les informations d\u00e9taill\u00e9es dans les fiches produits ainsi que les informations nutritionnelles peuvent \u00eatre modifi\u00e9es par les fabricants. Par cons\u00e9quent, il peut y avoir un \u00e9cart \u00e0 un moment donn\u00e9. Cependant, d\u00e8s qu&#8217;ils nous transf\u00e8rent ces informations, nous les mettons \u00e0 jour dans les informations sur le produit.<\/p>\n","protected":false},"featured_media":4590,"comment_status":"open","ping_status":"closed","template":"","meta":[],"product_brand":[],"product_cat":[119],"product_tag":[],"class_list":{"0":"post-5418","1":"product","2":"type-product","3":"status-publish","4":"has-post-thumbnail","6":"product_cat-olives-fr","8":"first","9":"instock","10":"shipping-taxable","11":"purchasable","12":"product-type-simple"},"yoast_head":"<!-- This site is optimized with the Yoast SEO plugin v27.4 - https:\/\/yoast.com\/product\/yoast-seo-wordpress\/ -->\n<title>P\u00e2t\u00e9 d&#039;olives noires \u00e9pic\u00e9es bio - Acheter en ligne<\/title>\n<meta name=\"description\" content=\"Achetez du p\u00e2t\u00e9 d&#039;olives noires bio \u00e9pic\u00e9 en ligne. Achetez le meilleur p\u00e2t\u00e9 d&#039;olive artisanal bio. Huile d&#039;olive verte.\" \/>\n<meta name=\"robots\" content=\"index, follow, max-snippet:-1, max-image-preview:large, max-video-preview:-1\" \/>\n<link rel=\"canonical\" href=\"https:\/\/grenadeoliveoil.com\/fr\/producto\/pate-d-olives-noires-bio\/\" \/>\n<meta property=\"og:locale\" content=\"fr_FR\" \/>\n<meta property=\"og:type\" content=\"article\" \/>\n<meta property=\"og:title\" content=\"P\u00e2t\u00e9 d&#039;olives noires \u00e9pic\u00e9es bio - Acheter en ligne\" \/>\n<meta property=\"og:description\" content=\"Achetez du p\u00e2t\u00e9 d&#039;olives noires bio \u00e9pic\u00e9 en ligne. Achetez le meilleur p\u00e2t\u00e9 d&#039;olive artisanal bio. Huile d&#039;olive verte.\" \/>\n<meta property=\"og:url\" content=\"https:\/\/grenadeoliveoil.com\/fr\/producto\/pate-d-olives-noires-bio\/\" \/>\n<meta property=\"og:site_name\" content=\"Grenade Olive Oil\" \/>\n<meta property=\"article:modified_time\" content=\"2022-05-30T10:45:59+00:00\" \/>\n<meta property=\"og:image\" content=\"https:\/\/grenadeoliveoil.com\/wp-content\/uploads\/2021\/12\/Pate-aceituna-negra-picante-ecologica.webp\" \/>\n\t<meta property=\"og:image:width\" content=\"587\" \/>\n\t<meta property=\"og:image:height\" content=\"661\" \/>\n\t<meta property=\"og:image:type\" content=\"image\/webp\" \/>\n<meta name=\"twitter:card\" content=\"summary_large_image\" \/>\n<meta name=\"twitter:label1\" content=\"Prix\" \/>\n\t<meta name=\"twitter:data1\" content=\"4,60&euro;\" \/>\n\t<meta name=\"twitter:label2\" content=\"Disponibilit\u00e9\" \/>\n\t<meta name=\"twitter:data2\" content=\"En stock\" \/>\n<script type=\"application\/ld+json\" class=\"yoast-schema-graph\">{\"@context\":\"https:\\\/\\\/schema.org\",\"@graph\":[{\"@type\":\"WebPage\",\"@id\":\"https:\\\/\\\/grenadeoliveoil.com\\\/fr\\\/producto\\\/pate-d-olives-noires-bio\\\/\",\"url\":\"https:\\\/\\\/grenadeoliveoil.com\\\/fr\\\/producto\\\/pate-d-olives-noires-bio\\\/\",\"name\":\"P\u00e2t\u00e9 d'olives noires \u00e9pic\u00e9es bio - Acheter en ligne\",\"isPartOf\":{\"@id\":\"https:\\\/\\\/grenadeoliveoil.com\\\/fr\\\/#website\"},\"primaryImageOfPage\":{\"@id\":\"https:\\\/\\\/grenadeoliveoil.com\\\/fr\\\/producto\\\/pate-d-olives-noires-bio\\\/#primaryimage\"},\"image\":{\"@id\":\"https:\\\/\\\/grenadeoliveoil.com\\\/fr\\\/producto\\\/pate-d-olives-noires-bio\\\/#primaryimage\"},\"thumbnailUrl\":\"https:\\\/\\\/grenadeoliveoil.com\\\/wp-content\\\/uploads\\\/2021\\\/12\\\/Pate-aceituna-negra-picante-ecologica.webp\",\"datePublished\":\"2021-12-18T17:05:53+00:00\",\"dateModified\":\"2022-05-30T10:45:59+00:00\",\"description\":\"Achetez du p\u00e2t\u00e9 d'olives noires bio \u00e9pic\u00e9 en ligne. Achetez le meilleur p\u00e2t\u00e9 d'olive artisanal bio. Huile d'olive verte.\",\"breadcrumb\":{\"@id\":\"https:\\\/\\\/grenadeoliveoil.com\\\/fr\\\/producto\\\/pate-d-olives-noires-bio\\\/#breadcrumb\"},\"inLanguage\":\"fr-FR\",\"potentialAction\":[{\"@type\":\"ReadAction\",\"target\":[\"https:\\\/\\\/grenadeoliveoil.com\\\/fr\\\/producto\\\/pate-d-olives-noires-bio\\\/\"]}]},{\"@type\":\"ImageObject\",\"inLanguage\":\"fr-FR\",\"@id\":\"https:\\\/\\\/grenadeoliveoil.com\\\/fr\\\/producto\\\/pate-d-olives-noires-bio\\\/#primaryimage\",\"url\":\"https:\\\/\\\/grenadeoliveoil.com\\\/wp-content\\\/uploads\\\/2021\\\/12\\\/Pate-aceituna-negra-picante-ecologica.webp\",\"contentUrl\":\"https:\\\/\\\/grenadeoliveoil.com\\\/wp-content\\\/uploads\\\/2021\\\/12\\\/Pate-aceituna-negra-picante-ecologica.webp\",\"width\":587,\"height\":661,\"caption\":\"P\u00e2t\u00e9 d'olives noires bio\"},{\"@type\":\"BreadcrumbList\",\"@id\":\"https:\\\/\\\/grenadeoliveoil.com\\\/fr\\\/producto\\\/pate-d-olives-noires-bio\\\/#breadcrumb\",\"itemListElement\":[{\"@type\":\"ListItem\",\"position\":1,\"name\":\"Portada\",\"item\":\"https:\\\/\\\/grenadeoliveoil.com\\\/fr\\\/\"},{\"@type\":\"ListItem\",\"position\":2,\"name\":\"Boutique\",\"item\":\"https:\\\/\\\/grenadeoliveoil.com\\\/fr\\\/boutique\\\/\"},{\"@type\":\"ListItem\",\"position\":3,\"name\":\"P\u00e2t\u00e9 d&rsquo;olives noires \u00e9pic\u00e9es bio\"}]},{\"@type\":\"WebSite\",\"@id\":\"https:\\\/\\\/grenadeoliveoil.com\\\/fr\\\/#website\",\"url\":\"https:\\\/\\\/grenadeoliveoil.com\\\/fr\\\/\",\"name\":\"Grenade Olive Oil\",\"description\":\"Green Olive Oil\",\"publisher\":{\"@id\":\"https:\\\/\\\/grenadeoliveoil.com\\\/fr\\\/#organization\"},\"potentialAction\":[{\"@type\":\"SearchAction\",\"target\":{\"@type\":\"EntryPoint\",\"urlTemplate\":\"https:\\\/\\\/grenadeoliveoil.com\\\/fr\\\/?s={search_term_string}\"},\"query-input\":{\"@type\":\"PropertyValueSpecification\",\"valueRequired\":true,\"valueName\":\"search_term_string\"}}],\"inLanguage\":\"fr-FR\"},{\"@type\":\"Organization\",\"@id\":\"https:\\\/\\\/grenadeoliveoil.com\\\/fr\\\/#organization\",\"name\":\"Grande Olive Oil\",\"url\":\"https:\\\/\\\/grenadeoliveoil.com\\\/fr\\\/\",\"logo\":{\"@type\":\"ImageObject\",\"inLanguage\":\"fr-FR\",\"@id\":\"https:\\\/\\\/grenadeoliveoil.com\\\/fr\\\/#\\\/schema\\\/logo\\\/image\\\/\",\"url\":\"https:\\\/\\\/grenadeoliveoil.com\\\/wp-content\\\/uploads\\\/2021\\\/11\\\/aceite-verde-grenade-olive-oil.jpg\",\"contentUrl\":\"https:\\\/\\\/grenadeoliveoil.com\\\/wp-content\\\/uploads\\\/2021\\\/11\\\/aceite-verde-grenade-olive-oil.jpg\",\"width\":150,\"height\":75,\"caption\":\"Grande Olive Oil\"},\"image\":{\"@id\":\"https:\\\/\\\/grenadeoliveoil.com\\\/fr\\\/#\\\/schema\\\/logo\\\/image\\\/\"}}]}<\/script>\n<meta property=\"product:price:amount\" content=\"4.60\" \/>\n<meta property=\"product:price:currency\" content=\"EUR\" \/>\n<meta property=\"og:availability\" content=\"instock\" \/>\n<meta property=\"product:availability\" content=\"instock\" \/>\n<meta property=\"product:condition\" content=\"new\" \/>\n<!-- \/ Yoast SEO plugin. -->","yoast_head_json":{"title":"P\u00e2t\u00e9 d'olives noires \u00e9pic\u00e9es bio - Acheter en ligne","description":"Achetez du p\u00e2t\u00e9 d'olives noires bio \u00e9pic\u00e9 en ligne. Achetez le meilleur p\u00e2t\u00e9 d'olive artisanal bio. Huile d'olive verte.","robots":{"index":"index","follow":"follow","max-snippet":"max-snippet:-1","max-image-preview":"max-image-preview:large","max-video-preview":"max-video-preview:-1"},"canonical":"https:\/\/grenadeoliveoil.com\/fr\/producto\/pate-d-olives-noires-bio\/","og_locale":"fr_FR","og_type":"article","og_title":"P\u00e2t\u00e9 d'olives noires \u00e9pic\u00e9es bio - Acheter en ligne","og_description":"Achetez du p\u00e2t\u00e9 d'olives noires bio \u00e9pic\u00e9 en ligne. Achetez le meilleur p\u00e2t\u00e9 d'olive artisanal bio. Huile d'olive verte.","og_url":"https:\/\/grenadeoliveoil.com\/fr\/producto\/pate-d-olives-noires-bio\/","og_site_name":"Grenade Olive Oil","article_modified_time":"2022-05-30T10:45:59+00:00","og_image":[{"width":587,"height":661,"url":"https:\/\/grenadeoliveoil.com\/wp-content\/uploads\/2021\/12\/Pate-aceituna-negra-picante-ecologica.webp","type":"image\/webp"}],"twitter_card":"summary_large_image","twitter_misc":{"Prix":"4,60&euro;","Disponibilit\u00e9":"En stock"},"schema":{"@context":"https:\/\/schema.org","@graph":[{"@type":"WebPage","@id":"https:\/\/grenadeoliveoil.com\/fr\/producto\/pate-d-olives-noires-bio\/","url":"https:\/\/grenadeoliveoil.com\/fr\/producto\/pate-d-olives-noires-bio\/","name":"P\u00e2t\u00e9 d'olives noires \u00e9pic\u00e9es bio - Acheter en ligne","isPartOf":{"@id":"https:\/\/grenadeoliveoil.com\/fr\/#website"},"primaryImageOfPage":{"@id":"https:\/\/grenadeoliveoil.com\/fr\/producto\/pate-d-olives-noires-bio\/#primaryimage"},"image":{"@id":"https:\/\/grenadeoliveoil.com\/fr\/producto\/pate-d-olives-noires-bio\/#primaryimage"},"thumbnailUrl":"https:\/\/grenadeoliveoil.com\/wp-content\/uploads\/2021\/12\/Pate-aceituna-negra-picante-ecologica.webp","datePublished":"2021-12-18T17:05:53+00:00","dateModified":"2022-05-30T10:45:59+00:00","description":"Achetez du p\u00e2t\u00e9 d'olives noires bio \u00e9pic\u00e9 en ligne. Achetez le meilleur p\u00e2t\u00e9 d'olive artisanal bio. Huile d'olive verte.","breadcrumb":{"@id":"https:\/\/grenadeoliveoil.com\/fr\/producto\/pate-d-olives-noires-bio\/#breadcrumb"},"inLanguage":"fr-FR","potentialAction":[{"@type":"ReadAction","target":["https:\/\/grenadeoliveoil.com\/fr\/producto\/pate-d-olives-noires-bio\/"]}]},{"@type":"ImageObject","inLanguage":"fr-FR","@id":"https:\/\/grenadeoliveoil.com\/fr\/producto\/pate-d-olives-noires-bio\/#primaryimage","url":"https:\/\/grenadeoliveoil.com\/wp-content\/uploads\/2021\/12\/Pate-aceituna-negra-picante-ecologica.webp","contentUrl":"https:\/\/grenadeoliveoil.com\/wp-content\/uploads\/2021\/12\/Pate-aceituna-negra-picante-ecologica.webp","width":587,"height":661,"caption":"P\u00e2t\u00e9 d'olives noires bio"},{"@type":"BreadcrumbList","@id":"https:\/\/grenadeoliveoil.com\/fr\/producto\/pate-d-olives-noires-bio\/#breadcrumb","itemListElement":[{"@type":"ListItem","position":1,"name":"Portada","item":"https:\/\/grenadeoliveoil.com\/fr\/"},{"@type":"ListItem","position":2,"name":"Boutique","item":"https:\/\/grenadeoliveoil.com\/fr\/boutique\/"},{"@type":"ListItem","position":3,"name":"P\u00e2t\u00e9 d&rsquo;olives noires \u00e9pic\u00e9es bio"}]},{"@type":"WebSite","@id":"https:\/\/grenadeoliveoil.com\/fr\/#website","url":"https:\/\/grenadeoliveoil.com\/fr\/","name":"Grenade Olive Oil","description":"Green Olive Oil","publisher":{"@id":"https:\/\/grenadeoliveoil.com\/fr\/#organization"},"potentialAction":[{"@type":"SearchAction","target":{"@type":"EntryPoint","urlTemplate":"https:\/\/grenadeoliveoil.com\/fr\/?s={search_term_string}"},"query-input":{"@type":"PropertyValueSpecification","valueRequired":true,"valueName":"search_term_string"}}],"inLanguage":"fr-FR"},{"@type":"Organization","@id":"https:\/\/grenadeoliveoil.com\/fr\/#organization","name":"Grande Olive Oil","url":"https:\/\/grenadeoliveoil.com\/fr\/","logo":{"@type":"ImageObject","inLanguage":"fr-FR","@id":"https:\/\/grenadeoliveoil.com\/fr\/#\/schema\/logo\/image\/","url":"https:\/\/grenadeoliveoil.com\/wp-content\/uploads\/2021\/11\/aceite-verde-grenade-olive-oil.jpg","contentUrl":"https:\/\/grenadeoliveoil.com\/wp-content\/uploads\/2021\/11\/aceite-verde-grenade-olive-oil.jpg","width":150,"height":75,"caption":"Grande Olive Oil"},"image":{"@id":"https:\/\/grenadeoliveoil.com\/fr\/#\/schema\/logo\/image\/"}}]},"product_price_amount":"4.60","product_price_currency":"EUR","og_availability":"instock","product_availability":"instock","product_condition":"new"},"_links":{"self":[{"href":"https:\/\/grenadeoliveoil.com\/fr\/wp-json\/wp\/v2\/product\/5418","targetHints":{"allow":["GET"]}}],"collection":[{"href":"https:\/\/grenadeoliveoil.com\/fr\/wp-json\/wp\/v2\/product"}],"about":[{"href":"https:\/\/grenadeoliveoil.com\/fr\/wp-json\/wp\/v2\/types\/product"}],"replies":[{"embeddable":true,"href":"https:\/\/grenadeoliveoil.com\/fr\/wp-json\/wp\/v2\/comments?post=5418"}],"wp:featuredmedia":[{"embeddable":true,"href":"https:\/\/grenadeoliveoil.com\/fr\/wp-json\/wp\/v2\/media\/4590"}],"wp:attachment":[{"href":"https:\/\/grenadeoliveoil.com\/fr\/wp-json\/wp\/v2\/media?parent=5418"}],"wp:term":[{"taxonomy":"product_brand","embeddable":true,"href":"https:\/\/grenadeoliveoil.com\/fr\/wp-json\/wp\/v2\/product_brand?post=5418"},{"taxonomy":"product_cat","embeddable":true,"href":"https:\/\/grenadeoliveoil.com\/fr\/wp-json\/wp\/v2\/product_cat?post=5418"},{"taxonomy":"product_tag","embeddable":true,"href":"https:\/\/grenadeoliveoil.com\/fr\/wp-json\/wp\/v2\/product_tag?post=5418"}],"curies":[{"name":"wp","href":"https:\/\/api.w.org\/{rel}","templated":true}]}}