{"id":5610,"date":"2022-11-07T11:33:48","date_gmt":"2022-10-03T10:52:18","guid":{"rendered":"https:\/\/grenadeoliveoil.com\/producto\/evoo-250-ml\/"},"modified":"2025-01-14T11:33:11","modified_gmt":"2025-01-14T10:33:11","slug":"aove-250-ml","status":"publish","type":"product","link":"https:\/\/grenadeoliveoil.com\/fr\/producto\/aove-250-ml\/","title":{"rendered":"EVOO 250 ml"},"content":{"rendered":"<p><strong>Huile d&#8217;olive extra vierge, au fruit\u00e9 vert intense, \u00e9quilibr\u00e9e par des attributs positifs d&#8217;amertume et de piquant.<\/strong><\/p>\n<p>Ar\u00f4me et go\u00fbt frais d&#8217;herbes et de fruits verts. Exquis, savoureux et complexe.<\/p>\n<h2>D\u00e9gustation d&#8217;EVOO<\/h2>\n<p>pr\u00e9dominance d&#8217;ar\u00f4mes de plantes fra\u00eeches et d&#8217;herbes aromatiques.<\/p>\n<p>On peut \u00e9galement distinguer des notes de fruits verts, de peau de banane, de kiwi et de pomme verte.<\/p>\n<p>Ces attributs sont sans aucun doute caract\u00e9ristiques d&#8217;une huile extraite d&#8217;olives saines, r\u00e9colt\u00e9es lorsqu&#8217;elles sont encore vertes (Early Harvest).<\/p>\n<p>En bouche, les ar\u00f4mes verts s&#8217;associent \u00e0 des sensations gustatives de poivre vert frais, de tomate verte et d&#8217;amande am\u00e8re.<\/p>\n<p>En outre, les attributs positifs de l&#8217;amertume et du piquant sont mod\u00e9r\u00e9s et \u00e9quilibr\u00e9s, avec une intensit\u00e9 agr\u00e9able et des notes finales l\u00e9g\u00e8rement astringentes. Cela est d\u00fb \u00e0 sa forte teneur en antioxydants naturels.<\/p>\n","protected":false},"excerpt":{"rendered":"<p>C&#8217;est une huile d&#8217;olive extra vierge aux ar\u00f4mes verts.<\/p>\n","protected":false},"featured_media":5606,"comment_status":"open","ping_status":"closed","template":"","meta":[],"product_brand":[],"product_cat":[93],"product_tag":[97,96],"class_list":{"0":"post-5610","1":"product","2":"type-product","3":"status-publish","4":"has-post-thumbnail","6":"product_cat-huile-verte","7":"product_tag-hove","8":"product_tag-huile-dolive-vierge-extra","10":"first","11":"instock","12":"shipping-taxable","13":"purchasable","14":"product-type-simple"},"yoast_head":"<!-- This site is optimized with the Yoast SEO plugin v27.3 - https:\/\/yoast.com\/product\/yoast-seo-wordpress\/ -->\n<title>EVOO espagnol - Huile d&#039;olive extra vierge pure de Espagne<\/title>\n<meta name=\"description\" content=\"L&#039;huile d&#039;olive extra vierge d&#039;oliviers espagnols en 250 ml est id\u00e9ale pour la d\u00e9gustation. Grenade EVOO valencienne.\" \/>\n<meta name=\"robots\" content=\"index, follow, max-snippet:-1, max-image-preview:large, max-video-preview:-1\" \/>\n<link rel=\"canonical\" href=\"https:\/\/grenadeoliveoil.com\/fr\/producto\/aove-250-ml\/\" \/>\n<meta property=\"og:locale\" content=\"fr_FR\" \/>\n<meta property=\"og:type\" content=\"article\" \/>\n<meta property=\"og:title\" content=\"EVOO espagnol - Huile d&#039;olive extra vierge pure de Espagne\" \/>\n<meta property=\"og:description\" content=\"L&#039;huile d&#039;olive extra vierge d&#039;oliviers espagnols en 250 ml est id\u00e9ale pour la d\u00e9gustation. Grenade EVOO valencienne.\" \/>\n<meta property=\"og:url\" content=\"https:\/\/grenadeoliveoil.com\/fr\/producto\/aove-250-ml\/\" \/>\n<meta property=\"og:site_name\" content=\"Grenade Olive Oil\" \/>\n<meta property=\"article:modified_time\" content=\"2025-01-14T10:33:11+00:00\" \/>\n<meta property=\"og:image\" content=\"https:\/\/grenadeoliveoil.com\/wp-content\/uploads\/2022\/10\/Aove-250-valenciano.webp\" \/>\n\t<meta property=\"og:image:width\" content=\"500\" \/>\n\t<meta property=\"og:image:height\" content=\"500\" \/>\n\t<meta property=\"og:image:type\" content=\"image\/webp\" \/>\n<meta name=\"twitter:card\" content=\"summary_large_image\" \/>\n<meta name=\"twitter:label1\" content=\"Dur\u00e9e de lecture estim\u00e9e\" \/>\n\t<meta name=\"twitter:data1\" content=\"1 minute\" \/>\n<script type=\"application\/ld+json\" class=\"yoast-schema-graph\">{\"@context\":\"https:\\\/\\\/schema.org\",\"@graph\":[{\"@type\":\"WebPage\",\"@id\":\"https:\\\/\\\/grenadeoliveoil.com\\\/fr\\\/producto\\\/aove-250-ml\\\/\",\"url\":\"https:\\\/\\\/grenadeoliveoil.com\\\/fr\\\/producto\\\/aove-250-ml\\\/\",\"name\":\"EVOO espagnol - Huile d'olive extra vierge pure de Espagne\",\"isPartOf\":{\"@id\":\"https:\\\/\\\/grenadeoliveoil.com\\\/fr\\\/#website\"},\"primaryImageOfPage\":{\"@id\":\"https:\\\/\\\/grenadeoliveoil.com\\\/fr\\\/producto\\\/aove-250-ml\\\/#primaryimage\"},\"image\":{\"@id\":\"https:\\\/\\\/grenadeoliveoil.com\\\/fr\\\/producto\\\/aove-250-ml\\\/#primaryimage\"},\"thumbnailUrl\":\"https:\\\/\\\/grenadeoliveoil.com\\\/wp-content\\\/uploads\\\/2022\\\/10\\\/Aove-250-valenciano.webp\",\"datePublished\":\"2022-10-03T10:52:18+00:00\",\"dateModified\":\"2025-01-14T10:33:11+00:00\",\"description\":\"L'huile d'olive extra vierge d'oliviers espagnols en 250 ml est id\u00e9ale pour la d\u00e9gustation. Grenade EVOO valencienne.\",\"breadcrumb\":{\"@id\":\"https:\\\/\\\/grenadeoliveoil.com\\\/fr\\\/producto\\\/aove-250-ml\\\/#breadcrumb\"},\"inLanguage\":\"fr-FR\",\"potentialAction\":[{\"@type\":\"ReadAction\",\"target\":[\"https:\\\/\\\/grenadeoliveoil.com\\\/fr\\\/producto\\\/aove-250-ml\\\/\"]}]},{\"@type\":\"ImageObject\",\"inLanguage\":\"fr-FR\",\"@id\":\"https:\\\/\\\/grenadeoliveoil.com\\\/fr\\\/producto\\\/aove-250-ml\\\/#primaryimage\",\"url\":\"https:\\\/\\\/grenadeoliveoil.com\\\/wp-content\\\/uploads\\\/2022\\\/10\\\/Aove-250-valenciano.webp\",\"contentUrl\":\"https:\\\/\\\/grenadeoliveoil.com\\\/wp-content\\\/uploads\\\/2022\\\/10\\\/Aove-250-valenciano.webp\",\"width\":500,\"height\":500,\"caption\":\"Huile d'olive extra vierge\"},{\"@type\":\"BreadcrumbList\",\"@id\":\"https:\\\/\\\/grenadeoliveoil.com\\\/fr\\\/producto\\\/aove-250-ml\\\/#breadcrumb\",\"itemListElement\":[{\"@type\":\"ListItem\",\"position\":1,\"name\":\"Portada\",\"item\":\"https:\\\/\\\/grenadeoliveoil.com\\\/fr\\\/\"},{\"@type\":\"ListItem\",\"position\":2,\"name\":\"Boutique\",\"item\":\"https:\\\/\\\/grenadeoliveoil.com\\\/fr\\\/boutique\\\/\"},{\"@type\":\"ListItem\",\"position\":3,\"name\":\"EVOO 250 ml\"}]},{\"@type\":\"WebSite\",\"@id\":\"https:\\\/\\\/grenadeoliveoil.com\\\/fr\\\/#website\",\"url\":\"https:\\\/\\\/grenadeoliveoil.com\\\/fr\\\/\",\"name\":\"Grenade Olive Oil\",\"description\":\"Green Olive Oil\",\"publisher\":{\"@id\":\"https:\\\/\\\/grenadeoliveoil.com\\\/fr\\\/#organization\"},\"potentialAction\":[{\"@type\":\"SearchAction\",\"target\":{\"@type\":\"EntryPoint\",\"urlTemplate\":\"https:\\\/\\\/grenadeoliveoil.com\\\/fr\\\/?s={search_term_string}\"},\"query-input\":{\"@type\":\"PropertyValueSpecification\",\"valueRequired\":true,\"valueName\":\"search_term_string\"}}],\"inLanguage\":\"fr-FR\"},{\"@type\":\"Organization\",\"@id\":\"https:\\\/\\\/grenadeoliveoil.com\\\/fr\\\/#organization\",\"name\":\"Grande Olive Oil\",\"url\":\"https:\\\/\\\/grenadeoliveoil.com\\\/fr\\\/\",\"logo\":{\"@type\":\"ImageObject\",\"inLanguage\":\"fr-FR\",\"@id\":\"https:\\\/\\\/grenadeoliveoil.com\\\/fr\\\/#\\\/schema\\\/logo\\\/image\\\/\",\"url\":\"https:\\\/\\\/grenadeoliveoil.com\\\/wp-content\\\/uploads\\\/2021\\\/11\\\/aceite-verde-grenade-olive-oil.jpg\",\"contentUrl\":\"https:\\\/\\\/grenadeoliveoil.com\\\/wp-content\\\/uploads\\\/2021\\\/11\\\/aceite-verde-grenade-olive-oil.jpg\",\"width\":150,\"height\":75,\"caption\":\"Grande Olive Oil\"},\"image\":{\"@id\":\"https:\\\/\\\/grenadeoliveoil.com\\\/fr\\\/#\\\/schema\\\/logo\\\/image\\\/\"}}]}<\/script>\n<!-- \/ Yoast SEO plugin. -->","yoast_head_json":{"title":"EVOO espagnol - Huile d'olive extra vierge pure de Espagne","description":"L'huile d'olive extra vierge d'oliviers espagnols en 250 ml est id\u00e9ale pour la d\u00e9gustation. Grenade EVOO valencienne.","robots":{"index":"index","follow":"follow","max-snippet":"max-snippet:-1","max-image-preview":"max-image-preview:large","max-video-preview":"max-video-preview:-1"},"canonical":"https:\/\/grenadeoliveoil.com\/fr\/producto\/aove-250-ml\/","og_locale":"fr_FR","og_type":"article","og_title":"EVOO espagnol - Huile d'olive extra vierge pure de Espagne","og_description":"L'huile d'olive extra vierge d'oliviers espagnols en 250 ml est id\u00e9ale pour la d\u00e9gustation. Grenade EVOO valencienne.","og_url":"https:\/\/grenadeoliveoil.com\/fr\/producto\/aove-250-ml\/","og_site_name":"Grenade Olive Oil","article_modified_time":"2025-01-14T10:33:11+00:00","og_image":[{"width":500,"height":500,"url":"https:\/\/grenadeoliveoil.com\/wp-content\/uploads\/2022\/10\/Aove-250-valenciano.webp","type":"image\/webp"}],"twitter_card":"summary_large_image","twitter_misc":{"Dur\u00e9e de lecture estim\u00e9e":"1 minute"},"schema":{"@context":"https:\/\/schema.org","@graph":[{"@type":"WebPage","@id":"https:\/\/grenadeoliveoil.com\/fr\/producto\/aove-250-ml\/","url":"https:\/\/grenadeoliveoil.com\/fr\/producto\/aove-250-ml\/","name":"EVOO espagnol - Huile d'olive extra vierge pure de Espagne","isPartOf":{"@id":"https:\/\/grenadeoliveoil.com\/fr\/#website"},"primaryImageOfPage":{"@id":"https:\/\/grenadeoliveoil.com\/fr\/producto\/aove-250-ml\/#primaryimage"},"image":{"@id":"https:\/\/grenadeoliveoil.com\/fr\/producto\/aove-250-ml\/#primaryimage"},"thumbnailUrl":"https:\/\/grenadeoliveoil.com\/wp-content\/uploads\/2022\/10\/Aove-250-valenciano.webp","datePublished":"2022-10-03T10:52:18+00:00","dateModified":"2025-01-14T10:33:11+00:00","description":"L'huile d'olive extra vierge d'oliviers espagnols en 250 ml est id\u00e9ale pour la d\u00e9gustation. Grenade EVOO valencienne.","breadcrumb":{"@id":"https:\/\/grenadeoliveoil.com\/fr\/producto\/aove-250-ml\/#breadcrumb"},"inLanguage":"fr-FR","potentialAction":[{"@type":"ReadAction","target":["https:\/\/grenadeoliveoil.com\/fr\/producto\/aove-250-ml\/"]}]},{"@type":"ImageObject","inLanguage":"fr-FR","@id":"https:\/\/grenadeoliveoil.com\/fr\/producto\/aove-250-ml\/#primaryimage","url":"https:\/\/grenadeoliveoil.com\/wp-content\/uploads\/2022\/10\/Aove-250-valenciano.webp","contentUrl":"https:\/\/grenadeoliveoil.com\/wp-content\/uploads\/2022\/10\/Aove-250-valenciano.webp","width":500,"height":500,"caption":"Huile d'olive extra vierge"},{"@type":"BreadcrumbList","@id":"https:\/\/grenadeoliveoil.com\/fr\/producto\/aove-250-ml\/#breadcrumb","itemListElement":[{"@type":"ListItem","position":1,"name":"Portada","item":"https:\/\/grenadeoliveoil.com\/fr\/"},{"@type":"ListItem","position":2,"name":"Boutique","item":"https:\/\/grenadeoliveoil.com\/fr\/boutique\/"},{"@type":"ListItem","position":3,"name":"EVOO 250 ml"}]},{"@type":"WebSite","@id":"https:\/\/grenadeoliveoil.com\/fr\/#website","url":"https:\/\/grenadeoliveoil.com\/fr\/","name":"Grenade Olive Oil","description":"Green Olive Oil","publisher":{"@id":"https:\/\/grenadeoliveoil.com\/fr\/#organization"},"potentialAction":[{"@type":"SearchAction","target":{"@type":"EntryPoint","urlTemplate":"https:\/\/grenadeoliveoil.com\/fr\/?s={search_term_string}"},"query-input":{"@type":"PropertyValueSpecification","valueRequired":true,"valueName":"search_term_string"}}],"inLanguage":"fr-FR"},{"@type":"Organization","@id":"https:\/\/grenadeoliveoil.com\/fr\/#organization","name":"Grande Olive Oil","url":"https:\/\/grenadeoliveoil.com\/fr\/","logo":{"@type":"ImageObject","inLanguage":"fr-FR","@id":"https:\/\/grenadeoliveoil.com\/fr\/#\/schema\/logo\/image\/","url":"https:\/\/grenadeoliveoil.com\/wp-content\/uploads\/2021\/11\/aceite-verde-grenade-olive-oil.jpg","contentUrl":"https:\/\/grenadeoliveoil.com\/wp-content\/uploads\/2021\/11\/aceite-verde-grenade-olive-oil.jpg","width":150,"height":75,"caption":"Grande Olive Oil"},"image":{"@id":"https:\/\/grenadeoliveoil.com\/fr\/#\/schema\/logo\/image\/"}}]}},"_links":{"self":[{"href":"https:\/\/grenadeoliveoil.com\/fr\/wp-json\/wp\/v2\/product\/5610","targetHints":{"allow":["GET"]}}],"collection":[{"href":"https:\/\/grenadeoliveoil.com\/fr\/wp-json\/wp\/v2\/product"}],"about":[{"href":"https:\/\/grenadeoliveoil.com\/fr\/wp-json\/wp\/v2\/types\/product"}],"replies":[{"embeddable":true,"href":"https:\/\/grenadeoliveoil.com\/fr\/wp-json\/wp\/v2\/comments?post=5610"}],"wp:featuredmedia":[{"embeddable":true,"href":"https:\/\/grenadeoliveoil.com\/fr\/wp-json\/wp\/v2\/media\/5606"}],"wp:attachment":[{"href":"https:\/\/grenadeoliveoil.com\/fr\/wp-json\/wp\/v2\/media?parent=5610"}],"wp:term":[{"taxonomy":"product_brand","embeddable":true,"href":"https:\/\/grenadeoliveoil.com\/fr\/wp-json\/wp\/v2\/product_brand?post=5610"},{"taxonomy":"product_cat","embeddable":true,"href":"https:\/\/grenadeoliveoil.com\/fr\/wp-json\/wp\/v2\/product_cat?post=5610"},{"taxonomy":"product_tag","embeddable":true,"href":"https:\/\/grenadeoliveoil.com\/fr\/wp-json\/wp\/v2\/product_tag?post=5610"}],"curies":[{"name":"wp","href":"https:\/\/api.w.org\/{rel}","templated":true}]}}