{"id":5670,"date":"2022-11-07T11:35:31","date_gmt":"2022-11-02T09:28:18","guid":{"rendered":"https:\/\/grenadeoliveoil.com\/producto\/huile-dolive-seleccion-premium-edition-limitee\/"},"modified":"2025-06-13T09:37:12","modified_gmt":"2025-06-13T08:37:12","slug":"huile-premium-limitee-edition-limitee","status":"publish","type":"product","link":"https:\/\/grenadeoliveoil.com\/fr\/producto\/huile-premium-limitee-edition-limitee\/","title":{"rendered":"Huile d&#8217;olive Selecci\u00f3n Premium &#8211; Edition limit\u00e9e"},"content":{"rendered":"<p>Edition limit\u00e9e de notre gamme d&#8217;huiles d&#8217;olive extra vierges, avec un processus de s\u00e9lection et de production manuel.<\/p>\n<p>Il s&#8217;agit de la gamme d&#8217;EVOO la plus s\u00e9lective et la plus exclusive.<\/p>\n","protected":false},"excerpt":{"rendered":"<p>Huile d&#8217;olive extra vierge de premi\u00e8re qualit\u00e9. Edition limit\u00e9e.<\/p>\n","protected":false},"featured_media":5666,"comment_status":"open","ping_status":"closed","template":"","meta":[],"product_brand":[],"product_cat":[93],"product_tag":[97,182,94],"class_list":{"0":"post-5670","1":"product","2":"type-product","3":"status-publish","4":"has-post-thumbnail","6":"product_cat-huile-verte","7":"product_tag-hove","8":"product_tag-huile-premium","9":"product_tag-huile-verte","11":"first","12":"outofstock","13":"shipping-taxable","14":"purchasable","15":"product-type-simple"},"yoast_head":"<!-- This site is optimized with the Yoast SEO plugin v27.3 - https:\/\/yoast.com\/product\/yoast-seo-wordpress\/ -->\n<title>Huile d&#039;olive Selecci\u00f3n Premium - Edition limit\u00e9e<\/title>\n<meta name=\"description\" content=\"Huile d&#039;olive extra vierge de qualit\u00e9 sup\u00e9rieure, \u00e9dition limit\u00e9e. EVOO de premi\u00e8re qualit\u00e9 produit en Espagne. S\u00e9lection d&#039;huile premium.\" \/>\n<meta name=\"robots\" content=\"index, follow, max-snippet:-1, max-image-preview:large, max-video-preview:-1\" \/>\n<link rel=\"canonical\" href=\"https:\/\/grenadeoliveoil.com\/fr\/producto\/huile-premium-limitee-edition-limitee\/\" \/>\n<meta property=\"og:locale\" content=\"fr_FR\" \/>\n<meta property=\"og:type\" content=\"article\" \/>\n<meta property=\"og:title\" content=\"Huile d&#039;olive Selecci\u00f3n Premium - Edition limit\u00e9e\" \/>\n<meta property=\"og:description\" content=\"Huile d&#039;olive extra vierge de qualit\u00e9 sup\u00e9rieure, \u00e9dition limit\u00e9e. EVOO de premi\u00e8re qualit\u00e9 produit en Espagne. S\u00e9lection d&#039;huile premium.\" \/>\n<meta property=\"og:url\" content=\"https:\/\/grenadeoliveoil.com\/fr\/producto\/huile-premium-limitee-edition-limitee\/\" \/>\n<meta property=\"og:site_name\" content=\"Grenade Olive Oil\" \/>\n<meta property=\"article:modified_time\" content=\"2025-06-13T08:37:12+00:00\" \/>\n<meta property=\"og:image\" content=\"https:\/\/grenadeoliveoil.com\/wp-content\/uploads\/2022\/11\/Premium-olive-oil.webp\" \/>\n\t<meta property=\"og:image:width\" content=\"1200\" \/>\n\t<meta property=\"og:image:height\" content=\"1200\" \/>\n\t<meta property=\"og:image:type\" content=\"image\/webp\" \/>\n<meta name=\"twitter:card\" content=\"summary_large_image\" \/>\n<script type=\"application\/ld+json\" class=\"yoast-schema-graph\">{\"@context\":\"https:\\\/\\\/schema.org\",\"@graph\":[{\"@type\":\"WebPage\",\"@id\":\"https:\\\/\\\/grenadeoliveoil.com\\\/fr\\\/producto\\\/huile-premium-limitee-edition-limitee\\\/\",\"url\":\"https:\\\/\\\/grenadeoliveoil.com\\\/fr\\\/producto\\\/huile-premium-limitee-edition-limitee\\\/\",\"name\":\"Huile d'olive Selecci\u00f3n Premium - Edition limit\u00e9e\",\"isPartOf\":{\"@id\":\"https:\\\/\\\/grenadeoliveoil.com\\\/fr\\\/#website\"},\"primaryImageOfPage\":{\"@id\":\"https:\\\/\\\/grenadeoliveoil.com\\\/fr\\\/producto\\\/huile-premium-limitee-edition-limitee\\\/#primaryimage\"},\"image\":{\"@id\":\"https:\\\/\\\/grenadeoliveoil.com\\\/fr\\\/producto\\\/huile-premium-limitee-edition-limitee\\\/#primaryimage\"},\"thumbnailUrl\":\"https:\\\/\\\/grenadeoliveoil.com\\\/wp-content\\\/uploads\\\/2022\\\/11\\\/Premium-olive-oil.webp\",\"datePublished\":\"2022-11-02T09:28:18+00:00\",\"dateModified\":\"2025-06-13T08:37:12+00:00\",\"description\":\"Huile d'olive extra vierge de qualit\u00e9 sup\u00e9rieure, \u00e9dition limit\u00e9e. EVOO de premi\u00e8re qualit\u00e9 produit en Espagne. S\u00e9lection d'huile premium.\",\"breadcrumb\":{\"@id\":\"https:\\\/\\\/grenadeoliveoil.com\\\/fr\\\/producto\\\/huile-premium-limitee-edition-limitee\\\/#breadcrumb\"},\"inLanguage\":\"fr-FR\",\"potentialAction\":[{\"@type\":\"ReadAction\",\"target\":[\"https:\\\/\\\/grenadeoliveoil.com\\\/fr\\\/producto\\\/huile-premium-limitee-edition-limitee\\\/\"]}]},{\"@type\":\"ImageObject\",\"inLanguage\":\"fr-FR\",\"@id\":\"https:\\\/\\\/grenadeoliveoil.com\\\/fr\\\/producto\\\/huile-premium-limitee-edition-limitee\\\/#primaryimage\",\"url\":\"https:\\\/\\\/grenadeoliveoil.com\\\/wp-content\\\/uploads\\\/2022\\\/11\\\/Premium-olive-oil.webp\",\"contentUrl\":\"https:\\\/\\\/grenadeoliveoil.com\\\/wp-content\\\/uploads\\\/2022\\\/11\\\/Premium-olive-oil.webp\",\"width\":1200,\"height\":1200,\"caption\":\"Huile premium\"},{\"@type\":\"BreadcrumbList\",\"@id\":\"https:\\\/\\\/grenadeoliveoil.com\\\/fr\\\/producto\\\/huile-premium-limitee-edition-limitee\\\/#breadcrumb\",\"itemListElement\":[{\"@type\":\"ListItem\",\"position\":1,\"name\":\"Portada\",\"item\":\"https:\\\/\\\/grenadeoliveoil.com\\\/fr\\\/\"},{\"@type\":\"ListItem\",\"position\":2,\"name\":\"Boutique\",\"item\":\"https:\\\/\\\/grenadeoliveoil.com\\\/fr\\\/boutique\\\/\"},{\"@type\":\"ListItem\",\"position\":3,\"name\":\"Huile d&#8217;olive Selecci\u00f3n Premium &#8211; Edition limit\u00e9e\"}]},{\"@type\":\"WebSite\",\"@id\":\"https:\\\/\\\/grenadeoliveoil.com\\\/fr\\\/#website\",\"url\":\"https:\\\/\\\/grenadeoliveoil.com\\\/fr\\\/\",\"name\":\"Grenade Olive Oil\",\"description\":\"Green Olive Oil\",\"publisher\":{\"@id\":\"https:\\\/\\\/grenadeoliveoil.com\\\/fr\\\/#organization\"},\"potentialAction\":[{\"@type\":\"SearchAction\",\"target\":{\"@type\":\"EntryPoint\",\"urlTemplate\":\"https:\\\/\\\/grenadeoliveoil.com\\\/fr\\\/?s={search_term_string}\"},\"query-input\":{\"@type\":\"PropertyValueSpecification\",\"valueRequired\":true,\"valueName\":\"search_term_string\"}}],\"inLanguage\":\"fr-FR\"},{\"@type\":\"Organization\",\"@id\":\"https:\\\/\\\/grenadeoliveoil.com\\\/fr\\\/#organization\",\"name\":\"Grande Olive Oil\",\"url\":\"https:\\\/\\\/grenadeoliveoil.com\\\/fr\\\/\",\"logo\":{\"@type\":\"ImageObject\",\"inLanguage\":\"fr-FR\",\"@id\":\"https:\\\/\\\/grenadeoliveoil.com\\\/fr\\\/#\\\/schema\\\/logo\\\/image\\\/\",\"url\":\"https:\\\/\\\/grenadeoliveoil.com\\\/wp-content\\\/uploads\\\/2021\\\/11\\\/aceite-verde-grenade-olive-oil.jpg\",\"contentUrl\":\"https:\\\/\\\/grenadeoliveoil.com\\\/wp-content\\\/uploads\\\/2021\\\/11\\\/aceite-verde-grenade-olive-oil.jpg\",\"width\":150,\"height\":75,\"caption\":\"Grande Olive Oil\"},\"image\":{\"@id\":\"https:\\\/\\\/grenadeoliveoil.com\\\/fr\\\/#\\\/schema\\\/logo\\\/image\\\/\"}}]}<\/script>\n<!-- \/ Yoast SEO plugin. -->","yoast_head_json":{"title":"Huile d'olive Selecci\u00f3n Premium - Edition limit\u00e9e","description":"Huile d'olive extra vierge de qualit\u00e9 sup\u00e9rieure, \u00e9dition limit\u00e9e. EVOO de premi\u00e8re qualit\u00e9 produit en Espagne. S\u00e9lection d'huile premium.","robots":{"index":"index","follow":"follow","max-snippet":"max-snippet:-1","max-image-preview":"max-image-preview:large","max-video-preview":"max-video-preview:-1"},"canonical":"https:\/\/grenadeoliveoil.com\/fr\/producto\/huile-premium-limitee-edition-limitee\/","og_locale":"fr_FR","og_type":"article","og_title":"Huile d'olive Selecci\u00f3n Premium - Edition limit\u00e9e","og_description":"Huile d'olive extra vierge de qualit\u00e9 sup\u00e9rieure, \u00e9dition limit\u00e9e. EVOO de premi\u00e8re qualit\u00e9 produit en Espagne. S\u00e9lection d'huile premium.","og_url":"https:\/\/grenadeoliveoil.com\/fr\/producto\/huile-premium-limitee-edition-limitee\/","og_site_name":"Grenade Olive Oil","article_modified_time":"2025-06-13T08:37:12+00:00","og_image":[{"width":1200,"height":1200,"url":"https:\/\/grenadeoliveoil.com\/wp-content\/uploads\/2022\/11\/Premium-olive-oil.webp","type":"image\/webp"}],"twitter_card":"summary_large_image","schema":{"@context":"https:\/\/schema.org","@graph":[{"@type":"WebPage","@id":"https:\/\/grenadeoliveoil.com\/fr\/producto\/huile-premium-limitee-edition-limitee\/","url":"https:\/\/grenadeoliveoil.com\/fr\/producto\/huile-premium-limitee-edition-limitee\/","name":"Huile d'olive Selecci\u00f3n Premium - Edition limit\u00e9e","isPartOf":{"@id":"https:\/\/grenadeoliveoil.com\/fr\/#website"},"primaryImageOfPage":{"@id":"https:\/\/grenadeoliveoil.com\/fr\/producto\/huile-premium-limitee-edition-limitee\/#primaryimage"},"image":{"@id":"https:\/\/grenadeoliveoil.com\/fr\/producto\/huile-premium-limitee-edition-limitee\/#primaryimage"},"thumbnailUrl":"https:\/\/grenadeoliveoil.com\/wp-content\/uploads\/2022\/11\/Premium-olive-oil.webp","datePublished":"2022-11-02T09:28:18+00:00","dateModified":"2025-06-13T08:37:12+00:00","description":"Huile d'olive extra vierge de qualit\u00e9 sup\u00e9rieure, \u00e9dition limit\u00e9e. EVOO de premi\u00e8re qualit\u00e9 produit en Espagne. S\u00e9lection d'huile premium.","breadcrumb":{"@id":"https:\/\/grenadeoliveoil.com\/fr\/producto\/huile-premium-limitee-edition-limitee\/#breadcrumb"},"inLanguage":"fr-FR","potentialAction":[{"@type":"ReadAction","target":["https:\/\/grenadeoliveoil.com\/fr\/producto\/huile-premium-limitee-edition-limitee\/"]}]},{"@type":"ImageObject","inLanguage":"fr-FR","@id":"https:\/\/grenadeoliveoil.com\/fr\/producto\/huile-premium-limitee-edition-limitee\/#primaryimage","url":"https:\/\/grenadeoliveoil.com\/wp-content\/uploads\/2022\/11\/Premium-olive-oil.webp","contentUrl":"https:\/\/grenadeoliveoil.com\/wp-content\/uploads\/2022\/11\/Premium-olive-oil.webp","width":1200,"height":1200,"caption":"Huile premium"},{"@type":"BreadcrumbList","@id":"https:\/\/grenadeoliveoil.com\/fr\/producto\/huile-premium-limitee-edition-limitee\/#breadcrumb","itemListElement":[{"@type":"ListItem","position":1,"name":"Portada","item":"https:\/\/grenadeoliveoil.com\/fr\/"},{"@type":"ListItem","position":2,"name":"Boutique","item":"https:\/\/grenadeoliveoil.com\/fr\/boutique\/"},{"@type":"ListItem","position":3,"name":"Huile d&#8217;olive Selecci\u00f3n Premium &#8211; Edition limit\u00e9e"}]},{"@type":"WebSite","@id":"https:\/\/grenadeoliveoil.com\/fr\/#website","url":"https:\/\/grenadeoliveoil.com\/fr\/","name":"Grenade Olive Oil","description":"Green Olive Oil","publisher":{"@id":"https:\/\/grenadeoliveoil.com\/fr\/#organization"},"potentialAction":[{"@type":"SearchAction","target":{"@type":"EntryPoint","urlTemplate":"https:\/\/grenadeoliveoil.com\/fr\/?s={search_term_string}"},"query-input":{"@type":"PropertyValueSpecification","valueRequired":true,"valueName":"search_term_string"}}],"inLanguage":"fr-FR"},{"@type":"Organization","@id":"https:\/\/grenadeoliveoil.com\/fr\/#organization","name":"Grande Olive Oil","url":"https:\/\/grenadeoliveoil.com\/fr\/","logo":{"@type":"ImageObject","inLanguage":"fr-FR","@id":"https:\/\/grenadeoliveoil.com\/fr\/#\/schema\/logo\/image\/","url":"https:\/\/grenadeoliveoil.com\/wp-content\/uploads\/2021\/11\/aceite-verde-grenade-olive-oil.jpg","contentUrl":"https:\/\/grenadeoliveoil.com\/wp-content\/uploads\/2021\/11\/aceite-verde-grenade-olive-oil.jpg","width":150,"height":75,"caption":"Grande Olive Oil"},"image":{"@id":"https:\/\/grenadeoliveoil.com\/fr\/#\/schema\/logo\/image\/"}}]}},"_links":{"self":[{"href":"https:\/\/grenadeoliveoil.com\/fr\/wp-json\/wp\/v2\/product\/5670","targetHints":{"allow":["GET"]}}],"collection":[{"href":"https:\/\/grenadeoliveoil.com\/fr\/wp-json\/wp\/v2\/product"}],"about":[{"href":"https:\/\/grenadeoliveoil.com\/fr\/wp-json\/wp\/v2\/types\/product"}],"replies":[{"embeddable":true,"href":"https:\/\/grenadeoliveoil.com\/fr\/wp-json\/wp\/v2\/comments?post=5670"}],"wp:featuredmedia":[{"embeddable":true,"href":"https:\/\/grenadeoliveoil.com\/fr\/wp-json\/wp\/v2\/media\/5666"}],"wp:attachment":[{"href":"https:\/\/grenadeoliveoil.com\/fr\/wp-json\/wp\/v2\/media?parent=5670"}],"wp:term":[{"taxonomy":"product_brand","embeddable":true,"href":"https:\/\/grenadeoliveoil.com\/fr\/wp-json\/wp\/v2\/product_brand?post=5670"},{"taxonomy":"product_cat","embeddable":true,"href":"https:\/\/grenadeoliveoil.com\/fr\/wp-json\/wp\/v2\/product_cat?post=5670"},{"taxonomy":"product_tag","embeddable":true,"href":"https:\/\/grenadeoliveoil.com\/fr\/wp-json\/wp\/v2\/product_tag?post=5670"}],"curies":[{"name":"wp","href":"https:\/\/api.w.org\/{rel}","templated":true}]}}