{"id":5907,"date":"2022-11-07T11:32:28","date_gmt":"2023-01-19T09:29:24","guid":{"rendered":"https:\/\/grenadeoliveoil.com\/producto\/fromage-de-chevre-affine\/"},"modified":"2023-01-19T10:29:24","modified_gmt":"2023-01-19T09:29:24","slug":"fromage-de-chevre-artisanal","status":"publish","type":"product","link":"https:\/\/grenadeoliveoil.com\/fr\/producto\/fromage-de-chevre-artisanal\/","title":{"rendered":"Fromage de ch\u00e8vre affin\u00e9"},"content":{"rendered":"<h2>Fromage de ch\u00e8vre artisanal<\/h2>\n<p>Fabriqu\u00e9 avec du lait de ch\u00e8vre fra\u00eechement trait.<\/p>\n<p>Sans aucun processus de chauffage du lait. \u00c0 la m\u00eame temp\u00e9rature que celle \u00e0 laquelle arrive le lait fra\u00eechement trait (31-32 degr\u00e9s), le processus de fabrication du fromage commence.<\/p>\n<p>P\u00e9riode de maturation d&#8217;au moins 3 mois.<\/p>\n<p>C&#8217;est un fromage d&#8217;intensit\u00e9 moyenne et il est fortement recommand\u00e9 de le consommer avec sa cro\u00fbte, qui est totalement naturelle.<\/p>\n<p>Poids : 200 gr.<\/p>\n","protected":false},"excerpt":{"rendered":"<p>Fromage de ch\u00e8vre artisanal affin\u00e9. 200 gr.<\/p>\n","protected":false},"featured_media":5724,"comment_status":"open","ping_status":"closed","template":"","meta":[],"product_brand":[],"product_cat":[247],"product_tag":[248,251,249,250],"class_list":{"0":"post-5907","1":"product","2":"type-product","3":"status-publish","4":"has-post-thumbnail","6":"product_cat-fromage","7":"product_tag-fromage","8":"product_tag-fromage-affine","9":"product_tag-fromage-artisanal","10":"product_tag-fromage-de-chevre","12":"first","13":"outofstock","14":"shipping-taxable","15":"purchasable","16":"product-type-simple"},"yoast_head":"<!-- This site is optimized with the Yoast SEO plugin v27.3 - https:\/\/yoast.com\/product\/yoast-seo-wordpress\/ -->\n<title>Fromage de ch\u00e8vre affin\u00e9 artisanal - Grenade Olive Oil<\/title>\n<meta name=\"description\" content=\"D\u00e9gustez le fromage de ch\u00e8vre affin\u00e9, fabriqu\u00e9 de mani\u00e8re traditionnelle avec du lait de ch\u00e8vre frais. Achetez du fromage artisanal en ligne. Grenade Olive Oil.\" \/>\n<meta name=\"robots\" content=\"index, follow, max-snippet:-1, max-image-preview:large, max-video-preview:-1\" \/>\n<link rel=\"canonical\" href=\"https:\/\/grenadeoliveoil.com\/fr\/producto\/fromage-de-chevre-artisanal\/\" \/>\n<meta property=\"og:locale\" content=\"fr_FR\" \/>\n<meta property=\"og:type\" content=\"article\" \/>\n<meta property=\"og:title\" content=\"Fromage de ch\u00e8vre affin\u00e9 artisanal - Grenade Olive Oil\" \/>\n<meta property=\"og:description\" content=\"D\u00e9gustez le fromage de ch\u00e8vre affin\u00e9, fabriqu\u00e9 de mani\u00e8re traditionnelle avec du lait de ch\u00e8vre frais. Achetez du fromage artisanal en ligne. Grenade Olive Oil.\" \/>\n<meta property=\"og:url\" content=\"https:\/\/grenadeoliveoil.com\/fr\/producto\/fromage-de-chevre-artisanal\/\" \/>\n<meta property=\"og:site_name\" content=\"Grenade Olive Oil\" \/>\n<meta property=\"og:image\" content=\"https:\/\/grenadeoliveoil.com\/wp-content\/uploads\/2022\/11\/Queso-de-cabra-madurado.webp\" \/>\n\t<meta property=\"og:image:width\" content=\"1200\" \/>\n\t<meta property=\"og:image:height\" content=\"1200\" \/>\n\t<meta property=\"og:image:type\" content=\"image\/webp\" \/>\n<meta name=\"twitter:card\" content=\"summary_large_image\" \/>\n<script type=\"application\/ld+json\" class=\"yoast-schema-graph\">{\"@context\":\"https:\\\/\\\/schema.org\",\"@graph\":[{\"@type\":\"WebPage\",\"@id\":\"https:\\\/\\\/grenadeoliveoil.com\\\/fr\\\/producto\\\/fromage-de-chevre-artisanal\\\/\",\"url\":\"https:\\\/\\\/grenadeoliveoil.com\\\/fr\\\/producto\\\/fromage-de-chevre-artisanal\\\/\",\"name\":\"Fromage de ch\u00e8vre affin\u00e9 artisanal - Grenade Olive Oil\",\"isPartOf\":{\"@id\":\"https:\\\/\\\/grenadeoliveoil.com\\\/fr\\\/#website\"},\"primaryImageOfPage\":{\"@id\":\"https:\\\/\\\/grenadeoliveoil.com\\\/fr\\\/producto\\\/fromage-de-chevre-artisanal\\\/#primaryimage\"},\"image\":{\"@id\":\"https:\\\/\\\/grenadeoliveoil.com\\\/fr\\\/producto\\\/fromage-de-chevre-artisanal\\\/#primaryimage\"},\"thumbnailUrl\":\"https:\\\/\\\/grenadeoliveoil.com\\\/wp-content\\\/uploads\\\/2022\\\/11\\\/Queso-de-cabra-madurado.webp\",\"datePublished\":\"2023-01-19T09:29:24+00:00\",\"description\":\"D\u00e9gustez le fromage de ch\u00e8vre affin\u00e9, fabriqu\u00e9 de mani\u00e8re traditionnelle avec du lait de ch\u00e8vre frais. Achetez du fromage artisanal en ligne. Grenade Olive Oil.\",\"breadcrumb\":{\"@id\":\"https:\\\/\\\/grenadeoliveoil.com\\\/fr\\\/producto\\\/fromage-de-chevre-artisanal\\\/#breadcrumb\"},\"inLanguage\":\"fr-FR\",\"potentialAction\":[{\"@type\":\"ReadAction\",\"target\":[\"https:\\\/\\\/grenadeoliveoil.com\\\/fr\\\/producto\\\/fromage-de-chevre-artisanal\\\/\"]}]},{\"@type\":\"ImageObject\",\"inLanguage\":\"fr-FR\",\"@id\":\"https:\\\/\\\/grenadeoliveoil.com\\\/fr\\\/producto\\\/fromage-de-chevre-artisanal\\\/#primaryimage\",\"url\":\"https:\\\/\\\/grenadeoliveoil.com\\\/wp-content\\\/uploads\\\/2022\\\/11\\\/Queso-de-cabra-madurado.webp\",\"contentUrl\":\"https:\\\/\\\/grenadeoliveoil.com\\\/wp-content\\\/uploads\\\/2022\\\/11\\\/Queso-de-cabra-madurado.webp\",\"width\":1200,\"height\":1200,\"caption\":\"Fromage de ch\u00e8vre artisanal\"},{\"@type\":\"BreadcrumbList\",\"@id\":\"https:\\\/\\\/grenadeoliveoil.com\\\/fr\\\/producto\\\/fromage-de-chevre-artisanal\\\/#breadcrumb\",\"itemListElement\":[{\"@type\":\"ListItem\",\"position\":1,\"name\":\"Portada\",\"item\":\"https:\\\/\\\/grenadeoliveoil.com\\\/fr\\\/\"},{\"@type\":\"ListItem\",\"position\":2,\"name\":\"Boutique\",\"item\":\"https:\\\/\\\/grenadeoliveoil.com\\\/fr\\\/boutique\\\/\"},{\"@type\":\"ListItem\",\"position\":3,\"name\":\"Fromage de ch\u00e8vre affin\u00e9\"}]},{\"@type\":\"WebSite\",\"@id\":\"https:\\\/\\\/grenadeoliveoil.com\\\/fr\\\/#website\",\"url\":\"https:\\\/\\\/grenadeoliveoil.com\\\/fr\\\/\",\"name\":\"Grenade Olive Oil\",\"description\":\"Green Olive Oil\",\"publisher\":{\"@id\":\"https:\\\/\\\/grenadeoliveoil.com\\\/fr\\\/#organization\"},\"potentialAction\":[{\"@type\":\"SearchAction\",\"target\":{\"@type\":\"EntryPoint\",\"urlTemplate\":\"https:\\\/\\\/grenadeoliveoil.com\\\/fr\\\/?s={search_term_string}\"},\"query-input\":{\"@type\":\"PropertyValueSpecification\",\"valueRequired\":true,\"valueName\":\"search_term_string\"}}],\"inLanguage\":\"fr-FR\"},{\"@type\":\"Organization\",\"@id\":\"https:\\\/\\\/grenadeoliveoil.com\\\/fr\\\/#organization\",\"name\":\"Grande Olive Oil\",\"url\":\"https:\\\/\\\/grenadeoliveoil.com\\\/fr\\\/\",\"logo\":{\"@type\":\"ImageObject\",\"inLanguage\":\"fr-FR\",\"@id\":\"https:\\\/\\\/grenadeoliveoil.com\\\/fr\\\/#\\\/schema\\\/logo\\\/image\\\/\",\"url\":\"https:\\\/\\\/grenadeoliveoil.com\\\/wp-content\\\/uploads\\\/2021\\\/11\\\/aceite-verde-grenade-olive-oil.jpg\",\"contentUrl\":\"https:\\\/\\\/grenadeoliveoil.com\\\/wp-content\\\/uploads\\\/2021\\\/11\\\/aceite-verde-grenade-olive-oil.jpg\",\"width\":150,\"height\":75,\"caption\":\"Grande Olive Oil\"},\"image\":{\"@id\":\"https:\\\/\\\/grenadeoliveoil.com\\\/fr\\\/#\\\/schema\\\/logo\\\/image\\\/\"}}]}<\/script>\n<!-- \/ Yoast SEO plugin. -->","yoast_head_json":{"title":"Fromage de ch\u00e8vre affin\u00e9 artisanal - Grenade Olive Oil","description":"D\u00e9gustez le fromage de ch\u00e8vre affin\u00e9, fabriqu\u00e9 de mani\u00e8re traditionnelle avec du lait de ch\u00e8vre frais. Achetez du fromage artisanal en ligne. Grenade Olive Oil.","robots":{"index":"index","follow":"follow","max-snippet":"max-snippet:-1","max-image-preview":"max-image-preview:large","max-video-preview":"max-video-preview:-1"},"canonical":"https:\/\/grenadeoliveoil.com\/fr\/producto\/fromage-de-chevre-artisanal\/","og_locale":"fr_FR","og_type":"article","og_title":"Fromage de ch\u00e8vre affin\u00e9 artisanal - Grenade Olive Oil","og_description":"D\u00e9gustez le fromage de ch\u00e8vre affin\u00e9, fabriqu\u00e9 de mani\u00e8re traditionnelle avec du lait de ch\u00e8vre frais. Achetez du fromage artisanal en ligne. Grenade Olive Oil.","og_url":"https:\/\/grenadeoliveoil.com\/fr\/producto\/fromage-de-chevre-artisanal\/","og_site_name":"Grenade Olive Oil","og_image":[{"width":1200,"height":1200,"url":"https:\/\/grenadeoliveoil.com\/wp-content\/uploads\/2022\/11\/Queso-de-cabra-madurado.webp","type":"image\/webp"}],"twitter_card":"summary_large_image","schema":{"@context":"https:\/\/schema.org","@graph":[{"@type":"WebPage","@id":"https:\/\/grenadeoliveoil.com\/fr\/producto\/fromage-de-chevre-artisanal\/","url":"https:\/\/grenadeoliveoil.com\/fr\/producto\/fromage-de-chevre-artisanal\/","name":"Fromage de ch\u00e8vre affin\u00e9 artisanal - Grenade Olive Oil","isPartOf":{"@id":"https:\/\/grenadeoliveoil.com\/fr\/#website"},"primaryImageOfPage":{"@id":"https:\/\/grenadeoliveoil.com\/fr\/producto\/fromage-de-chevre-artisanal\/#primaryimage"},"image":{"@id":"https:\/\/grenadeoliveoil.com\/fr\/producto\/fromage-de-chevre-artisanal\/#primaryimage"},"thumbnailUrl":"https:\/\/grenadeoliveoil.com\/wp-content\/uploads\/2022\/11\/Queso-de-cabra-madurado.webp","datePublished":"2023-01-19T09:29:24+00:00","description":"D\u00e9gustez le fromage de ch\u00e8vre affin\u00e9, fabriqu\u00e9 de mani\u00e8re traditionnelle avec du lait de ch\u00e8vre frais. Achetez du fromage artisanal en ligne. Grenade Olive Oil.","breadcrumb":{"@id":"https:\/\/grenadeoliveoil.com\/fr\/producto\/fromage-de-chevre-artisanal\/#breadcrumb"},"inLanguage":"fr-FR","potentialAction":[{"@type":"ReadAction","target":["https:\/\/grenadeoliveoil.com\/fr\/producto\/fromage-de-chevre-artisanal\/"]}]},{"@type":"ImageObject","inLanguage":"fr-FR","@id":"https:\/\/grenadeoliveoil.com\/fr\/producto\/fromage-de-chevre-artisanal\/#primaryimage","url":"https:\/\/grenadeoliveoil.com\/wp-content\/uploads\/2022\/11\/Queso-de-cabra-madurado.webp","contentUrl":"https:\/\/grenadeoliveoil.com\/wp-content\/uploads\/2022\/11\/Queso-de-cabra-madurado.webp","width":1200,"height":1200,"caption":"Fromage de ch\u00e8vre artisanal"},{"@type":"BreadcrumbList","@id":"https:\/\/grenadeoliveoil.com\/fr\/producto\/fromage-de-chevre-artisanal\/#breadcrumb","itemListElement":[{"@type":"ListItem","position":1,"name":"Portada","item":"https:\/\/grenadeoliveoil.com\/fr\/"},{"@type":"ListItem","position":2,"name":"Boutique","item":"https:\/\/grenadeoliveoil.com\/fr\/boutique\/"},{"@type":"ListItem","position":3,"name":"Fromage de ch\u00e8vre affin\u00e9"}]},{"@type":"WebSite","@id":"https:\/\/grenadeoliveoil.com\/fr\/#website","url":"https:\/\/grenadeoliveoil.com\/fr\/","name":"Grenade Olive Oil","description":"Green Olive Oil","publisher":{"@id":"https:\/\/grenadeoliveoil.com\/fr\/#organization"},"potentialAction":[{"@type":"SearchAction","target":{"@type":"EntryPoint","urlTemplate":"https:\/\/grenadeoliveoil.com\/fr\/?s={search_term_string}"},"query-input":{"@type":"PropertyValueSpecification","valueRequired":true,"valueName":"search_term_string"}}],"inLanguage":"fr-FR"},{"@type":"Organization","@id":"https:\/\/grenadeoliveoil.com\/fr\/#organization","name":"Grande Olive Oil","url":"https:\/\/grenadeoliveoil.com\/fr\/","logo":{"@type":"ImageObject","inLanguage":"fr-FR","@id":"https:\/\/grenadeoliveoil.com\/fr\/#\/schema\/logo\/image\/","url":"https:\/\/grenadeoliveoil.com\/wp-content\/uploads\/2021\/11\/aceite-verde-grenade-olive-oil.jpg","contentUrl":"https:\/\/grenadeoliveoil.com\/wp-content\/uploads\/2021\/11\/aceite-verde-grenade-olive-oil.jpg","width":150,"height":75,"caption":"Grande Olive Oil"},"image":{"@id":"https:\/\/grenadeoliveoil.com\/fr\/#\/schema\/logo\/image\/"}}]}},"_links":{"self":[{"href":"https:\/\/grenadeoliveoil.com\/fr\/wp-json\/wp\/v2\/product\/5907","targetHints":{"allow":["GET"]}}],"collection":[{"href":"https:\/\/grenadeoliveoil.com\/fr\/wp-json\/wp\/v2\/product"}],"about":[{"href":"https:\/\/grenadeoliveoil.com\/fr\/wp-json\/wp\/v2\/types\/product"}],"replies":[{"embeddable":true,"href":"https:\/\/grenadeoliveoil.com\/fr\/wp-json\/wp\/v2\/comments?post=5907"}],"wp:featuredmedia":[{"embeddable":true,"href":"https:\/\/grenadeoliveoil.com\/fr\/wp-json\/wp\/v2\/media\/5724"}],"wp:attachment":[{"href":"https:\/\/grenadeoliveoil.com\/fr\/wp-json\/wp\/v2\/media?parent=5907"}],"wp:term":[{"taxonomy":"product_brand","embeddable":true,"href":"https:\/\/grenadeoliveoil.com\/fr\/wp-json\/wp\/v2\/product_brand?post=5907"},{"taxonomy":"product_cat","embeddable":true,"href":"https:\/\/grenadeoliveoil.com\/fr\/wp-json\/wp\/v2\/product_cat?post=5907"},{"taxonomy":"product_tag","embeddable":true,"href":"https:\/\/grenadeoliveoil.com\/fr\/wp-json\/wp\/v2\/product_tag?post=5907"}],"curies":[{"name":"wp","href":"https:\/\/api.w.org\/{rel}","templated":true}]}}