{"id":6488,"date":"2023-12-18T13:38:30","date_gmt":"2023-12-18T21:36:08","guid":{"rendered":"https:\/\/grenadeoliveoil.com\/producto\/moutarde-aux-algues\/"},"modified":"2025-04-13T14:58:29","modified_gmt":"2025-04-13T13:58:29","slug":"moutarde-aux-algues","status":"publish","type":"product","link":"https:\/\/grenadeoliveoil.com\/fr\/producto\/moutarde-aux-algues\/","title":{"rendered":"Moutarde aux algues"},"content":{"rendered":"<h2>Moutardes gourmandes<\/h2>\n<p>Convient pour l&#8217;assaisonnement des salades, viandes, poissons et l\u00e9gumes. Ainsi que pour la production de sauces.<\/p>\n<p>Bocal en verre.<\/p>\n<p>220 gr \/ 7.76 oz<\/p>\n<p>Ingr\u00e9dients :<\/p>\n<p>graines de MOUTARDE jaune, vinaigre (contient des sulfites), sucre, huile d&#8217;olive, sel, oignon en poudre, curcuma, ail en poudre, algue chlorella, curry, cannelle.<\/p>\n","protected":false},"excerpt":{"rendered":"<p>Vinaigrette gourmande<span style=\"font-size: 16px;\"> \u00e0<\/span> base de graines de moutarde jaune, de vinaigre, de sucre, d&#8217;huile d&#8217;olive, de sel, de poudre d&#8217;oignon, de curcuma, de poudre d&#8217;ail, d&#8217;algues chlorella, de curry et de cannelle.<\/p>\n<p>250 ml \/ 8.45 oz<\/p>\n","protected":false},"featured_media":6478,"comment_status":"open","ping_status":"closed","template":"","meta":[],"product_brand":[],"product_cat":[362],"product_tag":[364,363,365],"class_list":{"0":"post-6488","1":"product","2":"type-product","3":"status-publish","4":"has-post-thumbnail","6":"product_cat-vinaigrettes-et-sauces","7":"product_tag-algues","8":"product_tag-habillage","9":"product_tag-moutarde","11":"first","12":"instock","13":"shipping-taxable","14":"purchasable","15":"product-type-simple"},"yoast_head":"<!-- This site is optimized with the Yoast SEO plugin v27.3 - https:\/\/yoast.com\/product\/yoast-seo-wordpress\/ -->\n<title>Acheter Moutarde aux algues - Vinaigrettes en ligne<\/title>\n<meta name=\"description\" content=\"S\u00e9lection de moutarde jaune aux algues. Acheter des moutardes et des vinaigrettes id\u00e9ales pour les assaisonnements de salade, la viande, le poisson, les p\u00e2tes et plus encore.\" \/>\n<meta name=\"robots\" content=\"index, follow, max-snippet:-1, max-image-preview:large, max-video-preview:-1\" \/>\n<link rel=\"canonical\" href=\"https:\/\/grenadeoliveoil.com\/fr\/producto\/moutarde-aux-algues\/\" \/>\n<meta property=\"og:locale\" content=\"fr_FR\" \/>\n<meta property=\"og:type\" content=\"article\" \/>\n<meta property=\"og:title\" content=\"Acheter Moutarde aux algues - Vinaigrettes en ligne\" \/>\n<meta property=\"og:description\" content=\"S\u00e9lection de moutarde jaune aux algues. Acheter des moutardes et des vinaigrettes id\u00e9ales pour les assaisonnements de salade, la viande, le poisson, les p\u00e2tes et plus encore.\" \/>\n<meta property=\"og:url\" content=\"https:\/\/grenadeoliveoil.com\/fr\/producto\/moutarde-aux-algues\/\" \/>\n<meta property=\"og:site_name\" content=\"Grenade Olive Oil\" \/>\n<meta property=\"article:modified_time\" content=\"2025-04-13T13:58:29+00:00\" \/>\n<meta property=\"og:image\" content=\"https:\/\/grenadeoliveoil.com\/wp-content\/uploads\/2023\/12\/Comprar-mostaza.webp\" \/>\n\t<meta property=\"og:image:width\" content=\"1000\" \/>\n\t<meta property=\"og:image:height\" content=\"1000\" \/>\n\t<meta property=\"og:image:type\" content=\"image\/webp\" \/>\n<meta name=\"twitter:card\" content=\"summary_large_image\" \/>\n<script type=\"application\/ld+json\" class=\"yoast-schema-graph\">{\"@context\":\"https:\\\/\\\/schema.org\",\"@graph\":[{\"@type\":\"WebPage\",\"@id\":\"https:\\\/\\\/grenadeoliveoil.com\\\/fr\\\/producto\\\/moutarde-aux-algues\\\/\",\"url\":\"https:\\\/\\\/grenadeoliveoil.com\\\/fr\\\/producto\\\/moutarde-aux-algues\\\/\",\"name\":\"Acheter Moutarde aux algues - Vinaigrettes en ligne\",\"isPartOf\":{\"@id\":\"https:\\\/\\\/grenadeoliveoil.com\\\/fr\\\/#website\"},\"primaryImageOfPage\":{\"@id\":\"https:\\\/\\\/grenadeoliveoil.com\\\/fr\\\/producto\\\/moutarde-aux-algues\\\/#primaryimage\"},\"image\":{\"@id\":\"https:\\\/\\\/grenadeoliveoil.com\\\/fr\\\/producto\\\/moutarde-aux-algues\\\/#primaryimage\"},\"thumbnailUrl\":\"https:\\\/\\\/grenadeoliveoil.com\\\/wp-content\\\/uploads\\\/2023\\\/12\\\/Comprar-mostaza.webp\",\"datePublished\":\"2023-12-18T21:36:08+00:00\",\"dateModified\":\"2025-04-13T13:58:29+00:00\",\"description\":\"S\u00e9lection de moutarde jaune aux algues. Acheter des moutardes et des vinaigrettes id\u00e9ales pour les assaisonnements de salade, la viande, le poisson, les p\u00e2tes et plus encore.\",\"breadcrumb\":{\"@id\":\"https:\\\/\\\/grenadeoliveoil.com\\\/fr\\\/producto\\\/moutarde-aux-algues\\\/#breadcrumb\"},\"inLanguage\":\"fr-FR\",\"potentialAction\":[{\"@type\":\"ReadAction\",\"target\":[\"https:\\\/\\\/grenadeoliveoil.com\\\/fr\\\/producto\\\/moutarde-aux-algues\\\/\"]}]},{\"@type\":\"ImageObject\",\"inLanguage\":\"fr-FR\",\"@id\":\"https:\\\/\\\/grenadeoliveoil.com\\\/fr\\\/producto\\\/moutarde-aux-algues\\\/#primaryimage\",\"url\":\"https:\\\/\\\/grenadeoliveoil.com\\\/wp-content\\\/uploads\\\/2023\\\/12\\\/Comprar-mostaza.webp\",\"contentUrl\":\"https:\\\/\\\/grenadeoliveoil.com\\\/wp-content\\\/uploads\\\/2023\\\/12\\\/Comprar-mostaza.webp\",\"width\":1000,\"height\":1000,\"caption\":\"Moutarde aux algues\"},{\"@type\":\"BreadcrumbList\",\"@id\":\"https:\\\/\\\/grenadeoliveoil.com\\\/fr\\\/producto\\\/moutarde-aux-algues\\\/#breadcrumb\",\"itemListElement\":[{\"@type\":\"ListItem\",\"position\":1,\"name\":\"Portada\",\"item\":\"https:\\\/\\\/grenadeoliveoil.com\\\/fr\\\/\"},{\"@type\":\"ListItem\",\"position\":2,\"name\":\"Boutique\",\"item\":\"https:\\\/\\\/grenadeoliveoil.com\\\/fr\\\/boutique\\\/\"},{\"@type\":\"ListItem\",\"position\":3,\"name\":\"Moutarde aux algues\"}]},{\"@type\":\"WebSite\",\"@id\":\"https:\\\/\\\/grenadeoliveoil.com\\\/fr\\\/#website\",\"url\":\"https:\\\/\\\/grenadeoliveoil.com\\\/fr\\\/\",\"name\":\"Grenade Olive Oil\",\"description\":\"Green Olive Oil\",\"publisher\":{\"@id\":\"https:\\\/\\\/grenadeoliveoil.com\\\/fr\\\/#organization\"},\"potentialAction\":[{\"@type\":\"SearchAction\",\"target\":{\"@type\":\"EntryPoint\",\"urlTemplate\":\"https:\\\/\\\/grenadeoliveoil.com\\\/fr\\\/?s={search_term_string}\"},\"query-input\":{\"@type\":\"PropertyValueSpecification\",\"valueRequired\":true,\"valueName\":\"search_term_string\"}}],\"inLanguage\":\"fr-FR\"},{\"@type\":\"Organization\",\"@id\":\"https:\\\/\\\/grenadeoliveoil.com\\\/fr\\\/#organization\",\"name\":\"Grande Olive Oil\",\"url\":\"https:\\\/\\\/grenadeoliveoil.com\\\/fr\\\/\",\"logo\":{\"@type\":\"ImageObject\",\"inLanguage\":\"fr-FR\",\"@id\":\"https:\\\/\\\/grenadeoliveoil.com\\\/fr\\\/#\\\/schema\\\/logo\\\/image\\\/\",\"url\":\"https:\\\/\\\/grenadeoliveoil.com\\\/wp-content\\\/uploads\\\/2021\\\/11\\\/aceite-verde-grenade-olive-oil.jpg\",\"contentUrl\":\"https:\\\/\\\/grenadeoliveoil.com\\\/wp-content\\\/uploads\\\/2021\\\/11\\\/aceite-verde-grenade-olive-oil.jpg\",\"width\":150,\"height\":75,\"caption\":\"Grande Olive Oil\"},\"image\":{\"@id\":\"https:\\\/\\\/grenadeoliveoil.com\\\/fr\\\/#\\\/schema\\\/logo\\\/image\\\/\"}}]}<\/script>\n<!-- \/ Yoast SEO plugin. -->","yoast_head_json":{"title":"Acheter Moutarde aux algues - Vinaigrettes en ligne","description":"S\u00e9lection de moutarde jaune aux algues. Acheter des moutardes et des vinaigrettes id\u00e9ales pour les assaisonnements de salade, la viande, le poisson, les p\u00e2tes et plus encore.","robots":{"index":"index","follow":"follow","max-snippet":"max-snippet:-1","max-image-preview":"max-image-preview:large","max-video-preview":"max-video-preview:-1"},"canonical":"https:\/\/grenadeoliveoil.com\/fr\/producto\/moutarde-aux-algues\/","og_locale":"fr_FR","og_type":"article","og_title":"Acheter Moutarde aux algues - Vinaigrettes en ligne","og_description":"S\u00e9lection de moutarde jaune aux algues. Acheter des moutardes et des vinaigrettes id\u00e9ales pour les assaisonnements de salade, la viande, le poisson, les p\u00e2tes et plus encore.","og_url":"https:\/\/grenadeoliveoil.com\/fr\/producto\/moutarde-aux-algues\/","og_site_name":"Grenade Olive Oil","article_modified_time":"2025-04-13T13:58:29+00:00","og_image":[{"width":1000,"height":1000,"url":"https:\/\/grenadeoliveoil.com\/wp-content\/uploads\/2023\/12\/Comprar-mostaza.webp","type":"image\/webp"}],"twitter_card":"summary_large_image","schema":{"@context":"https:\/\/schema.org","@graph":[{"@type":"WebPage","@id":"https:\/\/grenadeoliveoil.com\/fr\/producto\/moutarde-aux-algues\/","url":"https:\/\/grenadeoliveoil.com\/fr\/producto\/moutarde-aux-algues\/","name":"Acheter Moutarde aux algues - Vinaigrettes en ligne","isPartOf":{"@id":"https:\/\/grenadeoliveoil.com\/fr\/#website"},"primaryImageOfPage":{"@id":"https:\/\/grenadeoliveoil.com\/fr\/producto\/moutarde-aux-algues\/#primaryimage"},"image":{"@id":"https:\/\/grenadeoliveoil.com\/fr\/producto\/moutarde-aux-algues\/#primaryimage"},"thumbnailUrl":"https:\/\/grenadeoliveoil.com\/wp-content\/uploads\/2023\/12\/Comprar-mostaza.webp","datePublished":"2023-12-18T21:36:08+00:00","dateModified":"2025-04-13T13:58:29+00:00","description":"S\u00e9lection de moutarde jaune aux algues. Acheter des moutardes et des vinaigrettes id\u00e9ales pour les assaisonnements de salade, la viande, le poisson, les p\u00e2tes et plus encore.","breadcrumb":{"@id":"https:\/\/grenadeoliveoil.com\/fr\/producto\/moutarde-aux-algues\/#breadcrumb"},"inLanguage":"fr-FR","potentialAction":[{"@type":"ReadAction","target":["https:\/\/grenadeoliveoil.com\/fr\/producto\/moutarde-aux-algues\/"]}]},{"@type":"ImageObject","inLanguage":"fr-FR","@id":"https:\/\/grenadeoliveoil.com\/fr\/producto\/moutarde-aux-algues\/#primaryimage","url":"https:\/\/grenadeoliveoil.com\/wp-content\/uploads\/2023\/12\/Comprar-mostaza.webp","contentUrl":"https:\/\/grenadeoliveoil.com\/wp-content\/uploads\/2023\/12\/Comprar-mostaza.webp","width":1000,"height":1000,"caption":"Moutarde aux algues"},{"@type":"BreadcrumbList","@id":"https:\/\/grenadeoliveoil.com\/fr\/producto\/moutarde-aux-algues\/#breadcrumb","itemListElement":[{"@type":"ListItem","position":1,"name":"Portada","item":"https:\/\/grenadeoliveoil.com\/fr\/"},{"@type":"ListItem","position":2,"name":"Boutique","item":"https:\/\/grenadeoliveoil.com\/fr\/boutique\/"},{"@type":"ListItem","position":3,"name":"Moutarde aux algues"}]},{"@type":"WebSite","@id":"https:\/\/grenadeoliveoil.com\/fr\/#website","url":"https:\/\/grenadeoliveoil.com\/fr\/","name":"Grenade Olive Oil","description":"Green Olive Oil","publisher":{"@id":"https:\/\/grenadeoliveoil.com\/fr\/#organization"},"potentialAction":[{"@type":"SearchAction","target":{"@type":"EntryPoint","urlTemplate":"https:\/\/grenadeoliveoil.com\/fr\/?s={search_term_string}"},"query-input":{"@type":"PropertyValueSpecification","valueRequired":true,"valueName":"search_term_string"}}],"inLanguage":"fr-FR"},{"@type":"Organization","@id":"https:\/\/grenadeoliveoil.com\/fr\/#organization","name":"Grande Olive Oil","url":"https:\/\/grenadeoliveoil.com\/fr\/","logo":{"@type":"ImageObject","inLanguage":"fr-FR","@id":"https:\/\/grenadeoliveoil.com\/fr\/#\/schema\/logo\/image\/","url":"https:\/\/grenadeoliveoil.com\/wp-content\/uploads\/2021\/11\/aceite-verde-grenade-olive-oil.jpg","contentUrl":"https:\/\/grenadeoliveoil.com\/wp-content\/uploads\/2021\/11\/aceite-verde-grenade-olive-oil.jpg","width":150,"height":75,"caption":"Grande Olive Oil"},"image":{"@id":"https:\/\/grenadeoliveoil.com\/fr\/#\/schema\/logo\/image\/"}}]}},"_links":{"self":[{"href":"https:\/\/grenadeoliveoil.com\/fr\/wp-json\/wp\/v2\/product\/6488","targetHints":{"allow":["GET"]}}],"collection":[{"href":"https:\/\/grenadeoliveoil.com\/fr\/wp-json\/wp\/v2\/product"}],"about":[{"href":"https:\/\/grenadeoliveoil.com\/fr\/wp-json\/wp\/v2\/types\/product"}],"replies":[{"embeddable":true,"href":"https:\/\/grenadeoliveoil.com\/fr\/wp-json\/wp\/v2\/comments?post=6488"}],"wp:featuredmedia":[{"embeddable":true,"href":"https:\/\/grenadeoliveoil.com\/fr\/wp-json\/wp\/v2\/media\/6478"}],"wp:attachment":[{"href":"https:\/\/grenadeoliveoil.com\/fr\/wp-json\/wp\/v2\/media?parent=6488"}],"wp:term":[{"taxonomy":"product_brand","embeddable":true,"href":"https:\/\/grenadeoliveoil.com\/fr\/wp-json\/wp\/v2\/product_brand?post=6488"},{"taxonomy":"product_cat","embeddable":true,"href":"https:\/\/grenadeoliveoil.com\/fr\/wp-json\/wp\/v2\/product_cat?post=6488"},{"taxonomy":"product_tag","embeddable":true,"href":"https:\/\/grenadeoliveoil.com\/fr\/wp-json\/wp\/v2\/product_tag?post=6488"}],"curies":[{"name":"wp","href":"https:\/\/api.w.org\/{rel}","templated":true}]}}