{"id":6501,"date":"2023-12-18T13:38:30","date_gmt":"2023-12-18T12:38:30","guid":{"rendered":"https:\/\/grenadeoliveoil.com\/producto\/vinaigrette-a-la-mandarine\/"},"modified":"2023-12-18T22:44:15","modified_gmt":"2023-12-18T21:44:15","slug":"vinaigrette-a-la-mandarine","status":"publish","type":"product","link":"https:\/\/grenadeoliveoil.com\/fr\/producto\/vinaigrette-a-la-mandarine\/","title":{"rendered":"Vinaigrette \u00e0 la mandarine"},"content":{"rendered":"<h2>Vinaigrette gourmande<\/h2>\n<p>Convient pour l&#8217;assaisonnement des salades, viandes, poissons et l\u00e9gumes. Ainsi que pour la production de sauces.<\/p>\n<p>R\u00e9cipient en verre.<\/p>\n<p>250 ml \/ 8.45 oz<\/p>\n<p>Ingr\u00e9dients :<\/p>\n<p>Vinaigre (contient des sulfites), sucre et mandarines.<\/p>\n","protected":false},"excerpt":{"rendered":"<p>Vinaigrette gourmande \u00e0 base de mandarines et de vinaigre.<\/p>\n<p>Id\u00e9al pour une touche d&#8217;agrumes.<\/p>\n<p>250 ml \/ 8.45 oz<\/p>\n","protected":false},"featured_media":6463,"comment_status":"open","ping_status":"closed","template":"","meta":[],"product_brand":[],"product_cat":[362],"product_tag":[363,393,376],"class_list":{"0":"post-6501","1":"product","2":"type-product","3":"status-publish","4":"has-post-thumbnail","6":"product_cat-vinaigrettes-et-sauces","7":"product_tag-habillage","8":"product_tag-mandarines","9":"product_tag-vinaigrette-fr","11":"first","12":"instock","13":"shipping-taxable","14":"purchasable","15":"product-type-simple"},"yoast_head":"<!-- This site is optimized with the Yoast SEO plugin v27.4 - https:\/\/yoast.com\/product\/yoast-seo-wordpress\/ -->\n<title>Vinaigrette \u00e0 la mandarine - Acheter des vinaigrettes maison et gourmet<\/title>\n<meta name=\"description\" content=\"D\u00e9couvrez les meilleures vinaigrettes \u00e0 la mandarine et les vinaigrettes gourmandes id\u00e9ales pour les vinaigrettes, les viandes, les poissons, les p\u00e2tes et bien plus encore.\" \/>\n<meta name=\"robots\" content=\"index, follow, max-snippet:-1, max-image-preview:large, max-video-preview:-1\" \/>\n<link rel=\"canonical\" href=\"https:\/\/grenadeoliveoil.com\/fr\/producto\/vinaigrette-a-la-mandarine\/\" \/>\n<meta property=\"og:locale\" content=\"fr_FR\" \/>\n<meta property=\"og:type\" content=\"article\" \/>\n<meta property=\"og:title\" content=\"Vinaigrette \u00e0 la mandarine - Acheter des vinaigrettes maison et gourmet\" \/>\n<meta property=\"og:description\" content=\"D\u00e9couvrez les meilleures vinaigrettes \u00e0 la mandarine et les vinaigrettes gourmandes id\u00e9ales pour les vinaigrettes, les viandes, les poissons, les p\u00e2tes et bien plus encore.\" \/>\n<meta property=\"og:url\" content=\"https:\/\/grenadeoliveoil.com\/fr\/producto\/vinaigrette-a-la-mandarine\/\" \/>\n<meta property=\"og:site_name\" content=\"Grenade Olive Oil\" \/>\n<meta property=\"article:modified_time\" content=\"2023-12-18T21:44:15+00:00\" \/>\n<meta property=\"og:image\" content=\"https:\/\/grenadeoliveoil.com\/wp-content\/uploads\/2023\/12\/Alino-mandarina.webp\" \/>\n\t<meta property=\"og:image:width\" content=\"1000\" \/>\n\t<meta property=\"og:image:height\" content=\"1000\" \/>\n\t<meta property=\"og:image:type\" content=\"image\/webp\" \/>\n<meta name=\"twitter:card\" content=\"summary_large_image\" \/>\n<meta name=\"twitter:label1\" content=\"Prix\" \/>\n\t<meta name=\"twitter:data1\" content=\"7,00&euro;\" \/>\n\t<meta name=\"twitter:label2\" content=\"Disponibilit\u00e9\" \/>\n\t<meta name=\"twitter:data2\" content=\"En stock\" \/>\n<script type=\"application\/ld+json\" class=\"yoast-schema-graph\">{\"@context\":\"https:\\\/\\\/schema.org\",\"@graph\":[{\"@type\":\"WebPage\",\"@id\":\"https:\\\/\\\/grenadeoliveoil.com\\\/fr\\\/producto\\\/vinaigrette-a-la-mandarine\\\/\",\"url\":\"https:\\\/\\\/grenadeoliveoil.com\\\/fr\\\/producto\\\/vinaigrette-a-la-mandarine\\\/\",\"name\":\"Vinaigrette \u00e0 la mandarine - Acheter des vinaigrettes maison et gourmet\",\"isPartOf\":{\"@id\":\"https:\\\/\\\/grenadeoliveoil.com\\\/fr\\\/#website\"},\"primaryImageOfPage\":{\"@id\":\"https:\\\/\\\/grenadeoliveoil.com\\\/fr\\\/producto\\\/vinaigrette-a-la-mandarine\\\/#primaryimage\"},\"image\":{\"@id\":\"https:\\\/\\\/grenadeoliveoil.com\\\/fr\\\/producto\\\/vinaigrette-a-la-mandarine\\\/#primaryimage\"},\"thumbnailUrl\":\"https:\\\/\\\/grenadeoliveoil.com\\\/wp-content\\\/uploads\\\/2023\\\/12\\\/Alino-mandarina.webp\",\"datePublished\":\"2023-12-18T12:38:30+00:00\",\"dateModified\":\"2023-12-18T21:44:15+00:00\",\"description\":\"D\u00e9couvrez les meilleures vinaigrettes \u00e0 la mandarine et les vinaigrettes gourmandes id\u00e9ales pour les vinaigrettes, les viandes, les poissons, les p\u00e2tes et bien plus encore.\",\"breadcrumb\":{\"@id\":\"https:\\\/\\\/grenadeoliveoil.com\\\/fr\\\/producto\\\/vinaigrette-a-la-mandarine\\\/#breadcrumb\"},\"inLanguage\":\"fr-FR\",\"potentialAction\":[{\"@type\":\"ReadAction\",\"target\":[\"https:\\\/\\\/grenadeoliveoil.com\\\/fr\\\/producto\\\/vinaigrette-a-la-mandarine\\\/\"]}]},{\"@type\":\"ImageObject\",\"inLanguage\":\"fr-FR\",\"@id\":\"https:\\\/\\\/grenadeoliveoil.com\\\/fr\\\/producto\\\/vinaigrette-a-la-mandarine\\\/#primaryimage\",\"url\":\"https:\\\/\\\/grenadeoliveoil.com\\\/wp-content\\\/uploads\\\/2023\\\/12\\\/Alino-mandarina.webp\",\"contentUrl\":\"https:\\\/\\\/grenadeoliveoil.com\\\/wp-content\\\/uploads\\\/2023\\\/12\\\/Alino-mandarina.webp\",\"width\":1000,\"height\":1000,\"caption\":\"Vinaigrette \u00e0 la mandarine\"},{\"@type\":\"BreadcrumbList\",\"@id\":\"https:\\\/\\\/grenadeoliveoil.com\\\/fr\\\/producto\\\/vinaigrette-a-la-mandarine\\\/#breadcrumb\",\"itemListElement\":[{\"@type\":\"ListItem\",\"position\":1,\"name\":\"Portada\",\"item\":\"https:\\\/\\\/grenadeoliveoil.com\\\/fr\\\/\"},{\"@type\":\"ListItem\",\"position\":2,\"name\":\"Boutique\",\"item\":\"https:\\\/\\\/grenadeoliveoil.com\\\/fr\\\/boutique\\\/\"},{\"@type\":\"ListItem\",\"position\":3,\"name\":\"Vinaigrette \u00e0 la mandarine\"}]},{\"@type\":\"WebSite\",\"@id\":\"https:\\\/\\\/grenadeoliveoil.com\\\/fr\\\/#website\",\"url\":\"https:\\\/\\\/grenadeoliveoil.com\\\/fr\\\/\",\"name\":\"Grenade Olive Oil\",\"description\":\"Green Olive Oil\",\"publisher\":{\"@id\":\"https:\\\/\\\/grenadeoliveoil.com\\\/fr\\\/#organization\"},\"potentialAction\":[{\"@type\":\"SearchAction\",\"target\":{\"@type\":\"EntryPoint\",\"urlTemplate\":\"https:\\\/\\\/grenadeoliveoil.com\\\/fr\\\/?s={search_term_string}\"},\"query-input\":{\"@type\":\"PropertyValueSpecification\",\"valueRequired\":true,\"valueName\":\"search_term_string\"}}],\"inLanguage\":\"fr-FR\"},{\"@type\":\"Organization\",\"@id\":\"https:\\\/\\\/grenadeoliveoil.com\\\/fr\\\/#organization\",\"name\":\"Grande Olive Oil\",\"url\":\"https:\\\/\\\/grenadeoliveoil.com\\\/fr\\\/\",\"logo\":{\"@type\":\"ImageObject\",\"inLanguage\":\"fr-FR\",\"@id\":\"https:\\\/\\\/grenadeoliveoil.com\\\/fr\\\/#\\\/schema\\\/logo\\\/image\\\/\",\"url\":\"https:\\\/\\\/grenadeoliveoil.com\\\/wp-content\\\/uploads\\\/2021\\\/11\\\/aceite-verde-grenade-olive-oil.jpg\",\"contentUrl\":\"https:\\\/\\\/grenadeoliveoil.com\\\/wp-content\\\/uploads\\\/2021\\\/11\\\/aceite-verde-grenade-olive-oil.jpg\",\"width\":150,\"height\":75,\"caption\":\"Grande Olive Oil\"},\"image\":{\"@id\":\"https:\\\/\\\/grenadeoliveoil.com\\\/fr\\\/#\\\/schema\\\/logo\\\/image\\\/\"}}]}<\/script>\n<meta property=\"product:price:amount\" content=\"7.00\" \/>\n<meta property=\"product:price:currency\" content=\"EUR\" \/>\n<meta property=\"og:availability\" content=\"instock\" \/>\n<meta property=\"product:availability\" content=\"instock\" \/>\n<meta property=\"product:condition\" content=\"new\" \/>\n<!-- \/ Yoast SEO plugin. -->","yoast_head_json":{"title":"Vinaigrette \u00e0 la mandarine - Acheter des vinaigrettes maison et gourmet","description":"D\u00e9couvrez les meilleures vinaigrettes \u00e0 la mandarine et les vinaigrettes gourmandes id\u00e9ales pour les vinaigrettes, les viandes, les poissons, les p\u00e2tes et bien plus encore.","robots":{"index":"index","follow":"follow","max-snippet":"max-snippet:-1","max-image-preview":"max-image-preview:large","max-video-preview":"max-video-preview:-1"},"canonical":"https:\/\/grenadeoliveoil.com\/fr\/producto\/vinaigrette-a-la-mandarine\/","og_locale":"fr_FR","og_type":"article","og_title":"Vinaigrette \u00e0 la mandarine - Acheter des vinaigrettes maison et gourmet","og_description":"D\u00e9couvrez les meilleures vinaigrettes \u00e0 la mandarine et les vinaigrettes gourmandes id\u00e9ales pour les vinaigrettes, les viandes, les poissons, les p\u00e2tes et bien plus encore.","og_url":"https:\/\/grenadeoliveoil.com\/fr\/producto\/vinaigrette-a-la-mandarine\/","og_site_name":"Grenade Olive Oil","article_modified_time":"2023-12-18T21:44:15+00:00","og_image":[{"width":1000,"height":1000,"url":"https:\/\/grenadeoliveoil.com\/wp-content\/uploads\/2023\/12\/Alino-mandarina.webp","type":"image\/webp"}],"twitter_card":"summary_large_image","twitter_misc":{"Prix":"7,00&euro;","Disponibilit\u00e9":"En stock"},"schema":{"@context":"https:\/\/schema.org","@graph":[{"@type":"WebPage","@id":"https:\/\/grenadeoliveoil.com\/fr\/producto\/vinaigrette-a-la-mandarine\/","url":"https:\/\/grenadeoliveoil.com\/fr\/producto\/vinaigrette-a-la-mandarine\/","name":"Vinaigrette \u00e0 la mandarine - Acheter des vinaigrettes maison et gourmet","isPartOf":{"@id":"https:\/\/grenadeoliveoil.com\/fr\/#website"},"primaryImageOfPage":{"@id":"https:\/\/grenadeoliveoil.com\/fr\/producto\/vinaigrette-a-la-mandarine\/#primaryimage"},"image":{"@id":"https:\/\/grenadeoliveoil.com\/fr\/producto\/vinaigrette-a-la-mandarine\/#primaryimage"},"thumbnailUrl":"https:\/\/grenadeoliveoil.com\/wp-content\/uploads\/2023\/12\/Alino-mandarina.webp","datePublished":"2023-12-18T12:38:30+00:00","dateModified":"2023-12-18T21:44:15+00:00","description":"D\u00e9couvrez les meilleures vinaigrettes \u00e0 la mandarine et les vinaigrettes gourmandes id\u00e9ales pour les vinaigrettes, les viandes, les poissons, les p\u00e2tes et bien plus encore.","breadcrumb":{"@id":"https:\/\/grenadeoliveoil.com\/fr\/producto\/vinaigrette-a-la-mandarine\/#breadcrumb"},"inLanguage":"fr-FR","potentialAction":[{"@type":"ReadAction","target":["https:\/\/grenadeoliveoil.com\/fr\/producto\/vinaigrette-a-la-mandarine\/"]}]},{"@type":"ImageObject","inLanguage":"fr-FR","@id":"https:\/\/grenadeoliveoil.com\/fr\/producto\/vinaigrette-a-la-mandarine\/#primaryimage","url":"https:\/\/grenadeoliveoil.com\/wp-content\/uploads\/2023\/12\/Alino-mandarina.webp","contentUrl":"https:\/\/grenadeoliveoil.com\/wp-content\/uploads\/2023\/12\/Alino-mandarina.webp","width":1000,"height":1000,"caption":"Vinaigrette \u00e0 la mandarine"},{"@type":"BreadcrumbList","@id":"https:\/\/grenadeoliveoil.com\/fr\/producto\/vinaigrette-a-la-mandarine\/#breadcrumb","itemListElement":[{"@type":"ListItem","position":1,"name":"Portada","item":"https:\/\/grenadeoliveoil.com\/fr\/"},{"@type":"ListItem","position":2,"name":"Boutique","item":"https:\/\/grenadeoliveoil.com\/fr\/boutique\/"},{"@type":"ListItem","position":3,"name":"Vinaigrette \u00e0 la mandarine"}]},{"@type":"WebSite","@id":"https:\/\/grenadeoliveoil.com\/fr\/#website","url":"https:\/\/grenadeoliveoil.com\/fr\/","name":"Grenade Olive Oil","description":"Green Olive Oil","publisher":{"@id":"https:\/\/grenadeoliveoil.com\/fr\/#organization"},"potentialAction":[{"@type":"SearchAction","target":{"@type":"EntryPoint","urlTemplate":"https:\/\/grenadeoliveoil.com\/fr\/?s={search_term_string}"},"query-input":{"@type":"PropertyValueSpecification","valueRequired":true,"valueName":"search_term_string"}}],"inLanguage":"fr-FR"},{"@type":"Organization","@id":"https:\/\/grenadeoliveoil.com\/fr\/#organization","name":"Grande Olive Oil","url":"https:\/\/grenadeoliveoil.com\/fr\/","logo":{"@type":"ImageObject","inLanguage":"fr-FR","@id":"https:\/\/grenadeoliveoil.com\/fr\/#\/schema\/logo\/image\/","url":"https:\/\/grenadeoliveoil.com\/wp-content\/uploads\/2021\/11\/aceite-verde-grenade-olive-oil.jpg","contentUrl":"https:\/\/grenadeoliveoil.com\/wp-content\/uploads\/2021\/11\/aceite-verde-grenade-olive-oil.jpg","width":150,"height":75,"caption":"Grande Olive Oil"},"image":{"@id":"https:\/\/grenadeoliveoil.com\/fr\/#\/schema\/logo\/image\/"}}]},"product_price_amount":"7.00","product_price_currency":"EUR","og_availability":"instock","product_availability":"instock","product_condition":"new"},"_links":{"self":[{"href":"https:\/\/grenadeoliveoil.com\/fr\/wp-json\/wp\/v2\/product\/6501","targetHints":{"allow":["GET"]}}],"collection":[{"href":"https:\/\/grenadeoliveoil.com\/fr\/wp-json\/wp\/v2\/product"}],"about":[{"href":"https:\/\/grenadeoliveoil.com\/fr\/wp-json\/wp\/v2\/types\/product"}],"replies":[{"embeddable":true,"href":"https:\/\/grenadeoliveoil.com\/fr\/wp-json\/wp\/v2\/comments?post=6501"}],"wp:featuredmedia":[{"embeddable":true,"href":"https:\/\/grenadeoliveoil.com\/fr\/wp-json\/wp\/v2\/media\/6463"}],"wp:attachment":[{"href":"https:\/\/grenadeoliveoil.com\/fr\/wp-json\/wp\/v2\/media?parent=6501"}],"wp:term":[{"taxonomy":"product_brand","embeddable":true,"href":"https:\/\/grenadeoliveoil.com\/fr\/wp-json\/wp\/v2\/product_brand?post=6501"},{"taxonomy":"product_cat","embeddable":true,"href":"https:\/\/grenadeoliveoil.com\/fr\/wp-json\/wp\/v2\/product_cat?post=6501"},{"taxonomy":"product_tag","embeddable":true,"href":"https:\/\/grenadeoliveoil.com\/fr\/wp-json\/wp\/v2\/product_tag?post=6501"}],"curies":[{"name":"wp","href":"https:\/\/api.w.org\/{rel}","templated":true}]}}