{"id":5721,"date":"2022-11-07T11:32:28","date_gmt":"2022-11-07T10:32:28","guid":{"rendered":"https:\/\/grenadeoliveoil.com\/?post_type=product&#038;p=5721"},"modified":"2025-05-14T09:31:05","modified_gmt":"2025-05-14T08:31:05","slug":"queso-de-cabra-artesanal","status":"publish","type":"product","link":"https:\/\/grenadeoliveoil.com\/ru\/producto\/queso-de-cabra-artesanal\/","title":{"rendered":"Queso de cabra madurado"},"content":{"rendered":"<h2>Queso de cabra artesanal<\/h2>\n<p>Elaborado con la leche reci\u00e9n orde\u00f1ada cabra.<\/p>\n<p>Sin ning\u00fan proceso de calentamiento de la leche. A la misma temperatura que llega la leche reci\u00e9n orde\u00f1ada (31-32 grados) se empieza la elaboraci\u00f3n del queso.<\/p>\n<p>Curaci\u00f3n m\u00ednima de 3 meses.<\/p>\n<p>Es un queso con una intensidad media y muy recomendable comerlo con su corteza que es totalmente natural.<\/p>\n<p>Peso: 200 gr.<\/p>\n","protected":false},"excerpt":{"rendered":"<p>Queso de cabra madurado artesano. 200 gr.<\/p>\n","protected":false},"featured_media":5722,"comment_status":"open","ping_status":"closed","template":"","meta":[],"product_brand":[],"product_cat":[187],"product_tag":[188,189,190,191],"class_list":{"0":"post-5721","1":"product","2":"type-product","3":"status-publish","4":"has-post-thumbnail","6":"product_cat-quesos","7":"product_tag-queso","8":"product_tag-queso-artesanal","9":"product_tag-queso-de-cabra","10":"product_tag-queso-madurado","12":"first","13":"outofstock","14":"shipping-taxable","15":"purchasable","16":"product-type-simple"},"yoast_head":"<!-- This site is optimized with the Yoast SEO plugin v27.4 - https:\/\/yoast.com\/product\/yoast-seo-wordpress\/ -->\n<title>Queso de cabra madurado artesanal - Grenade Olive Oil<\/title>\n<meta name=\"description\" content=\"Disfruta del Queso de cabra madurado elaborado de forma artesanal con leche fresca de cabra. Comprar queso artesano online. Grenade Olive Oil.\" \/>\n<meta name=\"robots\" content=\"index, follow, max-snippet:-1, max-image-preview:large, max-video-preview:-1\" \/>\n<link rel=\"canonical\" href=\"https:\/\/grenadeoliveoil.com\/ru\/producto\/queso-de-cabra-artesanal\/\" \/>\n<meta property=\"og:locale\" content=\"ru_RU\" \/>\n<meta property=\"og:type\" content=\"article\" \/>\n<meta property=\"og:title\" content=\"Queso de cabra madurado artesanal - Grenade Olive Oil\" \/>\n<meta property=\"og:description\" content=\"Disfruta del Queso de cabra madurado elaborado de forma artesanal con leche fresca de cabra. Comprar queso artesano online. Grenade Olive Oil.\" \/>\n<meta property=\"og:url\" content=\"https:\/\/grenadeoliveoil.com\/ru\/producto\/queso-de-cabra-artesanal\/\" \/>\n<meta property=\"og:site_name\" content=\"Grenade Olive Oil\" \/>\n<meta property=\"article:modified_time\" content=\"2025-05-14T08:31:05+00:00\" \/>\n<meta property=\"og:image\" content=\"https:\/\/grenadeoliveoil.com\/wp-content\/uploads\/2022\/11\/Queso-de-cabra-madurado.webp\" \/>\n\t<meta property=\"og:image:width\" content=\"1200\" \/>\n\t<meta property=\"og:image:height\" content=\"1200\" \/>\n\t<meta property=\"og:image:type\" content=\"image\/webp\" \/>\n<meta name=\"twitter:card\" content=\"summary_large_image\" \/>\n<meta name=\"twitter:label1\" content=\"\u0426\u0435\u043d\u0430\" \/>\n\t<meta name=\"twitter:data1\" content=\"6,90&euro;\" \/>\n\t<meta name=\"twitter:label2\" content=\"\u0414\u043e\u0441\u0442\u0443\u043f\u043d\u043e\u0441\u0442\u044c\" \/>\n\t<meta name=\"twitter:data2\" content=\"\u0420\u0430\u0441\u043f\u0440\u043e\u0434\u0430\u043d\u043e\" \/>\n<script type=\"application\/ld+json\" class=\"yoast-schema-graph\">{\"@context\":\"https:\\\/\\\/schema.org\",\"@graph\":[{\"@type\":\"WebPage\",\"@id\":\"https:\\\/\\\/grenadeoliveoil.com\\\/ru\\\/producto\\\/queso-de-cabra-artesanal\\\/\",\"url\":\"https:\\\/\\\/grenadeoliveoil.com\\\/ru\\\/producto\\\/queso-de-cabra-artesanal\\\/\",\"name\":\"Queso de cabra madurado artesanal - Grenade Olive Oil\",\"isPartOf\":{\"@id\":\"https:\\\/\\\/grenadeoliveoil.com\\\/ru\\\/#website\"},\"primaryImageOfPage\":{\"@id\":\"https:\\\/\\\/grenadeoliveoil.com\\\/ru\\\/producto\\\/queso-de-cabra-artesanal\\\/#primaryimage\"},\"image\":{\"@id\":\"https:\\\/\\\/grenadeoliveoil.com\\\/ru\\\/producto\\\/queso-de-cabra-artesanal\\\/#primaryimage\"},\"thumbnailUrl\":\"https:\\\/\\\/grenadeoliveoil.com\\\/wp-content\\\/uploads\\\/2022\\\/11\\\/Queso-de-cabra-madurado.webp\",\"datePublished\":\"2022-11-07T10:32:28+00:00\",\"dateModified\":\"2025-05-14T08:31:05+00:00\",\"description\":\"Disfruta del Queso de cabra madurado elaborado de forma artesanal con leche fresca de cabra. Comprar queso artesano online. Grenade Olive Oil.\",\"breadcrumb\":{\"@id\":\"https:\\\/\\\/grenadeoliveoil.com\\\/ru\\\/producto\\\/queso-de-cabra-artesanal\\\/#breadcrumb\"},\"inLanguage\":\"ru-RU\",\"potentialAction\":[{\"@type\":\"ReadAction\",\"target\":[\"https:\\\/\\\/grenadeoliveoil.com\\\/ru\\\/producto\\\/queso-de-cabra-artesanal\\\/\"]}]},{\"@type\":\"ImageObject\",\"inLanguage\":\"ru-RU\",\"@id\":\"https:\\\/\\\/grenadeoliveoil.com\\\/ru\\\/producto\\\/queso-de-cabra-artesanal\\\/#primaryimage\",\"url\":\"https:\\\/\\\/grenadeoliveoil.com\\\/wp-content\\\/uploads\\\/2022\\\/11\\\/Queso-de-cabra-madurado.webp\",\"contentUrl\":\"https:\\\/\\\/grenadeoliveoil.com\\\/wp-content\\\/uploads\\\/2022\\\/11\\\/Queso-de-cabra-madurado.webp\",\"width\":1200,\"height\":1200,\"caption\":\"Queso de cabra artesanal\"},{\"@type\":\"BreadcrumbList\",\"@id\":\"https:\\\/\\\/grenadeoliveoil.com\\\/ru\\\/producto\\\/queso-de-cabra-artesanal\\\/#breadcrumb\",\"itemListElement\":[{\"@type\":\"ListItem\",\"position\":1,\"name\":\"Portada\",\"item\":\"https:\\\/\\\/grenadeoliveoil.com\\\/ru\\\/\"},{\"@type\":\"ListItem\",\"position\":2,\"name\":\"\u041c\u0430\u0433\u0430\u0437\u0438\u043d\",\"item\":\"https:\\\/\\\/grenadeoliveoil.com\\\/ru\\\/%d0%bc%d0%b0%d0%b3%d0%b0%d0%b7%d0%b8%d0%bd\\\/\"},{\"@type\":\"ListItem\",\"position\":3,\"name\":\"Queso de cabra madurado\"}]},{\"@type\":\"WebSite\",\"@id\":\"https:\\\/\\\/grenadeoliveoil.com\\\/ru\\\/#website\",\"url\":\"https:\\\/\\\/grenadeoliveoil.com\\\/ru\\\/\",\"name\":\"Grenade Olive Oil\",\"description\":\"Green Olive Oil\",\"publisher\":{\"@id\":\"https:\\\/\\\/grenadeoliveoil.com\\\/ru\\\/#organization\"},\"potentialAction\":[{\"@type\":\"SearchAction\",\"target\":{\"@type\":\"EntryPoint\",\"urlTemplate\":\"https:\\\/\\\/grenadeoliveoil.com\\\/ru\\\/?s={search_term_string}\"},\"query-input\":{\"@type\":\"PropertyValueSpecification\",\"valueRequired\":true,\"valueName\":\"search_term_string\"}}],\"inLanguage\":\"ru-RU\"},{\"@type\":\"Organization\",\"@id\":\"https:\\\/\\\/grenadeoliveoil.com\\\/ru\\\/#organization\",\"name\":\"Grande Olive Oil\",\"url\":\"https:\\\/\\\/grenadeoliveoil.com\\\/ru\\\/\",\"logo\":{\"@type\":\"ImageObject\",\"inLanguage\":\"ru-RU\",\"@id\":\"https:\\\/\\\/grenadeoliveoil.com\\\/ru\\\/#\\\/schema\\\/logo\\\/image\\\/\",\"url\":\"https:\\\/\\\/grenadeoliveoil.com\\\/wp-content\\\/uploads\\\/2021\\\/11\\\/aceite-verde-grenade-olive-oil.jpg\",\"contentUrl\":\"https:\\\/\\\/grenadeoliveoil.com\\\/wp-content\\\/uploads\\\/2021\\\/11\\\/aceite-verde-grenade-olive-oil.jpg\",\"width\":150,\"height\":75,\"caption\":\"Grande Olive Oil\"},\"image\":{\"@id\":\"https:\\\/\\\/grenadeoliveoil.com\\\/ru\\\/#\\\/schema\\\/logo\\\/image\\\/\"}}]}<\/script>\n<meta property=\"product:price:amount\" content=\"6.90\" \/>\n<meta property=\"product:price:currency\" content=\"EUR\" \/>\n<meta property=\"og:availability\" content=\"out of stock\" \/>\n<meta property=\"product:availability\" content=\"out of stock\" \/>\n<meta property=\"product:condition\" content=\"new\" \/>\n<!-- \/ Yoast SEO plugin. -->","yoast_head_json":{"title":"Queso de cabra madurado artesanal - Grenade Olive Oil","description":"Disfruta del Queso de cabra madurado elaborado de forma artesanal con leche fresca de cabra. Comprar queso artesano online. Grenade Olive Oil.","robots":{"index":"index","follow":"follow","max-snippet":"max-snippet:-1","max-image-preview":"max-image-preview:large","max-video-preview":"max-video-preview:-1"},"canonical":"https:\/\/grenadeoliveoil.com\/ru\/producto\/queso-de-cabra-artesanal\/","og_locale":"ru_RU","og_type":"article","og_title":"Queso de cabra madurado artesanal - Grenade Olive Oil","og_description":"Disfruta del Queso de cabra madurado elaborado de forma artesanal con leche fresca de cabra. Comprar queso artesano online. Grenade Olive Oil.","og_url":"https:\/\/grenadeoliveoil.com\/ru\/producto\/queso-de-cabra-artesanal\/","og_site_name":"Grenade Olive Oil","article_modified_time":"2025-05-14T08:31:05+00:00","og_image":[{"width":1200,"height":1200,"url":"https:\/\/grenadeoliveoil.com\/wp-content\/uploads\/2022\/11\/Queso-de-cabra-madurado.webp","type":"image\/webp"}],"twitter_card":"summary_large_image","twitter_misc":{"\u0426\u0435\u043d\u0430":"6,90&euro;","\u0414\u043e\u0441\u0442\u0443\u043f\u043d\u043e\u0441\u0442\u044c":"\u0420\u0430\u0441\u043f\u0440\u043e\u0434\u0430\u043d\u043e"},"schema":{"@context":"https:\/\/schema.org","@graph":[{"@type":"WebPage","@id":"https:\/\/grenadeoliveoil.com\/ru\/producto\/queso-de-cabra-artesanal\/","url":"https:\/\/grenadeoliveoil.com\/ru\/producto\/queso-de-cabra-artesanal\/","name":"Queso de cabra madurado artesanal - Grenade Olive Oil","isPartOf":{"@id":"https:\/\/grenadeoliveoil.com\/ru\/#website"},"primaryImageOfPage":{"@id":"https:\/\/grenadeoliveoil.com\/ru\/producto\/queso-de-cabra-artesanal\/#primaryimage"},"image":{"@id":"https:\/\/grenadeoliveoil.com\/ru\/producto\/queso-de-cabra-artesanal\/#primaryimage"},"thumbnailUrl":"https:\/\/grenadeoliveoil.com\/wp-content\/uploads\/2022\/11\/Queso-de-cabra-madurado.webp","datePublished":"2022-11-07T10:32:28+00:00","dateModified":"2025-05-14T08:31:05+00:00","description":"Disfruta del Queso de cabra madurado elaborado de forma artesanal con leche fresca de cabra. Comprar queso artesano online. Grenade Olive Oil.","breadcrumb":{"@id":"https:\/\/grenadeoliveoil.com\/ru\/producto\/queso-de-cabra-artesanal\/#breadcrumb"},"inLanguage":"ru-RU","potentialAction":[{"@type":"ReadAction","target":["https:\/\/grenadeoliveoil.com\/ru\/producto\/queso-de-cabra-artesanal\/"]}]},{"@type":"ImageObject","inLanguage":"ru-RU","@id":"https:\/\/grenadeoliveoil.com\/ru\/producto\/queso-de-cabra-artesanal\/#primaryimage","url":"https:\/\/grenadeoliveoil.com\/wp-content\/uploads\/2022\/11\/Queso-de-cabra-madurado.webp","contentUrl":"https:\/\/grenadeoliveoil.com\/wp-content\/uploads\/2022\/11\/Queso-de-cabra-madurado.webp","width":1200,"height":1200,"caption":"Queso de cabra artesanal"},{"@type":"BreadcrumbList","@id":"https:\/\/grenadeoliveoil.com\/ru\/producto\/queso-de-cabra-artesanal\/#breadcrumb","itemListElement":[{"@type":"ListItem","position":1,"name":"Portada","item":"https:\/\/grenadeoliveoil.com\/ru\/"},{"@type":"ListItem","position":2,"name":"\u041c\u0430\u0433\u0430\u0437\u0438\u043d","item":"https:\/\/grenadeoliveoil.com\/ru\/%d0%bc%d0%b0%d0%b3%d0%b0%d0%b7%d0%b8%d0%bd\/"},{"@type":"ListItem","position":3,"name":"Queso de cabra madurado"}]},{"@type":"WebSite","@id":"https:\/\/grenadeoliveoil.com\/ru\/#website","url":"https:\/\/grenadeoliveoil.com\/ru\/","name":"Grenade Olive Oil","description":"Green Olive Oil","publisher":{"@id":"https:\/\/grenadeoliveoil.com\/ru\/#organization"},"potentialAction":[{"@type":"SearchAction","target":{"@type":"EntryPoint","urlTemplate":"https:\/\/grenadeoliveoil.com\/ru\/?s={search_term_string}"},"query-input":{"@type":"PropertyValueSpecification","valueRequired":true,"valueName":"search_term_string"}}],"inLanguage":"ru-RU"},{"@type":"Organization","@id":"https:\/\/grenadeoliveoil.com\/ru\/#organization","name":"Grande Olive Oil","url":"https:\/\/grenadeoliveoil.com\/ru\/","logo":{"@type":"ImageObject","inLanguage":"ru-RU","@id":"https:\/\/grenadeoliveoil.com\/ru\/#\/schema\/logo\/image\/","url":"https:\/\/grenadeoliveoil.com\/wp-content\/uploads\/2021\/11\/aceite-verde-grenade-olive-oil.jpg","contentUrl":"https:\/\/grenadeoliveoil.com\/wp-content\/uploads\/2021\/11\/aceite-verde-grenade-olive-oil.jpg","width":150,"height":75,"caption":"Grande Olive Oil"},"image":{"@id":"https:\/\/grenadeoliveoil.com\/ru\/#\/schema\/logo\/image\/"}}]},"product_price_amount":"6.90","product_price_currency":"EUR","og_availability":"out of stock","product_availability":"out of stock","product_condition":"new"},"_links":{"self":[{"href":"https:\/\/grenadeoliveoil.com\/ru\/wp-json\/wp\/v2\/product\/5721","targetHints":{"allow":["GET"]}}],"collection":[{"href":"https:\/\/grenadeoliveoil.com\/ru\/wp-json\/wp\/v2\/product"}],"about":[{"href":"https:\/\/grenadeoliveoil.com\/ru\/wp-json\/wp\/v2\/types\/product"}],"replies":[{"embeddable":true,"href":"https:\/\/grenadeoliveoil.com\/ru\/wp-json\/wp\/v2\/comments?post=5721"}],"wp:featuredmedia":[{"embeddable":true,"href":"https:\/\/grenadeoliveoil.com\/ru\/wp-json\/wp\/v2\/media\/5722"}],"wp:attachment":[{"href":"https:\/\/grenadeoliveoil.com\/ru\/wp-json\/wp\/v2\/media?parent=5721"}],"wp:term":[{"taxonomy":"product_brand","embeddable":true,"href":"https:\/\/grenadeoliveoil.com\/ru\/wp-json\/wp\/v2\/product_brand?post=5721"},{"taxonomy":"product_cat","embeddable":true,"href":"https:\/\/grenadeoliveoil.com\/ru\/wp-json\/wp\/v2\/product_cat?post=5721"},{"taxonomy":"product_tag","embeddable":true,"href":"https:\/\/grenadeoliveoil.com\/ru\/wp-json\/wp\/v2\/product_tag?post=5721"}],"curies":[{"name":"wp","href":"https:\/\/api.w.org\/{rel}","templated":true}]}}