{"id":5727,"date":"2022-11-07T11:30:30","date_gmt":"2022-11-07T10:30:30","guid":{"rendered":"https:\/\/grenadeoliveoil.com\/?post_type=product&#038;p=5727"},"modified":"2026-03-10T16:05:14","modified_gmt":"2026-03-10T15:05:14","slug":"caja-gourmet-grande","status":"publish","type":"product","link":"https:\/\/grenadeoliveoil.com\/ru\/producto\/caja-gourmet-grande\/","title":{"rendered":"Caja Gourmet Grande"},"content":{"rendered":"<h2>Lote Gourmet Artesanal para regalar<\/h2>\n<p data-start=\"0\" data-end=\"92\">Cesta gourmet con sabores de la tierra \u2013 el detalle perfecto para sorprender con mucho sabor<\/p>\n<p data-start=\"94\" data-end=\"376\">Esta cesta est\u00e1 pensada para quienes disfrutan del buen producto, de los sabores aut\u00e9nticos y de esos momentos que se alargan alrededor de la mesa. Una selecci\u00f3n cuidada de productos artesanales y gourmet que combinan aperitivo, plato principal y peque\u00f1os caprichos para el paladar.<\/p>\n<p data-start=\"378\" data-end=\"488\">Ideal para regalar en Navidad, cumplea\u00f1os, celebraciones especiales o como detalle de empresa con mucho nivel.<\/p>\n<p data-start=\"490\" data-end=\"524\">En esta cesta gourmet encontrar\u00e1s:<\/p>\n<ul data-start=\"526\" data-end=\"1017\">\n<li data-start=\"526\" data-end=\"579\">\n<p data-start=\"528\" data-end=\"579\"><strong data-start=\"528\" data-end=\"577\">Almendra tostada con AOVE y sal, sin piel 65 g<\/strong><\/p>\n<\/li>\n<li data-start=\"580\" data-end=\"634\">\n<p data-start=\"582\" data-end=\"634\"><strong data-start=\"582\" data-end=\"632\">Almendra marcona tostada con piel y sal, en vac\u00edo 100 g<\/strong><\/p>\n<\/li>\n<li data-start=\"635\" data-end=\"675\">\n<p data-start=\"637\" data-end=\"675\"><strong data-start=\"637\" data-end=\"673\">Crema de membrillo artesanal 120 g aprox.<\/strong><\/p>\n<\/li>\n<li data-start=\"676\" data-end=\"707\">\n<p data-start=\"678\" data-end=\"707\"><strong data-start=\"678\" data-end=\"705\">Pericana seca crujiente<\/strong><\/p>\n<\/li>\n<li data-start=\"708\" data-end=\"747\">\n<p data-start=\"710\" data-end=\"747\"><strong data-start=\"710\" data-end=\"745\">Aceite de oliva Virgen Extra Alfafarenca 500 ml<\/strong><\/p>\n<\/li>\n<li data-start=\"748\" data-end=\"790\">\n<p data-start=\"750\" data-end=\"790\"><strong data-start=\"793\" data-end=\"833\">Aceitunas de autor<\/strong><\/p>\n<\/li>\n<li data-start=\"748\" data-end=\"790\">\n<p data-start=\"750\" data-end=\"790\"><strong data-start=\"793\" data-end=\"833\">Garum siglo XXI 110 gr aprox. de olivas, anchoas y hierbas<\/strong><\/p>\n<\/li>\n<li data-start=\"748\" data-end=\"790\">\n<p data-start=\"750\" data-end=\"790\"><strong data-start=\"793\" data-end=\"833\">Turr\u00f3n chocolate 40% almendras 200 g<\/strong><\/p>\n<\/li>\n<li data-start=\"836\" data-end=\"872\">\n<p data-start=\"838\" data-end=\"872\"><strong data-start=\"838\" data-end=\"870\">Cabra madurado \u2013 leche cruda<\/strong><\/p>\n<\/li>\n<li data-start=\"898\" data-end=\"927\">\n<p data-start=\"900\" data-end=\"927\"><strong data-start=\"900\" data-end=\"925\">Codillo salsa mostaza<\/strong><\/p>\n<\/li>\n<li data-start=\"928\" data-end=\"982\">\n<p data-start=\"930\" data-end=\"982\"><strong data-start=\"930\" data-end=\"980\">Perlas de aceite de oliva variedad picual 50 g<\/strong><\/p>\n<\/li>\n<li data-start=\"983\" data-end=\"1017\">\n<p data-start=\"985\" data-end=\"1017\"><strong data-start=\"985\" data-end=\"1015\">Fet a Ma 2021 Tinto 0,75 L<\/strong><\/p>\n<\/li>\n<\/ul>\n<p data-start=\"1019\" data-end=\"1534\">Desde el crujiente de las almendras tostadas con AOVE y sal, pasando por la intensidad de la pericana y el car\u00e1cter de las aceitunas ecol\u00f3gicas, hasta la elegancia del caviar de aceite de oliva y el vino tinto Fet a Ma 2021, cada producto est\u00e1 pensado para crear una experiencia gastron\u00f3mica completa. El queso de cabra madurado, el codillo en salsa de mostaza y los dulces como el Pastel del Sella, la mermelada artesanal y el turr\u00f3n de chocolate con almendras cierran el c\u00edrculo perfecto entre tradici\u00f3n y placer.<\/p>\n<p data-start=\"1536\" data-end=\"1677\" data-is-last-node=\"\" data-is-only-node=\"\">Regala calidad y momentos para compartir.<br data-start=\"1592\" data-end=\"1595\" \/>A\u00f1ade esta cesta al carrito y convi\u00e9rtela en el pr\u00f3ximo regalo que nadie olvidar\u00e1.<\/p>\n<p data-start=\"1536\" data-end=\"1677\" data-is-last-node=\"\" data-is-only-node=\"\"><strong>Todos los productos y cesta son una representaci\u00f3n del producto, pudiendo sufrir diferencias respecto a la imagen exacta.<\/strong><\/p>\n<p><strong>Todos y cada uno de los productos han sido seleccionados cuidadosamente para ofrecer una experiencia gastron\u00f3mica \u00fanica.<\/strong><\/p>\n","protected":false},"excerpt":{"rendered":"<p>Caja gourmet grande con productos artesanales seleccionados cuidadosamente directamente del Agricultor.<\/p>\n","protected":false},"featured_media":40864,"comment_status":"open","ping_status":"closed","template":"","meta":[],"product_brand":[],"product_cat":[192],"product_tag":[],"class_list":{"0":"post-5727","1":"product","2":"type-product","3":"status-publish","4":"has-post-thumbnail","6":"product_cat-packs","8":"first","9":"instock","10":"shipping-taxable","11":"purchasable","12":"product-type-simple"},"yoast_head":"<!-- This site is optimized with the Yoast SEO plugin v27.3 - https:\/\/yoast.com\/product\/yoast-seo-wordpress\/ -->\n<title>Caja gourmet con Aceite de Oliva virgen extra - Compra ahora<\/title>\n<meta name=\"description\" content=\"Caja gourmet grande con productos artesanales y Aceite de oliva virgen extra Espa\u00f1ol. Compra cajas gourmet con productos directamente del agricultor.\" \/>\n<meta name=\"robots\" content=\"index, follow, max-snippet:-1, max-image-preview:large, max-video-preview:-1\" \/>\n<link rel=\"canonical\" href=\"https:\/\/grenadeoliveoil.com\/ru\/producto\/caja-gourmet-grande\/\" \/>\n<meta property=\"og:locale\" content=\"ru_RU\" \/>\n<meta property=\"og:type\" content=\"article\" \/>\n<meta property=\"og:title\" content=\"Caja gourmet con Aceite de Oliva virgen extra - Compra ahora\" \/>\n<meta property=\"og:description\" content=\"Caja gourmet grande con productos artesanales y Aceite de oliva virgen extra Espa\u00f1ol. Compra cajas gourmet con productos directamente del agricultor.\" \/>\n<meta property=\"og:url\" content=\"https:\/\/grenadeoliveoil.com\/ru\/producto\/caja-gourmet-grande\/\" \/>\n<meta property=\"og:site_name\" content=\"Grenade Olive Oil\" \/>\n<meta property=\"article:modified_time\" content=\"2026-03-10T15:05:14+00:00\" \/>\n<meta property=\"og:image\" content=\"https:\/\/grenadeoliveoil.com\/wp-content\/uploads\/2022\/11\/Cesta-para-regalar-delicatessen.webp\" \/>\n\t<meta property=\"og:image:width\" content=\"1080\" \/>\n\t<meta property=\"og:image:height\" content=\"1080\" \/>\n\t<meta property=\"og:image:type\" content=\"image\/webp\" \/>\n<meta name=\"twitter:card\" content=\"summary_large_image\" \/>\n<meta name=\"twitter:label1\" content=\"\u041f\u0440\u0438\u043c\u0435\u0440\u043d\u043e\u0435 \u0432\u0440\u0435\u043c\u044f \u0434\u043b\u044f \u0447\u0442\u0435\u043d\u0438\u044f\" \/>\n\t<meta name=\"twitter:data1\" content=\"2 \u043c\u0438\u043d\u0443\u0442\u044b\" \/>\n<script type=\"application\/ld+json\" class=\"yoast-schema-graph\">{\"@context\":\"https:\\\/\\\/schema.org\",\"@graph\":[{\"@type\":\"WebPage\",\"@id\":\"https:\\\/\\\/grenadeoliveoil.com\\\/ru\\\/producto\\\/caja-gourmet-grande\\\/\",\"url\":\"https:\\\/\\\/grenadeoliveoil.com\\\/ru\\\/producto\\\/caja-gourmet-grande\\\/\",\"name\":\"Caja gourmet con Aceite de Oliva virgen extra - Compra ahora\",\"isPartOf\":{\"@id\":\"https:\\\/\\\/grenadeoliveoil.com\\\/ru\\\/#website\"},\"primaryImageOfPage\":{\"@id\":\"https:\\\/\\\/grenadeoliveoil.com\\\/ru\\\/producto\\\/caja-gourmet-grande\\\/#primaryimage\"},\"image\":{\"@id\":\"https:\\\/\\\/grenadeoliveoil.com\\\/ru\\\/producto\\\/caja-gourmet-grande\\\/#primaryimage\"},\"thumbnailUrl\":\"https:\\\/\\\/grenadeoliveoil.com\\\/wp-content\\\/uploads\\\/2022\\\/11\\\/Cesta-para-regalar-delicatessen.webp\",\"datePublished\":\"2022-11-07T10:30:30+00:00\",\"dateModified\":\"2026-03-10T15:05:14+00:00\",\"description\":\"Caja gourmet grande con productos artesanales y Aceite de oliva virgen extra Espa\u00f1ol. Compra cajas gourmet con productos directamente del agricultor.\",\"breadcrumb\":{\"@id\":\"https:\\\/\\\/grenadeoliveoil.com\\\/ru\\\/producto\\\/caja-gourmet-grande\\\/#breadcrumb\"},\"inLanguage\":\"ru-RU\",\"potentialAction\":[{\"@type\":\"ReadAction\",\"target\":[\"https:\\\/\\\/grenadeoliveoil.com\\\/ru\\\/producto\\\/caja-gourmet-grande\\\/\"]}]},{\"@type\":\"ImageObject\",\"inLanguage\":\"ru-RU\",\"@id\":\"https:\\\/\\\/grenadeoliveoil.com\\\/ru\\\/producto\\\/caja-gourmet-grande\\\/#primaryimage\",\"url\":\"https:\\\/\\\/grenadeoliveoil.com\\\/wp-content\\\/uploads\\\/2022\\\/11\\\/Cesta-para-regalar-delicatessen.webp\",\"contentUrl\":\"https:\\\/\\\/grenadeoliveoil.com\\\/wp-content\\\/uploads\\\/2022\\\/11\\\/Cesta-para-regalar-delicatessen.webp\",\"width\":1080,\"height\":1080,\"caption\":\"Productos artesanos para regalar\"},{\"@type\":\"BreadcrumbList\",\"@id\":\"https:\\\/\\\/grenadeoliveoil.com\\\/ru\\\/producto\\\/caja-gourmet-grande\\\/#breadcrumb\",\"itemListElement\":[{\"@type\":\"ListItem\",\"position\":1,\"name\":\"Portada\",\"item\":\"https:\\\/\\\/grenadeoliveoil.com\\\/ru\\\/\"},{\"@type\":\"ListItem\",\"position\":2,\"name\":\"\u041c\u0430\u0433\u0430\u0437\u0438\u043d\",\"item\":\"https:\\\/\\\/grenadeoliveoil.com\\\/ru\\\/%d0%bc%d0%b0%d0%b3%d0%b0%d0%b7%d0%b8%d0%bd\\\/\"},{\"@type\":\"ListItem\",\"position\":3,\"name\":\"Caja Gourmet Grande\"}]},{\"@type\":\"WebSite\",\"@id\":\"https:\\\/\\\/grenadeoliveoil.com\\\/ru\\\/#website\",\"url\":\"https:\\\/\\\/grenadeoliveoil.com\\\/ru\\\/\",\"name\":\"Grenade Olive Oil\",\"description\":\"Green Olive Oil\",\"publisher\":{\"@id\":\"https:\\\/\\\/grenadeoliveoil.com\\\/ru\\\/#organization\"},\"potentialAction\":[{\"@type\":\"SearchAction\",\"target\":{\"@type\":\"EntryPoint\",\"urlTemplate\":\"https:\\\/\\\/grenadeoliveoil.com\\\/ru\\\/?s={search_term_string}\"},\"query-input\":{\"@type\":\"PropertyValueSpecification\",\"valueRequired\":true,\"valueName\":\"search_term_string\"}}],\"inLanguage\":\"ru-RU\"},{\"@type\":\"Organization\",\"@id\":\"https:\\\/\\\/grenadeoliveoil.com\\\/ru\\\/#organization\",\"name\":\"Grande Olive Oil\",\"url\":\"https:\\\/\\\/grenadeoliveoil.com\\\/ru\\\/\",\"logo\":{\"@type\":\"ImageObject\",\"inLanguage\":\"ru-RU\",\"@id\":\"https:\\\/\\\/grenadeoliveoil.com\\\/ru\\\/#\\\/schema\\\/logo\\\/image\\\/\",\"url\":\"https:\\\/\\\/grenadeoliveoil.com\\\/wp-content\\\/uploads\\\/2021\\\/11\\\/aceite-verde-grenade-olive-oil.jpg\",\"contentUrl\":\"https:\\\/\\\/grenadeoliveoil.com\\\/wp-content\\\/uploads\\\/2021\\\/11\\\/aceite-verde-grenade-olive-oil.jpg\",\"width\":150,\"height\":75,\"caption\":\"Grande Olive Oil\"},\"image\":{\"@id\":\"https:\\\/\\\/grenadeoliveoil.com\\\/ru\\\/#\\\/schema\\\/logo\\\/image\\\/\"}}]}<\/script>\n<!-- \/ Yoast SEO plugin. -->","yoast_head_json":{"title":"Caja gourmet con Aceite de Oliva virgen extra - Compra ahora","description":"Caja gourmet grande con productos artesanales y Aceite de oliva virgen extra Espa\u00f1ol. Compra cajas gourmet con productos directamente del agricultor.","robots":{"index":"index","follow":"follow","max-snippet":"max-snippet:-1","max-image-preview":"max-image-preview:large","max-video-preview":"max-video-preview:-1"},"canonical":"https:\/\/grenadeoliveoil.com\/ru\/producto\/caja-gourmet-grande\/","og_locale":"ru_RU","og_type":"article","og_title":"Caja gourmet con Aceite de Oliva virgen extra - Compra ahora","og_description":"Caja gourmet grande con productos artesanales y Aceite de oliva virgen extra Espa\u00f1ol. Compra cajas gourmet con productos directamente del agricultor.","og_url":"https:\/\/grenadeoliveoil.com\/ru\/producto\/caja-gourmet-grande\/","og_site_name":"Grenade Olive Oil","article_modified_time":"2026-03-10T15:05:14+00:00","og_image":[{"width":1080,"height":1080,"url":"https:\/\/grenadeoliveoil.com\/wp-content\/uploads\/2022\/11\/Cesta-para-regalar-delicatessen.webp","type":"image\/webp"}],"twitter_card":"summary_large_image","twitter_misc":{"\u041f\u0440\u0438\u043c\u0435\u0440\u043d\u043e\u0435 \u0432\u0440\u0435\u043c\u044f \u0434\u043b\u044f \u0447\u0442\u0435\u043d\u0438\u044f":"2 \u043c\u0438\u043d\u0443\u0442\u044b"},"schema":{"@context":"https:\/\/schema.org","@graph":[{"@type":"WebPage","@id":"https:\/\/grenadeoliveoil.com\/ru\/producto\/caja-gourmet-grande\/","url":"https:\/\/grenadeoliveoil.com\/ru\/producto\/caja-gourmet-grande\/","name":"Caja gourmet con Aceite de Oliva virgen extra - Compra ahora","isPartOf":{"@id":"https:\/\/grenadeoliveoil.com\/ru\/#website"},"primaryImageOfPage":{"@id":"https:\/\/grenadeoliveoil.com\/ru\/producto\/caja-gourmet-grande\/#primaryimage"},"image":{"@id":"https:\/\/grenadeoliveoil.com\/ru\/producto\/caja-gourmet-grande\/#primaryimage"},"thumbnailUrl":"https:\/\/grenadeoliveoil.com\/wp-content\/uploads\/2022\/11\/Cesta-para-regalar-delicatessen.webp","datePublished":"2022-11-07T10:30:30+00:00","dateModified":"2026-03-10T15:05:14+00:00","description":"Caja gourmet grande con productos artesanales y Aceite de oliva virgen extra Espa\u00f1ol. Compra cajas gourmet con productos directamente del agricultor.","breadcrumb":{"@id":"https:\/\/grenadeoliveoil.com\/ru\/producto\/caja-gourmet-grande\/#breadcrumb"},"inLanguage":"ru-RU","potentialAction":[{"@type":"ReadAction","target":["https:\/\/grenadeoliveoil.com\/ru\/producto\/caja-gourmet-grande\/"]}]},{"@type":"ImageObject","inLanguage":"ru-RU","@id":"https:\/\/grenadeoliveoil.com\/ru\/producto\/caja-gourmet-grande\/#primaryimage","url":"https:\/\/grenadeoliveoil.com\/wp-content\/uploads\/2022\/11\/Cesta-para-regalar-delicatessen.webp","contentUrl":"https:\/\/grenadeoliveoil.com\/wp-content\/uploads\/2022\/11\/Cesta-para-regalar-delicatessen.webp","width":1080,"height":1080,"caption":"Productos artesanos para regalar"},{"@type":"BreadcrumbList","@id":"https:\/\/grenadeoliveoil.com\/ru\/producto\/caja-gourmet-grande\/#breadcrumb","itemListElement":[{"@type":"ListItem","position":1,"name":"Portada","item":"https:\/\/grenadeoliveoil.com\/ru\/"},{"@type":"ListItem","position":2,"name":"\u041c\u0430\u0433\u0430\u0437\u0438\u043d","item":"https:\/\/grenadeoliveoil.com\/ru\/%d0%bc%d0%b0%d0%b3%d0%b0%d0%b7%d0%b8%d0%bd\/"},{"@type":"ListItem","position":3,"name":"Caja Gourmet Grande"}]},{"@type":"WebSite","@id":"https:\/\/grenadeoliveoil.com\/ru\/#website","url":"https:\/\/grenadeoliveoil.com\/ru\/","name":"Grenade Olive Oil","description":"Green Olive Oil","publisher":{"@id":"https:\/\/grenadeoliveoil.com\/ru\/#organization"},"potentialAction":[{"@type":"SearchAction","target":{"@type":"EntryPoint","urlTemplate":"https:\/\/grenadeoliveoil.com\/ru\/?s={search_term_string}"},"query-input":{"@type":"PropertyValueSpecification","valueRequired":true,"valueName":"search_term_string"}}],"inLanguage":"ru-RU"},{"@type":"Organization","@id":"https:\/\/grenadeoliveoil.com\/ru\/#organization","name":"Grande Olive Oil","url":"https:\/\/grenadeoliveoil.com\/ru\/","logo":{"@type":"ImageObject","inLanguage":"ru-RU","@id":"https:\/\/grenadeoliveoil.com\/ru\/#\/schema\/logo\/image\/","url":"https:\/\/grenadeoliveoil.com\/wp-content\/uploads\/2021\/11\/aceite-verde-grenade-olive-oil.jpg","contentUrl":"https:\/\/grenadeoliveoil.com\/wp-content\/uploads\/2021\/11\/aceite-verde-grenade-olive-oil.jpg","width":150,"height":75,"caption":"Grande Olive Oil"},"image":{"@id":"https:\/\/grenadeoliveoil.com\/ru\/#\/schema\/logo\/image\/"}}]}},"_links":{"self":[{"href":"https:\/\/grenadeoliveoil.com\/ru\/wp-json\/wp\/v2\/product\/5727","targetHints":{"allow":["GET"]}}],"collection":[{"href":"https:\/\/grenadeoliveoil.com\/ru\/wp-json\/wp\/v2\/product"}],"about":[{"href":"https:\/\/grenadeoliveoil.com\/ru\/wp-json\/wp\/v2\/types\/product"}],"replies":[{"embeddable":true,"href":"https:\/\/grenadeoliveoil.com\/ru\/wp-json\/wp\/v2\/comments?post=5727"}],"wp:featuredmedia":[{"embeddable":true,"href":"https:\/\/grenadeoliveoil.com\/ru\/wp-json\/wp\/v2\/media\/40864"}],"wp:attachment":[{"href":"https:\/\/grenadeoliveoil.com\/ru\/wp-json\/wp\/v2\/media?parent=5727"}],"wp:term":[{"taxonomy":"product_brand","embeddable":true,"href":"https:\/\/grenadeoliveoil.com\/ru\/wp-json\/wp\/v2\/product_brand?post=5727"},{"taxonomy":"product_cat","embeddable":true,"href":"https:\/\/grenadeoliveoil.com\/ru\/wp-json\/wp\/v2\/product_cat?post=5727"},{"taxonomy":"product_tag","embeddable":true,"href":"https:\/\/grenadeoliveoil.com\/ru\/wp-json\/wp\/v2\/product_tag?post=5727"}],"curies":[{"name":"wp","href":"https:\/\/api.w.org\/{rel}","templated":true}]}}